{"id":47113,"date":"2025-07-03T18:32:21","date_gmt":"2025-07-03T16:32:21","guid":{"rendered":"https:\/\/portallamp.invette.dev\/produkt\/kinkiet-do-pokoju-dzieciecego-dla-dzieci-led-300k1\/"},"modified":"2025-07-03T18:32:21","modified_gmt":"2025-07-03T16:32:21","slug":"kinkiet-do-pokoju-dzieciecego-dla-dzieci-led-300k1","status":"publish","type":"product","link":"https:\/\/portallamp.invette.dev\/de\/produkt\/kinkiet-do-pokoju-dzieciecego-dla-dzieci-led-300k1\/","title":{"rendered":"Kinkiet do pokoju dzieci\u0119cego dla dzieci LED 300K1"},"content":{"rendered":"<p><img decoding=\"async\" src=\"https:\/\/a.allegroimg.com\/original\/037d47\/cd49f3264716a0bc545ccd0dbafb\" alt=\"Zdj\u0119cie produktu\" style=\"max-width:100%; height:auto; margin:10px 0;\"><\/p>\n<h2>Przedmiotem sprzeda\u017cy jest:<\/h2>\n<h1>Kinkiet z przeznaczeniem do pokoju dzieci\u0119cego.<\/h1>\n<p>Nr kat: 300-K1 LUXOLAR<\/p>\n<h2>Kolorystyka plafonu umo\u017cliwia monta\u017c&nbsp; zar\u00f3wno w pokoju ch\u0142opca jak i dziewczynki.<\/h2>\n<p><img decoding=\"async\" src=\"https:\/\/c.allegroimg.com\/original\/035258\/1a7a9ae248339aea4ee407d998fc\" alt=\"Zdj\u0119cie produktu\" style=\"max-width:100%; height:auto; margin:10px 0;\"><br \/>\n<img decoding=\"async\" src=\"https:\/\/6.allegroimg.com\/original\/03deaf\/9bb71a40482a8f66cb474b3b03e6\" alt=\"Zdj\u0119cie produktu\" style=\"max-width:100%; height:auto; margin:10px 0;\"><\/p>\n<p><b>Aba\u017cury dost\u0119pne w kolorach:<\/b><\/p>\n<ul>\n<li>R\u00f3\u017cowym<\/li>\n<li>B\u0142\u0119kitnym<\/li>\n<li>Bia\u0142ym<\/li>\n<li>\u017b\u00f3\u0142tym<\/li>\n<li>Szarym<\/li>\n<\/ul>\n<p><img decoding=\"async\" src=\"https:\/\/a.allegroimg.com\/original\/03badd\/c3fa4036435980dcb4daa81c4867\" alt=\"Zdj\u0119cie produktu\" style=\"max-width:100%; height:auto; margin:10px 0;\"><br \/>\n<img decoding=\"async\" src=\"https:\/\/c.allegroimg.com\/original\/035258\/1a7a9ae248339aea4ee407d998fc\" alt=\"Zdj\u0119cie produktu\" style=\"max-width:100%; height:auto; margin:10px 0;\"><\/p>\n<p><b>Nowy kinkiet z do pokoju dzieci\u0119cego 300-K1 LUXOLAR<\/b><\/p>\n<ul>\n<li>Przeznaczony jako o\u015bwietlenie dodatkowe, uzupe\u0142niaj\u0105ce<\/li>\n<\/ul>\n<ul>\n<li>Kolor konstrukcji:&nbsp;<b>Bia\u0142y g\u0142adki<\/b>,<\/li>\n<\/ul>\n<ul>\n<li>Kolor aba\u017cura:&nbsp;&nbsp;<b>Do wyboru<\/b><\/li>\n<\/ul>\n<ul>\n<li>Estetyczne wykonanie,<\/li>\n<\/ul>\n<ul>\n<li>Solidna metalowa konstrukcja,<\/li>\n<\/ul>\n<ul>\n<li>Uniwersalny, modny wygl\u0105d &#8211; gwiazdki w stylu ameryka\u0144skim.<\/li>\n<\/ul>\n<ul>\n<li>Zasilanie bezpo\u015brednie &#8211; brak wbudowanego w\u0142\u0105cznika.<\/li>\n<\/ul>\n<h1>Dane techniczne:<\/h1>\n<ul>\n<li><b>materia\u0142 konstrukcji:<\/b>&nbsp;metal malowany proszkowo<\/li>\n<li><b>wymiary:<\/b>&nbsp;Wysoko\u015b\u0107 ca\u0142kowita 32 cm&nbsp;<b>,<\/b>&nbsp;G\u0142\u0119boko\u015b\u0107 od \u015bciany: 27 cm,<\/li>\n<li><b>zasilanie:<\/b>&nbsp;~230 [V] \/ bezpo\u015brednie z sieci,<\/li>\n<li><b>\u017ar\u00f3d\u0142o \u015bwiat\u0142a:<\/b>&nbsp;E-27, zalecane LED o barwie naturalnej<\/li>\n<li><b>Spos\u00f3b monta\u017cu:<\/b>&nbsp;dwa ko\u0142ki rozporowe<\/li>\n<li><b>IP 20, Klasa I<\/b><\/li>\n<li><b>zestaw nie zawiera \u017car\u00f3wki oraz ko\u0142k\u00f3w rozporowych do monta\u017cu<\/b><\/li>\n<li><b>producent: <\/b>LUXOLAR<\/li>\n<\/ul>\n<p><img decoding=\"async\" src=\"https:\/\/9.allegroimg.com\/original\/03aa1b\/ccb5491f441fb9d8286cc97ffe89\" alt=\"Zdj\u0119cie produktu\" style=\"max-width:100%; height:auto; margin:10px 0;\"><br \/>\n<img decoding=\"async\" src=\"https:\/\/3.allegroimg.com\/original\/031802\/07205c8e4fbf8773d93d69b4dc23\" alt=\"Zdj\u0119cie produktu\" style=\"max-width:100%; height:auto; margin:10px 0;\"><\/p>\n<h2>ETAPY REALIZACJI ZAM\u00d3WIENIA:<\/h2>\n<ol>\n<li><b>Wybierz kolor&nbsp;aba\u017cura:&nbsp;<\/b>R\u00f3\u017cowy, B\u0142\u0119kitny, \u017b\u00f3\u0142ty, Bia\u0142y lub Szary.<\/li>\n<li><b>Prze\u015blij wybran\u0105 konfiguracj\u0119<\/b>&nbsp;&#8211; w formularzu zam\u00f3wienia.<\/li>\n<\/ol>\n<p><b>Poprawne przes\u0142anie powy\u017cszych informacji znacznie przyspieszy realizacj\u0119 zam\u00f3wienia.<\/b><\/p>\n<p><img decoding=\"async\" src=\"https:\/\/a.allegroimg.com\/original\/03b274\/a451d46f44919ea7750c0a302389\" alt=\"Zdj\u0119cie produktu\" style=\"max-width:100%; height:auto; margin:10px 0;\"><\/p>\n<h1>ZALECANE \u0179R\u00d3D\u0141A \u015aWIAT\u0141A:<\/h1>\n<p><img decoding=\"async\" src=\"https:\/\/b.allegroimg.com\/original\/03fde6\/3cbae2b74d86b67888cee459659b\" alt=\"Zdj\u0119cie produktu\" style=\"max-width:100%; height:auto; margin:10px 0;\"><\/p>\n<h1>\u017bar\u00f3wka LED o barwie ciep\u0142ej.<\/h1>\n<ul>\n<li>\u017bar\u00f3wki LED z diodami SMD<\/li>\n<li>Strumie\u0144 \u015bwietlny: 900 -1300 lm<\/li>\n<li><b>Gwint E27<\/b><\/li>\n<li>Moc pobierana z sieci: 6 -12 W<\/li>\n<\/ul>\n<h2>Tradycyjny kszta\u0142t w po\u0142\u0105czeniu z nowoczesnymi diodami SMD<\/h2>\n<p><img decoding=\"async\" src=\"https:\/\/7.allegroimg.com\/original\/030744\/bc496c254f64a72f04035b57edd7\" alt=\"Zdj\u0119cie produktu\" style=\"max-width:100%; height:auto; margin:10px 0;\"><br \/>\n<img decoding=\"async\" src=\"https:\/\/a.allegroimg.com\/original\/037d47\/cd49f3264716a0bc545ccd0dbafb\" alt=\"Zdj\u0119cie produktu\" style=\"max-width:100%; height:auto; margin:10px 0;\"><\/p>\n","protected":false},"excerpt":{"rendered":"<p>Przedmiotem sprzeda\u017cy jest: Kinkiet z przeznaczeniem do pokoju dzieci\u0119cego. Nr kat: 300-K1 LUXOLAR Kolorystyka plafonu umo\u017cliwia monta\u017c&nbsp; zar\u00f3wno w pokoju ch\u0142opca jak i dziewczynki. Aba\u017cury dost\u0119pne w kolorach: R\u00f3\u017cowym B\u0142\u0119kitnym Bia\u0142ym \u017b\u00f3\u0142tym Szarym Nowy kinkiet z do pokoju dzieci\u0119cego 300-K1 LUXOLAR Przeznaczony jako o\u015bwietlenie dodatkowe, uzupe\u0142niaj\u0105ce Kolor konstrukcji:&nbsp;Bia\u0142y g\u0142adki, Kolor aba\u017cura:&nbsp;&nbsp;Do wyboru Estetyczne wykonanie, Solidna [&hellip;]<\/p>\n","protected":false},"featured_media":45845,"comment_status":"closed","ping_status":"open","template":"","meta":{"_acf_changed":false},"product_brand":[162],"product_cat":[2593],"product_tag":[],"class_list":{"0":"post-47113","1":"product","2":"type-product","3":"status-publish","4":"has-post-thumbnail","6":"product_brand-luxolar","7":"product_cat-lampen","8":"pa_kod-producenta-300-k1-de","9":"pa_kolor-dominujacy-weis","10":"pa_marka-luxolar","11":"pa_rodzaj-gwintu-e27-de","12":"pa_zasilanie-netzwerk","13":"pa_zawiera-baterie-nein","14":"pa_zrodlo-swiatla-ohne-lichtquelle","16":"first","17":"instock","18":"purchasable","19":"product-type-simple"},"acf":[],"aioseo_notices":[],"_links":{"self":[{"href":"https:\/\/portallamp.invette.dev\/de\/wp-json\/wp\/v2\/product\/47113","targetHints":{"allow":["GET"]}}],"collection":[{"href":"https:\/\/portallamp.invette.dev\/de\/wp-json\/wp\/v2\/product"}],"about":[{"href":"https:\/\/portallamp.invette.dev\/de\/wp-json\/wp\/v2\/types\/product"}],"replies":[{"embeddable":true,"href":"https:\/\/portallamp.invette.dev\/de\/wp-json\/wp\/v2\/comments?post=47113"}],"wp:featuredmedia":[{"embeddable":true,"href":"https:\/\/portallamp.invette.dev\/de\/wp-json\/wp\/v2\/media\/45845"}],"wp:attachment":[{"href":"https:\/\/portallamp.invette.dev\/de\/wp-json\/wp\/v2\/media?parent=47113"}],"wp:term":[{"taxonomy":"product_brand","embeddable":true,"href":"https:\/\/portallamp.invette.dev\/de\/wp-json\/wp\/v2\/product_brand?post=47113"},{"taxonomy":"product_cat","embeddable":true,"href":"https:\/\/portallamp.invette.dev\/de\/wp-json\/wp\/v2\/product_cat?post=47113"},{"taxonomy":"product_tag","embeddable":true,"href":"https:\/\/portallamp.invette.dev\/de\/wp-json\/wp\/v2\/product_tag?post=47113"}],"curies":[{"name":"wp","href":"https:\/\/api.w.org\/{rel}","templated":true}]}}