{"id":47128,"date":"2025-07-03T18:32:21","date_gmt":"2025-07-03T16:32:21","guid":{"rendered":"https:\/\/portallamp.invette.dev\/produkt\/lampa-sufitowa-plafoniera-dzieci-edison-zyrandol-2\/"},"modified":"2025-07-03T18:32:21","modified_gmt":"2025-07-03T16:32:21","slug":"lampa-sufitowa-plafoniera-dzieci-edison-zyrandol-2","status":"publish","type":"product","link":"https:\/\/portallamp.invette.dev\/de\/produkt\/lampa-sufitowa-plafoniera-dzieci-edison-zyrandol-2\/","title":{"rendered":"LAMPA SUFITOWA PLAFONIERA DZIECI EDISON \u017bYRANDOL"},"content":{"rendered":"<p><img decoding=\"async\" src=\"https:\/\/a.allegroimg.com\/original\/03dc19\/65fda1b745c3b2a29a322a4a9cf0\" alt=\"Zdj\u0119cie produktu\" style=\"max-width:100%; height:auto; margin:10px 0;\"><\/p>\n<h1>Przedmiotem sprzeda\u017cy jest:<\/h1>\n<h2>Lampa&nbsp;plafon z przeznaczeniem do pokoju dzieci\u0119cego.&nbsp; Nr kat: 300-A2 LUXOLAR<\/h2>\n<p><img decoding=\"async\" src=\"https:\/\/a.allegroimg.com\/original\/03b623\/094c432b48dab6cbbe61a7cce760\" alt=\"Zdj\u0119cie produktu\" style=\"max-width:100%; height:auto; margin:10px 0;\"><\/p>\n<h2><\/h2>\n<h1>Kolorystyka plafonu umo\u017cliwia monta\u017c zar\u00f3wno w pokoju ch\u0142opca jak i dziewczynki. <\/h1>\n<p><img decoding=\"async\" src=\"https:\/\/b.allegroimg.com\/original\/03f53d\/0990d7884ababa88ab69173c007b\" alt=\"Zdj\u0119cie produktu\" style=\"max-width:100%; height:auto; margin:10px 0;\"><\/p>\n<h2>Nowa lampa plafon z do pokoju dzieci\u0119cego 300-A2 LUXOLAR<\/h2>\n<p>Przeznaczona jako o\u015bwietlenie g\u0142\u00f3wne w pomieszczeniach o powierzchni 6-9 m2,<\/p>\n<p><b>Kolor konstrukcji: Bia\u0142y g\u0142adki<\/b><\/p>\n<p><b>Kolory aba\u017cur\u00f3w do&nbsp; wyboru:<\/b><\/p>\n<ul>\n<li><b>Bia\u0142y,<\/b><\/li>\n<li><b>B\u0142\u0119kitny,<\/b><\/li>\n<li><b>R\u00f3\u017cowy,<\/b><\/li>\n<li><b>\u017b\u00f3\u0142ty<\/b><\/li>\n<li><b>Szary<\/b><\/li>\n<\/ul>\n<p>Estetyczny i ciekawy wygl\u0105d.<\/p>\n<p><b>Regulacja k\u0105ta oraz kierunku ustawienia aba\u017cur\u00f3w.<\/b><\/p>\n<p>Dodatkowym atutem s\u0105 dwa niezale\u017cne obwody elektryczne, dzi\u0119ki kt\u00f3rym w zale\u017cno\u015bci od potrzeb, mo\u017cemy sterowa\u0107 ilo\u015bci\u0105 w\u0142\u0105czonych \u017car\u00f3wek.<\/p>\n<p><img decoding=\"async\" src=\"https:\/\/4.allegroimg.com\/original\/039b68\/6107c7ec474299e2a600f8a7d554\" alt=\"Zdj\u0119cie produktu\" style=\"max-width:100%; height:auto; margin:10px 0;\"><\/p>\n<h1>Najwa\u017cniejsze cechy produktu:<\/h1>\n<ul>\n<li>Uniwersalny, modny wygl\u0105d &#8211; &nbsp;gwiazdki w stylu ameryka\u0144skim<\/li>\n<li>Solidna metalowa konstrukcja<\/li>\n<li>Trwa\u0142e zszywane aba\u017cury, bia\u0142e od wewn\u0105trz &#8211; lepsze rozproszenie \u015bwiat\u0142a<\/li>\n<li>\u0179r\u00f3d\u0142a \u015bwiat\u0142a: z gwintem typu E27<\/li>\n<li>Wieszana na ko\u0142kach rozporowych.<\/li>\n<\/ul>\n<h1>Dane techniczne:<\/h1>\n<ul>\n<li><b>materia\u0142 konstrukcji:<\/b>&nbsp;metal malowany proszkowo<\/li>\n<li><b>wymiary:<\/b>&nbsp;Wysoko\u015b\u0107 ca\u0142kowita do 25 cm&nbsp;<b>,<\/b>&nbsp;Wymiar podsufitki: 20 x 20 cm,<\/li>\n<li><b>zasilanie:<\/b>&nbsp;~230 [V] \/ bezpo\u015brednie z sieci, dwa niezale\u017cne obwody elektryczne, w\u0142\u0105czanie 1+1<\/li>\n<li><b>\u017ar\u00f3d\u0142o \u015bwiat\u0142a:<\/b>&nbsp;E-27, zalecane LED o barwie naturalnej<\/li>\n<li><b>Spos\u00f3b monta\u017cu:<\/b>&nbsp;Dwa ko\u0142ki rozporowe,<\/li>\n<li><b>IP 20, Klasa I<\/b><\/li>\n<li><b>zestaw nie zawiera \u017car\u00f3wek oraz ko\u0142k\u00f3w rozporowych do monta\u017cu<\/b><\/li>\n<li><b>producent:&nbsp;<\/b>LUXOLAR<\/li>\n<\/ul>\n<p><img decoding=\"async\" src=\"https:\/\/d.allegroimg.com\/original\/037774\/679b1c544dbeb4bb79de8aab8dcd\" alt=\"Zdj\u0119cie produktu\" style=\"max-width:100%; height:auto; margin:10px 0;\"><br \/>\n<img decoding=\"async\" src=\"https:\/\/9.allegroimg.com\/original\/03125b\/e34ff309429a8ac4ce49daa236c9\" alt=\"Zdj\u0119cie produktu\" style=\"max-width:100%; height:auto; margin:10px 0;\"><\/p>\n<h1>KOLORY ABA\u017bUR\u00d3W DO WYBORU:<\/h1>\n<p><img decoding=\"async\" src=\"https:\/\/a.allegroimg.com\/original\/03aa95\/8646c0674c459417364fdf0a92d3\" alt=\"Zdj\u0119cie produktu\" style=\"max-width:100%; height:auto; margin:10px 0;\"><\/p>\n<h2>ETAPY REALIZACJI ZAM\u00d3WIENIA:<\/h2>\n<ol>\n<li><b>Wybierz kolor&nbsp;aba\u017cur\u00f3w:&nbsp;<\/b>R\u00f3\u017cowy, B\u0142\u0119kitny, Szary, \u017b\u00f3\u0142ty, Bia\u0142y lub mieszank\u0119 kolor\u00f3w w dowolnej konfiguracji.<\/li>\n<li><b>Prze\u015blij wybran\u0105 konfiguracj\u0119<\/b>&nbsp;&#8211; w formularzu zam\u00f3wienia<\/li>\n<\/ol>\n<p><b>Poprawne przes\u0142anie powy\u017cszych informacji znacznie przyspieszy realizacj\u0119 zam\u00f3wienia.<\/b><\/p>\n<h1>ZALECANE \u0179R\u00d3D\u0141A \u015aWIAT\u0141A:<\/h1>\n<p><img decoding=\"async\" src=\"https:\/\/a.allegroimg.com\/original\/03e57e\/0766b253484faa137bae9677beda\" alt=\"Zdj\u0119cie produktu\" style=\"max-width:100%; height:auto; margin:10px 0;\"><\/p>\n<h1>\u017bar\u00f3wka LED o barwie ciep\u0142ej.<\/h1>\n<ul>\n<li>\u017bar\u00f3wki LED z diodami SMD<\/li>\n<li>Strumie\u0144 \u015bwietlny: 900 -1300 lm<\/li>\n<li><b>Gwint E27<\/b><\/li>\n<li>Moc pobierana z sieci: 6 -12 W<\/li>\n<\/ul>\n<h2>Tradycyjny kszta\u0142t w po\u0142\u0105czeniu z nowoczesnymi diodami SMD<\/h2>\n<p><img decoding=\"async\" src=\"https:\/\/a.allegroimg.com\/original\/03d28e\/add929e04183bbea068d3db99cda\" alt=\"Zdj\u0119cie produktu\" style=\"max-width:100%; height:auto; margin:10px 0;\"><br \/>\n<img decoding=\"async\" src=\"https:\/\/a.allegroimg.com\/original\/03b623\/094c432b48dab6cbbe61a7cce760\" alt=\"Zdj\u0119cie produktu\" style=\"max-width:100%; height:auto; margin:10px 0;\"><br \/>\n<img decoding=\"async\" src=\"https:\/\/8.allegroimg.com\/original\/0310bd\/f5f93edc49caae03540614a594f8\" alt=\"Zdj\u0119cie produktu\" style=\"max-width:100%; height:auto; margin:10px 0;\"><br \/>\n<img decoding=\"async\" src=\"https:\/\/a.allegroimg.com\/original\/03dc19\/65fda1b745c3b2a29a322a4a9cf0\" alt=\"Zdj\u0119cie produktu\" style=\"max-width:100%; height:auto; margin:10px 0;\"><\/p>\n","protected":false},"excerpt":{"rendered":"<p>Przedmiotem sprzeda\u017cy jest: Lampa&nbsp;plafon z przeznaczeniem do pokoju dzieci\u0119cego.&nbsp; Nr kat: 300-A2 LUXOLAR Kolorystyka plafonu umo\u017cliwia monta\u017c zar\u00f3wno w pokoju ch\u0142opca jak i dziewczynki. Nowa lampa plafon z do pokoju dzieci\u0119cego 300-A2 LUXOLAR Przeznaczona jako o\u015bwietlenie g\u0142\u00f3wne w pomieszczeniach o powierzchni 6-9 m2, Kolor konstrukcji: Bia\u0142y g\u0142adki Kolory aba\u017cur\u00f3w do&nbsp; wyboru: Bia\u0142y, B\u0142\u0119kitny, R\u00f3\u017cowy, \u017b\u00f3\u0142ty [&hellip;]<\/p>\n","protected":false},"featured_media":46028,"comment_status":"closed","ping_status":"open","template":"","meta":{"_acf_changed":false},"product_brand":[162],"product_cat":[2593,2594],"product_tag":[],"class_list":{"0":"post-47128","1":"product","2":"type-product","3":"status-publish","4":"has-post-thumbnail","6":"product_brand-luxolar","7":"product_cat-lampen","8":"product_cat-deckenleuchten","9":"pa_kod-producenta-300-a2-de","10":"pa_kolor-dominujacy-vielfarbig","11":"pa_marka-luxolar","12":"pa_rodzaj-gwintu-e27-de","13":"pa_zawiera-baterie-nein","14":"pa_zrodlo-swiatla-ohne-lichtquelle","16":"first","17":"instock","18":"purchasable","19":"product-type-simple"},"acf":[],"aioseo_notices":[],"_links":{"self":[{"href":"https:\/\/portallamp.invette.dev\/de\/wp-json\/wp\/v2\/product\/47128","targetHints":{"allow":["GET"]}}],"collection":[{"href":"https:\/\/portallamp.invette.dev\/de\/wp-json\/wp\/v2\/product"}],"about":[{"href":"https:\/\/portallamp.invette.dev\/de\/wp-json\/wp\/v2\/types\/product"}],"replies":[{"embeddable":true,"href":"https:\/\/portallamp.invette.dev\/de\/wp-json\/wp\/v2\/comments?post=47128"}],"wp:featuredmedia":[{"embeddable":true,"href":"https:\/\/portallamp.invette.dev\/de\/wp-json\/wp\/v2\/media\/46028"}],"wp:attachment":[{"href":"https:\/\/portallamp.invette.dev\/de\/wp-json\/wp\/v2\/media?parent=47128"}],"wp:term":[{"taxonomy":"product_brand","embeddable":true,"href":"https:\/\/portallamp.invette.dev\/de\/wp-json\/wp\/v2\/product_brand?post=47128"},{"taxonomy":"product_cat","embeddable":true,"href":"https:\/\/portallamp.invette.dev\/de\/wp-json\/wp\/v2\/product_cat?post=47128"},{"taxonomy":"product_tag","embeddable":true,"href":"https:\/\/portallamp.invette.dev\/de\/wp-json\/wp\/v2\/product_tag?post=47128"}],"curies":[{"name":"wp","href":"https:\/\/api.w.org\/{rel}","templated":true}]}}