{"id":47143,"date":"2025-07-03T18:32:21","date_gmt":"2025-07-03T16:32:21","guid":{"rendered":"https:\/\/portallamp.invette.dev\/produkt\/lampa-sufitowa-zyrandol-dzieciecy-plafon-led-262-2\/"},"modified":"2025-07-03T18:32:21","modified_gmt":"2025-07-03T16:32:21","slug":"lampa-sufitowa-zyrandol-dzieciecy-plafon-led-262-2","status":"publish","type":"product","link":"https:\/\/portallamp.invette.dev\/de\/produkt\/lampa-sufitowa-zyrandol-dzieciecy-plafon-led-262-2\/","title":{"rendered":"Lampa sufitowa \u017cyrandol dzieci\u0119cy plafon LED 262-2"},"content":{"rendered":"<p><img decoding=\"async\" src=\"https:\/\/a.allegroimg.com\/original\/03171b\/58bbdb13417aba59989a4e24c7fc\" alt=\"Zdj\u0119cie produktu\" style=\"max-width:100%; height:auto; margin:10px 0;\"><\/p>\n<h1>Przedmiotem sprzeda\u017cy jest:<\/h1>\n<h2>Lampa&nbsp;plafon z przeznaczeniem do pokoju dzieci\u0119cego.&nbsp; Nr kat: 262-2 LUXOLAR<\/h2>\n<h2><\/h2>\n<h1>Kolorystyka plafonu umo\u017cliwia monta\u017c zar\u00f3wno w pokoju ch\u0142opca jak i dziewczynki. <\/h1>\n<p><img decoding=\"async\" src=\"https:\/\/0.allegroimg.com\/original\/03516f\/8ee722ef4d02bb941e89c6fe1080\" alt=\"Zdj\u0119cie produktu\" style=\"max-width:100%; height:auto; margin:10px 0;\"><\/p>\n<p><b>Nowa lampa plafon z do pokoju dzieci\u0119cego 262-2 LUXOLAR<\/b><\/p>\n<ul>\n<li>Uniwersalny, modny wygl\u0105d &#8211;&nbsp;&nbsp; gwiazdki w stylu ameryka\u0144skim<\/li>\n<\/ul>\n<ul>\n<li>Solidna metalowa konstrukcja<\/li>\n<\/ul>\n<ul>\n<li>Przeznaczona jako o\u015bwietlenie g\u0142\u00f3wne w pomieszczeniach o powierzchni 6-9 m2,<\/li>\n<\/ul>\n<ul>\n<li><b>Kolor konstrukcji: Bia\u0142y g\u0142adki<\/b><\/li>\n<\/ul>\n<ul>\n<li><b>Kolor aba\u017cur\u00f3w: Do wyboru<\/b><\/li>\n<\/ul>\n<ul>\n<li>Estetyczne wykonanie,<\/li>\n<\/ul>\n<ul>\n<li>Dodatkowym atutem s\u0105 dwa niezale\u017cne obwody elektryczne, dzi\u0119ki kt\u00f3rym w zale\u017cno\u015bci od potrzeb, mo\u017cemy sterowa\u0107 ilo\u015bci\u0105 w\u0142\u0105czonych \u017car\u00f3wek.<\/li>\n<\/ul>\n<h1>Dane techniczne:<\/h1>\n<ul>\n<li><b>materia\u0142 konstrukcji:<\/b>&nbsp;metal malowany proszkowo<\/li>\n<li><b>wymiary:<\/b>&nbsp;Wysoko\u015b\u0107 ca\u0142kowita 40 cm&nbsp;<b>,<\/b>&nbsp;\u015arednica podsufitki: 13 cm,&nbsp; Rozpi\u0119to\u015b\u0107: 80 cm<\/li>\n<li><b>zasilanie:<\/b>&nbsp;~230 [V] \/ bezpo\u015brednie z sieci, dwa niezale\u017cne obwody elektryczne, w\u0142\u0105czanie 1+1 lub 2 na raz<\/li>\n<li><b>\u017ar\u00f3d\u0142o \u015bwiat\u0142a:<\/b>&nbsp;E-27, zalecane LED o barwie naturalnej, ciep\u0142ej<\/li>\n<li><b>Spos\u00f3b monta\u017cu:<\/b>&nbsp;Dwa ko\u0142ki rozporowe,<\/li>\n<li><b>IP 20, Klasa I<\/b><\/li>\n<li><b>zestaw nie zawiera \u017car\u00f3wek oraz ko\u0142k\u00f3w rozporowych do monta\u017cu<\/b><\/li>\n<li><b>producent: <\/b>LUXOLAR<\/li>\n<\/ul>\n<p><img decoding=\"async\" src=\"https:\/\/6.allegroimg.com\/original\/03ac25\/cae2043a4b3d930966a23833fe16\" alt=\"Zdj\u0119cie produktu\" style=\"max-width:100%; height:auto; margin:10px 0;\"><br \/>\n<img decoding=\"async\" src=\"https:\/\/0.allegroimg.com\/original\/032b13\/7bf3d94247a598445697250284f0\" alt=\"Zdj\u0119cie produktu\" style=\"max-width:100%; height:auto; margin:10px 0;\"><\/p>\n<h1>KOLORY ABA\u017bUR\u00d3W DO WYBORU:<\/h1>\n<ul>\n<li>Szary<\/li>\n<li>Niebieski<\/li>\n<li>\u017b\u00f3\u0142ty<\/li>\n<li>Bia\u0142y<\/li>\n<li>R\u00f3\u017cowy<\/li>\n<\/ul>\n<p><img decoding=\"async\" src=\"https:\/\/a.allegroimg.com\/original\/03fec9\/f49c34664e40acb18d48f7e7cd29\" alt=\"Zdj\u0119cie produktu\" style=\"max-width:100%; height:auto; margin:10px 0;\"><\/p>\n<h2>ETAPY REALIZACJI ZAM\u00d3WIENIA:<\/h2>\n<ol>\n<li><b>Wybierz kolor&nbsp;aba\u017cur\u00f3w:&nbsp;<\/b>R\u00f3\u017cowy, B\u0142\u0119kitny, Bia\u0142y, \u017b\u00f3\u0142ty lub mieszank\u0119 kolor\u00f3w w dowolnej konfiguracji<\/li>\n<li><b>Prze\u015blij wybran\u0105 konfiguracj\u0119<\/b>&nbsp;&#8211; w formularzu zam\u00f3wienia<\/li>\n<\/ol>\n<p><b>Poprawne przes\u0142anie powy\u017cszych informacji znacznie przyspieszy realizacj\u0119 zam\u00f3wienia.<\/b><\/p>\n<h1>ZALECANE \u0179R\u00d3D\u0141A \u015aWIAT\u0141A:<\/h1>\n<p><img decoding=\"async\" src=\"https:\/\/d.allegroimg.com\/original\/03cbb2\/d429e5414890aff1c8992ee95b3d\" alt=\"Zdj\u0119cie produktu\" style=\"max-width:100%; height:auto; margin:10px 0;\"><\/p>\n<h1>\u017bar\u00f3wka LED o barwie ciep\u0142ej.<\/h1>\n<h1>Gwint E27<\/h1>\n<h2>Tradycyjny kszta\u0142t w po\u0142\u0105czeniu z nowoczesnymi diodami SMD<\/h2>\n<p><img decoding=\"async\" src=\"https:\/\/f.allegroimg.com\/original\/038cc1\/406125ff454aa4e0fd33f77567bf\" alt=\"Zdj\u0119cie produktu\" style=\"max-width:100%; height:auto; margin:10px 0;\"><br \/>\n<img decoding=\"async\" src=\"https:\/\/0.allegroimg.com\/original\/03516f\/8ee722ef4d02bb941e89c6fe1080\" alt=\"Zdj\u0119cie produktu\" style=\"max-width:100%; height:auto; margin:10px 0;\"><br \/>\n<img decoding=\"async\" src=\"https:\/\/d.allegroimg.com\/original\/038613\/188d750047108414cc8529fc8ccd\" alt=\"Zdj\u0119cie produktu\" style=\"max-width:100%; height:auto; margin:10px 0;\"><\/p>\n","protected":false},"excerpt":{"rendered":"<p>Przedmiotem sprzeda\u017cy jest: Lampa&nbsp;plafon z przeznaczeniem do pokoju dzieci\u0119cego.&nbsp; Nr kat: 262-2 LUXOLAR Kolorystyka plafonu umo\u017cliwia monta\u017c zar\u00f3wno w pokoju ch\u0142opca jak i dziewczynki. Nowa lampa plafon z do pokoju dzieci\u0119cego 262-2 LUXOLAR Uniwersalny, modny wygl\u0105d &#8211;&nbsp;&nbsp; gwiazdki w stylu ameryka\u0144skim Solidna metalowa konstrukcja Przeznaczona jako o\u015bwietlenie g\u0142\u00f3wne w pomieszczeniach o powierzchni 6-9 m2, Kolor [&hellip;]<\/p>\n","protected":false},"featured_media":46157,"comment_status":"closed","ping_status":"open","template":"","meta":{"_acf_changed":false},"product_brand":[475],"product_cat":[2593,2594],"product_tag":[],"class_list":{"0":"post-47143","1":"product","2":"type-product","3":"status-publish","4":"has-post-thumbnail","6":"product_brand-inna","7":"product_cat-lampen","8":"product_cat-deckenleuchten","9":"pa_kod-producenta-262-2-de","10":"pa_kolor-dominujacy-vielfarbig","11":"pa_marka-inna","12":"pa_rodzaj-gwintu-e27-de","13":"pa_zawiera-baterie-nein","15":"first","16":"instock","17":"purchasable","18":"product-type-simple"},"acf":[],"aioseo_notices":[],"_links":{"self":[{"href":"https:\/\/portallamp.invette.dev\/de\/wp-json\/wp\/v2\/product\/47143","targetHints":{"allow":["GET"]}}],"collection":[{"href":"https:\/\/portallamp.invette.dev\/de\/wp-json\/wp\/v2\/product"}],"about":[{"href":"https:\/\/portallamp.invette.dev\/de\/wp-json\/wp\/v2\/types\/product"}],"replies":[{"embeddable":true,"href":"https:\/\/portallamp.invette.dev\/de\/wp-json\/wp\/v2\/comments?post=47143"}],"wp:featuredmedia":[{"embeddable":true,"href":"https:\/\/portallamp.invette.dev\/de\/wp-json\/wp\/v2\/media\/46157"}],"wp:attachment":[{"href":"https:\/\/portallamp.invette.dev\/de\/wp-json\/wp\/v2\/media?parent=47143"}],"wp:term":[{"taxonomy":"product_brand","embeddable":true,"href":"https:\/\/portallamp.invette.dev\/de\/wp-json\/wp\/v2\/product_brand?post=47143"},{"taxonomy":"product_cat","embeddable":true,"href":"https:\/\/portallamp.invette.dev\/de\/wp-json\/wp\/v2\/product_cat?post=47143"},{"taxonomy":"product_tag","embeddable":true,"href":"https:\/\/portallamp.invette.dev\/de\/wp-json\/wp\/v2\/product_tag?post=47143"}],"curies":[{"name":"wp","href":"https:\/\/api.w.org\/{rel}","templated":true}]}}