{"id":47146,"date":"2025-07-03T18:32:21","date_gmt":"2025-07-03T16:32:21","guid":{"rendered":"https:\/\/portallamp.invette.dev\/produkt\/lampa-sufitowa-zyrandol-dla-dzieci-star-382-e3d\/"},"modified":"2025-07-03T18:32:21","modified_gmt":"2025-07-03T16:32:21","slug":"lampa-sufitowa-zyrandol-dla-dzieci-star-382-e3d","status":"publish","type":"product","link":"https:\/\/portallamp.invette.dev\/de\/produkt\/lampa-sufitowa-zyrandol-dla-dzieci-star-382-e3d\/","title":{"rendered":"Lampa sufitowa \u017cyrandol dla dzieci STAR 382-E3D"},"content":{"rendered":"<p><img decoding=\"async\" src=\"https:\/\/a.allegroimg.com\/original\/033d0f\/3550cbfb4b71b305f9dde80a8ff0\" alt=\"Zdj\u0119cie produktu\" style=\"max-width:100%; height:auto; margin:10px 0;\"><\/p>\n<h1>Przedmiotem sprzeda\u017cy jest:<\/h1>\n<h1>Lampa plafon z przeznaczeniem do pokoju dzieci\u0119cego.<\/h1>\n<p>Nr kat: 382-E3D LUXOLAR<\/p>\n<h2>Kolorystyka plafonu umo\u017cliwia monta\u017c&nbsp; zar\u00f3wno w pokoju ch\u0142opca jak i dziewczynki.<\/h2>\n<p><img decoding=\"async\" src=\"https:\/\/a.allegroimg.com\/original\/03bb11\/ca596d03488399a457945d5babba\" alt=\"Zdj\u0119cie produktu\" style=\"max-width:100%; height:auto; margin:10px 0;\"><\/p>\n<h2>Aba\u017cury dost\u0119pne w kolorach:<\/h2>\n<ul>\n<li><b>R\u00f3\u017cowym<\/b><\/li>\n<li><b>B\u0142\u0119kitnym<\/b><\/li>\n<li><b>Szarym<\/b><\/li>\n<li><b>\u017b\u00f3\u0142tym<\/b><\/li>\n<li><b>Bia\u0142ym<\/b><\/li>\n<\/ul>\n<p><img decoding=\"async\" src=\"https:\/\/a.allegroimg.com\/original\/036e15\/0b68b90043bf85996ea23a31a63d\" alt=\"Zdj\u0119cie produktu\" style=\"max-width:100%; height:auto; margin:10px 0;\"><br \/>\n<img decoding=\"async\" src=\"https:\/\/8.allegroimg.com\/original\/0390bc\/cb6e75a34a5c8c92f38504c3c038\" alt=\"Zdj\u0119cie produktu\" style=\"max-width:100%; height:auto; margin:10px 0;\"><\/p>\n<p><b>Nowa lampa plafon z do pokoju dzieci\u0119cego 382-E3D LUXOLAR<\/b><\/p>\n<ul>\n<li>Uniwersalny, modny wygl\u0105d &#8211; &nbsp;gwiazdki w stylu ameryka\u0144skim<\/li>\n<\/ul>\n<ul>\n<li>Solidna metalowa konstrukcja<\/li>\n<\/ul>\n<ul>\n<li>Trwa\u0142e zszywane aba\u017cury, bia\u0142e od wewn\u0105trz &#8211; lepsze rozproszenie \u015bwiat\u0142a<\/li>\n<\/ul>\n<ul>\n<li>Przeznaczona jako o\u015bwietlenie g\u0142\u00f3wne w pomieszczeniach o powierzchni 9-12m2,<\/li>\n<\/ul>\n<ul>\n<li><b>Kolor konstrukcji: Bia\u0142y g\u0142adki<\/b><\/li>\n<\/ul>\n<ul>\n<li><b>Kolor aba\u017cur\u00f3w: do wyboru<\/b><\/li>\n<\/ul>\n<ul>\n<li>Estetyczne wykonanie,<\/li>\n<\/ul>\n<ul>\n<li>Dodatkowym atutem s\u0105 dwa niezale\u017cne obwody elektryczne, dzi\u0119ki kt\u00f3rym w zale\u017cno\u015bci od potrzeb, mo\u017cemy sterowa\u0107 ilo\u015bci\u0105 w\u0142\u0105czonych \u017car\u00f3wek.<\/li>\n<\/ul>\n<h1>Dane techniczne:<\/h1>\n<ul>\n<li><b>materia\u0142 konstrukcji:<\/b>&nbsp;metal malowany proszkowo<\/li>\n<li><b>wymiary:<\/b>&nbsp;Wysoko\u015b\u0107 ca\u0142kowita 30 cm&nbsp;<b>,<\/b>&nbsp;\u015arednica podsufitki: 30 cm,<\/li>\n<li><b>zasilanie:<\/b> ~230 [V] \/ bezpo\u015brednie z sieci, dwa niezale\u017cne obwody elektryczne, w\u0142\u0105czanie 2+1 lub 3 jednocze\u015bnie<\/li>\n<li><b>\u017ar\u00f3d\u0142o \u015bwiat\u0142a:<\/b>&nbsp;E-27, zalecane LED o barwie ciep\u0142ej<\/li>\n<li><b>Spos\u00f3b monta\u017cu:<\/b> Ko\u0142ki rozporowe, wszystkie \u015bruby mocuj\u0105ce s\u0105 zamaskowane wewn\u0105trz lampy<\/li>\n<li><b>IP 20, Klasa I<\/b><\/li>\n<li><b>zestaw nie zawiera \u017car\u00f3wek oraz ko\u0142k\u00f3w rozporowych do monta\u017cu<\/b><\/li>\n<li><b>producent: <\/b>LUXOLAR<\/li>\n<\/ul>\n<p><img decoding=\"async\" src=\"https:\/\/8.allegroimg.com\/original\/035c1a\/ebe2f8864240820bc17393213438\" alt=\"Zdj\u0119cie produktu\" style=\"max-width:100%; height:auto; margin:10px 0;\"><br \/>\n<img decoding=\"async\" src=\"https:\/\/b.allegroimg.com\/original\/038690\/8afd9a78494faa62c990e546e59b\" alt=\"Zdj\u0119cie produktu\" style=\"max-width:100%; height:auto; margin:10px 0;\"><\/p>\n<h2>Aba\u017cury dost\u0119pne w kolorach:<\/h2>\n<ul>\n<li><b>R\u00f3\u017cowym<\/b><\/li>\n<li><b>B\u0142\u0119kitnym<\/b><\/li>\n<li><b>Szarym<\/b><\/li>\n<li><b>\u017b\u00f3\u0142tym<\/b><\/li>\n<li><b>Bia\u0142ym<\/b><\/li>\n<\/ul>\n<p><img decoding=\"async\" src=\"https:\/\/a.allegroimg.com\/original\/036e15\/0b68b90043bf85996ea23a31a63d\" alt=\"Zdj\u0119cie produktu\" style=\"max-width:100%; height:auto; margin:10px 0;\"><\/p>\n<h2>ETAPY REALIZACJI ZAM\u00d3WIENIA:<\/h2>\n<ol>\n<li><b>Wybierz kolor&nbsp;konstrukcji:&nbsp;<\/b>R\u00f3\u017cowy, Niebieski lub Bia\u0142y<\/li>\n<li><b>Wybierz kolor&nbsp;aba\u017cur\u00f3w:&nbsp;<\/b>R\u00f3\u017cowy, B\u0142\u0119kitny, Bia\u0142y, \u017b\u00f3\u0142ty, Szary lub mieszank\u0119 kolor\u00f3w w dowolnej konfiguracji<\/li>\n<li><b>Prze\u015blij wybran\u0105 konfiguracj\u0119<\/b>&nbsp;&#8211; w formularzu zam\u00f3wienia.<\/li>\n<\/ol>\n<p><b>Poprawne przes\u0142anie powy\u017cszych informacji znacznie przyspieszy realizacj\u0119 zam\u00f3wienia.<\/b><\/p>\n<h1>ZALECANE \u0179R\u00d3D\u0141A \u015aWIAT\u0141A:<\/h1>\n<p><img decoding=\"async\" src=\"https:\/\/a.allegroimg.com\/original\/03b90c\/d9287ae748d6b8fb7ca4dbbf65ea\" alt=\"Zdj\u0119cie produktu\" style=\"max-width:100%; height:auto; margin:10px 0;\"><\/p>\n<h1>\u017bar\u00f3wka LED o barwie ciep\u0142ej.<\/h1>\n<ul>\n<li>\u017bar\u00f3wki LED z diodami SMD<\/li>\n<li>Strumie\u0144 \u015bwietlny: 900 -1300 lm<\/li>\n<li><b>Gwint E27<\/b><\/li>\n<li>Moc pobierana z sieci: 6 -12 W<\/li>\n<\/ul>\n<h2>Tradycyjny kszta\u0142t w po\u0142\u0105czeniu z nowoczesnymi diodami SMD<\/h2>\n<p><img decoding=\"async\" src=\"https:\/\/0.allegroimg.com\/original\/03baae\/42f5d9a84c0b88131866fb30da70\" alt=\"Zdj\u0119cie produktu\" style=\"max-width:100%; height:auto; margin:10px 0;\"><br \/>\n<img decoding=\"async\" src=\"https:\/\/7.allegroimg.com\/original\/034067\/af74d8504293ba32f38efab888c7\" alt=\"Zdj\u0119cie produktu\" style=\"max-width:100%; height:auto; margin:10px 0;\"><br \/>\n<img decoding=\"async\" src=\"https:\/\/8.allegroimg.com\/original\/0390bc\/cb6e75a34a5c8c92f38504c3c038\" alt=\"Zdj\u0119cie produktu\" style=\"max-width:100%; height:auto; margin:10px 0;\"><br \/>\n<img decoding=\"async\" src=\"https:\/\/a.allegroimg.com\/original\/038922\/21b23a0f49f1af696c5afd08ac9a\" alt=\"Zdj\u0119cie produktu\" style=\"max-width:100%; height:auto; margin:10px 0;\"><br \/>\n<img decoding=\"async\" src=\"https:\/\/a.allegroimg.com\/original\/03bb11\/ca596d03488399a457945d5babba\" alt=\"Zdj\u0119cie produktu\" style=\"max-width:100%; height:auto; margin:10px 0;\"><br \/>\n<img decoding=\"async\" src=\"https:\/\/a.allegroimg.com\/original\/033d0f\/3550cbfb4b71b305f9dde80a8ff0\" alt=\"Zdj\u0119cie produktu\" style=\"max-width:100%; height:auto; margin:10px 0;\"><\/p>\n","protected":false},"excerpt":{"rendered":"<p>Przedmiotem sprzeda\u017cy jest: Lampa plafon z przeznaczeniem do pokoju dzieci\u0119cego. Nr kat: 382-E3D LUXOLAR Kolorystyka plafonu umo\u017cliwia monta\u017c&nbsp; zar\u00f3wno w pokoju ch\u0142opca jak i dziewczynki. Aba\u017cury dost\u0119pne w kolorach: R\u00f3\u017cowym B\u0142\u0119kitnym Szarym \u017b\u00f3\u0142tym Bia\u0142ym Nowa lampa plafon z do pokoju dzieci\u0119cego 382-E3D LUXOLAR Uniwersalny, modny wygl\u0105d &#8211; &nbsp;gwiazdki w stylu ameryka\u0144skim Solidna metalowa konstrukcja Trwa\u0142e [&hellip;]<\/p>\n","protected":false},"featured_media":46190,"comment_status":"closed","ping_status":"open","template":"","meta":{"_acf_changed":false},"product_brand":[475],"product_cat":[2593,2594],"product_tag":[],"class_list":{"0":"post-47146","1":"product","2":"type-product","3":"status-publish","4":"has-post-thumbnail","6":"product_brand-inna","7":"product_cat-lampen","8":"product_cat-deckenleuchten","9":"pa_kod-producenta-382-e3d-de","10":"pa_kolor-dominujacy-vielfarbig","11":"pa_marka-inna","12":"pa_rodzaj-gwintu-e27-de","13":"pa_zawiera-baterie-nein","15":"first","16":"instock","17":"purchasable","18":"product-type-simple"},"acf":[],"aioseo_notices":[],"_links":{"self":[{"href":"https:\/\/portallamp.invette.dev\/de\/wp-json\/wp\/v2\/product\/47146","targetHints":{"allow":["GET"]}}],"collection":[{"href":"https:\/\/portallamp.invette.dev\/de\/wp-json\/wp\/v2\/product"}],"about":[{"href":"https:\/\/portallamp.invette.dev\/de\/wp-json\/wp\/v2\/types\/product"}],"replies":[{"embeddable":true,"href":"https:\/\/portallamp.invette.dev\/de\/wp-json\/wp\/v2\/comments?post=47146"}],"wp:featuredmedia":[{"embeddable":true,"href":"https:\/\/portallamp.invette.dev\/de\/wp-json\/wp\/v2\/media\/46190"}],"wp:attachment":[{"href":"https:\/\/portallamp.invette.dev\/de\/wp-json\/wp\/v2\/media?parent=47146"}],"wp:term":[{"taxonomy":"product_brand","embeddable":true,"href":"https:\/\/portallamp.invette.dev\/de\/wp-json\/wp\/v2\/product_brand?post=47146"},{"taxonomy":"product_cat","embeddable":true,"href":"https:\/\/portallamp.invette.dev\/de\/wp-json\/wp\/v2\/product_cat?post=47146"},{"taxonomy":"product_tag","embeddable":true,"href":"https:\/\/portallamp.invette.dev\/de\/wp-json\/wp\/v2\/product_tag?post=47146"}],"curies":[{"name":"wp","href":"https:\/\/api.w.org\/{rel}","templated":true}]}}