{"id":47212,"date":"2025-07-03T18:29:53","date_gmt":"2025-07-03T16:29:53","guid":{"rendered":"https:\/\/portallamp.invette.dev\/produkt\/lampa-sufitowa-zyrandol-plafon-tuby-metal-spot-bg4-led-4xgu10-biala\/"},"modified":"2025-07-03T18:29:53","modified_gmt":"2025-07-03T16:29:53","slug":"lampa-sufitowa-zyrandol-plafon-tuby-metal-spot-bg4-led-4xgu10-biala","status":"publish","type":"product","link":"https:\/\/portallamp.invette.dev\/de\/produkt\/lampa-sufitowa-zyrandol-plafon-tuby-metal-spot-bg4-led-4xgu10-biala\/","title":{"rendered":"Lampa Sufitowa \u017byrandol Plafon Tuby Metal SPOT BG4 LED 4xGU10 Bia\u0142a"},"content":{"rendered":"<h1>Lampa Sufitowa \u017byrandol Plafon Tuby Metal SPOT BG4 LED 4xGU10 Bia\u0142a<\/h1>\n<p>Oprawa natynkowa, metalowa maj\u0105ca zastosowanie jako o\u015bwietlenie wewn\u0119trzne, z wy\u0142\u0105czeniem miejsc o podwy\u017cszonej wilgotno\u015bci.<\/p>\n<p><img decoding=\"async\" src=\"https:\/\/a.allegroimg.com\/original\/11cc67\/ab2dc416425e90d00a599ca4e48f\" alt=\"Zdj\u0119cie produktu\" style=\"max-width:100%; height:auto; margin:10px 0;\"><br \/>\n<img decoding=\"async\" src=\"https:\/\/a.allegroimg.com\/original\/1132e1\/cb3b3f014ee9b8f93e700f895d0d\" alt=\"Zdj\u0119cie produktu\" style=\"max-width:100%; height:auto; margin:10px 0;\"><\/p>\n<h2>Idealna do:<\/h2>\n<p>\u2705 Niedu\u017cego pokoju do 12m2, a tak\u017ce:<\/p>\n<p>\u2705 O\u015bwietli korytarze<\/p>\n<p>\u2705 Kuchnie<\/p>\n<p>\u2705 Garderoby<\/p>\n<p>\u2705 \u0141azienki z wy\u0142\u0105czeniem stref: 0,1,2<\/p>\n<p>\u2705 Sprawdzi si\u0119 r\u00f3wnie\u017c jako o\u015bwietlenie dekoracyjne<\/p>\n<h2>G\u0142\u00f3wne cechy produktu:<\/h2>\n<p><b>\u2705&nbsp;<\/b>Uniwersalny kolor,<\/p>\n<p><b>\u2705&nbsp;<\/b>Nowoczesny, minimalistyczny&nbsp; design<\/p>\n<p><b>\u2705&nbsp;<\/b>Nieskomplikowany monta\u017c<\/p>\n<p><b>\u2705&nbsp;<\/b>Wygodna w u\u017cyciu i praktyczna w zastosowaniu &#8211; regulacja kierunku \u015bwiecenia,<\/p>\n<p><b>\u2705&nbsp;<\/b>Wykorzystuje najbardziej popularne \u017ar\u00f3d\u0142a \u015bwiat\u0142a &#8211; nie wpadniesz w pu\u0142apk\u0119 drogich \u017car\u00f3wek,<\/p>\n<p><b>\u2705&nbsp;<\/b>Wsp\u00f3\u0142pracuje z w\u0142\u0105cznikiem jedno lub dwu przyciskowym, wymaga wymiany z\u0142\u0105cza na 4-torowe.<\/p>\n<p><b>\u2705&nbsp;<\/b>Wysoka jako\u015b\u0107 oraz trwa\u0142o\u015b\u0107 &#8211; zredukowano plastik do absolutnego minimum<\/p>\n<p><img decoding=\"async\" src=\"https:\/\/a.allegroimg.com\/original\/11b42a\/f8a04f984348bf38e3ce3582b079\" alt=\"Zdj\u0119cie produktu\" style=\"max-width:100%; height:auto; margin:10px 0;\"><\/p>\n<h2>Dane techniczne:<\/h2>\n<ul>\n<li>Napi\u0119cie zasilania: ~230 V,&nbsp; 50 HZ<\/li>\n<\/ul>\n<ul>\n<li>IP20 &#8211; nie do u\u017cytku w miejscach o podwy\u017cszonej wilgotno\u015bci (Strefy: 0,1 oraz 2),<\/li>\n<\/ul>\n<ul>\n<li>Wyprodukowana w pierwszej klasie ochronno\u015bci przed pora\u017ceniem elektrycznym,<\/li>\n<\/ul>\n<ul>\n<li>Wykonana g\u0142\u00f3wnie z metalu (aluminium),<\/li>\n<\/ul>\n<ul>\n<li>Ceramiczne oprawki typu GU10,<\/li>\n<\/ul>\n<ul>\n<li>Monta\u017c natynkowy &#8211; dwa ko\u0142ki rozporowe, do\u0142\u0105czone do zestawu,<\/li>\n<\/ul>\n<ul>\n<li>\u0179r\u00f3d\u0142o \u015bwiat\u0142a: 4 x GU10 LED max 25W<\/li>\n<\/ul>\n<ul>\n<li>Waga lampy bez \u017car\u00f3wek: 1 kg<\/li>\n<\/ul>\n<ul>\n<li>Wymiar rozety: 60 x 6 cm<\/li>\n<\/ul>\n<ul>\n<li>\u015arednica tuby: 5,5 cm<\/li>\n<\/ul>\n<ul>\n<li><b>Wysoko\u015b\u0107 tuby: 9 cm &#8211; \u017car\u00f3wka nie jest zbyt g\u0142\u0119boko osadzona. \u015awiat\u0142o nie jest punktowe.<\/b><\/li>\n<\/ul>\n<ul>\n<li>Maksymalna moc \u017ar\u00f3d\u0142a \u015bwiat\u0142a: 25W dotyczy \u017car\u00f3wek w technologii LED<\/li>\n<\/ul>\n<ul>\n<li>Fabryczne, kolorowe opakowanie tekturowe<\/li>\n<\/ul>\n<ul>\n<li>CE ROHS WEEE<\/li>\n<\/ul>\n<ul>\n<li>Producent i Podmiot odpowiedzialny na terenie UE: LUXOLAR<\/li>\n<\/ul>\n<h2>Wymiary:<\/h2>\n<p><img decoding=\"async\" src=\"https:\/\/a.allegroimg.com\/original\/1177d4\/d8cda85f459d94c33a2dea3714c7\" alt=\"Zdj\u0119cie produktu\" style=\"max-width:100%; height:auto; margin:10px 0;\"><\/p>\n<h2>Oznakowanie produktu:<\/h2>\n<p><img decoding=\"async\" src=\"https:\/\/a.allegroimg.com\/original\/11d11a\/60711c6849a4b8d5b7111fe8c899\" alt=\"Zdj\u0119cie produktu\" style=\"max-width:100%; height:auto; margin:10px 0;\"><\/p>\n<h2>Skr\u00f3cona instrukcja monta\u017cu:<\/h2>\n<p><img decoding=\"async\" src=\"https:\/\/a.allegroimg.com\/original\/11126f\/c52900e1401fac41a96ade25ff94\" alt=\"Zdj\u0119cie produktu\" style=\"max-width:100%; height:auto; margin:10px 0;\"><\/p>\n<p>Rozdzia\u0142 obwod\u00f3w wymaga dokupienia z\u0142\u0105cza 4-torowego. Dost\u0119pne w naszej ofercie.<\/p>\n<p><img decoding=\"async\" src=\"https:\/\/a.allegroimg.com\/original\/11f3a2\/f9feea224069898763d26f3682d4\" alt=\"Zdj\u0119cie produktu\" style=\"max-width:100%; height:auto; margin:10px 0;\"><br \/>\n<img decoding=\"async\" src=\"https:\/\/a.allegroimg.com\/original\/11219f\/fa722de54cabb837fd9a96a242cd\" alt=\"Zdj\u0119cie produktu\" style=\"max-width:100%; height:auto; margin:10px 0;\"><\/p>\n<h2>Zestaw zawiera:<\/h2>\n<ul>\n<li><b>Kompletn\u0105, z\u0142o\u017con\u0105 lamp\u0119, gotow\u0105 do monta\u017cu<\/b><\/li>\n<li><b>Ko\u0142ki monta\u017cowe<\/b><\/li>\n<li><b>Z\u0142\u0105cze 3 torowe do instalacji 1-obwodowej<\/b><\/li>\n<li><b>Instrukcj\u0119 obs\u0142ugi<\/b><\/li>\n<li><b>Dokument zakupu<\/b><\/li>\n<li><b>Produkt zapakowany w oryginalny, kolorowy karton<\/b><\/li>\n<li><b>Zestaw nie zawiera \u017car\u00f3wek &#8211; dost\u0119pne na naszych aukcjach<\/b><\/li>\n<\/ul>\n<p><img decoding=\"async\" src=\"https:\/\/a.allegroimg.com\/original\/113ec6\/0020e14b4c1ebedd9c3a528ca5d2\" alt=\"Zdj\u0119cie produktu\" style=\"max-width:100%; height:auto; margin:10px 0;\"><br \/>\n<img decoding=\"async\" src=\"https:\/\/a.allegroimg.com\/original\/1170f8\/7c3bb91249deaece088353680775\" alt=\"Zdj\u0119cie produktu\" style=\"max-width:100%; height:auto; margin:10px 0;\"><\/p>\n<h2>Je\u015bli szukasz do kompletu kinkietu, lub innej podobnej lampy, to&#8230;<\/h2>\n<h2>Znajdziesz j\u0105 w naszych ofertach wpisuj\u0105c symbol: 955 lub 855<\/h2>\n<h2>ZALECANE \u0179R\u00d3D\u0141A \u015aWIAT\u0141A:<\/h2>\n<\/p>\n<ul>\n<li>\u017bar\u00f3wki w technologii LED&nbsp; typu GU10<\/li>\n<li>Strumie\u0144 \u015bwietlny: 700 -1300 lm<\/li>\n<li>Zalecana moc pobierana z sieci: 8 -15 W (max 25W)<\/li>\n<li>Barwa: ciep\u0142a (3000K), Neutralna (4000K)&nbsp; lub zimna (6000K)<\/li>\n<\/ul>\n<p><img decoding=\"async\" src=\"https:\/\/a.allegroimg.com\/original\/11bb15\/9968c632468184c9675c4699a01b\" alt=\"Zdj\u0119cie produktu\" style=\"max-width:100%; height:auto; margin:10px 0;\"><br \/>\n<img decoding=\"async\" src=\"https:\/\/a.allegroimg.com\/original\/11a77d\/626a007d4d8890a4ed625682d37f\" alt=\"Zdj\u0119cie produktu\" style=\"max-width:100%; height:auto; margin:10px 0;\"><\/p>\n","protected":false},"excerpt":{"rendered":"<p>Lampa Sufitowa \u017byrandol Plafon Tuby Metal SPOT BG4 LED 4xGU10 Bia\u0142a Oprawa natynkowa, metalowa maj\u0105ca zastosowanie jako o\u015bwietlenie wewn\u0119trzne, z wy\u0142\u0105czeniem miejsc o podwy\u017cszonej wilgotno\u015bci. Idealna do: \u2705 Niedu\u017cego pokoju do 12m2, a tak\u017ce: \u2705 O\u015bwietli korytarze \u2705 Kuchnie \u2705 Garderoby \u2705 \u0141azienki z wy\u0142\u0105czeniem stref: 0,1,2 \u2705 Sprawdzi si\u0119 r\u00f3wnie\u017c jako o\u015bwietlenie dekoracyjne G\u0142\u00f3wne [&hellip;]<\/p>\n","protected":false},"featured_media":32988,"comment_status":"closed","ping_status":"open","template":"","meta":{"_acf_changed":false},"product_brand":[162],"product_cat":[2593,2594],"product_tag":[],"class_list":{"0":"post-47212","1":"product","2":"type-product","3":"status-publish","4":"has-post-thumbnail","6":"product_brand-luxolar","7":"product_cat-lampen","8":"product_cat-deckenleuchten","9":"pa_kat-wiercenia-180-de","10":"pa_klasa-efektywnosci-a-de","11":"pa_kod-producenta-855-bg4-de","12":"pa_kolor-dominujacy-weis","13":"pa_liczba-punktow-swiatla-4-de","14":"pa_marka-luxolar","15":"pa_material-dominujacy-metall","16":"pa_max-moc-pojed-zrodla-swiatla-25-de","17":"pa_rodzaj-gwintu-gu10-de","18":"pa_stan-original-de","19":"pa_zasilanie-netzwerk","20":"pa_zawiera-baterie-nein","21":"pa_zrodlo-swiatla-ohne-lichtquelle","23":"first","24":"instock","25":"purchasable","26":"product-type-simple"},"acf":[],"aioseo_notices":[],"_links":{"self":[{"href":"https:\/\/portallamp.invette.dev\/de\/wp-json\/wp\/v2\/product\/47212","targetHints":{"allow":["GET"]}}],"collection":[{"href":"https:\/\/portallamp.invette.dev\/de\/wp-json\/wp\/v2\/product"}],"about":[{"href":"https:\/\/portallamp.invette.dev\/de\/wp-json\/wp\/v2\/types\/product"}],"replies":[{"embeddable":true,"href":"https:\/\/portallamp.invette.dev\/de\/wp-json\/wp\/v2\/comments?post=47212"}],"wp:featuredmedia":[{"embeddable":true,"href":"https:\/\/portallamp.invette.dev\/de\/wp-json\/wp\/v2\/media\/32988"}],"wp:attachment":[{"href":"https:\/\/portallamp.invette.dev\/de\/wp-json\/wp\/v2\/media?parent=47212"}],"wp:term":[{"taxonomy":"product_brand","embeddable":true,"href":"https:\/\/portallamp.invette.dev\/de\/wp-json\/wp\/v2\/product_brand?post=47212"},{"taxonomy":"product_cat","embeddable":true,"href":"https:\/\/portallamp.invette.dev\/de\/wp-json\/wp\/v2\/product_cat?post=47212"},{"taxonomy":"product_tag","embeddable":true,"href":"https:\/\/portallamp.invette.dev\/de\/wp-json\/wp\/v2\/product_tag?post=47212"}],"curies":[{"name":"wp","href":"https:\/\/api.w.org\/{rel}","templated":true}]}}