{"id":47473,"date":"2025-07-03T18:24:04","date_gmt":"2025-07-03T16:24:04","guid":{"rendered":"https:\/\/portallamp.invette.dev\/produkt\/lampa-wiszaca-zyrandol-plafon-szklane-tuby-led-4\/"},"modified":"2025-07-03T18:24:04","modified_gmt":"2025-07-03T16:24:04","slug":"lampa-wiszaca-zyrandol-plafon-szklane-tuby-led-4","status":"publish","type":"product","link":"https:\/\/portallamp.invette.dev\/de\/produkt\/lampa-wiszaca-zyrandol-plafon-szklane-tuby-led-4\/","title":{"rendered":"Lampa Wisz\u0105ca \u017byrandol Plafon Szklane TUBY LED"},"content":{"rendered":"<p><img decoding=\"async\" src=\"\" alt=\"Zdj\u0119cie produktu\" style=\"max-width:100%; height:auto; margin:10px 0;\"><br \/>\n<img decoding=\"async\" src=\"https:\/\/a.allegroimg.com\/original\/1122d7\/0c0b753349949d0a5b74916eecff\" alt=\"Zdj\u0119cie produktu\" style=\"max-width:100%; height:auto; margin:10px 0;\"><\/p>\n<h1>Przedmiotem sprzeda\u017cy jest:<\/h1>\n<h2>Praktyczna i nowoczesna lampa wisz\u0105ca wyposa\u017cona w pi\u0119\u0107 szklanych kloszy w kszta\u0142cie walca, tub.<\/h2>\n<p>Nr kat: 860-BZ5 LUXOLAR Model 2020r.<\/p>\n<p><img decoding=\"async\" src=\"https:\/\/a.allegroimg.com\/original\/11306e\/5d88f8f04b549479966dc65c23c5\" alt=\"Zdj\u0119cie produktu\" style=\"max-width:100%; height:auto; margin:10px 0;\"><\/p>\n<p><b>Lampa w pe\u0142ni z\u0142o\u017cona &#8211; nie jest to zestaw do samodzielnego monta\u017cu &#8211; wyjmujesz z kartonu i wieszasz na suficie.<\/b><\/p>\n<\/p>\n<p><img decoding=\"async\" src=\"https:\/\/a.allegroimg.com\/original\/11905e\/6740bc724171863828f04a63ae1f\" alt=\"Zdj\u0119cie produktu\" style=\"max-width:100%; height:auto; margin:10px 0;\"><\/p>\n<h1>Do wyboru przygotowali\u015bmy 3 odcienie kloszy:<\/h1>\n<ul>\n<li>Grafitowy<\/li>\n<li>Prze\u017aroczysty<\/li>\n<li>Miodowy<\/li>\n<\/ul>\n<p><img decoding=\"async\" src=\"https:\/\/a.allegroimg.com\/original\/117d23\/1bfeebc04cb68d7f8f58da9ac139\" alt=\"Zdj\u0119cie produktu\" style=\"max-width:100%; height:auto; margin:10px 0;\"><br \/>\n<img decoding=\"async\" src=\"https:\/\/a.allegroimg.com\/original\/11df63\/fe20b62f4229bc8dc49fddd9b4ed\" alt=\"Zdj\u0119cie produktu\" style=\"max-width:100%; height:auto; margin:10px 0;\"><\/p>\n<h2>Konstrukcja lampy umo\u017cliwia regulacj\u0119 wysoko\u015bci klosza (przed zamontowaniem).<\/h2>\n<\/p>\n<p><img decoding=\"async\" src=\"https:\/\/a.allegroimg.com\/original\/119b09\/d7ac3fa74ecb9df323e736fbbc18\" alt=\"Zdj\u0119cie produktu\" style=\"max-width:100%; height:auto; margin:10px 0;\"><\/p>\n<h1>ZASTOSOWANIE:<\/h1>\n<\/p>\n<ul>\n<li>O\u015bwietlenie sto\u0142u, blatu<\/li>\n<li>Do du\u017cej kuchni nad wysp\u0119<\/li>\n<li>Salony i wi\u0119ksze pokoje do 25 m2<\/li>\n<\/ul>\n<p><img decoding=\"async\" src=\"https:\/\/a.allegroimg.com\/original\/11fa14\/cb238e334772b285494eee481108\" alt=\"Zdj\u0119cie produktu\" style=\"max-width:100%; height:auto; margin:10px 0;\"><\/p>\n<p><b><\/b><\/p>\n<p><b>G\u0141\u00d3WNE CECHY LAMPY:<\/b><\/p>\n<p><b><\/b><\/p>\n<ul>\n<li>Kolor konstrukcji: Czarny matowy<\/li>\n<\/ul>\n<ul>\n<li>Materia\u0142 konstrukcji: Metal<\/li>\n<\/ul>\n<ul>\n<li>Kolor kloszy do wyboru: Grafitowy, Bezbarwny, Miodowy<\/li>\n<\/ul>\n<ul>\n<li>Materia\u0142 kloszy: 100% szk\u0142o<\/li>\n<\/ul>\n<ul>\n<li>Nowoczesny Styl &#8211; &nbsp;\u0142atwo wkomponuje si\u0119 w uk\u0142ad mieszkania<\/li>\n<\/ul>\n<ul>\n<li>Korekta d\u0142ugo\u015bci przewodu (lampa wisz\u0105ca lub plafon)<\/li>\n<\/ul>\n<ul>\n<li>Przeznaczona jako o\u015bwietlenie g\u0142\u00f3wne w pomieszczeniach o powierzchni:&nbsp;<b>16 &#8211; 25 m2<\/b><\/li>\n<\/ul>\n<ul>\n<li>Lampa obs\u0142uguje wszystkie \u017car\u00f3wki z gwintem typu&nbsp;<b>E27 do max 60 wat\u00f3w.<\/b><\/li>\n<\/ul>\n<ul>\n<li>Dodatkowym atutem s\u0105 dwa niezale\u017cne obwody elektryczne, dzi\u0119ki kt\u00f3rym w zale\u017cno\u015bci od potrzeb, mo\u017cemy sterowa\u0107 ilo\u015bci\u0105 w\u0142\u0105czonych \u017car\u00f3wek.<\/li>\n<\/ul>\n<ul>\n<li>Lampa z polskiej dystrybucji, wyprodukowana w Polsce &#8211; gwarantowany szybki dost\u0119p do serwisu i cz\u0119\u015bci zapasowych<\/li>\n<\/ul>\n<ul>\n<li>Atrakcyjna Cena<\/li>\n<\/ul>\n<ul>\n<li>\u017byrandol pochodzi z szerszej rodziny lamp szklanych&nbsp; &#8211; bez problemu dokupisz do kompletu kinkiet czy lampk\u0119 nocn\u0105<\/li>\n<\/ul>\n<ul>\n<li><b>Wersja w pe\u0142ni z\u0142o\u017cona &#8211; nie jest to chi\u0144ski zestaw do samodzielnego monta\u017cu<\/b><\/li>\n<\/ul>\n<h1>Wymiary:<\/h1>\n<\/p>\n<p><img decoding=\"async\" src=\"https:\/\/a.allegroimg.com\/original\/11dbcc\/23164d4449c9997b574f5f850141\" alt=\"Zdj\u0119cie produktu\" style=\"max-width:100%; height:auto; margin:10px 0;\"><\/p>\n<h1>Dane techniczne klosza:<\/h1>\n<\/p>\n<ul>\n<li><b>materia\u0142:&nbsp;<\/b>szk\u0142o o grubo\u015bci 1,8 mm<\/li>\n<li><b>odcie\u0144:<\/b> Grafitowy, Bezbarwny, Miodowy &#8211; do wyboru<\/li>\n<li><b>stopie\u0144 przepuszczalno\u015bci \u015bwiat\u0142a:<\/b> Grafit: 75 %, Miodowy: 75%, Bezbarwny: 100%<\/li>\n<li><b>obs\u0142ugiwane \u017car\u00f3wki:&nbsp;<\/b>z gwintem E27&nbsp; &#8211; oprawka z pier\u015bcieniem dociskowym<\/li>\n<li><b>\u015brednica otworu pod oprawk\u0119:<\/b>&nbsp;42 mm<\/li>\n<li><b>wymiary:<\/b> wysoko\u015b\u0107 150 mm &#8211;&nbsp; \u015brednica: 100 mm<\/li>\n<li><b>waga:<\/b> 190g<\/li>\n<\/ul>\n<p><img decoding=\"async\" src=\"https:\/\/a.allegroimg.com\/original\/112821\/6ef7285b4de7baed3265173f13d5\" alt=\"Zdj\u0119cie produktu\" style=\"max-width:100%; height:auto; margin:10px 0;\"><\/p>\n<h1>Dane techniczne:<\/h1>\n<\/p>\n<ul>\n<li><b>Zasilanie:<\/b> ~230 [V] \/ bezpo\u015brednie z sieci, dwa niezale\u017cne obwody elektryczne, w\u0142\u0105czanie 3+2 (co drugi) lub wszystkie jednocze\u015bnie<\/li>\n<li><b>\u0179r\u00f3d\u0142o \u015bwiat\u0142a:<\/b> E-27 &#8211; zalecane LED lub \u015bwietl\u00f3wki kompaktowe &#8211; Tanie w zakupie, powszechnie dost\u0119pne i&nbsp; szeroko stosowane.<\/li>\n<li><b>Spos\u00f3b monta\u017cu:<\/b>&nbsp;Dwa ko\u0142ki rozporowe<\/li>\n<li><b>IP 20, Klasa I<\/b><\/li>\n<li><b>Producent:&nbsp;<\/b>LUXOLAR Polska<\/li>\n<\/ul>\n<p><img decoding=\"async\" src=\"https:\/\/a.allegroimg.com\/original\/11c96f\/6aef09e544c787a5730b061d2257\" alt=\"Zdj\u0119cie produktu\" style=\"max-width:100%; height:auto; margin:10px 0;\"><\/p>\n<h1>Zestaw zawiera:<\/h1>\n<\/p>\n<ul>\n<li><b>Kompletn\u0105, z\u0142o\u017con\u0105 lamp\u0119 wraz z wybranymi kloszami (nie jest to chi\u0144skiej produkcji zestaw do samodzielnego monta\u017cu)<\/b><\/li>\n<li><b>Kostk\u0119 przy\u0142\u0105czeniow\u0105<\/b><\/li>\n<li><b>Instrukcj\u0119 obs\u0142ugi<\/b><\/li>\n<li><b>Kart\u0119 energetyczn\u0105<\/b><\/li>\n<li><b>Dokument zakupu<\/b><\/li>\n<\/ul>\n<p><b>Zestaw nie zawiera \u017ar\u00f3de\u0142 \u015bwiat\u0142a oraz ko\u0142k\u00f3w (nale\u017cy dobra\u0107 odpowiednie do sufitu)<\/b><\/p>\n<h1>Wybierz kolor kloszy:<\/h1>\n<\/p>\n<ul>\n<li><b>Grafitowy<\/b><\/li>\n<\/ul>\n<ul>\n<li><b>Prze\u017aroczysty<\/b><\/li>\n<\/ul>\n<ul>\n<li><b>Miodowy<\/b><\/li>\n<\/ul>\n<h2>Kolor wybranych kloszy podaj w formularzu zam\u00f3wienia lub w oddzielnym e-mailu po zakupie.<\/h2>\n<p><img decoding=\"async\" src=\"https:\/\/a.allegroimg.com\/original\/117d23\/1bfeebc04cb68d7f8f58da9ac139\" alt=\"Zdj\u0119cie produktu\" style=\"max-width:100%; height:auto; margin:10px 0;\"><\/p>\n<h1>Mo\u017cliwo\u015b\u0107 tworzenia MIKS\u00d3W &#8211; stw\u00f3rz swoj\u0105 w\u0142asn\u0105 konfiguracj\u0119 kolor\u00f3w !<\/h1>\n<\/p>\n<p>Wybierz r\u00f3\u017cnego koloru klosze, a dzi\u0119ki odpowiedniemu sposobowi mocowania bez problemu zamienisz ich kolejno\u015b\u0107.<\/p>\n<p><img decoding=\"async\" src=\"https:\/\/a.allegroimg.com\/original\/11df63\/fe20b62f4229bc8dc49fddd9b4ed\" alt=\"Zdj\u0119cie produktu\" style=\"max-width:100%; height:auto; margin:10px 0;\"><\/p>\n<h1>ZALECANE \u0179R\u00d3D\u0141A \u015aWIAT\u0141A:<\/h1>\n<\/p>\n<ul>\n<li>\u017bar\u00f3wki LED z diodami SMD lub filament<\/li>\n<li>Strumie\u0144 \u015bwietlny: 900 -1300 lm<\/li>\n<li><b>Gwint E27<\/b><\/li>\n<li>Moc pobierana z sieci: 6 -12 W<\/li>\n<li>Barwa: ciep\u0142a lub bia\u0142a<\/li>\n<\/ul>\n<h2>Tradycyjny kszta\u0142t w po\u0142\u0105czeniu z nowoczesnymi diodami SMD lub Filament<\/h2>\n<p><img decoding=\"async\" src=\"https:\/\/a.allegroimg.com\/original\/03303d\/c3b1d99f4211bfec2eb9d008c1a1\" alt=\"Zdj\u0119cie produktu\" style=\"max-width:100%; height:auto; margin:10px 0;\"><\/p>\n<h1>Aran\u017cacje:<\/h1>\n<\/p>\n<p><img decoding=\"async\" src=\"https:\/\/a.allegroimg.com\/original\/11ec82\/13d5f50745d0a543e2a8c364fdd9\" alt=\"Zdj\u0119cie produktu\" style=\"max-width:100%; height:auto; margin:10px 0;\"><br \/>\n<img decoding=\"async\" src=\"https:\/\/a.allegroimg.com\/original\/110397\/75058db74887a5f8db617a6a16b3\" alt=\"Zdj\u0119cie produktu\" style=\"max-width:100%; height:auto; margin:10px 0;\"><br \/>\n<img decoding=\"async\" src=\"https:\/\/a.allegroimg.com\/original\/11f2e7\/656624494fbab8ab3089bb531386\" alt=\"Zdj\u0119cie produktu\" style=\"max-width:100%; height:auto; margin:10px 0;\"><\/p>\n<h2>Kolor wybranych kloszy podaj w formularzu zam\u00f3wienia lub w oddzielnym e-mailu po zakupie.<\/h2>\n<p><img decoding=\"async\" src=\"\" alt=\"Zdj\u0119cie produktu\" style=\"max-width:100%; height:auto; margin:10px 0;\"><\/p>\n","protected":false},"excerpt":{"rendered":"<p>Przedmiotem sprzeda\u017cy jest: Praktyczna i nowoczesna lampa wisz\u0105ca wyposa\u017cona w pi\u0119\u0107 szklanych kloszy w kszta\u0142cie walca, tub. Nr kat: 860-BZ5 LUXOLAR Model 2020r. Lampa w pe\u0142ni z\u0142o\u017cona &#8211; nie jest to zestaw do samodzielnego monta\u017cu &#8211; wyjmujesz z kartonu i wieszasz na suficie. Do wyboru przygotowali\u015bmy 3 odcienie kloszy: Grafitowy Prze\u017aroczysty Miodowy Konstrukcja lampy umo\u017cliwia [&hellip;]<\/p>\n","protected":false},"featured_media":43354,"comment_status":"closed","ping_status":"open","template":"","meta":{"_acf_changed":false},"product_brand":[162],"product_cat":[2593,2674],"product_tag":[],"class_list":{"0":"post-47473","1":"product","2":"type-product","3":"status-publish","4":"has-post-thumbnail","6":"product_brand-luxolar","7":"product_cat-lampen","8":"product_cat-hangelampen","9":"pa_kod-producenta-lampa-wiszaca-860-bz5-de","10":"pa_kolekcja-860-de","11":"pa_kolor-farblos","12":"pa_kolor-gelb","13":"pa_kolor-orange-de","14":"pa_kolor-schwarz","15":"pa_kolor-weis","16":"pa_liczba-punktow-swiatla-5-de","17":"pa_marka-luxolar","18":"pa_material-dominujacy-glas","19":"pa_max-moc-pojed-zrodla-swiatla-60-de","20":"pa_pomieszczenie-buro","21":"pa_pomieszczenie-esszimmer","22":"pa_pomieszczenie-flur-treppe","23":"pa_pomieszczenie-kinderzimmer","24":"pa_pomieszczenie-kuche","25":"pa_pomieszczenie-salon-de","26":"pa_pomieszczenie-schlafzimmer","27":"pa_pomieszczenie-universell","28":"pa_rodzaj-gwintu-e27-de","29":"pa_rodzaj-lampy-deckenleuchten-hangeleuchten","30":"pa_zasilanie-netzwerk","31":"pa_zawiera-baterie-nein","32":"pa_zrodlo-swiatla-ohne-lichtquelle","34":"first","35":"instock","36":"purchasable","37":"product-type-simple"},"acf":[],"aioseo_notices":[],"_links":{"self":[{"href":"https:\/\/portallamp.invette.dev\/de\/wp-json\/wp\/v2\/product\/47473","targetHints":{"allow":["GET"]}}],"collection":[{"href":"https:\/\/portallamp.invette.dev\/de\/wp-json\/wp\/v2\/product"}],"about":[{"href":"https:\/\/portallamp.invette.dev\/de\/wp-json\/wp\/v2\/types\/product"}],"replies":[{"embeddable":true,"href":"https:\/\/portallamp.invette.dev\/de\/wp-json\/wp\/v2\/comments?post=47473"}],"wp:featuredmedia":[{"embeddable":true,"href":"https:\/\/portallamp.invette.dev\/de\/wp-json\/wp\/v2\/media\/43354"}],"wp:attachment":[{"href":"https:\/\/portallamp.invette.dev\/de\/wp-json\/wp\/v2\/media?parent=47473"}],"wp:term":[{"taxonomy":"product_brand","embeddable":true,"href":"https:\/\/portallamp.invette.dev\/de\/wp-json\/wp\/v2\/product_brand?post=47473"},{"taxonomy":"product_cat","embeddable":true,"href":"https:\/\/portallamp.invette.dev\/de\/wp-json\/wp\/v2\/product_cat?post=47473"},{"taxonomy":"product_tag","embeddable":true,"href":"https:\/\/portallamp.invette.dev\/de\/wp-json\/wp\/v2\/product_tag?post=47473"}],"curies":[{"name":"wp","href":"https:\/\/api.w.org\/{rel}","templated":true}]}}