{"id":47512,"date":"2025-07-03T18:24:04","date_gmt":"2025-07-03T16:24:04","guid":{"rendered":"https:\/\/portallamp.invette.dev\/produkt\/lampa-wiszaca-zwis-sufitowa-zyrandol-abazur-led-2\/"},"modified":"2025-07-03T18:24:04","modified_gmt":"2025-07-03T16:24:04","slug":"lampa-wiszaca-zwis-sufitowa-zyrandol-abazur-led-2","status":"publish","type":"product","link":"https:\/\/portallamp.invette.dev\/de\/produkt\/lampa-wiszaca-zwis-sufitowa-zyrandol-abazur-led-2\/","title":{"rendered":"LAMPA WISZ\u0104CA ZWIS SUFITOWA \u017bYRANDOL ABA\u017bUR LED"},"content":{"rendered":"<p><img decoding=\"async\" src=\"\" alt=\"Zdj\u0119cie produktu\" style=\"max-width:100%; height:auto; margin:10px 0;\"><\/p>\n<h1>Przedmiotem sprzeda\u017cy jest:<\/h1>\n<h2>Nowoczesna lampa wisz\u0105ca w bardzo modnych kolorach do wyboru.<\/h2>\n<p>Nr kat: 758-EZ2 LUXOLAR<\/p>\n<p><img decoding=\"async\" src=\"https:\/\/a.allegroimg.com\/original\/119a3d\/11537e224711b08b366b37e77af2\" alt=\"Zdj\u0119cie produktu\" style=\"max-width:100%; height:auto; margin:10px 0;\"><\/p>\n<p><b>Lampa w pe\u0142ni z\u0142o\u017cona &#8211; nie jest to zestaw do samodzielnego monta\u017cu<\/b><\/p>\n<\/p>\n<p><img decoding=\"async\" src=\"https:\/\/a.allegroimg.com\/original\/112780\/c55346414195af5f3b7e2bb8f0bd\" alt=\"Zdj\u0119cie produktu\" style=\"max-width:100%; height:auto; margin:10px 0;\"><\/p>\n<h1>Kolory aba\u017cur\u00f3w do wyboru:<\/h1>\n<\/p>\n<ul>\n<li>Bia\u0142y<\/li>\n<li>Czarny<\/li>\n<li>Grafit<\/li>\n<li>Butelkowa Ziele\u0144<\/li>\n<\/ul>\n<p><img decoding=\"async\" src=\"https:\/\/a.allegroimg.com\/original\/119b29\/9bc048e142029459352857b3cf92\" alt=\"Zdj\u0119cie produktu\" style=\"max-width:100%; height:auto; margin:10px 0;\"><br \/>\n<img decoding=\"async\" src=\"https:\/\/a.allegroimg.com\/original\/11f6a9\/5b77de6a442c81cbb60a70d04c57\" alt=\"Zdj\u0119cie produktu\" style=\"max-width:100%; height:auto; margin:10px 0;\"><\/p>\n<h2>Konstrukcja lampy umo\u017cliwia regulacj\u0119 wysoko\u015bci ka\u017cdego klosza (przed monta\u017cem).<\/h2>\n<\/p>\n<p><img decoding=\"async\" src=\"https:\/\/a.allegroimg.com\/original\/117720\/6fa3bdb64e6cb742a9f2db254777\" alt=\"Zdj\u0119cie produktu\" style=\"max-width:100%; height:auto; margin:10px 0;\"><\/p>\n<h1>ZASTOSOWANIE:<\/h1>\n<\/p>\n<ul>\n<li>O\u015bwietlenie niewielkiego salonu, pokoju, sypialni<\/li>\n<li>Nad st\u00f3\u0142, blat<\/li>\n<li>Do kuchni nad wysp\u0119<\/li>\n<li>W zespole kilku identycznych sztuk tworzy zbi\u00f3r lamp o\u015bwietlaj\u0105cy wi\u0119ksze pomieszczenia<\/li>\n<\/ul>\n<p>Nie stosowa\u0107 w miejscach o podwy\u017cszonej wilgotno\u015bci.<\/p>\n<p><img decoding=\"async\" src=\"https:\/\/a.allegroimg.com\/original\/118d59\/330392364bf3818ab82794ca59a9\" alt=\"Zdj\u0119cie produktu\" style=\"max-width:100%; height:auto; margin:10px 0;\"><\/p>\n<p><b><\/b><\/p>\n<p><b>G\u0141\u00d3WNE CECHY LAMPY:<\/b><\/p>\n<p><b><\/b><\/p>\n<ul>\n<li>Kolor konstrukcji: Czarny matowy ze z\u0142otym pasem<\/li>\n<\/ul>\n<ul>\n<li>Materia\u0142 konstrukcji: Metal<\/li>\n<\/ul>\n<ul>\n<li>Kolor aba\u017cur\u00f3w: do wyboru<\/li>\n<\/ul>\n<ul>\n<li>Materia\u0142 kloszy: PCV + Tkanina<\/li>\n<\/ul>\n<ul>\n<li>Regulacja wysoko\u015bci do max: 70 cm<\/li>\n<\/ul>\n<ul>\n<li>Nowoczesny Styl &#8211; &nbsp;\u0142atwo wkomponuje si\u0119 w uk\u0142ad mieszkania<\/li>\n<\/ul>\n<ul>\n<li>Przeznaczona jako o\u015bwietlenie g\u0142\u00f3wne w pomieszczeniach o powierzchni:&nbsp;<b>9-16 m2<\/b><\/li>\n<\/ul>\n<ul>\n<li>Lampa obs\u0142uguje wszystkie \u017car\u00f3wki z gwintem typu&nbsp;<b>E27 do max 60 wat\u00f3w.<\/b><\/li>\n<\/ul>\n<ul>\n<li>Dodatkowym atutem s\u0105 dwa niezale\u017cne obwody elektryczne, dzi\u0119ki kt\u00f3rym w zale\u017cno\u015bci od potrzeb, mo\u017cemy sterowa\u0107 ilo\u015bci\u0105 w\u0142\u0105czonych \u017car\u00f3wek.<\/li>\n<\/ul>\n<ul>\n<li>Lampa z polskiej dystrybucji, wyprodukowana w Polsce &#8211; gwarantowany szybki dost\u0119p do serwisu i cz\u0119\u015bci zapasowych<\/li>\n<\/ul>\n<ul>\n<li>Cena &#8211; za podobn\u0105 lamp\u0119 w popularnych marketach budowlanych zap\u0142acisz grubo ponad 200 z\u0142<\/li>\n<\/ul>\n<ul>\n<li><b>Wersja w pe\u0142ni z\u0142o\u017cona &#8211; nie jest to zestaw do samodzielnego monta\u017cu<\/b><\/li>\n<\/ul>\n<h1>Wymiary:<\/h1>\n<\/p>\n<p><img decoding=\"async\" src=\"https:\/\/a.allegroimg.com\/original\/118bab\/4b00d2c34732a4658543257ea0bb\" alt=\"Zdj\u0119cie produktu\" style=\"max-width:100%; height:auto; margin:10px 0;\"><\/p>\n<h1>Dane techniczne aba\u017cura:<\/h1>\n<\/p>\n<ul>\n<li><b>materia\u0142:&nbsp;<\/b>PCV + Tkanina w wybranym kolorze + z\u0142oty pasek<\/li>\n<li><b>kolor (kod RAL): Czarny (9005), Bia\u0142y (9002), Grafit (7015), Butelkowa Ziele\u0144 (6005)<\/b><\/li>\n<li><b>Konstrukcja przelotowa <\/b>&#8211; ods\u0142oni\u0119ta g\u00f3ra i d\u00f3\u0142 aba\u017cura<\/li>\n<li><b>obs\u0142ugiwane \u017car\u00f3wki:&nbsp;<\/b>z gwintem E27<\/li>\n<li><b>\u015brednica otworu pod oprawk\u0119:<\/b>&nbsp;42 mm<\/li>\n<li><b>wymiary:<\/b> wysoko\u015b\u0107 150 mm &#8211;&nbsp; \u015brednica: 200 mm<\/li>\n<li><b>waga:<\/b> 125g<\/li>\n<\/ul>\n<p><img decoding=\"async\" src=\"https:\/\/a.allegroimg.com\/original\/11a4e8\/c9815f1f4ce88b845a616169ec8b\" alt=\"Zdj\u0119cie produktu\" style=\"max-width:100%; height:auto; margin:10px 0;\"><\/p>\n<h1>Dane techniczne lampy:<\/h1>\n<\/p>\n<ul>\n<li><b>Zasilanie:<\/b> ~230 [V] \/ bezpo\u015brednie z sieci, dwa niezale\u017cne obwody elektryczne, w\u0142\u0105czanie 1+1 lub oba jednocze\u015bnie<\/li>\n<li><b>\u0179r\u00f3d\u0142o \u015bwiat\u0142a:<\/b>&nbsp;E-27 &#8211; zalecane LED lub \u015bwietl\u00f3wki kompaktowe<\/li>\n<li><b>Spos\u00f3b monta\u017cu:<\/b>&nbsp;Dwa ko\u0142ki rozporowe<\/li>\n<li><b>IP 20, Klasa I<\/b><\/li>\n<li><b>Producent:&nbsp;<\/b>LUXOLAR Polska<\/li>\n<\/ul>\n<p><img decoding=\"async\" src=\"https:\/\/a.allegroimg.com\/original\/117cc3\/2a247d044e96ae9b481244a12fff\" alt=\"Zdj\u0119cie produktu\" style=\"max-width:100%; height:auto; margin:10px 0;\"><\/p>\n<h1>Zestaw zawiera:<\/h1>\n<\/p>\n<ul>\n<li><b>Kompletn\u0105, z\u0142o\u017con\u0105 lamp\u0119.&nbsp; (nie jest to chi\u0144skiej produkcji zestaw do samodzielnego monta\u017cu)<\/b><\/li>\n<li><b>Kostk\u0119 przy\u0142\u0105czeniow\u0105<\/b><\/li>\n<li><b>Instrukcj\u0119 obs\u0142ugi<\/b><\/li>\n<li><b>Kart\u0119 energetyczn\u0105<\/b><\/li>\n<li><b>Dokument zakupu<\/b><\/li>\n<\/ul>\n<p><b>Zestaw nie zawiera \u017ar\u00f3de\u0142 \u015bwiat\u0142a oraz ko\u0142k\u00f3w rozporowych.<\/b><\/p>\n<h1>Pami\u0119taj, wybierz kolory aba\u017cur\u00f3w do wyboru:<\/h1>\n<\/p>\n<ul>\n<li>Bia\u0142y<\/li>\n<li>Czarny<\/li>\n<li>Grafit<\/li>\n<li>Butelkowa Ziele\u0144<\/li>\n<li><b>MIX (dowolna kombinacja z dost\u0119pnych powy\u017cej)<\/b><\/li>\n<\/ul>\n<h2>Kolor aba\u017cur\u00f3w podaj w formularzu zam\u00f3wienia lub w oddzielnym e-mailu po zakupie.<\/h2>\n<p><img decoding=\"async\" src=\"https:\/\/a.allegroimg.com\/original\/119b29\/9bc048e142029459352857b3cf92\" alt=\"Zdj\u0119cie produktu\" style=\"max-width:100%; height:auto; margin:10px 0;\"><\/p>\n<h1>ZALECANE \u0179R\u00d3D\u0141A \u015aWIAT\u0141A:<\/h1>\n<\/p>\n<ul>\n<li>\u017bar\u00f3wki LED z diodami SMD lub filament<\/li>\n<li>Strumie\u0144 \u015bwietlny: 900 -1300 lm<\/li>\n<li><b>Gwint E27<\/b><\/li>\n<li>Moc pobierana z sieci: 6 -12 W<\/li>\n<li>Barwa: ciep\u0142a lub bia\u0142a<\/li>\n<\/ul>\n<p><img decoding=\"async\" src=\"https:\/\/a.allegroimg.com\/original\/118716\/992feeca4b43ac5f27105ffa7f31\" alt=\"Zdj\u0119cie produktu\" style=\"max-width:100%; height:auto; margin:10px 0;\"><\/p>\n<h1>Aran\u017cacje:<\/h1>\n<\/p>\n<p><img decoding=\"async\" src=\"https:\/\/a.allegroimg.com\/original\/11d271\/7a7388b04179ae0e5e53748021d8\" alt=\"Zdj\u0119cie produktu\" style=\"max-width:100%; height:auto; margin:10px 0;\"><br \/>\n<img decoding=\"async\" src=\"https:\/\/a.allegroimg.com\/original\/1119d9\/eab595b94272b388e8a26e755c37\" alt=\"Zdj\u0119cie produktu\" style=\"max-width:100%; height:auto; margin:10px 0;\"><br \/>\n<img decoding=\"async\" src=\"\" alt=\"Zdj\u0119cie produktu\" style=\"max-width:100%; height:auto; margin:10px 0;\"><\/p>\n","protected":false},"excerpt":{"rendered":"<p>Przedmiotem sprzeda\u017cy jest: Nowoczesna lampa wisz\u0105ca w bardzo modnych kolorach do wyboru. Nr kat: 758-EZ2 LUXOLAR Lampa w pe\u0142ni z\u0142o\u017cona &#8211; nie jest to zestaw do samodzielnego monta\u017cu Kolory aba\u017cur\u00f3w do wyboru: Bia\u0142y Czarny Grafit Butelkowa Ziele\u0144 Konstrukcja lampy umo\u017cliwia regulacj\u0119 wysoko\u015bci ka\u017cdego klosza (przed monta\u017cem). ZASTOSOWANIE: O\u015bwietlenie niewielkiego salonu, pokoju, sypialni Nad st\u00f3\u0142, blat [&hellip;]<\/p>\n","protected":false},"featured_media":43615,"comment_status":"closed","ping_status":"open","template":"","meta":{"_acf_changed":false},"product_brand":[162],"product_cat":[2593,2674],"product_tag":[],"class_list":{"0":"post-47512","1":"product","2":"type-product","3":"status-publish","4":"has-post-thumbnail","6":"product_brand-luxolar","7":"product_cat-lampen","8":"product_cat-hangelampen","9":"pa_kod-producenta-lampa-wiszaca-758-ez2-de","10":"pa_kolekcja-758-de","11":"pa_kolor-andere-farbe","12":"pa_kolor-gelb","13":"pa_kolor-gold-de","14":"pa_kolor-schwarz","15":"pa_kolor-weis","16":"pa_liczba-punktow-swiatla-2-de","17":"pa_marka-luxolar","18":"pa_material-dominujacy-metall","19":"pa_max-moc-pojed-zrodla-swiatla-60-de","20":"pa_pomieszczenie-buro","21":"pa_pomieszczenie-esszimmer","22":"pa_pomieszczenie-flur-treppe","23":"pa_pomieszczenie-kinderzimmer","24":"pa_pomieszczenie-kuche","25":"pa_pomieszczenie-salon-de","26":"pa_pomieszczenie-schlafzimmer","27":"pa_pomieszczenie-universell","28":"pa_rodzaj-gwintu-e27-de","29":"pa_rodzaj-lampy-deckenleuchten-hangeleuchten","30":"pa_zasilanie-netzwerk","31":"pa_zawiera-baterie-nein","32":"pa_zrodlo-swiatla-ohne-lichtquelle","34":"first","35":"instock","36":"purchasable","37":"product-type-simple"},"acf":[],"aioseo_notices":[],"_links":{"self":[{"href":"https:\/\/portallamp.invette.dev\/de\/wp-json\/wp\/v2\/product\/47512","targetHints":{"allow":["GET"]}}],"collection":[{"href":"https:\/\/portallamp.invette.dev\/de\/wp-json\/wp\/v2\/product"}],"about":[{"href":"https:\/\/portallamp.invette.dev\/de\/wp-json\/wp\/v2\/types\/product"}],"replies":[{"embeddable":true,"href":"https:\/\/portallamp.invette.dev\/de\/wp-json\/wp\/v2\/comments?post=47512"}],"wp:featuredmedia":[{"embeddable":true,"href":"https:\/\/portallamp.invette.dev\/de\/wp-json\/wp\/v2\/media\/43615"}],"wp:attachment":[{"href":"https:\/\/portallamp.invette.dev\/de\/wp-json\/wp\/v2\/media?parent=47512"}],"wp:term":[{"taxonomy":"product_brand","embeddable":true,"href":"https:\/\/portallamp.invette.dev\/de\/wp-json\/wp\/v2\/product_brand?post=47512"},{"taxonomy":"product_cat","embeddable":true,"href":"https:\/\/portallamp.invette.dev\/de\/wp-json\/wp\/v2\/product_cat?post=47512"},{"taxonomy":"product_tag","embeddable":true,"href":"https:\/\/portallamp.invette.dev\/de\/wp-json\/wp\/v2\/product_tag?post=47512"}],"curies":[{"name":"wp","href":"https:\/\/api.w.org\/{rel}","templated":true}]}}