{"id":47539,"date":"2025-07-03T18:21:56","date_gmt":"2025-07-03T16:21:56","guid":{"rendered":"https:\/\/portallamp.invette.dev\/produkt\/szklana-lampa-wiszaca-sufitowa-zyrandol-kule-led-16\/"},"modified":"2025-07-03T18:21:56","modified_gmt":"2025-07-03T16:21:56","slug":"szklana-lampa-wiszaca-sufitowa-zyrandol-kule-led-16","status":"publish","type":"product","link":"https:\/\/portallamp.invette.dev\/de\/produkt\/szklana-lampa-wiszaca-sufitowa-zyrandol-kule-led-16\/","title":{"rendered":"Szklana Lampa Wisz\u0105ca Sufitowa \u017byrandol Kule LED"},"content":{"rendered":"<p><img decoding=\"async\" src=\"\" alt=\"Zdj\u0119cie produktu\" style=\"max-width:100%; height:auto; margin:10px 0;\"><\/p>\n<h1>Przedmiotem sprzeda\u017cy jest:<\/h1>\n<h2>Praktyczna i nowoczesna lampa wisz\u0105ca wyposa\u017cona w dwa szklane klosze dost\u0119pne do wyboru w r\u00f3\u017cnych odcieniach.<\/h2>\n<p>Nr kat: 830-AZ2 LUXOLAR Model 2020r.<\/p>\n<p><img decoding=\"async\" src=\"https:\/\/a.allegroimg.com\/original\/1190d3\/f04ed11e46dcbce946108f94ddfc\" alt=\"Zdj\u0119cie produktu\" style=\"max-width:100%; height:auto; margin:10px 0;\"><\/p>\n<p><b>Lampa w pe\u0142ni z\u0142o\u017cona &#8211; nie jest to zestaw do samodzielnego monta\u017cu<\/b><\/p>\n<\/p>\n<p><img decoding=\"async\" src=\"https:\/\/a.allegroimg.com\/original\/113684\/7e2d79b644af89a82f119fffefa2\" alt=\"Zdj\u0119cie produktu\" style=\"max-width:100%; height:auto; margin:10px 0;\"><\/p>\n<h1>Do wyboru przygotowali\u015bmy 3 odcienie kloszy:<\/h1>\n<ul>\n<li>Aluminium<\/li>\n<li>Prze\u017aroczysty<\/li>\n<li>Miodowy<\/li>\n<\/ul>\n<p><img decoding=\"async\" src=\"https:\/\/a.allegroimg.com\/original\/1132ff\/8dadbce741d2a90f35b944e68dfc\" alt=\"Zdj\u0119cie produktu\" style=\"max-width:100%; height:auto; margin:10px 0;\"><br \/>\n<img decoding=\"async\" src=\"https:\/\/a.allegroimg.com\/original\/1117c9\/223b8346468a9cd761150241b73f\" alt=\"Zdj\u0119cie produktu\" style=\"max-width:100%; height:auto; margin:10px 0;\"><\/p>\n<h2>Ustaw klosze w dowolnej wysoko\u015bci !&nbsp; &#8211; w tej lampie to mo\u017cliwe (przed monta\u017cem).<\/h2>\n<\/p>\n<p><img decoding=\"async\" src=\"https:\/\/a.allegroimg.com\/original\/11cdef\/f1eea72a4839b5e82da6dda172e0\" alt=\"Zdj\u0119cie produktu\" style=\"max-width:100%; height:auto; margin:10px 0;\"><br \/>\n<img decoding=\"async\" src=\"https:\/\/a.allegroimg.com\/original\/11bac4\/64889d9142ef8989d400fc4a6e71\" alt=\"Zdj\u0119cie produktu\" style=\"max-width:100%; height:auto; margin:10px 0;\"><\/p>\n<p><b><\/b><\/p>\n<p><b>G\u0141\u00d3WNE CECHY LAMPY:<\/b><\/p>\n<p><b><\/b><\/p>\n<ul>\n<li>Kolor konstrukcji: Czarny matowy<\/li>\n<\/ul>\n<ul>\n<li>Materia\u0142 konstrukcji: Metal<\/li>\n<\/ul>\n<ul>\n<li>Kolor kloszy do wyboru: Aluminium, Bezbarwny, Miodowy<\/li>\n<\/ul>\n<ul>\n<li>Materia\u0142 kloszy: 100% szk\u0142o<\/li>\n<\/ul>\n<ul>\n<li>Regulacja wysoko\u015bci kloszy (przed monta\u017cem)<\/li>\n<\/ul>\n<ul>\n<li>Nowoczesny Styl &#8211; &nbsp;\u0142atwo wkomponuje si\u0119 w uk\u0142ad mieszkania<\/li>\n<\/ul>\n<ul>\n<li>Przeznaczona jako o\u015bwietlenie g\u0142\u00f3wne w pomieszczeniach o powierzchni:&nbsp;<b>9 &#8211; 12 m2<\/b><\/li>\n<\/ul>\n<ul>\n<li>Lampa obs\u0142uguje wszystkie \u017car\u00f3wki z gwintem typu&nbsp;<b>E27 do max 60 wat\u00f3w.<\/b><\/li>\n<\/ul>\n<ul>\n<li>Dodatkowym atutem s\u0105 dwa niezale\u017cne obwody elektryczne, dzi\u0119ki kt\u00f3rym w zale\u017cno\u015bci od potrzeb, mo\u017cemy sterowa\u0107 ilo\u015bci\u0105 w\u0142\u0105czonych \u017car\u00f3wek.<\/li>\n<\/ul>\n<ul>\n<li>Lampa z polskiej dystrybucji, wyprodukowana w Polsce &#8211; gwarantowany szybki dost\u0119p do serwisu i cz\u0119\u015bci zapasowych<\/li>\n<\/ul>\n<ul>\n<li>Cena &#8211; za podobn\u0105 lamp\u0119 w popularnych marketach budowlanych zap\u0142acisz grubo ponad 150 z\u0142<\/li>\n<\/ul>\n<ul>\n<li>\u017byrandol pochodzi z szerszej rodziny lamp szklanych&nbsp; &#8211; bez problemu dokupisz do kompletu kinkiet czy lampk\u0119 nocn\u0105<\/li>\n<\/ul>\n<ul>\n<li><b>Wersja w pe\u0142ni z\u0142o\u017cona &#8211; nie jest to zestaw do samodzielnego monta\u017cu<\/b><\/li>\n<\/ul>\n<h1>Dane techniczne:<\/h1>\n<\/p>\n<ul>\n<li><b>Zasilanie:<\/b> ~230 [V] \/ bezpo\u015brednie z sieci, dwa niezale\u017cne obwody elektryczne, w\u0142\u0105czanie 1+1 lub oba jednocze\u015bnie<\/li>\n<li><b>\u0179r\u00f3d\u0142o \u015bwiat\u0142a:<\/b>&nbsp;E-27 &#8211; zalecane LED lub \u015bwietl\u00f3wki kompaktowe<\/li>\n<li><b>Spos\u00f3b monta\u017cu:<\/b>&nbsp;Dwa ko\u0142ki rozporowe<\/li>\n<li><b>IP 20, Klasa I<\/b><\/li>\n<li><b>Zestaw nie zawiera \u017car\u00f3wek oraz ko\u0142k\u00f3w rozporowych do monta\u017cu<\/b><\/li>\n<li><b>Producent:&nbsp;<\/b>LUXOLAR Polska<\/li>\n<\/ul>\n<h1>Wymiary:<\/h1>\n<\/p>\n<p><img decoding=\"async\" src=\"https:\/\/a.allegroimg.com\/original\/114c83\/1dfd863c40fa96a095985d3c84dc\" alt=\"Zdj\u0119cie produktu\" style=\"max-width:100%; height:auto; margin:10px 0;\"><\/p>\n<h1>Dane techniczne klosza:<\/h1>\n<\/p>\n<ul>\n<li><b>materia\u0142:&nbsp;<\/b>szk\u0142o o grubo\u015bci 1,5 mm<\/li>\n<li><b>odcie\u0144:<\/b>&nbsp;Aluminium, Bezbarwny, Miodowy &#8211; do wyboru<\/li>\n<li><b>stopie\u0144 przepuszczalno\u015bci \u015bwiat\u0142a:<\/b>&nbsp;Aluminium: 65 %, Miodowy: 70%, Bezbarwny: 100%<\/li>\n<li><b>obs\u0142ugiwane \u017car\u00f3wki:&nbsp;<\/b>z gwintem E27&nbsp; &#8211; oprawka z pier\u015bcieniem dociskowym<\/li>\n<li><b>\u015brednica otworu pod oprawk\u0119:<\/b>&nbsp;42 mm<\/li>\n<li><b>wymiary:<\/b>&nbsp;wysoko\u015b\u0107 130 mm &#8211;&nbsp; \u015brednica: 150 mm<\/li>\n<li><b>waga:<\/b>&nbsp;120g<\/li>\n<\/ul>\n<p><img decoding=\"async\" src=\"https:\/\/a.allegroimg.com\/original\/11b658\/c1aefa1d4e00bcd815b85d3b2efd\" alt=\"Zdj\u0119cie produktu\" style=\"max-width:100%; height:auto; margin:10px 0;\"><br \/>\n<img decoding=\"async\" src=\"https:\/\/a.allegroimg.com\/original\/111862\/6eb387214f7f83100c6454821783\" alt=\"Zdj\u0119cie produktu\" style=\"max-width:100%; height:auto; margin:10px 0;\"><\/p>\n<h1>Zestaw zawiera:<\/h1>\n<\/p>\n<ul>\n<li><b>Kompletn\u0105, z\u0142o\u017con\u0105 lamp\u0119 z wybranymi kloszami (nie jest to chi\u0144skiej produkcji zestaw do samodzielnego monta\u017cu)<\/b><\/li>\n<li><b>Kostk\u0119 przy\u0142\u0105czeniow\u0105<\/b><\/li>\n<li><b>Instrukcj\u0119 obs\u0142ugi<\/b><\/li>\n<li><b>Kart\u0119 energetyczn\u0105<\/b><\/li>\n<li><b>Dokument zakupu<\/b><\/li>\n<\/ul>\n<p><b>Zestaw nie zawiera \u017ar\u00f3d\u0142a \u015bwiat\u0142a oraz ko\u0142k\u00f3w rozporowych.<\/b><\/p>\n<h1>Wybierz kolor kloszy:<\/h1>\n<\/p>\n<ul>\n<li><b>Aluminium<\/b><\/li>\n<\/ul>\n<ul>\n<li><b>Prze\u017aroczysty<\/b><\/li>\n<\/ul>\n<ul>\n<li><b>Miodowy<\/b><\/li>\n<\/ul>\n<p><img decoding=\"async\" src=\"https:\/\/a.allegroimg.com\/original\/1132ff\/8dadbce741d2a90f35b944e68dfc\" alt=\"Zdj\u0119cie produktu\" style=\"max-width:100%; height:auto; margin:10px 0;\"><\/p>\n<h1>Mo\u017cliwo\u015b\u0107 tworzenia MIKS\u00d3W &#8211; stw\u00f3rz swoj\u0105 w\u0142asn\u0105 konfiguracj\u0119 kolor\u00f3w !<\/h1>\n<\/p>\n<p>Wybierz r\u00f3\u017cnego koloru klosze, a dzi\u0119ki odpowiedniemu sposobowi mocowania bez problemu zamienisz ich kolejno\u015b\u0107.<\/p>\n<p><img decoding=\"async\" src=\"https:\/\/a.allegroimg.com\/original\/1117c9\/223b8346468a9cd761150241b73f\" alt=\"Zdj\u0119cie produktu\" style=\"max-width:100%; height:auto; margin:10px 0;\"><\/p>\n<h1>Kolor kloszy podaj w formularzu zam\u00f3wienia lub w oddzielnym e-mailu po zakupie.<\/h1>\n<h1>ZALECANE \u0179R\u00d3D\u0141A \u015aWIAT\u0141A:<\/h1>\n<\/p>\n<ul>\n<li>\u017bar\u00f3wki LED z diodami SMD lub filament<\/li>\n<li>Strumie\u0144 \u015bwietlny: 900 -1300 lm<\/li>\n<li><b>Gwint E27<\/b><\/li>\n<li>Moc pobierana z sieci: 6 -12 W<\/li>\n<li>Barwa: ciep\u0142a lub bia\u0142a<\/li>\n<\/ul>\n<h2>Tradycyjny kszta\u0142t w po\u0142\u0105czeniu z nowoczesnymi diodami SMD lub Filament<\/h2>\n<p><img decoding=\"async\" src=\"https:\/\/a.allegroimg.com\/original\/03303d\/c3b1d99f4211bfec2eb9d008c1a1\" alt=\"Zdj\u0119cie produktu\" style=\"max-width:100%; height:auto; margin:10px 0;\"><\/p>\n<h1>Aran\u017cacje:<\/h1>\n<\/p>\n<p><img decoding=\"async\" src=\"https:\/\/a.allegroimg.com\/original\/110089\/1881de634bdbab5dd432f1b87e42\" alt=\"Zdj\u0119cie produktu\" style=\"max-width:100%; height:auto; margin:10px 0;\"><br \/>\n<img decoding=\"async\" src=\"https:\/\/a.allegroimg.com\/original\/11d2ad\/2a06ab574a5793b84e6efe018309\" alt=\"Zdj\u0119cie produktu\" style=\"max-width:100%; height:auto; margin:10px 0;\"><br \/>\n<img decoding=\"async\" src=\"https:\/\/a.allegroimg.com\/original\/11dd49\/e69420f5406ca6d377fe41df5e7d\" alt=\"Zdj\u0119cie produktu\" style=\"max-width:100%; height:auto; margin:10px 0;\"><br \/>\n<img decoding=\"async\" src=\"https:\/\/a.allegroimg.com\/original\/1117c9\/223b8346468a9cd761150241b73f\" alt=\"Zdj\u0119cie produktu\" style=\"max-width:100%; height:auto; margin:10px 0;\"><br \/>\n<img decoding=\"async\" src=\"https:\/\/a.allegroimg.com\/original\/1190d3\/f04ed11e46dcbce946108f94ddfc\" alt=\"Zdj\u0119cie produktu\" style=\"max-width:100%; height:auto; margin:10px 0;\"><\/p>\n<h1>Kolor kloszy podaj w formularzu zam\u00f3wienia lub w oddzielnym e-mailu po zakupie.<\/h1>\n<p><img decoding=\"async\" src=\"\" alt=\"Zdj\u0119cie produktu\" style=\"max-width:100%; height:auto; margin:10px 0;\"><\/p>\n","protected":false},"excerpt":{"rendered":"<p>Przedmiotem sprzeda\u017cy jest: Praktyczna i nowoczesna lampa wisz\u0105ca wyposa\u017cona w dwa szklane klosze dost\u0119pne do wyboru w r\u00f3\u017cnych odcieniach. Nr kat: 830-AZ2 LUXOLAR Model 2020r. Lampa w pe\u0142ni z\u0142o\u017cona &#8211; nie jest to zestaw do samodzielnego monta\u017cu Do wyboru przygotowali\u015bmy 3 odcienie kloszy: Aluminium Prze\u017aroczysty Miodowy Ustaw klosze w dowolnej wysoko\u015bci !&nbsp; &#8211; w tej [&hellip;]<\/p>\n","protected":false},"featured_media":42409,"comment_status":"closed","ping_status":"open","template":"","meta":{"_acf_changed":false},"product_brand":[162],"product_cat":[2593,2674],"product_tag":[],"class_list":{"0":"post-47539","1":"product","2":"type-product","3":"status-publish","4":"has-post-thumbnail","6":"product_brand-luxolar","7":"product_cat-lampen","8":"product_cat-hangelampen","9":"pa_kod-producenta-830-az2-de","10":"pa_kolekcja-830-de","11":"pa_kolor-farblos","12":"pa_kolor-gelb","13":"pa_kolor-schwarz","14":"pa_kolor-weis","15":"pa_liczba-punktow-swiatla-2-de","16":"pa_marka-luxolar","17":"pa_material-dominujacy-glas","18":"pa_max-moc-pojed-zrodla-swiatla-60-de","19":"pa_pomieszczenie-buro","20":"pa_pomieszczenie-esszimmer","21":"pa_pomieszczenie-flur-treppe","22":"pa_pomieszczenie-kinderzimmer","23":"pa_pomieszczenie-kuche","24":"pa_pomieszczenie-salon-de","25":"pa_pomieszczenie-schlafzimmer","26":"pa_pomieszczenie-universell","27":"pa_rodzaj-gwintu-e27-de","28":"pa_rodzaj-lampy-deckenleuchten-hangeleuchten","29":"pa_zasilanie-netzwerk","30":"pa_zawiera-baterie-nein","31":"pa_zrodlo-swiatla-ohne-lichtquelle","33":"first","34":"instock","35":"purchasable","36":"product-type-simple"},"acf":[],"aioseo_notices":[],"_links":{"self":[{"href":"https:\/\/portallamp.invette.dev\/de\/wp-json\/wp\/v2\/product\/47539","targetHints":{"allow":["GET"]}}],"collection":[{"href":"https:\/\/portallamp.invette.dev\/de\/wp-json\/wp\/v2\/product"}],"about":[{"href":"https:\/\/portallamp.invette.dev\/de\/wp-json\/wp\/v2\/types\/product"}],"replies":[{"embeddable":true,"href":"https:\/\/portallamp.invette.dev\/de\/wp-json\/wp\/v2\/comments?post=47539"}],"wp:featuredmedia":[{"embeddable":true,"href":"https:\/\/portallamp.invette.dev\/de\/wp-json\/wp\/v2\/media\/42409"}],"wp:attachment":[{"href":"https:\/\/portallamp.invette.dev\/de\/wp-json\/wp\/v2\/media?parent=47539"}],"wp:term":[{"taxonomy":"product_brand","embeddable":true,"href":"https:\/\/portallamp.invette.dev\/de\/wp-json\/wp\/v2\/product_brand?post=47539"},{"taxonomy":"product_cat","embeddable":true,"href":"https:\/\/portallamp.invette.dev\/de\/wp-json\/wp\/v2\/product_cat?post=47539"},{"taxonomy":"product_tag","embeddable":true,"href":"https:\/\/portallamp.invette.dev\/de\/wp-json\/wp\/v2\/product_tag?post=47539"}],"curies":[{"name":"wp","href":"https:\/\/api.w.org\/{rel}","templated":true}]}}