{"id":47674,"date":"2025-07-03T18:19:27","date_gmt":"2025-07-03T16:19:27","guid":{"rendered":"https:\/\/portallamp.invette.dev\/produkt\/klosz-kula-do-lamp-zyrandola-kinkietu-e27-w041s\/"},"modified":"2025-07-03T18:19:27","modified_gmt":"2025-07-03T16:19:27","slug":"klosz-kula-do-lamp-zyrandola-kinkietu-e27-w041s","status":"publish","type":"product","link":"https:\/\/portallamp.invette.dev\/de\/produkt\/klosz-kula-do-lamp-zyrandola-kinkietu-e27-w041s\/","title":{"rendered":"Klosz Kula do lamp \u017cyrandola kinkietu E27 W041S"},"content":{"rendered":"<h1>Przedmiot sprzeda\u017cy: <\/h1>\n<h2>Nowy, szklany klosz stosowany w lampach, kinkietach, \u017cyrandolach z gwintem typu E27.<\/h2>\n<p>Stosowany w serii lamp nr 830 oraz 831 firmy LUXOLAR<\/p>\n<p>Nr kat: W041S<\/p>\n<p><img decoding=\"async\" src=\"https:\/\/a.allegroimg.com\/original\/114daf\/6eb833f04e989da11d99e2318459\" alt=\"Zdj\u0119cie produktu\" style=\"max-width:100%; height:auto; margin:10px 0;\"><\/p>\n<h1>Dane techniczne:<\/h1>\n<ul>\n<li><b>materia\u0142:&nbsp;<\/b>szk\u0142o o grubo\u015bci 1.5 mm<\/li>\n<li><b>odcie\u0144:<\/b> Szary &#8211; Aluminium<\/li>\n<li><b>stopie\u0144 przepuszczalno\u015bci \u015bwiat\u0142a:<\/b> 65 %<\/li>\n<li><b>obs\u0142ugiwane \u017car\u00f3wki:&nbsp;<\/b>z gwintem E27&nbsp; &#8211; oprawka z pier\u015bcieniem dociskowym<\/li>\n<li><b>\u015brednica otworu pod oprawk\u0119:<\/b> 42 mm<\/li>\n<li><b>wymiary:<\/b> wysoko\u015b\u0107 130 mm &#8211;&nbsp; \u015brednica: 150 mm<\/li>\n<li><b>waga:<\/b> 120g<\/li>\n<\/ul>\n<p><img decoding=\"async\" src=\"https:\/\/a.allegroimg.com\/original\/118bb1\/cd7f2a4a437a83f98d31b9167d93\" alt=\"Zdj\u0119cie produktu\" style=\"max-width:100%; height:auto; margin:10px 0;\"><br \/>\n<img decoding=\"async\" src=\"https:\/\/a.allegroimg.com\/original\/119e99\/2fbb498649f9b404ff98cd39ed8d\" alt=\"Zdj\u0119cie produktu\" style=\"max-width:100%; height:auto; margin:10px 0;\"><\/p>\n<h1>Przyk\u0142ady zastosowania:<\/h1>\n<p>(lampy pokazane na zdj\u0119ciach nie s\u0105 przedmiotem sprzeda\u017cy &#8211; s\u0142u\u017c\u0105 wy\u0142\u0105cznie do wizualizacji zastosowania)<\/p>\n<ul>\n<li>W lampach wisz\u0105cych<\/li>\n<li>W plafonach, \u017cyrandolach<\/li>\n<li>Kinkietach<\/li>\n<li>Lampkach nocnych<\/li>\n<\/ul>\n<p><img decoding=\"async\" src=\"https:\/\/a.allegroimg.com\/original\/11d58c\/02cd52704730a9cf166314272383\" alt=\"Zdj\u0119cie produktu\" style=\"max-width:100%; height:auto; margin:10px 0;\"><br \/>\n<img decoding=\"async\" src=\"https:\/\/a.allegroimg.com\/original\/11bbaa\/a789f700430e9d3e0756609612c0\" alt=\"Zdj\u0119cie produktu\" style=\"max-width:100%; height:auto; margin:10px 0;\"><br \/>\n<img decoding=\"async\" src=\"https:\/\/a.allegroimg.com\/original\/1115ba\/0d39d6b14adc836289ffda1167a8\" alt=\"Zdj\u0119cie produktu\" style=\"max-width:100%; height:auto; margin:10px 0;\"><br \/>\n<img decoding=\"async\" src=\"https:\/\/a.allegroimg.com\/original\/113df7\/41c8b155407f8da0c99139327ef1\" alt=\"Zdj\u0119cie produktu\" style=\"max-width:100%; height:auto; margin:10px 0;\"><\/p>\n","protected":false},"excerpt":{"rendered":"<p>Przedmiot sprzeda\u017cy: Nowy, szklany klosz stosowany w lampach, kinkietach, \u017cyrandolach z gwintem typu E27. Stosowany w serii lamp nr 830 oraz 831 firmy LUXOLAR Nr kat: W041S Dane techniczne: materia\u0142:&nbsp;szk\u0142o o grubo\u015bci 1.5 mm odcie\u0144: Szary &#8211; Aluminium stopie\u0144 przepuszczalno\u015bci \u015bwiat\u0142a: 65 % obs\u0142ugiwane \u017car\u00f3wki:&nbsp;z gwintem E27&nbsp; &#8211; oprawka z pier\u015bcieniem dociskowym \u015brednica otworu pod [&hellip;]<\/p>\n","protected":false},"featured_media":41959,"comment_status":"closed","ping_status":"open","template":"","meta":{"_acf_changed":false},"product_brand":[475],"product_cat":[3121],"product_tag":[],"class_list":{"0":"post-47674","1":"product","2":"type-product","3":"status-publish","4":"has-post-thumbnail","6":"product_brand-inna","7":"product_cat-lampenschirme-und-lampenabdeckungen","8":"pa_gwint-e27-de","9":"pa_kod-producenta-w041s-de","10":"pa_kolor-grau","11":"pa_kolor-silber","12":"pa_marka-inna","13":"pa_material-wykonania-glas","14":"pa_mocowanie-fur-alle-befestigungen","15":"pa_rodzaj-lampenglocke","17":"first","18":"instock","19":"purchasable","20":"product-type-simple"},"acf":[],"aioseo_notices":[],"_links":{"self":[{"href":"https:\/\/portallamp.invette.dev\/de\/wp-json\/wp\/v2\/product\/47674","targetHints":{"allow":["GET"]}}],"collection":[{"href":"https:\/\/portallamp.invette.dev\/de\/wp-json\/wp\/v2\/product"}],"about":[{"href":"https:\/\/portallamp.invette.dev\/de\/wp-json\/wp\/v2\/types\/product"}],"replies":[{"embeddable":true,"href":"https:\/\/portallamp.invette.dev\/de\/wp-json\/wp\/v2\/comments?post=47674"}],"wp:featuredmedia":[{"embeddable":true,"href":"https:\/\/portallamp.invette.dev\/de\/wp-json\/wp\/v2\/media\/41959"}],"wp:attachment":[{"href":"https:\/\/portallamp.invette.dev\/de\/wp-json\/wp\/v2\/media?parent=47674"}],"wp:term":[{"taxonomy":"product_brand","embeddable":true,"href":"https:\/\/portallamp.invette.dev\/de\/wp-json\/wp\/v2\/product_brand?post=47674"},{"taxonomy":"product_cat","embeddable":true,"href":"https:\/\/portallamp.invette.dev\/de\/wp-json\/wp\/v2\/product_cat?post=47674"},{"taxonomy":"product_tag","embeddable":true,"href":"https:\/\/portallamp.invette.dev\/de\/wp-json\/wp\/v2\/product_tag?post=47674"}],"curies":[{"name":"wp","href":"https:\/\/api.w.org\/{rel}","templated":true}]}}