{"id":47809,"date":"2025-07-03T18:14:56","date_gmt":"2025-07-03T16:14:56","guid":{"rendered":"https:\/\/portallamp.invette.dev\/produkt\/kinkiet-scienny-nowoczesny-petla-loft-edison-led\/"},"modified":"2025-07-03T18:14:56","modified_gmt":"2025-07-03T16:14:56","slug":"kinkiet-scienny-nowoczesny-petla-loft-edison-led","status":"publish","type":"product","link":"https:\/\/portallamp.invette.dev\/de\/produkt\/kinkiet-scienny-nowoczesny-petla-loft-edison-led\/","title":{"rendered":"KINKIET \u015aCIENNY NOWOCZESNY P\u0118TLA LOFT EDISON LED"},"content":{"rendered":"<p><img decoding=\"async\" src=\"https:\/\/a.allegroimg.com\/original\/033f26\/dac2e76b40f29ec95eee58e18139\" alt=\"Zdj\u0119cie produktu\" style=\"max-width:100%; height:auto; margin:10px 0;\"><\/p>\n<h1>Przedmiotem sprzeda\u017cy jest:<\/h1>\n<h2>Wysokiej jako\u015bci lampa \u015bcienna kinkiet &nbsp;w stylu minimalistycznym, skandynawskim.<\/h2>\n<p>nr kat: 811-K1 LUXOLAR &#8211; wersja bez wbudowanego w\u0142\u0105cznika<\/p>\n<\/p>\n<p><b>Wersja w pe\u0142ni z\u0142o\u017cona &#8211; nie jest to zestaw do samodzielnego monta\u017cu<\/b><\/p>\n<\/p>\n<p><img decoding=\"async\" src=\"https:\/\/a.allegroimg.com\/original\/033503\/313634164568bfbcf74a2caff269\" alt=\"Zdj\u0119cie produktu\" style=\"max-width:100%; height:auto; margin:10px 0;\"><\/p>\n<p><b>Dost\u0119pna w trzech kolorach:<\/b><\/p>\n<p><b>&#8211; Czarnym<\/b><\/p>\n<p><b>&#8211; Szarym<\/b><\/p>\n<p><b>&#8211; Bia\u0142ym<\/b><\/p>\n<\/p>\n<p><img decoding=\"async\" src=\"https:\/\/a.allegroimg.com\/original\/03e9c9\/59979a5a44f49559574f473557b4\" alt=\"Zdj\u0119cie produktu\" style=\"max-width:100%; height:auto; margin:10px 0;\"><br \/>\n<img decoding=\"async\" src=\"https:\/\/a.allegroimg.com\/original\/034024\/74c35a4e4f72a5c8ea8e015bc048\" alt=\"Zdj\u0119cie produktu\" style=\"max-width:100%; height:auto; margin:10px 0;\"><\/p>\n<p><b><\/b><\/p>\n<p><b>G\u0141\u00d3WNE CECHY KINKIETU:<\/b><\/p>\n<p><b><\/b><\/p>\n<ul>\n<li>Kolor: Czarny matowy, Szary lub Bia\u0142y<\/li>\n<\/ul>\n<ul>\n<li>Przeznaczony jako o\u015bwietlenie uzupe\u0142niaj\u0105ce, dekoracyjne do pomieszcze\u0144 wewn\u0105trz domu z wy\u0142\u0105czeniem \u0142azienki lub miejsc o zwi\u0119kszonej wilgotno\u015bci.<\/li>\n<\/ul>\n<ul>\n<li>Wersja bez wbudowanego w\u0142\u0105cznika &#8211; sterowanie z istniej\u0105cej instalacji elektrycznej<\/li>\n<\/ul>\n<ul>\n<li>Nowoczesny Styl &#8211; &nbsp;\u0142atwo wkomponuje si\u0119 w uk\u0142ad mieszkania<\/li>\n<\/ul>\n<ul>\n<li>Solidna metalowa konstrukcja malowana proszkowo<\/li>\n<\/ul>\n<ul>\n<li>Lampa obs\u0142uguje wszystkie \u017car\u00f3wki z gwintem typu E27 do max 60 wat\u00f3w.<\/li>\n<\/ul>\n<ul>\n<li>Lampa z polskiej dystrybucji, wyprodukowana w Polsce &#8211; gwarantowany szybki dost\u0119p do serwisu i cz\u0119\u015bci zapasowych<\/li>\n<\/ul>\n<ul>\n<li>Wersja w pe\u0142ni z\u0142o\u017cona &#8211; nie jest to zestaw do samodzielnego monta\u017cu<\/li>\n<\/ul>\n<ul>\n<li>Kinkiet jest cz\u0119\u015bci\u0105 wi\u0119kszej serii lamp &#8211; bez problemu dokupisz \u017cyrandol czy lampk\u0119 nocn\u0105<\/li>\n<\/ul>\n<h1>Dane techniczne:<\/h1>\n<\/p>\n<ul>\n<li><b>Materia\u0142 konstrukcji:<\/b> metal malowany proszkowo<\/li>\n<li><b>Wymiary:<\/b> Wysoko\u015b\u0107 ca\u0142kowita 25 cm <b>,<\/b> puszka: 8 cm, g\u0142\u0119boko\u015b\u0107 od \u015bciany: 22 cm<\/li>\n<li><b>Zasilanie:<\/b>&nbsp;~230 [V] \/ bezpo\u015brednie z sieci &#8211; wersja bez wbudowanego w\u0142\u0105cznika<\/li>\n<li><b>\u0179r\u00f3d\u0142o \u015bwiat\u0142a:<\/b>&nbsp;E-27 &#8211; zalecane LED lub \u015bwietl\u00f3wki kompaktowe<\/li>\n<li><b>Spos\u00f3b monta\u017cu:<\/b>&nbsp;dwa ko\u0142ki rozporowe<\/li>\n<li><b>IP 20, Klasa I<\/b><\/li>\n<li><b>Zestaw nie zawiera \u017car\u00f3wki oraz ko\u0142k\u00f3w rozporowych do monta\u017cu<\/b><\/li>\n<li><b>Producent:&nbsp;<\/b>LUXOLAR Polska<\/li>\n<\/ul>\n<p><img decoding=\"async\" src=\"https:\/\/a.allegroimg.com\/original\/036750\/dbd652c54aecb7dfa99722611cdf\" alt=\"Zdj\u0119cie produktu\" style=\"max-width:100%; height:auto; margin:10px 0;\"><\/p>\n<h1>Lampa jest fabrycznie z\u0142o\u017cona i przetestowana odpowiednim miernikiem.<\/h1>\n<\/p>\n<p><img decoding=\"async\" src=\"https:\/\/a.allegroimg.com\/original\/03b872\/2d9a60b2454eb1e5bbd7441db951\" alt=\"Zdj\u0119cie produktu\" style=\"max-width:100%; height:auto; margin:10px 0;\"><\/p>\n<h2>ETAPY REALIZACJI ZAM\u00d3WIENIA:<\/h2>\n<ol>\n<li><b>Wybierz kolor konstrukcji: <\/b>Czarny, Szary, Bia\u0142y.<\/li>\n<li><b>Wpisz wybrany kolor <\/b>&#8211; w formularzu zam\u00f3wienia.<\/li>\n<\/ol>\n<p><b>Poprawne przes\u0142anie powy\u017cszych informacji znacznie przyspieszy realizacj\u0119 zam\u00f3wienia.<\/b><\/p>\n<p><img decoding=\"async\" src=\"https:\/\/a.allegroimg.com\/original\/03e9c9\/59979a5a44f49559574f473557b4\" alt=\"Zdj\u0119cie produktu\" style=\"max-width:100%; height:auto; margin:10px 0;\"><br \/>\n<img decoding=\"async\" src=\"https:\/\/a.allegroimg.com\/original\/034024\/74c35a4e4f72a5c8ea8e015bc048\" alt=\"Zdj\u0119cie produktu\" style=\"max-width:100%; height:auto; margin:10px 0;\"><br \/>\n<img decoding=\"async\" src=\"https:\/\/a.allegroimg.com\/original\/033f26\/dac2e76b40f29ec95eee58e18139\" alt=\"Zdj\u0119cie produktu\" style=\"max-width:100%; height:auto; margin:10px 0;\"><\/p>\n","protected":false},"excerpt":{"rendered":"<p>Przedmiotem sprzeda\u017cy jest: Wysokiej jako\u015bci lampa \u015bcienna kinkiet &nbsp;w stylu minimalistycznym, skandynawskim. nr kat: 811-K1 LUXOLAR &#8211; wersja bez wbudowanego w\u0142\u0105cznika Wersja w pe\u0142ni z\u0142o\u017cona &#8211; nie jest to zestaw do samodzielnego monta\u017cu Dost\u0119pna w trzech kolorach: &#8211; Czarnym &#8211; Szarym &#8211; Bia\u0142ym G\u0141\u00d3WNE CECHY KINKIETU: Kolor: Czarny matowy, Szary lub Bia\u0142y Przeznaczony jako o\u015bwietlenie [&hellip;]<\/p>\n","protected":false},"featured_media":39526,"comment_status":"closed","ping_status":"open","template":"","meta":{"_acf_changed":false},"product_brand":[162],"product_cat":[2593,2828],"product_tag":[],"class_list":{"0":"post-47809","1":"product","2":"type-product","3":"status-publish","4":"has-post-thumbnail","6":"product_brand-luxolar","7":"product_cat-lampen","8":"product_cat-wandleuchten-de","9":"pa_kod-producenta-kinkiet-811-k1-de","10":"pa_kolekcja-811-de","11":"pa_kolor-schwarz","12":"pa_kolor-weis","13":"pa_liczba-punktow-swiatla-1-de","14":"pa_marka-luxolar","15":"pa_material-dominujacy-metall","16":"pa_max-moc-pojed-zrodla-swiatla-60-de","17":"pa_rodzaj-gwintu-e27-de","18":"pa_zawiera-baterie-nein","19":"pa_zrodlo-swiatla-ohne-lichtquelle","21":"first","22":"instock","23":"purchasable","24":"product-type-simple"},"acf":[],"aioseo_notices":[],"_links":{"self":[{"href":"https:\/\/portallamp.invette.dev\/de\/wp-json\/wp\/v2\/product\/47809","targetHints":{"allow":["GET"]}}],"collection":[{"href":"https:\/\/portallamp.invette.dev\/de\/wp-json\/wp\/v2\/product"}],"about":[{"href":"https:\/\/portallamp.invette.dev\/de\/wp-json\/wp\/v2\/types\/product"}],"replies":[{"embeddable":true,"href":"https:\/\/portallamp.invette.dev\/de\/wp-json\/wp\/v2\/comments?post=47809"}],"wp:featuredmedia":[{"embeddable":true,"href":"https:\/\/portallamp.invette.dev\/de\/wp-json\/wp\/v2\/media\/39526"}],"wp:attachment":[{"href":"https:\/\/portallamp.invette.dev\/de\/wp-json\/wp\/v2\/media?parent=47809"}],"wp:term":[{"taxonomy":"product_brand","embeddable":true,"href":"https:\/\/portallamp.invette.dev\/de\/wp-json\/wp\/v2\/product_brand?post=47809"},{"taxonomy":"product_cat","embeddable":true,"href":"https:\/\/portallamp.invette.dev\/de\/wp-json\/wp\/v2\/product_cat?post=47809"},{"taxonomy":"product_tag","embeddable":true,"href":"https:\/\/portallamp.invette.dev\/de\/wp-json\/wp\/v2\/product_tag?post=47809"}],"curies":[{"name":"wp","href":"https:\/\/api.w.org\/{rel}","templated":true}]}}