{"id":47905,"date":"2025-07-03T18:12:48","date_gmt":"2025-07-03T16:12:48","guid":{"rendered":"https:\/\/portallamp.invette.dev\/produkt\/zyrandol-lampa-nowoczesna-diament-loft-czarny-3pl\/"},"modified":"2025-07-03T18:12:48","modified_gmt":"2025-07-03T16:12:48","slug":"zyrandol-lampa-nowoczesna-diament-loft-czarny-3pl","status":"publish","type":"product","link":"https:\/\/portallamp.invette.dev\/de\/produkt\/zyrandol-lampa-nowoczesna-diament-loft-czarny-3pl\/","title":{"rendered":"\u017bYRANDOL LAMPA NOWOCZESNA DIAMENT LOFT CZARNY 3P\u0141"},"content":{"rendered":"<h1>Przedmiotem sprzeda\u017cy jest:<\/h1>\n<h2>Nowa Lampa Plafon z serii Diament nr kat: 263-3 LED bezpo\u015brednio od producenta LUXOLAR<\/h2>\n<h2>Na tej aukcji kupujesz bezpo\u015brednio od producenta.<\/h2>\n<p><img decoding=\"async\" src=\"https:\/\/5.allegroimg.com\/original\/03b1c9\/b8b432e943679b39d281f9508f55\" alt=\"Zdj\u0119cie produktu\" style=\"max-width:100%; height:auto; margin:10px 0;\"><\/p>\n<p><b>Nowa Lampa Sufitowa \u017cyrandol Diament 263-3 w stylu minimalistycznym z aba\u017curami na kszta\u0142t &nbsp;trzech&nbsp; diament\u00f3w.<\/b><\/p>\n<ul>\n<li>Oferowana w r\u00f3\u017cnych kolorach, dotyczy zar\u00f3wno konstrukcji lampy jak i aba\u017cur\u00f3w.<\/li>\n<\/ul>\n<ul>\n<li><b>3<\/b> kolory stela\u017ca oraz<b> 9<\/b> kolor\u00f3w aba\u017cur\u00f3w do wyboru<\/li>\n<\/ul>\n<ul>\n<li>Lampa Diament obs\u0142uguje wszystkie \u017car\u00f3wki z gwintem typu E27 do max 60 wat\u00f3w &#8211; zalecane LED<\/li>\n<\/ul>\n<ul>\n<li>Model 263-3 wyposa\u017cony jest w&nbsp;&nbsp;dwa niezale\u017cne obwody elektryczne, dzi\u0119ki kt\u00f3rym w zale\u017cno\u015bci od potrzeb, mo\u017cemy sterowa\u0107 ilo\u015bci\u0105 w\u0142\u0105czonych \u017car\u00f3wek.<\/li>\n<\/ul>\n<h1>Najwa\u017cniejsze cechy produktu:<\/h1>\n<ul>\n<li>Nowoczesny styl plafonu &#8211; &nbsp;\u0142atwo wkomponuje si\u0119 w uk\u0142ad mieszkania<\/li>\n<li>Solida i sprawdzona konstrukcja<\/li>\n<li>\u0141atwy monta\u017c &#8211; potrzebne dwa otwory w suficie.<\/li>\n<li>Trwa\u0142e aba\u017cury odporne na zabrudzenia sprawiaj\u0105, \u017ce lampa b\u0119dzie jak nowa nawet po kliku latach<\/li>\n<li>Dwa niezale\u017cne obwody elektryczne &#8211; w\u0142\u0105czanie \u017car\u00f3wek 2+1,<\/li>\n<li>Gwint<b> E27<\/b> umo\u017cliwia szeroki wyb\u00f3r \u017car\u00f3wek, zalecane LED<\/li>\n<li>Lampa obj\u0119ta&nbsp;<b>pe\u0142nym ubezpieczeniem<\/b> na czas transportu.<\/li>\n<li><b>Produkt bezpo\u015brednio od polskiego producenta LUXOLAR<\/b><\/li>\n<\/ul>\n<h1>Dane techniczne:<\/h1>\n<ul>\n<li><b>materia\u0142 konstrukcji:<\/b>&nbsp;metal malowany proszkowo<\/li>\n<li><b>materia\u0142 aba\u017cur\u00f3w:&nbsp;<\/b>Tkanina w wybranym kolorze na zewn\u0105trz, bia\u0142e pcv od wewn\u0105trz<\/li>\n<li><b>wymiary:<\/b>&nbsp;wysoko\u015b\u0107 ca\u0142kowita lampy 42 cm &#8211; \u015brednica podsufitki: 13 cm<\/li>\n<li><b>zasilanie:<\/b>&nbsp;~230 [V] \/ nie wymaga transformatora, dwa niezale\u017cne obwody elektryczne<\/li>\n<li><b>\u017ar\u00f3d\u0142o \u015bwiat\u0142a:<\/b>&nbsp;E-27<\/li>\n<li><b>IP 20, Klasa I<\/b><\/li>\n<li><b>zestaw nie zawiera \u017car\u00f3wek oraz ko\u0142k\u00f3w rozporowych do monta\u017cu<\/b><\/li>\n<\/ul>\n<p><img decoding=\"async\" src=\"https:\/\/d.allegroimg.com\/original\/031a99\/7ba495a942ab8b01ce2df9966e8d\" alt=\"Zdj\u0119cie produktu\" style=\"max-width:100%; height:auto; margin:10px 0;\"><br \/>\n<img decoding=\"async\" src=\"https:\/\/8.allegroimg.com\/original\/03b1c3\/69a0f59b4b2187811d24973bf338\" alt=\"Zdj\u0119cie produktu\" style=\"max-width:100%; height:auto; margin:10px 0;\"><br \/>\n<img decoding=\"async\" src=\"https:\/\/9.allegroimg.com\/original\/035f2e\/78ae3e1e400bbd1f4d41ad3135a9\" alt=\"Zdj\u0119cie produktu\" style=\"max-width:100%; height:auto; margin:10px 0;\"><\/p>\n<ul>\n<li>Wn\u0119trze aba\u017cura w kolorze bia\u0142ym<\/li>\n<\/ul>\n<ul>\n<li>Wybrany kolor na zewn\u0105trz<\/li>\n<\/ul>\n<ul>\n<li>\u015arednica otworu monta\u017cowego: 42 cm<\/li>\n<\/ul>\n<h1>Dost\u0119pne kolory aba\u017cur\u00f3w i konstrukcji:<\/h1>\n<p><img decoding=\"async\" src=\"https:\/\/e.allegroimg.com\/original\/0313e4\/fa7a42084f58b2c1c8bfab44f9ae\" alt=\"Zdj\u0119cie produktu\" style=\"max-width:100%; height:auto; margin:10px 0;\"><\/p>\n<h1>WYB\u00d3R KOLORU KONSTRUKCJI:<\/h1>\n<p><img decoding=\"async\" src=\"https:\/\/f.allegroimg.com\/original\/03e5a7\/9c5588ce4774a2fba893acee9c0f\" alt=\"Zdj\u0119cie produktu\" style=\"max-width:100%; height:auto; margin:10px 0;\"><\/p>\n<h2>ETAPY REALIZACJI ZAM\u00d3WIENIA:<\/h2>\n<ol>\n<li><b>Wybierz kolor&nbsp;konstrukcji: <\/b>Czarny, Szary lub Bia\u0142y<\/li>\n<li><b>Wybierz kolor&nbsp;aba\u017cura<\/b>: Bia\u0142y, Czarny, Szary, Czerwony, Niebieski, Granatowy, Jasny zielony, Jasny pomara\u0144cz lub Pudrowy R\u00f3\u017c.<\/li>\n<\/ol>\n<p><b>Poprawne przes\u0142anie powy\u017cszych informacji znacznie przyspieszy realizacj\u0119 zam\u00f3wienia.<\/b><\/p>\n<h1>Mo\u017cliwo\u015b\u0107 tworzenia MIKS\u00d3W &#8211; wybierania R\u00d3\u017bNYCH KOLOR\u00d3W.<\/h1>\n<h1>Przyk\u0142ady aran\u017cacji:<\/h1>\n<p><img decoding=\"async\" src=\"https:\/\/9.allegroimg.com\/original\/03a271\/9e466e77492da84857f3d62baf19\" alt=\"Zdj\u0119cie produktu\" style=\"max-width:100%; height:auto; margin:10px 0;\"><br \/>\n<img decoding=\"async\" src=\"https:\/\/2.allegroimg.com\/original\/0376e2\/72e43c5b4101b9ce3eb49cd69c52\" alt=\"Zdj\u0119cie produktu\" style=\"max-width:100%; height:auto; margin:10px 0;\"><\/p>\n","protected":false},"excerpt":{"rendered":"<p>Przedmiotem sprzeda\u017cy jest: Nowa Lampa Plafon z serii Diament nr kat: 263-3 LED bezpo\u015brednio od producenta LUXOLAR Na tej aukcji kupujesz bezpo\u015brednio od producenta. Nowa Lampa Sufitowa \u017cyrandol Diament 263-3 w stylu minimalistycznym z aba\u017curami na kszta\u0142t &nbsp;trzech&nbsp; diament\u00f3w. Oferowana w r\u00f3\u017cnych kolorach, dotyczy zar\u00f3wno konstrukcji lampy jak i aba\u017cur\u00f3w. 3 kolory stela\u017ca oraz 9 [&hellip;]<\/p>\n","protected":false},"featured_media":38878,"comment_status":"closed","ping_status":"open","template":"","meta":{"_acf_changed":false},"product_brand":[162],"product_cat":[2593,3502],"product_tag":[],"class_list":{"0":"post-47905","1":"product","2":"type-product","3":"status-publish","4":"has-post-thumbnail","6":"product_brand-luxolar","7":"product_cat-lampen","8":"product_cat-halbdecken-und-decken","9":"pa_kod-producenta-263-3-de","10":"pa_kolor-blau","11":"pa_kolor-grau","12":"pa_kolor-grun","13":"pa_kolor-orange-de","14":"pa_kolor-rosa","15":"pa_kolor-rot","16":"pa_kolor-schwarz","17":"pa_kolor-weis","18":"pa_liczba-punktow-swiatla-3-de","19":"pa_marka-luxolar","20":"pa_material-dominujacy-metall","21":"pa_max-moc-pojed-zrodla-swiatla-60-de","22":"pa_rodzaj-deckenleuchte","23":"pa_rodzaj-gwintu-e27-de","24":"pa_zasilanie-netzwerk","25":"pa_zawiera-baterie-nein","26":"pa_zrodlo-swiatla-ohne-lichtquelle","28":"first","29":"instock","30":"purchasable","31":"product-type-simple"},"acf":[],"aioseo_notices":[],"_links":{"self":[{"href":"https:\/\/portallamp.invette.dev\/de\/wp-json\/wp\/v2\/product\/47905","targetHints":{"allow":["GET"]}}],"collection":[{"href":"https:\/\/portallamp.invette.dev\/de\/wp-json\/wp\/v2\/product"}],"about":[{"href":"https:\/\/portallamp.invette.dev\/de\/wp-json\/wp\/v2\/types\/product"}],"replies":[{"embeddable":true,"href":"https:\/\/portallamp.invette.dev\/de\/wp-json\/wp\/v2\/comments?post=47905"}],"wp:featuredmedia":[{"embeddable":true,"href":"https:\/\/portallamp.invette.dev\/de\/wp-json\/wp\/v2\/media\/38878"}],"wp:attachment":[{"href":"https:\/\/portallamp.invette.dev\/de\/wp-json\/wp\/v2\/media?parent=47905"}],"wp:term":[{"taxonomy":"product_brand","embeddable":true,"href":"https:\/\/portallamp.invette.dev\/de\/wp-json\/wp\/v2\/product_brand?post=47905"},{"taxonomy":"product_cat","embeddable":true,"href":"https:\/\/portallamp.invette.dev\/de\/wp-json\/wp\/v2\/product_cat?post=47905"},{"taxonomy":"product_tag","embeddable":true,"href":"https:\/\/portallamp.invette.dev\/de\/wp-json\/wp\/v2\/product_tag?post=47905"}],"curies":[{"name":"wp","href":"https:\/\/api.w.org\/{rel}","templated":true}]}}