{"id":47920,"date":"2025-07-03T18:12:48","date_gmt":"2025-07-03T16:12:48","guid":{"rendered":"https:\/\/portallamp.invette.dev\/produkt\/lampa-sufitowa-zyrandol-plafon-metalowa-loft-led-3xe27-czarna-382-e3-spot\/"},"modified":"2025-07-03T18:12:48","modified_gmt":"2025-07-03T16:12:48","slug":"lampa-sufitowa-zyrandol-plafon-metalowa-loft-led-3xe27-czarna-382-e3-spot","status":"publish","type":"product","link":"https:\/\/portallamp.invette.dev\/de\/produkt\/lampa-sufitowa-zyrandol-plafon-metalowa-loft-led-3xe27-czarna-382-e3-spot\/","title":{"rendered":"Lampa sufitowa \u017cyrandol Plafon Metalowa LOFT LED 3xE27 czarna 382-E3 SPOT"},"content":{"rendered":"<h1>Nowoczesna lampa sufitowa &#8211; \u017cyrandol &#8211;\u00a0 plafon &#8211; w kolorze czarnym matowym.<\/h1>\n<p><b>Wersja w pe\u0142ni z\u0142o\u017cona &#8211; nie jest to zestaw do samodzielnego monta\u017cu<\/b><\/p>\n<p><img decoding=\"async\" style=\"max-width: 100%; height: auto; margin: 10px 0;\" src=\"https:\/\/a.allegroimg.com\/original\/034c6a\/ebcfd4904793a2e40360ecc7b171\" alt=\"Zdj\u0119cie produktu\" \/><br \/>\n<img decoding=\"async\" style=\"max-width: 100%; height: auto; margin: 10px 0;\" src=\"https:\/\/a.allegroimg.com\/original\/032b05\/d4916ff4427f902d0dc0c26fc48f\" alt=\"Zdj\u0119cie produktu\" \/><\/p>\n<p>&nbsp;<\/p>\n<p><b>G\u0141\u00d3WNE CECHY LAMPY:<\/b><\/p>\n<ul>\n<li><b>Kolor konstrukcji:<\/b> Czarny matowy (drobna struktura)<\/li>\n<\/ul>\n<ul>\n<li><b>Materia\u0142 konstrukcji i kloszy<\/b>: Metal<\/li>\n<\/ul>\n<ul>\n<li>Nowoczesny Styl &#8211; \u00a0\u0142atwo wkomponuje si\u0119 w uk\u0142ad mieszkania<\/li>\n<\/ul>\n<ul>\n<li>Solidna metalowa konstrukcja malowana proszkowo<\/li>\n<\/ul>\n<ul>\n<li>Przeznaczona jako o\u015bwietlenie g\u0142\u00f3wne w pomieszczeniach o powierzchni: <b>6-12 m2<\/b><\/li>\n<\/ul>\n<ul>\n<li>Lampa obs\u0142uguje wszystkie \u017car\u00f3wki z gwintem typu <b>E27 do max 60 wat\u00f3w.<\/b><\/li>\n<\/ul>\n<ul>\n<li>Dodatkowym atutem s\u0105 dwa niezale\u017cne obwody elektryczne, dzi\u0119ki kt\u00f3rym w zale\u017cno\u015bci od potrzeb, mo\u017cemy sterowa\u0107 ilo\u015bci\u0105 w\u0142\u0105czonych \u017car\u00f3wek.<\/li>\n<\/ul>\n<ul>\n<li>Lampa z polskiej dystrybucji, wyprodukowana w Polsce &#8211; gwarantowany szybki dost\u0119p do serwisu i cz\u0119\u015bci zapasowych<\/li>\n<\/ul>\n<ul>\n<li>Cena &#8211; za podobn\u0105 lamp\u0119 w popularnych marketach budowlanych zap\u0142acisz od 120 do 180 z\u0142<\/li>\n<\/ul>\n<ul>\n<li>Lampa pochodzi z szerokiej gamy lamp serii 382 &#8211; bez problemu dokupisz do kompletu kinkiet czy lampk\u0119 nocn\u0105<\/li>\n<\/ul>\n<ul>\n<li><b>Wersja w pe\u0142ni z\u0142o\u017cona &#8211; nie jest to zestaw do samodzielnego monta\u017cu<\/b><\/li>\n<\/ul>\n<p><img decoding=\"async\" style=\"max-width: 100%; height: auto; margin: 10px 0;\" src=\"https:\/\/a.allegroimg.com\/original\/03044c\/32b556c841ed8eb3b485d8093a1d\" alt=\"Zdj\u0119cie produktu\" \/><\/p>\n<h2>Dane techniczne:<\/h2>\n<ul>\n<li><b>Materia\u0142 konstrukcji i kloszy:<\/b>\u00a0metal malowany proszkowo<\/li>\n<li><b>Wymiary:<\/b> Wysoko\u015b\u0107 ca\u0142kowita max 23 cm <b>,<\/b> Rozpi\u0119to\u015b\u0107:\u00a0 30 cm,<\/li>\n<li><b>Zasilanie:<\/b>\u00a0~230 [V] \/ bezpo\u015brednie z sieci, dwa niezale\u017cne obwody elektryczne, w\u0142\u0105czanie 2+1 lub wszystkie jednocze\u015bnie<\/li>\n<li><b>\u0179r\u00f3d\u0142o \u015bwiat\u0142a:<\/b> E27 &#8211; wy\u0142\u0105cznie LED<\/li>\n<li><b>Spos\u00f3b monta\u017cu:<\/b> Dwa ko\u0142ki rozporowe<\/li>\n<li><b>IP 20, Klasa I<\/b><\/li>\n<li><b>Zestaw nie zawiera \u017car\u00f3wek oraz ko\u0142k\u00f3w rozporowych do monta\u017cu<\/b><\/li>\n<li><b>Producent:\u00a0<\/b>LUXOLAR Polska<\/li>\n<\/ul>\n<h2>WYMIARY:<\/h2>\n<p><img decoding=\"async\" style=\"max-width: 100%; height: auto; margin: 10px 0;\" src=\"https:\/\/a.allegroimg.com\/original\/03401e\/ee9b8b59469086d093e961649501\" alt=\"Zdj\u0119cie produktu\" \/><br \/>\n<img decoding=\"async\" style=\"max-width: 100%; height: auto; margin: 10px 0;\" src=\"https:\/\/a.allegroimg.com\/original\/111c23\/aba9c7b54fe4ac1564ff6f3046d9\" alt=\"Zdj\u0119cie produktu\" \/><br \/>\n<img decoding=\"async\" style=\"max-width: 100%; height: auto; margin: 10px 0;\" src=\"https:\/\/a.allegroimg.com\/original\/116e45\/72b9265e40ff85855d30f2a9229b\" alt=\"Zdj\u0119cie produktu\" \/><br \/>\n<img decoding=\"async\" style=\"max-width: 100%; height: auto; margin: 10px 0;\" src=\"https:\/\/a.allegroimg.com\/original\/114bcf\/a92dfd594915aec55a3166bc0d5b\" alt=\"Zdj\u0119cie produktu\" \/><\/p>\n<h2>Przed zakupem warto zapyta\u0107 sprzedawc\u0119 &#8211; czy lampa nie jest do samodzielnego monta\u017cu.<\/h2>\n<h2>Od nas otrzymasz lamp\u0119 fabrycznie z\u0142o\u017con\u0105 i gotow\u0105 do zawieszenia.<\/h2>\n<p><img decoding=\"async\" style=\"max-width: 100%; height: auto; margin: 10px 0;\" src=\"https:\/\/a.allegroimg.com\/original\/03db18\/44a304944525b05ba216186fa183\" alt=\"Zdj\u0119cie produktu\" \/><\/p>\n<h2>Kupuj\u0105c lamp\u0119 u nas &#8211; Zyskujesz !<\/h2>\n<ul>\n<li>Pewno\u015b\u0107, \u017ce lamp\u0119 wyprodukowa\u0142y osoby do tego uprawnione, posiadaj\u0105c\u0105 niezb\u0119dn\u0105 wiedz\u0119 w zakresie elektryki<\/li>\n<\/ul>\n<ul>\n<li>Pewno\u015b\u0107, \u017ce lampa zosta\u0142a sprawdzona pod k\u0105tem przebicia elektrycznego &#8211; likwiduje ryzyko pora\u017cenia pr\u0105dem<\/li>\n<\/ul>\n<ul>\n<li>Zyskujesz pe\u0142n\u0105 gwaramcje na ca\u0142\u0105 lamp\u0119 a nie tylko na jej cz\u0119\u015bci &#8211; sprzedawca nie podwa\u017cy jej z powodu b\u0142\u0119dnego z\u0142o\u017cenia<\/li>\n<\/ul>\n<ul>\n<li>Pewno\u015b\u0107, \u017ce w zestawie nie brakuje cz\u0119\u015bci bez kt\u00f3rej nie z\u0142o\u017cysz lampy<\/li>\n<\/ul>\n<ul>\n<li>Oszcz\u0119dzasz sw\u00f3j cenny czas<\/li>\n<\/ul>\n<ul>\n<li>Oszcz\u0119dzasz pieni\u0105dze na elektryka gdy oka\u017ce si\u0119, \u017ce lampa jest zbyt trudna do z\u0142o\u017cenia<\/li>\n<\/ul>\n<h2>ZALECANE \u0179R\u00d3D\u0141A \u015aWIAT\u0141A:<\/h2>\n<ul>\n<li>\u017bar\u00f3wki LED z diodami SMD lub filament<\/li>\n<li>Strumie\u0144 \u015bwietlny: 900 -1300 lm<\/li>\n<li><b>Gwint E27<\/b><\/li>\n<li>Moc pobierana z sieci: 6 -12 W<\/li>\n<li>Barwa: ciep\u0142a lub bia\u0142a<\/li>\n<\/ul>\n<p><b>Tradycyjny kszta\u0142t w po\u0142\u0105czeniu z nowoczesnymi diodami SMD lub Filament<\/b><\/p>\n<h2>ARAN\u017bACJE:<\/h2>\n<p><img decoding=\"async\" style=\"max-width: 100%; height: auto; margin: 10px 0;\" src=\"https:\/\/a.allegroimg.com\/original\/030b12\/e04f4bf54327ac4263b055547388\" alt=\"Zdj\u0119cie produktu\" \/><br \/>\n<img decoding=\"async\" style=\"max-width: 100%; height: auto; margin: 10px 0;\" src=\"https:\/\/a.allegroimg.com\/original\/03044c\/32b556c841ed8eb3b485d8093a1d\" alt=\"Zdj\u0119cie produktu\" \/><br \/>\n<img decoding=\"async\" style=\"max-width: 100%; height: auto; margin: 10px 0;\" src=\"https:\/\/a.allegroimg.com\/original\/03ab42\/f1e1f3164ab3b2bb72054bc499c0\" alt=\"Zdj\u0119cie produktu\" \/><br \/>\n<img decoding=\"async\" style=\"max-width: 100%; height: auto; margin: 10px 0;\" src=\"https:\/\/a.allegroimg.com\/original\/032a0f\/ba42cf054d3484bc3b654aecd851\" alt=\"Zdj\u0119cie produktu\" \/><br \/>\n<img decoding=\"async\" style=\"max-width: 100%; height: auto; margin: 10px 0;\" src=\"https:\/\/a.allegroimg.com\/original\/1157ed\/04eb11eb48b3867de15999033708\" alt=\"Zdj\u0119cie produktu\" \/><\/p>\n","protected":false},"excerpt":{"rendered":"<p>Nowoczesna lampa sufitowa &#8211; \u017cyrandol &#8211;\u00a0 plafon &#8211; w kolorze czarnym matowym. Wersja w pe\u0142ni z\u0142o\u017cona &#8211; nie jest to zestaw do samodzielnego monta\u017cu &nbsp; G\u0141\u00d3WNE CECHY LAMPY: Kolor konstrukcji: Czarny matowy (drobna struktura) Materia\u0142 konstrukcji i kloszy: Metal Nowoczesny Styl &#8211; \u00a0\u0142atwo wkomponuje si\u0119 w uk\u0142ad mieszkania Solidna metalowa konstrukcja malowana proszkowo Przeznaczona jako [&hellip;]<\/p>\n","protected":false},"featured_media":38836,"comment_status":"closed","ping_status":"closed","template":"","meta":{"_acf_changed":false},"product_brand":[162],"product_cat":[2593,2674],"product_tag":[2061],"class_list":{"0":"post-47920","1":"product","2":"type-product","3":"status-publish","4":"has-post-thumbnail","6":"product_brand-luxolar","7":"product_cat-lampen","8":"product_cat-hangelampen","9":"product_tag-bestseller-de","10":"pa_klasa-efektywnosci-fehlend","11":"pa_kod-producenta-382-e3-de","12":"pa_kolekcja-382-de","13":"pa_kolor-schwarz","14":"pa_liczba-punktow-swiatla-3-de","15":"pa_marka-luxolar","16":"pa_material-dominujacy-metall","17":"pa_max-moc-pojed-zrodla-swiatla-60-de","18":"pa_pomieszczenie-buro","19":"pa_pomieszczenie-esszimmer","20":"pa_pomieszczenie-flur-treppe","21":"pa_pomieszczenie-kinderzimmer","22":"pa_pomieszczenie-kuche","23":"pa_pomieszczenie-salon-de","24":"pa_pomieszczenie-schlafzimmer","25":"pa_pomieszczenie-universell","26":"pa_rodzaj-gwintu-e27-de","27":"pa_rodzaj-lampy-deckenleuchten-hangeleuchten","28":"pa_zasilanie-netzwerk","29":"pa_zawiera-baterie-nein","30":"pa_zrodlo-swiatla-ohne-lichtquelle","32":"first","33":"instock","34":"purchasable","35":"product-type-simple"},"acf":[],"aioseo_notices":[],"_links":{"self":[{"href":"https:\/\/portallamp.invette.dev\/de\/wp-json\/wp\/v2\/product\/47920","targetHints":{"allow":["GET"]}}],"collection":[{"href":"https:\/\/portallamp.invette.dev\/de\/wp-json\/wp\/v2\/product"}],"about":[{"href":"https:\/\/portallamp.invette.dev\/de\/wp-json\/wp\/v2\/types\/product"}],"replies":[{"embeddable":true,"href":"https:\/\/portallamp.invette.dev\/de\/wp-json\/wp\/v2\/comments?post=47920"}],"wp:featuredmedia":[{"embeddable":true,"href":"https:\/\/portallamp.invette.dev\/de\/wp-json\/wp\/v2\/media\/38836"}],"wp:attachment":[{"href":"https:\/\/portallamp.invette.dev\/de\/wp-json\/wp\/v2\/media?parent=47920"}],"wp:term":[{"taxonomy":"product_brand","embeddable":true,"href":"https:\/\/portallamp.invette.dev\/de\/wp-json\/wp\/v2\/product_brand?post=47920"},{"taxonomy":"product_cat","embeddable":true,"href":"https:\/\/portallamp.invette.dev\/de\/wp-json\/wp\/v2\/product_cat?post=47920"},{"taxonomy":"product_tag","embeddable":true,"href":"https:\/\/portallamp.invette.dev\/de\/wp-json\/wp\/v2\/product_tag?post=47920"}],"curies":[{"name":"wp","href":"https:\/\/api.w.org\/{rel}","templated":true}]}}