{"id":47989,"date":"2025-07-03T18:10:49","date_gmt":"2025-07-03T16:10:49","guid":{"rendered":"https:\/\/portallamp.invette.dev\/produkt\/lampa-wiszaca-sufitowa-zyrandol-plafon-diament-led-2\/"},"modified":"2025-07-03T18:10:49","modified_gmt":"2025-07-03T16:10:49","slug":"lampa-wiszaca-sufitowa-zyrandol-plafon-diament-led-2","status":"publish","type":"product","link":"https:\/\/portallamp.invette.dev\/de\/produkt\/lampa-wiszaca-sufitowa-zyrandol-plafon-diament-led-2\/","title":{"rendered":"LAMPA WISZ\u0104CA SUFITOWA \u017bYRANDOL PLAFON DIAMENT LED"},"content":{"rendered":"<p><img decoding=\"async\" src=\"https:\/\/a.allegroimg.com\/original\/03458b\/a7ce796348d8996bb3efdf83be99\" alt=\"Zdj\u0119cie produktu\" style=\"max-width:100%; height:auto; margin:10px 0;\"><\/p>\n<h1>Przedmiotem sprzeda\u017cy jest:<\/h1>\n<h2>Designerska lampa sufitowa wisz\u0105ca zaprojektowana w nowoczesnym stylu.&nbsp; Tylko teraz w bardzo atrakcyjnej cenie.<\/h2>\n<h2>Nr kat: 800-ZB LUXOLAR<\/h2>\n<p><img decoding=\"async\" src=\"https:\/\/a.allegroimg.com\/original\/03b25d\/c3e82ba8486babb35e9043bb7b6f\" alt=\"Zdj\u0119cie produktu\" style=\"max-width:100%; height:auto; margin:10px 0;\"><\/p>\n<h1>Na tej aukcji kupujesz bezpo\u015brednio od polskiego producenta &#8211; produkt Polski oryginalny.<\/h1>\n<h1>Lampa dost\u0119pna w kolorach:<\/h1>\n<ul>\n<li>Bia\u0142y<\/li>\n<li>Szary<\/li>\n<li>Czarny<\/li>\n<\/ul>\n<p><img decoding=\"async\" src=\"https:\/\/a.allegroimg.com\/original\/03246c\/4ea92e334baea13cd9a85d844910\" alt=\"Zdj\u0119cie produktu\" style=\"max-width:100%; height:auto; margin:10px 0;\"><br \/>\n<img decoding=\"async\" src=\"https:\/\/a.allegroimg.com\/original\/03d6a5\/b192eacd4b64b7b3d08c74679ab3\" alt=\"Zdj\u0119cie produktu\" style=\"max-width:100%; height:auto; margin:10px 0;\"><\/p>\n<p><b><\/b><\/p>\n<p><b>G\u0141\u00d3WNE CECHY LAMPY:<\/b><\/p>\n<p><b><\/b><\/p>\n<ul>\n<li><b>Kolor Lampy do wyboru: Czarna \/ Szara \/ Bia\u0142a<\/b><\/li>\n<\/ul>\n<ul>\n<li>Nowoczesny Styl &#8211; &nbsp;\u0142atwo wkomponuje si\u0119 w uk\u0142ad mieszkania<\/li>\n<\/ul>\n<ul>\n<li>Regulowana wysoko\u015b\u0107 w zakresie 30 &#8211; 70 cm max<\/li>\n<\/ul>\n<ul>\n<li>Aba\u017cur PCV w wybranym kolorze<\/li>\n<\/ul>\n<ul>\n<li>Sprawdzi si\u0119 jako lampa wisz\u0105ca nad st\u00f3\u0142 jak i plafon do przedpokoju.<\/li>\n<\/ul>\n<ul>\n<li>Lampa obs\u0142uguje wszystkie \u017car\u00f3wki z gwintem typu E27 do max 60 wat\u00f3w.<\/li>\n<\/ul>\n<ul>\n<li>Dodatkowym atutem jest spos\u00f3b monta\u017cu. Lampa jest wieszana na haku, wystarczy tylko jeden otw\u00f3r w suficie.<\/li>\n<\/ul>\n<ul>\n<li>Dobry stosunek ceny do jako\u015bci.<\/li>\n<\/ul>\n<h1>Dane techniczne:<\/h1>\n<ul>\n<li><b>materia\u0142 Aba\u017cura:<\/b> PCV stosowane w bran\u017cy o\u015bwietleniowej<\/li>\n<li><b>materia\u0142 podsufitki:<\/b> Tworzywo sztuczne PCV<\/li>\n<li><b>wymiary:<\/b> Wysoko\u015b\u0107 ca\u0142kowita max 70 cm&nbsp;<b>,<\/b>&nbsp;\u015brednica podsufitki: 7 cm,<\/li>\n<li><b>zasilanie:<\/b>&nbsp;~230 [V] \/ bezpo\u015brednie z sieci<\/li>\n<li><b>\u017ar\u00f3d\u0142o \u015bwiat\u0142a:<\/b>&nbsp;E-27 max 60W, Zalecane LED<\/li>\n<li><b>spos\u00f3b monta\u017cu:<\/b>&nbsp;Wieszana na haku<\/li>\n<li><b>IP 20, Klasa II<\/b><\/li>\n<li><b>zestaw nie zawiera \u017car\u00f3wki<\/b><\/li>\n<li><b>producent: <\/b>LUXOLAR Polska<\/li>\n<\/ul>\n<p><img decoding=\"async\" src=\"https:\/\/a.allegroimg.com\/original\/031509\/acc3f1a54bbaacb5e7669802d7d9\" alt=\"Zdj\u0119cie produktu\" style=\"max-width:100%; height:auto; margin:10px 0;\"><\/p>\n<h1>WYMIARY:<\/h1>\n<p><img decoding=\"async\" src=\"https:\/\/a.allegroimg.com\/original\/03bcba\/f0794d784a268d7e1e6351b9b5bb\" alt=\"Zdj\u0119cie produktu\" style=\"max-width:100%; height:auto; margin:10px 0;\"><br \/>\n<img decoding=\"async\" src=\"https:\/\/a.allegroimg.com\/original\/0351f1\/07afc5c24477bb39f6ebc7bd5530\" alt=\"Zdj\u0119cie produktu\" style=\"max-width:100%; height:auto; margin:10px 0;\"><br \/>\n<img decoding=\"async\" src=\"https:\/\/a.allegroimg.com\/original\/039894\/edd13d784ba2b104fcab67b79a23\" alt=\"Zdj\u0119cie produktu\" style=\"max-width:100%; height:auto; margin:10px 0;\"><\/p>\n<h1>Zestaw zawiera:<\/h1>\n<ul>\n<li><b>Kompletn\u0105, z\u0142o\u017con\u0105 lamp\u0119 (nie jest to chi\u0144skiej produkcji zestaw do samodzielnego monta\u017cu jakich wiele na allegro)<\/b><\/li>\n<li><b>Kostk\u0119 przy\u0142\u0105czeniow\u0105<\/b><\/li>\n<li><b>Instrukcj\u0119 obs\u0142ugi<\/b><\/li>\n<li><b>Kart\u0119 energetyczn\u0105<\/b><\/li>\n<li><b>Dokument zakupu<\/b><\/li>\n<\/ul>\n<p><b>Zestaw nie zawiera \u017ar\u00f3d\u0142a \u015bwiat\u0142a.<\/b><\/p>\n<h1>KOLORY DO WYBORU:<\/h1>\n<p><img decoding=\"async\" src=\"https:\/\/a.allegroimg.com\/original\/03b25d\/c3e82ba8486babb35e9043bb7b6f\" alt=\"Zdj\u0119cie produktu\" style=\"max-width:100%; height:auto; margin:10px 0;\"><\/p>\n<h2>ETAPY REALIZACJI ZAM\u00d3WIENIA:<\/h2>\n<ol>\n<li><b>Wybierz kolor&nbsp;konstrukcji:&nbsp;<\/b>Czarny, Szary lub Bia\u0142y<\/li>\n<li><b>Wpisz wybrany kolor <\/b>&#8211; w formularzu zam\u00f3wienia.<\/li>\n<\/ol>\n<p><b>Poprawne przes\u0142anie powy\u017cszych informacji znacznie przyspieszy realizacj\u0119 zam\u00f3wienia.<\/b><\/p>\n<h1>ZALECANE \u0179R\u00d3D\u0141A \u015aWIAT\u0141A:<\/h1>\n<h1>\u017bar\u00f3wka LED o barwie ciep\u0142ej.<\/h1>\n<ul>\n<li>\u017bar\u00f3wki LED z diodami SMD lub filament<\/li>\n<li>Strumie\u0144 \u015bwietlny: 900 -1300 lm<\/li>\n<li><b>Gwint E27<\/b><\/li>\n<li>Moc pobierana z sieci: 6 -12 W<\/li>\n<\/ul>\n<h2>Tradycyjny kszta\u0142t w po\u0142\u0105czeniu z nowoczesnymi diodami SMD lub Filament<\/h2>\n<p><img decoding=\"async\" src=\"https:\/\/a.allegroimg.com\/original\/03692d\/da961efd4d3d9ef254496cbaf31b\" alt=\"Zdj\u0119cie produktu\" style=\"max-width:100%; height:auto; margin:10px 0;\"><br \/>\n<img decoding=\"async\" src=\"https:\/\/a.allegroimg.com\/original\/03169e\/e3a1784644f0bfe8e75a327cfc45\" alt=\"Zdj\u0119cie produktu\" style=\"max-width:100%; height:auto; margin:10px 0;\"><\/p>\n<h1>ARAN\u017bACJE:<\/h1>\n<p><img decoding=\"async\" src=\"https:\/\/a.allegroimg.com\/original\/0371d8\/fc07bf3541e5a0e0dd26ffdb9541\" alt=\"Zdj\u0119cie produktu\" style=\"max-width:100%; height:auto; margin:10px 0;\"><br \/>\n<img decoding=\"async\" src=\"https:\/\/a.allegroimg.com\/original\/0300e7\/8037db6f49d7af25ce3713c5633a\" alt=\"Zdj\u0119cie produktu\" style=\"max-width:100%; height:auto; margin:10px 0;\"><br \/>\n<img decoding=\"async\" src=\"https:\/\/a.allegroimg.com\/original\/03016f\/84b86e8448c99c0dce5a749c9be7\" alt=\"Zdj\u0119cie produktu\" style=\"max-width:100%; height:auto; margin:10px 0;\"><br \/>\n<img decoding=\"async\" src=\"https:\/\/a.allegroimg.com\/original\/03246c\/4ea92e334baea13cd9a85d844910\" alt=\"Zdj\u0119cie produktu\" style=\"max-width:100%; height:auto; margin:10px 0;\"><br \/>\n<img decoding=\"async\" src=\"https:\/\/a.allegroimg.com\/original\/03b25d\/c3e82ba8486babb35e9043bb7b6f\" alt=\"Zdj\u0119cie produktu\" style=\"max-width:100%; height:auto; margin:10px 0;\"><br \/>\n<img decoding=\"async\" src=\"https:\/\/a.allegroimg.com\/original\/03458b\/a7ce796348d8996bb3efdf83be99\" alt=\"Zdj\u0119cie produktu\" style=\"max-width:100%; height:auto; margin:10px 0;\"><\/p>\n","protected":false},"excerpt":{"rendered":"<p>Przedmiotem sprzeda\u017cy jest: Designerska lampa sufitowa wisz\u0105ca zaprojektowana w nowoczesnym stylu.&nbsp; Tylko teraz w bardzo atrakcyjnej cenie. Nr kat: 800-ZB LUXOLAR Na tej aukcji kupujesz bezpo\u015brednio od polskiego producenta &#8211; produkt Polski oryginalny. Lampa dost\u0119pna w kolorach: Bia\u0142y Szary Czarny G\u0141\u00d3WNE CECHY LAMPY: Kolor Lampy do wyboru: Czarna \/ Szara \/ Bia\u0142a Nowoczesny Styl &#8211; [&hellip;]<\/p>\n","protected":false},"featured_media":38627,"comment_status":"closed","ping_status":"open","template":"","meta":{"_acf_changed":false},"product_brand":[162],"product_cat":[2593,2674],"product_tag":[],"class_list":{"0":"post-47989","1":"product","2":"type-product","3":"status-publish","4":"has-post-thumbnail","6":"product_brand-luxolar","7":"product_cat-lampen","8":"product_cat-hangelampen","9":"pa_kod-producenta-800-zb-de","10":"pa_kolekcja-802-de","11":"pa_kolor-grau","12":"pa_kolor-schwarz","13":"pa_kolor-weis","14":"pa_liczba-punktow-swiatla-1-de","15":"pa_marka-luxolar","16":"pa_material-dominujacy-metall","17":"pa_max-moc-pojed-zrodla-swiatla-60-de","18":"pa_pomieszczenie-buro","19":"pa_pomieszczenie-esszimmer","20":"pa_pomieszczenie-flur-treppe","21":"pa_pomieszczenie-kuche","22":"pa_pomieszczenie-salon-de","23":"pa_pomieszczenie-schlafzimmer","24":"pa_rodzaj-gwintu-e27-de","25":"pa_rodzaj-lampy-deckenleuchten-hangeleuchten","26":"pa_zasilanie-netzwerk","27":"pa_zawiera-baterie-nein","28":"pa_zrodlo-swiatla-ohne-lichtquelle","30":"first","31":"instock","32":"purchasable","33":"product-type-simple"},"acf":[],"aioseo_notices":[],"_links":{"self":[{"href":"https:\/\/portallamp.invette.dev\/de\/wp-json\/wp\/v2\/product\/47989","targetHints":{"allow":["GET"]}}],"collection":[{"href":"https:\/\/portallamp.invette.dev\/de\/wp-json\/wp\/v2\/product"}],"about":[{"href":"https:\/\/portallamp.invette.dev\/de\/wp-json\/wp\/v2\/types\/product"}],"replies":[{"embeddable":true,"href":"https:\/\/portallamp.invette.dev\/de\/wp-json\/wp\/v2\/comments?post=47989"}],"wp:featuredmedia":[{"embeddable":true,"href":"https:\/\/portallamp.invette.dev\/de\/wp-json\/wp\/v2\/media\/38627"}],"wp:attachment":[{"href":"https:\/\/portallamp.invette.dev\/de\/wp-json\/wp\/v2\/media?parent=47989"}],"wp:term":[{"taxonomy":"product_brand","embeddable":true,"href":"https:\/\/portallamp.invette.dev\/de\/wp-json\/wp\/v2\/product_brand?post=47989"},{"taxonomy":"product_cat","embeddable":true,"href":"https:\/\/portallamp.invette.dev\/de\/wp-json\/wp\/v2\/product_cat?post=47989"},{"taxonomy":"product_tag","embeddable":true,"href":"https:\/\/portallamp.invette.dev\/de\/wp-json\/wp\/v2\/product_tag?post=47989"}],"curies":[{"name":"wp","href":"https:\/\/api.w.org\/{rel}","templated":true}]}}