{"id":48022,"date":"2025-07-03T18:03:18","date_gmt":"2025-07-03T16:03:18","guid":{"rendered":"https:\/\/portallamp.invette.dev\/produkt\/lampa-sufitowa-wiszaca-bambus-boho-pleciona-naturalna-40cm-x-175-585-400x1\/"},"modified":"2025-07-03T18:03:18","modified_gmt":"2025-07-03T16:03:18","slug":"lampa-sufitowa-wiszaca-bambus-boho-pleciona-naturalna-40cm-x-175-585-400x1","status":"publish","type":"product","link":"https:\/\/portallamp.invette.dev\/de\/produkt\/lampa-sufitowa-wiszaca-bambus-boho-pleciona-naturalna-40cm-x-175-585-400x1\/","title":{"rendered":"Lampa Sufitowa Wisz\u0105ca Bambus BOHO Pleciona Naturalna 40cm x 175 585-400&#215;1"},"content":{"rendered":"<h1>Lampa Sufitowa Wisz\u0105ca Bambus BOHO Pleciona Naturalna 40 x 175 cm 585-EZ400<\/h1>\n<p>&#8211; <b>Wersja na jedn\u0105 \u017car\u00f3wk\u0119<\/b> &#8211;<\/p>\n<p>Odmie\u0144 swoje wn\u0119trze dzi\u0119ki naturalnej elegancji lampy BAMBOO plecionej z prawdziwego bambusa, kt\u00f3rej organiczna forma wprowadza ciep\u0142o i przytulny klimat do ka\u017cdego pomieszczenia.<\/p>\n<p><img decoding=\"async\" src=\"https:\/\/a.allegroimg.com\/original\/11d044\/43b73c324d6cbae790d3902e2e76\" alt=\"Zdj\u0119cie produktu\" style=\"max-width:100%; height:auto; margin:10px 0;\"><\/p>\n<h2>Idealna do:<\/h2>\n<ul>\n<li><b>Pomieszcze\u0144 w stylu Skandynawskim, Boho i Naturalnym<\/b><\/li>\n<\/ul>\n<ul>\n<li><b>Perfekcyjna do zawieszenia nad sto\u0142em<\/b>, dodaj\u0105c ciep\u0142a i elegancji.<\/li>\n<\/ul>\n<ul>\n<li><b>Sypialni<\/b> \u2013 tworzy wyj\u0105tkowy, intymny klimat, kt\u00f3ry sprzyja relaksowi.<\/li>\n<\/ul>\n<ul>\n<li><b>Tarasu lub Altany<\/b><\/li>\n<\/ul>\n<ul>\n<li><b>Restauracji, Hoteli<\/b>&nbsp;\u2013 \u015bwietnie sprawdza si\u0119 jako element dekoracyjny, wprowadzaj\u0105c ciep\u0142o i stylowy akcent.<\/li>\n<\/ul>\n<p><img decoding=\"async\" src=\"https:\/\/a.allegroimg.com\/original\/11483a\/d6301b63474bb6beecff4dcee68e\" alt=\"Zdj\u0119cie produktu\" style=\"max-width:100%; height:auto; margin:10px 0;\"><\/p>\n<h2>G\u0142\u00f3wne cechy produktu:<\/h2>\n<ul>\n<li><b>Naturalny klosz z drewna bambusowego<\/b> \u2013 wykonany z wysokiej jako\u015bci, autentycznego drewna, kt\u00f3re nadaje lampie unikalny charakter.<\/li>\n<\/ul>\n<ul>\n<li><b>Starannie pleciona konstrukcja<\/b> \u2013 bez u\u017cycia kleju, gwarantuj\u0105ca trwa\u0142o\u015b\u0107 i estetyk\u0119.<\/li>\n<\/ul>\n<ul>\n<li><b>Kompatybilna z popularnymi \u017ar\u00f3d\u0142ami \u015bwiat\u0142a<\/b> \u2013 nie musisz martwi\u0107 si\u0119 o drogie \u017car\u00f3wki, \u0142atwo znajdziesz odpowiedni model.<\/li>\n<\/ul>\n<ul>\n<li><b>Regulowana wysoko\u015b\u0107<\/b> \u2013 mo\u017cliwo\u015b\u0107 dostosowania wysoko\u015bci do maksymalnie <b>175 cm<\/b>, by idealnie pasowa\u0142a nawet w wysokich pomieszczeniach<\/li>\n<\/ul>\n<p><img decoding=\"async\" src=\"https:\/\/a.allegroimg.com\/original\/11a5f7\/5b01b8f14f6a8029cd2d30f841c8\" alt=\"Zdj\u0119cie produktu\" style=\"max-width:100%; height:auto; margin:10px 0;\"><\/p>\n<h2>Dane techniczne:<\/h2>\n<ul>\n<li>Napi\u0119cie zasilania: ~230 V,&nbsp; 50 Hz<\/li>\n<\/ul>\n<ul>\n<li>IP20 &#8211; nie do u\u017cytku w miejscach o podwy\u017cszonej wilgotno\u015bci (Strefy: 0,1 oraz 2),<\/li>\n<\/ul>\n<ul>\n<li>Wyprodukowana w pierwszej klasie ochronno\u015bci przed pora\u017ceniem elektrycznym,<\/li>\n<\/ul>\n<ul>\n<li>Rozeta wykonana z metalu, dobrze przylega do sufitu, nie pozostawia szczeliny,<\/li>\n<\/ul>\n<ul>\n<li>Be\u017cowe elementy malowane metod\u0105 proszkow\u0105, trwa\u0142e &#8211; nierdzewiej\u0105ce.<\/li>\n<\/ul>\n<ul>\n<li><b>Regulacja wysoko\u015bci do max 175 cm &#8211; mo\u017cliwo\u015b\u0107 skr\u00f3cenia.<\/b><\/li>\n<\/ul>\n<ul>\n<li>Monta\u017c natynkowy &#8211; dwa ko\u0142ki rozporowe (brak w zestawie, nale\u017cy dobra\u0107 w\u0142a\u015bciwe do rodzaju pod\u0142o\u017ca)<\/li>\n<\/ul>\n<ul>\n<li>\u0179r\u00f3d\u0142o \u015bwiat\u0142a:&nbsp; <b>1 x E27 LED do max 40W&nbsp; &#8211; wy\u0142\u0105cznie LED<\/b><\/li>\n<\/ul>\n<ul>\n<li>Waga netto lampy: 0,85 kg<\/li>\n<\/ul>\n<ul>\n<li>CE ROHS WEEE<\/li>\n<\/ul>\n<ul>\n<li>Producent i Podmiot odpowiedzialny na terenie UE: LUXOLAR<\/li>\n<\/ul>\n<h2>Wymiary:<\/h2>\n<p><img decoding=\"async\" src=\"https:\/\/a.allegroimg.com\/original\/11b5cc\/331bd6904213a609f10353b30905\" alt=\"Zdj\u0119cie produktu\" style=\"max-width:100%; height:auto; margin:10px 0;\"><\/p>\n<h2>Oznakowanie produktu:<\/h2>\n<p><img decoding=\"async\" src=\"https:\/\/a.allegroimg.com\/original\/11f321\/e9f5cbce4f9f9138b056cbaa9fbc\" alt=\"Zdj\u0119cie produktu\" style=\"max-width:100%; height:auto; margin:10px 0;\"><\/p>\n<h2>Skr\u00f3cona instrukcja monta\u017cu:<\/h2>\n<p><img decoding=\"async\" src=\"https:\/\/a.allegroimg.com\/original\/115750\/ff664dea480bb10a4ec308605130\" alt=\"Zdj\u0119cie produktu\" style=\"max-width:100%; height:auto; margin:10px 0;\"><\/p>\n<h2>Be\u017c szarawy (ang. Grey beige)<\/h2>\n<p>To stonowany, elegancki odcie\u0144 be\u017cu z domieszk\u0105 szaro\u015bci \u2013 cz\u0119sto wykorzystywany w nowoczesnych i minimalistycznych aran\u017cacjach wn\u0119trz, a tak\u017ce w designie przemys\u0142owym i meblarstwie.<\/p>\n<p><img decoding=\"async\" src=\"https:\/\/a.allegroimg.com\/original\/1146b8\/7c10e9d44ec08cb94fb332f1f967\" alt=\"Zdj\u0119cie produktu\" style=\"max-width:100%; height:auto; margin:10px 0;\"><\/p>\n<h2>\u017bar\u00f3wka umieszczona&nbsp; bli\u017cej dolnej kraw\u0119dzi aba\u017cura. Rozwi\u0105zanie to zwi\u0119ksza jej wydajno\u015b\u0107.<\/h2>\n<p><img decoding=\"async\" src=\"https:\/\/a.allegroimg.com\/original\/11ade6\/a9efc75049cb8b0354d6ef3b43dc\" alt=\"Zdj\u0119cie produktu\" style=\"max-width:100%; height:auto; margin:10px 0;\"><\/p>\n<h2>Zestaw zawiera:<\/h2>\n<ul>\n<li><b>Kompletn\u0105, z\u0142o\u017con\u0105 lamp\u0119, gotow\u0105 do monta\u017cu (klosz spakowany oddzielnie),<\/b><\/li>\n<li><b>Z\u0142\u0105cze elektryczne,<\/b><\/li>\n<li><b>Klient otrzyma instrukcj\u0119 obs\u0142ugi w j\u0119zyku odpowiednim dla kraju zakupu,<\/b><\/li>\n<li><b>Dokument zakupu,<\/b><\/li>\n<li><b>Zestaw nie zawiera \u017car\u00f3wki oraz ko\u0142k\u00f3w monta\u017cowych &#8211; dost\u0119pne na naszych aukcjach.<\/b><\/li>\n<\/ul>\n<h2>ZALECANE \u0179R\u00d3D\u0141A \u015aWIAT\u0141A:<\/h2>\n<\/p>\n<ul>\n<li>Wy\u0142\u0105cznie \u017car\u00f3wki w technologii LED (Filament, SMD)<\/li>\n<li>Gwint \u017car\u00f3wki: E27<\/li>\n<li>Strumie\u0144 \u015bwietlny: 1300 -2000 lm<\/li>\n<li>Moc pobierana z sieci: 12 &#8211; 20 W<\/li>\n<li>Barwa: Neutralna (4000K)<\/li>\n<\/ul>\n<p><img decoding=\"async\" src=\"https:\/\/a.allegroimg.com\/original\/114996\/83811991481caaf1a0b56a78b895\" alt=\"Zdj\u0119cie produktu\" style=\"max-width:100%; height:auto; margin:10px 0;\"><br \/>\n<img decoding=\"async\" src=\"https:\/\/a.allegroimg.com\/original\/1170f8\/7c3bb91249deaece088353680775\" alt=\"Zdj\u0119cie produktu\" style=\"max-width:100%; height:auto; margin:10px 0;\"><\/p>\n<h2>Szukasz do kompletu innej podobnej lampy ?&nbsp; &#8230;<\/h2>\n<h2>Znajdziesz j\u0105 w naszych ofertach wpisuj\u0105c symbol s\u0142owo: BOHO<\/h2>\n<p><img decoding=\"async\" src=\"https:\/\/a.allegroimg.com\/original\/11342b\/e82837ce453eb92834f631fef88c\" alt=\"Zdj\u0119cie produktu\" style=\"max-width:100%; height:auto; margin:10px 0;\"><br \/>\n<img decoding=\"async\" src=\"https:\/\/a.allegroimg.com\/original\/11d044\/43b73c324d6cbae790d3902e2e76\" alt=\"Zdj\u0119cie produktu\" style=\"max-width:100%; height:auto; margin:10px 0;\"><\/p>\n","protected":false},"excerpt":{"rendered":"<p>Lampa Sufitowa Wisz\u0105ca Bambus BOHO Pleciona Naturalna 40 x 175 cm 585-EZ400 &#8211; Wersja na jedn\u0105 \u017car\u00f3wk\u0119 &#8211; Odmie\u0144 swoje wn\u0119trze dzi\u0119ki naturalnej elegancji lampy BAMBOO plecionej z prawdziwego bambusa, kt\u00f3rej organiczna forma wprowadza ciep\u0142o i przytulny klimat do ka\u017cdego pomieszczenia. Idealna do: Pomieszcze\u0144 w stylu Skandynawskim, Boho i Naturalnym Perfekcyjna do zawieszenia nad sto\u0142em, [&hellip;]<\/p>\n","protected":false},"featured_media":35672,"comment_status":"closed","ping_status":"open","template":"","meta":{"_acf_changed":false},"product_brand":[162],"product_cat":[2593,2674],"product_tag":[],"class_list":{"0":"post-48022","1":"product","2":"type-product","3":"status-publish","4":"has-post-thumbnail","6":"product_brand-luxolar","7":"product_cat-lampen","8":"product_cat-hangelampen","9":"pa_kat-wiercenia-360-de","10":"pa_klasa-efektywnosci-a-de","11":"pa_kod-producenta-585-400x1-de","12":"pa_kolekcja-585-de","13":"pa_kolor-beige-de","14":"pa_liczba-punktow-swiatla-1-de","15":"pa_marka-luxolar","16":"pa_material-dominujacy-holz","17":"pa_max-moc-pojed-zrodla-swiatla-45-de","18":"pa_pomieszczenie-buro","19":"pa_pomieszczenie-esszimmer","20":"pa_pomieszczenie-flur-treppe","21":"pa_pomieszczenie-kuche","22":"pa_pomieszczenie-salon-de","23":"pa_pomieszczenie-schlafzimmer","24":"pa_pomieszczenie-universell","25":"pa_rodzaj-gwintu-e27-de","26":"pa_rodzaj-lampy-deckenleuchten-hangeleuchten","27":"pa_stan-original-de","28":"pa_zasilanie-netzwerk","29":"pa_zawiera-baterie-nein","30":"pa_zrodlo-swiatla-ohne-lichtquelle","32":"first","33":"instock","34":"purchasable","35":"product-type-simple"},"acf":[],"aioseo_notices":[],"_links":{"self":[{"href":"https:\/\/portallamp.invette.dev\/de\/wp-json\/wp\/v2\/product\/48022","targetHints":{"allow":["GET"]}}],"collection":[{"href":"https:\/\/portallamp.invette.dev\/de\/wp-json\/wp\/v2\/product"}],"about":[{"href":"https:\/\/portallamp.invette.dev\/de\/wp-json\/wp\/v2\/types\/product"}],"replies":[{"embeddable":true,"href":"https:\/\/portallamp.invette.dev\/de\/wp-json\/wp\/v2\/comments?post=48022"}],"wp:featuredmedia":[{"embeddable":true,"href":"https:\/\/portallamp.invette.dev\/de\/wp-json\/wp\/v2\/media\/35672"}],"wp:attachment":[{"href":"https:\/\/portallamp.invette.dev\/de\/wp-json\/wp\/v2\/media?parent=48022"}],"wp:term":[{"taxonomy":"product_brand","embeddable":true,"href":"https:\/\/portallamp.invette.dev\/de\/wp-json\/wp\/v2\/product_brand?post=48022"},{"taxonomy":"product_cat","embeddable":true,"href":"https:\/\/portallamp.invette.dev\/de\/wp-json\/wp\/v2\/product_cat?post=48022"},{"taxonomy":"product_tag","embeddable":true,"href":"https:\/\/portallamp.invette.dev\/de\/wp-json\/wp\/v2\/product_tag?post=48022"}],"curies":[{"name":"wp","href":"https:\/\/api.w.org\/{rel}","templated":true}]}}