{"id":48028,"date":"2025-07-03T18:03:18","date_gmt":"2025-07-03T16:03:18","guid":{"rendered":"https:\/\/portallamp.invette.dev\/produkt\/nowoczesna-lampa-kinkiet-edison-loft-261-k1-kolory\/"},"modified":"2025-07-03T18:03:18","modified_gmt":"2025-07-03T16:03:18","slug":"nowoczesna-lampa-kinkiet-edison-loft-261-k1-kolory","status":"publish","type":"product","link":"https:\/\/portallamp.invette.dev\/de\/produkt\/nowoczesna-lampa-kinkiet-edison-loft-261-k1-kolory\/","title":{"rendered":"Nowoczesna LAMPA KINKIET Edison LOFT 261-K1 Kolory"},"content":{"rendered":"<h1>Przedmiotem sprzeda\u017cy jest:<\/h1>\n<h1>Wysokiej jako\u015bci lampa \u015bcienna &#8211; kinkiet w nowoczesnym minimalistycznym stylu edison.<\/h1>\n<p><b>Nr kat: 261-K1 LUXOLAR<\/b><\/p>\n<h1><\/h1>\n<p><img decoding=\"async\" src=\"https:\/\/8.allegroimg.com\/original\/03f837\/9cbff84e454b81c4e1ffe5bb9708\" alt=\"Zdj\u0119cie produktu\" style=\"max-width:100%; height:auto; margin:10px 0;\"><\/p>\n<p><b>Idealnie pasuje do surowych, szaro-bia\u0142ych wn\u0119trz.<\/b><\/p>\n<p>Obs\u0142uguje wszystkie \u017car\u00f3wki z gwintem typu E27 do max 60 wat\u00f3w.<\/p>\n<p>\u015awietnie sprawdzi si\u0119 jako o\u015bwietlenie dodatkowe w pomieszczeniach&nbsp;&nbsp;9-16 m2.<\/p>\n<p><b>Dost\u0119pny w kolorach:<\/b><\/p>\n<ul>\n<li>Czarny matowy<\/li>\n<li>Bia\u0142y g\u0142adki<\/li>\n<li>Szary<\/li>\n<\/ul>\n<h1>Dane techniczne:<\/h1>\n<ul>\n<li><b>materia\u0142 konstrukcji:<\/b>&nbsp;metal malowany proszkowo<\/li>\n<li><b>wymiary:<\/b>&nbsp;wysoko\u015b\u0107 ca\u0142kowita lampy 24 cm, rozpi\u0119to\u015b\u0107: 19 cm<\/li>\n<li><b>zasilanie:<\/b>&nbsp;~230 [V] \/ bezpo\u015brednie z sieci<\/li>\n<li><b>\u017ar\u00f3d\u0142o \u015bwiat\u0142a:<\/b>&nbsp;E-27<\/li>\n<li><b>IP 20, Klasa I<\/b><\/li>\n<li><b>monta\u017c: dwa ko\u0142ki rozporowe &#8211;<\/b>&nbsp;rodzaj ko\u0142k\u00f3w zale\u017cy od pod\u0142o\u017ca, nale\u017cy dobra\u0107 we w\u0142asnym zakresie<\/li>\n<li><b>zestaw nie zawiera \u017car\u00f3wki oraz ko\u0142k\u00f3w rozporowych do monta\u017cu<\/b><\/li>\n<li><b>producent:&nbsp;<\/b>LUXOLAR<\/li>\n<\/ul>\n<p><img decoding=\"async\" src=\"https:\/\/c.allegroimg.com\/original\/030a9b\/1c7fe798414781c8933565df970c\" alt=\"Zdj\u0119cie produktu\" style=\"max-width:100%; height:auto; margin:10px 0;\"><\/p>\n<h1>KOLORY KINKIETU DO WYBORU:<\/h1>\n<p><img decoding=\"async\" src=\"https:\/\/d.allegroimg.com\/original\/0331d1\/6dbeb8d448dbb61635e0f0c6107d\" alt=\"Zdj\u0119cie produktu\" style=\"max-width:100%; height:auto; margin:10px 0;\"><\/p>\n<h2>ETAPY REALIZACJI ZAM\u00d3WIENIA:<\/h2>\n<ol>\n<li><b>Wybierz kolor&nbsp;konstrukcji<\/b>: Czarny matowy, Szary lub Bia\u0142y g\u0142adki<\/li>\n<li><b>Prze\u015blij wybran\u0105 konfiguracj\u0119<\/b>&nbsp;&#8211; w formularzu zam\u00f3wienia.<\/li>\n<\/ol>\n<p><b>Poprawne przes\u0142anie powy\u017cszych informacji znacznie przyspieszy realizacj\u0119 zam\u00f3wienia.<\/b><\/p>\n<h1>ZALECANE \u0179R\u00d3D\u0141A \u015aWIAT\u0141A:<\/h1>\n<p><img decoding=\"async\" src=\"https:\/\/d.allegroimg.com\/original\/038ec2\/006421cf4dd08be5666aee7c788d\" alt=\"Zdj\u0119cie produktu\" style=\"max-width:100%; height:auto; margin:10px 0;\"><\/p>\n<h1>\u017bar\u00f3wka LED o barwie ciep\u0142ej.<\/h1>\n<h1>Gwint E27<\/h1>\n<h2>Tradycyjny kszta\u0142t w po\u0142\u0105czeniu z nowoczesnymi diodami SMD<\/h2>\n<p><img decoding=\"async\" src=\"https:\/\/5.allegroimg.com\/original\/03ed17\/4d6942bd4bffa59fe378a2ad3925\" alt=\"Zdj\u0119cie produktu\" style=\"max-width:100%; height:auto; margin:10px 0;\"><br \/>\n<img decoding=\"async\" src=\"https:\/\/8.allegroimg.com\/original\/03f837\/9cbff84e454b81c4e1ffe5bb9708\" alt=\"Zdj\u0119cie produktu\" style=\"max-width:100%; height:auto; margin:10px 0;\"><\/p>\n","protected":false},"excerpt":{"rendered":"<p>Przedmiotem sprzeda\u017cy jest: Wysokiej jako\u015bci lampa \u015bcienna &#8211; kinkiet w nowoczesnym minimalistycznym stylu edison. Nr kat: 261-K1 LUXOLAR Idealnie pasuje do surowych, szaro-bia\u0142ych wn\u0119trz. Obs\u0142uguje wszystkie \u017car\u00f3wki z gwintem typu E27 do max 60 wat\u00f3w. \u015awietnie sprawdzi si\u0119 jako o\u015bwietlenie dodatkowe w pomieszczeniach&nbsp;&nbsp;9-16 m2. Dost\u0119pny w kolorach: Czarny matowy Bia\u0142y g\u0142adki Szary Dane techniczne: materia\u0142 [&hellip;]<\/p>\n","protected":false},"featured_media":35741,"comment_status":"closed","ping_status":"open","template":"","meta":{"_acf_changed":false},"product_brand":[162],"product_cat":[2593,2828],"product_tag":[],"class_list":{"0":"post-48028","1":"product","2":"type-product","3":"status-publish","4":"has-post-thumbnail","6":"product_brand-luxolar","7":"product_cat-lampen","8":"product_cat-wandleuchten-de","9":"pa_kod-producenta-261-k1-de","10":"pa_kolekcja-brak-de","11":"pa_kolor-grau","12":"pa_kolor-schwarz","13":"pa_kolor-weis","14":"pa_liczba-punktow-swiatla-1-de","15":"pa_marka-luxolar","16":"pa_material-dominujacy-metall","17":"pa_max-moc-pojed-zrodla-swiatla-60-de","18":"pa_rodzaj-gwintu-e27-de","19":"pa_zawiera-baterie-nein","20":"pa_zrodlo-swiatla-ohne-lichtquelle","22":"first","23":"instock","24":"purchasable","25":"product-type-simple"},"acf":[],"aioseo_notices":[],"_links":{"self":[{"href":"https:\/\/portallamp.invette.dev\/de\/wp-json\/wp\/v2\/product\/48028","targetHints":{"allow":["GET"]}}],"collection":[{"href":"https:\/\/portallamp.invette.dev\/de\/wp-json\/wp\/v2\/product"}],"about":[{"href":"https:\/\/portallamp.invette.dev\/de\/wp-json\/wp\/v2\/types\/product"}],"replies":[{"embeddable":true,"href":"https:\/\/portallamp.invette.dev\/de\/wp-json\/wp\/v2\/comments?post=48028"}],"wp:featuredmedia":[{"embeddable":true,"href":"https:\/\/portallamp.invette.dev\/de\/wp-json\/wp\/v2\/media\/35741"}],"wp:attachment":[{"href":"https:\/\/portallamp.invette.dev\/de\/wp-json\/wp\/v2\/media?parent=48028"}],"wp:term":[{"taxonomy":"product_brand","embeddable":true,"href":"https:\/\/portallamp.invette.dev\/de\/wp-json\/wp\/v2\/product_brand?post=48028"},{"taxonomy":"product_cat","embeddable":true,"href":"https:\/\/portallamp.invette.dev\/de\/wp-json\/wp\/v2\/product_cat?post=48028"},{"taxonomy":"product_tag","embeddable":true,"href":"https:\/\/portallamp.invette.dev\/de\/wp-json\/wp\/v2\/product_tag?post=48028"}],"curies":[{"name":"wp","href":"https:\/\/api.w.org\/{rel}","templated":true}]}}