{"id":48049,"date":"2025-07-03T18:03:18","date_gmt":"2025-07-03T16:03:18","guid":{"rendered":"https:\/\/portallamp.invette.dev\/produkt\/kinkiet-loft-druciany-edison-z-drutu-720-k1\/"},"modified":"2025-07-03T18:03:18","modified_gmt":"2025-07-03T16:03:18","slug":"kinkiet-loft-druciany-edison-z-drutu-720-k1","status":"publish","type":"product","link":"https:\/\/portallamp.invette.dev\/de\/produkt\/kinkiet-loft-druciany-edison-z-drutu-720-k1\/","title":{"rendered":"Kinkiet Loft Druciany Edison z drutu 720-K1"},"content":{"rendered":"<h1>Przedmiotem sprzeda\u017cy jest:<\/h1>\n<h1>Nowy kinkiet loft edison w stylu minimalistycznym z os\u0142on\u0105 \u017car\u00f3wki wykonan\u0105 z drutu.<\/h1>\n<p><b>Nr kat: 720-K1 LUXOLAR<\/b><\/p>\n<h1><\/h1>\n<p><img decoding=\"async\" src=\"https:\/\/c.allegroimg.com\/original\/038fe0\/9965706a40758c6112ec090e004c\" alt=\"Zdj\u0119cie produktu\" style=\"max-width:100%; height:auto; margin:10px 0;\"><\/p>\n<h2>Kinkiet w stylu minimalistycznym z os\u0142on\u0105 \u017car\u00f3wki wykonan\u0105 z drutu.<\/h2>\n<p>Idealnie pasuje do surowych szaro-bia\u0142ych wn\u0119trz.<\/p>\n<p>Przeznaczony jako o\u015bwietlenie uzupe\u0142niaj\u0105ce, dekoracyjne do pomieszcze\u0144 wewn\u0105trz domu z wy\u0142\u0105czeniem \u0142azienki lub miejsc o zwi\u0119kszonej wilgotno\u015bci.<\/p>\n<p>Lampa obs\u0142uguje wszystkie \u017car\u00f3wki z gwintem typu E27 do max 60 wat\u00f3w.<\/p>\n<p>Dobry stosunek ceny do jako\u015bci.<\/p>\n<h1>Najwa\u017cniejsze cechy produktu:<\/h1>\n<ul>\n<li>Nowoczesny Styl &#8211; &nbsp;\u0142atwo wkomponuje si\u0119 w uk\u0142ad mieszkania<\/li>\n<li>Solidna metalowa konstrukcja malowana proszkowo<\/li>\n<li>Trwa\u0142a druciana os\u0142ona<\/li>\n<li>Gwint E27 umo\u017cliwia szeroki wyb\u00f3r \u017car\u00f3wek<\/li>\n<li>Wieszana na ko\u0142kach rozporowych.<\/li>\n<li>Lampa obj\u0119ta jest&nbsp;<b>pe\u0142nym ubezpieczeniem<\/b>&nbsp;na czas transportu.<\/li>\n<li><b>Produkt bezpo\u015brednio od polskiego producenta LUXOLAR<\/b><\/li>\n<\/ul>\n<h1>Dane techniczne:<\/h1>\n<ul>\n<li><b>materia\u0142 konstrukcji:<\/b>&nbsp;metal malowany proszkowo<\/li>\n<li><b>wymiary:<\/b>&nbsp;wysoko\u015b\u0107 ca\u0142kowita kinkietu 26 cm&nbsp;<b>,<\/b>&nbsp;Wymiar puszki: 10 cm, G\u0142\u0119boko\u015b\u0107 mierzona od \u015bciany: 25cm<\/li>\n<li><b>zasilanie:<\/b>&nbsp;~230 [V] \/ bezpo\u015brednie z sieci<\/li>\n<li><b>\u017ar\u00f3d\u0142o \u015bwiat\u0142a:<\/b>&nbsp;E-27<\/li>\n<li><b>IP 20, Klasa I<\/b><\/li>\n<li><b>zestaw nie zawiera \u017car\u00f3wki oraz ko\u0142k\u00f3w rozporowych do monta\u017cu<\/b><\/li>\n<\/ul>\n<p><img decoding=\"async\" src=\"https:\/\/7.allegroimg.com\/original\/03b0d5\/fd30d67540e78733bac7e6d02b57\" alt=\"Zdj\u0119cie produktu\" style=\"max-width:100%; height:auto; margin:10px 0;\"><br \/>\n<img decoding=\"async\" src=\"https:\/\/6.allegroimg.com\/original\/033e5f\/4f062fab48fb871c7308759acfc6\" alt=\"Zdj\u0119cie produktu\" style=\"max-width:100%; height:auto; margin:10px 0;\"><\/p>\n","protected":false},"excerpt":{"rendered":"<p>Przedmiotem sprzeda\u017cy jest: Nowy kinkiet loft edison w stylu minimalistycznym z os\u0142on\u0105 \u017car\u00f3wki wykonan\u0105 z drutu. Nr kat: 720-K1 LUXOLAR Kinkiet w stylu minimalistycznym z os\u0142on\u0105 \u017car\u00f3wki wykonan\u0105 z drutu. Idealnie pasuje do surowych szaro-bia\u0142ych wn\u0119trz. Przeznaczony jako o\u015bwietlenie uzupe\u0142niaj\u0105ce, dekoracyjne do pomieszcze\u0144 wewn\u0105trz domu z wy\u0142\u0105czeniem \u0142azienki lub miejsc o zwi\u0119kszonej wilgotno\u015bci. Lampa obs\u0142uguje [&hellip;]<\/p>\n","protected":false},"featured_media":35924,"comment_status":"closed","ping_status":"open","template":"","meta":{"_acf_changed":false},"product_brand":[162],"product_cat":[2593,2828],"product_tag":[],"class_list":{"0":"post-48049","1":"product","2":"type-product","3":"status-publish","4":"has-post-thumbnail","6":"product_brand-luxolar","7":"product_cat-lampen","8":"product_cat-wandleuchten-de","9":"pa_kod-producenta-720-k1-de","10":"pa_kolekcja-720-de","11":"pa_kolor-gold-de","12":"pa_kolor-schwarz","13":"pa_liczba-punktow-swiatla-1-de","14":"pa_marka-luxolar","15":"pa_material-dominujacy-metall","16":"pa_rodzaj-gwintu-e27-de","17":"pa_zawiera-baterie-nein","18":"pa_zrodlo-swiatla-ohne-lichtquelle","20":"first","21":"instock","22":"purchasable","23":"product-type-simple"},"acf":[],"aioseo_notices":[],"_links":{"self":[{"href":"https:\/\/portallamp.invette.dev\/de\/wp-json\/wp\/v2\/product\/48049","targetHints":{"allow":["GET"]}}],"collection":[{"href":"https:\/\/portallamp.invette.dev\/de\/wp-json\/wp\/v2\/product"}],"about":[{"href":"https:\/\/portallamp.invette.dev\/de\/wp-json\/wp\/v2\/types\/product"}],"replies":[{"embeddable":true,"href":"https:\/\/portallamp.invette.dev\/de\/wp-json\/wp\/v2\/comments?post=48049"}],"wp:featuredmedia":[{"embeddable":true,"href":"https:\/\/portallamp.invette.dev\/de\/wp-json\/wp\/v2\/media\/35924"}],"wp:attachment":[{"href":"https:\/\/portallamp.invette.dev\/de\/wp-json\/wp\/v2\/media?parent=48049"}],"wp:term":[{"taxonomy":"product_brand","embeddable":true,"href":"https:\/\/portallamp.invette.dev\/de\/wp-json\/wp\/v2\/product_brand?post=48049"},{"taxonomy":"product_cat","embeddable":true,"href":"https:\/\/portallamp.invette.dev\/de\/wp-json\/wp\/v2\/product_cat?post=48049"},{"taxonomy":"product_tag","embeddable":true,"href":"https:\/\/portallamp.invette.dev\/de\/wp-json\/wp\/v2\/product_tag?post=48049"}],"curies":[{"name":"wp","href":"https:\/\/api.w.org\/{rel}","templated":true}]}}