{"id":48052,"date":"2025-07-03T18:03:18","date_gmt":"2025-07-03T16:03:18","guid":{"rendered":"https:\/\/portallamp.invette.dev\/produkt\/kinkiet-abazur-diament-rozne-kolory-299-k1\/"},"modified":"2025-07-03T18:03:18","modified_gmt":"2025-07-03T16:03:18","slug":"kinkiet-abazur-diament-rozne-kolory-299-k1","status":"publish","type":"product","link":"https:\/\/portallamp.invette.dev\/de\/produkt\/kinkiet-abazur-diament-rozne-kolory-299-k1\/","title":{"rendered":"Kinkiet Aba\u017cur Diament R\u00f3\u017cne Kolory 299-K1"},"content":{"rendered":"<h1>Przedmiotem sprzeda\u017cy jest:<\/h1>\n<h2>Nowy Kinkiet, Lama \u015acienna&nbsp; z serii Diament nr kat: 299-K1 LED bezpo\u015brednio od producenta LUXOLAR<\/h2>\n<p><b>Nr kat: 299-K1 LUXOLAR<\/b><\/p>\n<h1><\/h1>\n<p><img decoding=\"async\" src=\"https:\/\/a.allegroimg.com\/original\/036d54\/3ec2db8345a390de1faabdcb00aa\" alt=\"Zdj\u0119cie produktu\" style=\"max-width:100%; height:auto; margin:10px 0;\"><\/p>\n<h2>Idealnie pasuje do surowych czarno bia\u0142ych wn\u0119trz.<\/h2>\n<ul>\n<li>Przeznaczony jako o\u015bwietlenie uzupe\u0142niaj\u0105ce, dekoracyjne do pomieszcze\u0144 wewn\u0105trz domu z wy\u0142\u0105czeniem \u0142azienki lub miejsc o zwi\u0119kszonej wilgotno\u015bci.<\/li>\n<\/ul>\n<ul>\n<li>Oferowany w r\u00f3\u017cnych kolorach, dotyczy zar\u00f3wno konstrukcji kinkietu jak i aba\u017cura.<\/li>\n<\/ul>\n<ul>\n<li>Lampa obs\u0142uguje wszystkie \u017car\u00f3wki z gwintem typu E27 do max 60 wat\u00f3w.<\/li>\n<\/ul>\n<h1>Dane techniczne:<\/h1>\n<ul>\n<li><b>materia\u0142 konstrukcji:<\/b>&nbsp;metal malowany proszkowo<\/li>\n<li><b>materia\u0142 aba\u017cur\u00f3w: <\/b>tkanina w wybranym kolorze na zewn\u0105trz, bia\u0142e pcv od wewn\u0105trz<\/li>\n<li><b>wymiary:<\/b>&nbsp;wysoko\u015b\u0107 ca\u0142kowita kinkietu 29 cm <b>,<\/b>&nbsp;Wymiar puszki: 10 x 5 cm<\/li>\n<li><b>zasilanie:<\/b>&nbsp;~230 [V] \/ &#8211; bezpo\u015brednie z sieci, nie wymaga transformatora, brak w\u0142\u0105cznika w obudowie.<\/li>\n<li><b>\u017ar\u00f3d\u0142o \u015bwiat\u0142a:<\/b>&nbsp;E-27<\/li>\n<li><b>IP 20, Klasa I<\/b><\/li>\n<li><b>zestaw nie zawiera \u017car\u00f3wek oraz ko\u0142k\u00f3w rozporowych do monta\u017cu<\/b><\/li>\n<li><b>producent:&nbsp;<\/b>LUXOLAR<\/li>\n<\/ul>\n<p><img decoding=\"async\" src=\"https:\/\/9.allegroimg.com\/original\/0376e0\/3cd932f640368fb188d6b558dd79\" alt=\"Zdj\u0119cie produktu\" style=\"max-width:100%; height:auto; margin:10px 0;\"><br \/>\n<img decoding=\"async\" src=\"https:\/\/5.allegroimg.com\/original\/030fb7\/4825c7f24492aea4b73acbf82ed5\" alt=\"Zdj\u0119cie produktu\" style=\"max-width:100%; height:auto; margin:10px 0;\"><\/p>\n<ul>\n<li><b>Wn\u0119trze aba\u017cura w kolorze bia\u0142ym<\/b><\/li>\n<\/ul>\n<ul>\n<li><b>Wybrany kolor na zewn\u0105trz<\/b><\/li>\n<\/ul>\n<ul>\n<li><b>\u015arednica otworu monta\u017cowego: 42 cm<\/b><\/li>\n<\/ul>\n<h1>KOLORY ABA\u017bUR\u00d3W DO WYBORU:<\/h1>\n<p><img decoding=\"async\" src=\"https:\/\/7.allegroimg.com\/original\/031ee4\/43b7f2df47298de09a805a6e4c47\" alt=\"Zdj\u0119cie produktu\" style=\"max-width:100%; height:auto; margin:10px 0;\"><\/p>\n<h1>KOLORY KONSTRUKCJI DO WYBORU:<\/h1>\n<p><img decoding=\"async\" src=\"https:\/\/e.allegroimg.com\/original\/034120\/b86cde254c2e940b93056e76476e\" alt=\"Zdj\u0119cie produktu\" style=\"max-width:100%; height:auto; margin:10px 0;\"><\/p>\n<h2>ETAPY REALIZACJI ZAM\u00d3WIENIA:<\/h2>\n<ol>\n<li><b>Wybierz kolor konstrukcji: <\/b>Czarny, Grafit, Bia\u0142y,Szary lub Czerwony<\/li>\n<li><b>Wybierz kolor aba\u017cura<\/b>: BIa\u0142y,Czarny, Szary, Czerwony, Niebieski, Granatowy, Jasny zielony lub Jasny pomara\u0144cz.<\/li>\n<\/ol>\n<p><b>Poprawne przes\u0142anie powy\u017cszych informacji znacznie przyspieszy realizacj\u0119 zam\u00f3wienia. <\/b><\/p>\n<p><img decoding=\"async\" src=\"https:\/\/0.allegroimg.com\/original\/0374ed\/53ff51ca4f56b94770e7c69b3880\" alt=\"Zdj\u0119cie produktu\" style=\"max-width:100%; height:auto; margin:10px 0;\"><\/p>\n","protected":false},"excerpt":{"rendered":"<p>Przedmiotem sprzeda\u017cy jest: Nowy Kinkiet, Lama \u015acienna&nbsp; z serii Diament nr kat: 299-K1 LED bezpo\u015brednio od producenta LUXOLAR Nr kat: 299-K1 LUXOLAR Idealnie pasuje do surowych czarno bia\u0142ych wn\u0119trz. Przeznaczony jako o\u015bwietlenie uzupe\u0142niaj\u0105ce, dekoracyjne do pomieszcze\u0144 wewn\u0105trz domu z wy\u0142\u0105czeniem \u0142azienki lub miejsc o zwi\u0119kszonej wilgotno\u015bci. Oferowany w r\u00f3\u017cnych kolorach, dotyczy zar\u00f3wno konstrukcji kinkietu jak [&hellip;]<\/p>\n","protected":false},"featured_media":35939,"comment_status":"closed","ping_status":"open","template":"","meta":{"_acf_changed":false},"product_brand":[162],"product_cat":[2593,2674],"product_tag":[],"class_list":{"0":"post-48052","1":"product","2":"type-product","3":"status-publish","4":"has-post-thumbnail","6":"product_brand-luxolar","7":"product_cat-lampen","8":"product_cat-hangelampen","9":"pa_kod-producenta-299-k1-de","10":"pa_kolekcja-299-de","11":"pa_kolor-blau","12":"pa_kolor-grau","13":"pa_kolor-grun","14":"pa_kolor-orange-de","15":"pa_kolor-rosa","16":"pa_kolor-rot","17":"pa_kolor-schwarz","18":"pa_kolor-weis","19":"pa_liczba-punktow-swiatla-1-de","20":"pa_marka-luxolar","21":"pa_pomieszczenie-buro","22":"pa_pomieszczenie-esszimmer","23":"pa_pomieszczenie-kuche","24":"pa_pomieszczenie-salon-de","25":"pa_pomieszczenie-schlafzimmer","26":"pa_rodzaj-gwintu-e27-de","27":"pa_rodzaj-lampy-deckenleuchten-hangeleuchten","28":"pa_zasilanie-netzwerk","29":"pa_zawiera-baterie-nein","30":"pa_zrodlo-swiatla-ohne-lichtquelle","32":"first","33":"instock","34":"purchasable","35":"product-type-simple"},"acf":[],"aioseo_notices":[],"_links":{"self":[{"href":"https:\/\/portallamp.invette.dev\/de\/wp-json\/wp\/v2\/product\/48052","targetHints":{"allow":["GET"]}}],"collection":[{"href":"https:\/\/portallamp.invette.dev\/de\/wp-json\/wp\/v2\/product"}],"about":[{"href":"https:\/\/portallamp.invette.dev\/de\/wp-json\/wp\/v2\/types\/product"}],"replies":[{"embeddable":true,"href":"https:\/\/portallamp.invette.dev\/de\/wp-json\/wp\/v2\/comments?post=48052"}],"wp:featuredmedia":[{"embeddable":true,"href":"https:\/\/portallamp.invette.dev\/de\/wp-json\/wp\/v2\/media\/35939"}],"wp:attachment":[{"href":"https:\/\/portallamp.invette.dev\/de\/wp-json\/wp\/v2\/media?parent=48052"}],"wp:term":[{"taxonomy":"product_brand","embeddable":true,"href":"https:\/\/portallamp.invette.dev\/de\/wp-json\/wp\/v2\/product_brand?post=48052"},{"taxonomy":"product_cat","embeddable":true,"href":"https:\/\/portallamp.invette.dev\/de\/wp-json\/wp\/v2\/product_cat?post=48052"},{"taxonomy":"product_tag","embeddable":true,"href":"https:\/\/portallamp.invette.dev\/de\/wp-json\/wp\/v2\/product_tag?post=48052"}],"curies":[{"name":"wp","href":"https:\/\/api.w.org\/{rel}","templated":true}]}}