{"id":48067,"date":"2025-07-03T18:03:18","date_gmt":"2025-07-03T16:03:18","guid":{"rendered":"https:\/\/portallamp.invette.dev\/produkt\/lampa-wiszaca-zwis-druciany-edison-z-drutu-720-z1\/"},"modified":"2025-07-03T18:03:18","modified_gmt":"2025-07-03T16:03:18","slug":"lampa-wiszaca-zwis-druciany-edison-z-drutu-720-z1","status":"publish","type":"product","link":"https:\/\/portallamp.invette.dev\/de\/produkt\/lampa-wiszaca-zwis-druciany-edison-z-drutu-720-z1\/","title":{"rendered":"Lampa Wisz\u0105ca Zwis Druciany Edison z drutu 720-Z1"},"content":{"rendered":"<h1>Przedmiotem sprzeda\u017cy jest:<\/h1>\n<h1>Wysokiej jako\u015bci lampa wisz\u0105ca w stylu minimalistycznym, skandynawskim.<\/h1>\n<\/p>\n<p><b>Nr kat: 720-Z1 LUXOLAR<\/b><\/p>\n<\/p>\n<p><img decoding=\"async\" src=\"https:\/\/3.allegroimg.com\/original\/03cee5\/bd15965a4ca89577e07ee918fd83\" alt=\"Zdj\u0119cie produktu\" style=\"max-width:100%; height:auto; margin:10px 0;\"><\/p>\n<h2>Lampa wisz\u0105ca w stylu minimalistycznym z os\u0142on\u0105 \u017car\u00f3wki&nbsp; wykonan\u0105 z drutu.<\/h2>\n<p>Os\u0142ona \u017car\u00f3wki wykonana z drutu.<\/p>\n<p>Idealnie pasuje do surowych, szaro-bia\u0142ych wn\u0119trz.<\/p>\n<p>Wysoko\u015b\u0107 umo\u017cliwia zastosowanie lampy w pomieszczeniach wy\u017cszych&nbsp; lub ni\u017cszych &#8211; regulacja przed monta\u017cem.<\/p>\n<p>Lampa obs\u0142uguje wszystkie \u017car\u00f3wki z gwintem typu E27 do max 60 wat\u00f3w. &nbsp;\u015awietnie sprawdzi si\u0119 jako o\u015bwietlenie dodatkowe, uzupe\u0142niaj\u0105ce.<\/p>\n<h1>Dane techniczne:<\/h1>\n<ul>\n<li><b>materia\u0142 konstrukcji:<\/b>&nbsp;metal malowany proszkowo<\/li>\n<li><b>wymiary:<\/b>&nbsp;wysoko\u015b\u0107 ca\u0142kowita 70 cm&nbsp;<b>,<\/b>&nbsp;Wymiar podsufitki: 10 cm<\/li>\n<li><b>zasilanie:<\/b>&nbsp;~230 [V] \/ nie wymaga transformatora<\/li>\n<li><b>\u017ar\u00f3d\u0142o \u015bwiat\u0142a:<\/b>&nbsp;E-27<\/li>\n<li>Wieszana na ko\u0142kach rozporowych.<\/li>\n<li><b>zestaw nie zawiera \u017car\u00f3wki oraz ko\u0142k\u00f3w rozporowych do monta\u017cu<\/b><\/li>\n<li><b>producent: <\/b>LUXOLAR<\/li>\n<\/ul>\n<p><img decoding=\"async\" src=\"https:\/\/1.allegroimg.com\/original\/03de6e\/9a49b91f4e8780d351fe8f79dc11\" alt=\"Zdj\u0119cie produktu\" style=\"max-width:100%; height:auto; margin:10px 0;\"><br \/>\n<img decoding=\"async\" src=\"https:\/\/5.allegroimg.com\/original\/0366f9\/f08000d6410796e782980359bb75\" alt=\"Zdj\u0119cie produktu\" style=\"max-width:100%; height:auto; margin:10px 0;\"><br \/>\n<img decoding=\"async\" src=\"https:\/\/0.allegroimg.com\/original\/0324bf\/42f6486e4067b579b0d29abd8180\" alt=\"Zdj\u0119cie produktu\" style=\"max-width:100%; height:auto; margin:10px 0;\"><\/p>\n","protected":false},"excerpt":{"rendered":"<p>Przedmiotem sprzeda\u017cy jest: Wysokiej jako\u015bci lampa wisz\u0105ca w stylu minimalistycznym, skandynawskim. Nr kat: 720-Z1 LUXOLAR Lampa wisz\u0105ca w stylu minimalistycznym z os\u0142on\u0105 \u017car\u00f3wki&nbsp; wykonan\u0105 z drutu. Os\u0142ona \u017car\u00f3wki wykonana z drutu. Idealnie pasuje do surowych, szaro-bia\u0142ych wn\u0119trz. Wysoko\u015b\u0107 umo\u017cliwia zastosowanie lampy w pomieszczeniach wy\u017cszych&nbsp; lub ni\u017cszych &#8211; regulacja przed monta\u017cem. Lampa obs\u0142uguje wszystkie \u017car\u00f3wki z [&hellip;]<\/p>\n","protected":false},"featured_media":36032,"comment_status":"closed","ping_status":"open","template":"","meta":{"_acf_changed":false},"product_brand":[162],"product_cat":[2593,2674],"product_tag":[],"class_list":{"0":"post-48067","1":"product","2":"type-product","3":"status-publish","4":"has-post-thumbnail","6":"product_brand-luxolar","7":"product_cat-lampen","8":"product_cat-hangelampen","9":"pa_kod-producenta-720-z1-de","10":"pa_kolekcja-720-z1-de","11":"pa_kolor-orange-de","12":"pa_kolor-schwarz","13":"pa_liczba-punktow-swiatla-1-de","14":"pa_marka-luxolar","15":"pa_material-dominujacy-metall","16":"pa_pomieszczenie-buro","17":"pa_pomieszczenie-esszimmer","18":"pa_pomieszczenie-flur-treppe","19":"pa_pomieszczenie-kuche","20":"pa_pomieszczenie-salon-de","21":"pa_pomieszczenie-schlafzimmer","22":"pa_rodzaj-gwintu-e27-de","23":"pa_rodzaj-lampy-deckenleuchten-hangeleuchten","24":"pa_zasilanie-netzwerk","25":"pa_zawiera-baterie-nein","26":"pa_zrodlo-swiatla-ohne-lichtquelle","28":"first","29":"instock","30":"purchasable","31":"product-type-simple"},"acf":[],"aioseo_notices":[],"_links":{"self":[{"href":"https:\/\/portallamp.invette.dev\/de\/wp-json\/wp\/v2\/product\/48067","targetHints":{"allow":["GET"]}}],"collection":[{"href":"https:\/\/portallamp.invette.dev\/de\/wp-json\/wp\/v2\/product"}],"about":[{"href":"https:\/\/portallamp.invette.dev\/de\/wp-json\/wp\/v2\/types\/product"}],"replies":[{"embeddable":true,"href":"https:\/\/portallamp.invette.dev\/de\/wp-json\/wp\/v2\/comments?post=48067"}],"wp:featuredmedia":[{"embeddable":true,"href":"https:\/\/portallamp.invette.dev\/de\/wp-json\/wp\/v2\/media\/36032"}],"wp:attachment":[{"href":"https:\/\/portallamp.invette.dev\/de\/wp-json\/wp\/v2\/media?parent=48067"}],"wp:term":[{"taxonomy":"product_brand","embeddable":true,"href":"https:\/\/portallamp.invette.dev\/de\/wp-json\/wp\/v2\/product_brand?post=48067"},{"taxonomy":"product_cat","embeddable":true,"href":"https:\/\/portallamp.invette.dev\/de\/wp-json\/wp\/v2\/product_cat?post=48067"},{"taxonomy":"product_tag","embeddable":true,"href":"https:\/\/portallamp.invette.dev\/de\/wp-json\/wp\/v2\/product_tag?post=48067"}],"curies":[{"name":"wp","href":"https:\/\/api.w.org\/{rel}","templated":true}]}}