{"id":48124,"date":"2025-07-03T18:01:37","date_gmt":"2025-07-03T16:01:37","guid":{"rendered":"https:\/\/portallamp.invette.dev\/produkt\/zarowka-led-g9-12w-smd-4000k-nw-1350lm-barwa-neutralna\/"},"modified":"2025-07-03T18:01:37","modified_gmt":"2025-07-03T16:01:37","slug":"zarowka-led-g9-12w-smd-4000k-nw-1350lm-barwa-neutralna","status":"publish","type":"product","link":"https:\/\/portallamp.invette.dev\/de\/produkt\/zarowka-led-g9-12w-smd-4000k-nw-1350lm-barwa-neutralna\/","title":{"rendered":"\u017bAR\u00d3WKA LED G9 12W SMD 4000K NW 1350lm Barwa Neutralna"},"content":{"rendered":"<h1>\u017bAR\u00d3WKA LED G9 12W SMD 4000K NW 1350lm Barwa Neutralna<\/h1>\n<p>Odpowiednik tradycyjnej \u017car\u00f3wki 90W<\/p>\n<p><img decoding=\"async\" src=\"https:\/\/a.allegroimg.com\/original\/11e0cf\/86ce30714c34b32f43b7ce0312f5\" alt=\"Zdj\u0119cie produktu\" style=\"max-width:100%; height:auto; margin:10px 0;\"><\/p>\n<h1>Parametry techniczne:<\/h1>\n<ul>\n<li>rodzaj trzonka: <b>G9<\/b><\/li>\n<li>barwa \u015bwiat\u0142a:&nbsp;<b> Neutralna 4000K<\/b><\/li>\n<li>napi\u0119cie zasilania: <b>230V AC<\/b><\/li>\n<li>moc: <b>12 W<\/b><\/li>\n<li>skuteczny strumie\u0144 \u015bwietlny: <b>1350 lm<\/b><\/li>\n<li>k\u0105t \u015bwiecenia: <b>270\u00b0<\/b><\/li>\n<li>\u015brednica: <b>18<\/b>&nbsp;<b>mm<\/b><\/li>\n<li>wysoko\u015b\u0107: <b>75 mm<\/b><\/li>\n<li>Wsp\u00f3\u0142czynnik oddawania barw CRI: <b>Ra &gt; 80<\/b><\/li>\n<li><b>Czas zap\u0142onu:<\/b>&nbsp;natychmiast<\/li>\n<li><b>Liczba cykli pracy \/ w\u0142\u0105cze\u0144:<\/b> 25000<\/li>\n<li><b>Trwa\u0142o\u015b\u0107:<\/b>&nbsp;30000h<\/li>\n<li>Klasa efektywno\u015bci energetycznej &#8211; stara klasyfikacja:&nbsp;<b>A+<\/b><\/li>\n<li>Klasa efektywno\u015bci energetycznej &#8211; nowa klasyfikacja:<b>&nbsp;F<\/b><\/li>\n<li><b>Producent: LUXOLAR<\/b><\/li>\n<\/ul>\n<p><b>Zgodnie z dyrektyw\u0105 UE 2019 \/ 2015 od 1 wrze\u015bnia nast\u0119puje zmiana oznacze\u0144 klas energetycznych stosowanych w \u017ar\u00f3d\u0142ach \u015bwiat\u0142a.<\/b><\/p>\n<p><b>W zwi\u0105zku z tym dotychczasowe klasy A++ A+ A zosta\u0142y zast\u0105pione klasami E, F, G<\/b><\/p>\n<p><b>Oferowana \u017car\u00f3wka posiada etykiet\u0119 energetyczn\u0105 dostosowan\u0105 do nowej dyrektywy.<\/b><\/p>\n","protected":false},"excerpt":{"rendered":"<p>\u017bAR\u00d3WKA LED G9 12W SMD 4000K NW 1350lm Barwa Neutralna Odpowiednik tradycyjnej \u017car\u00f3wki 90W Parametry techniczne: rodzaj trzonka: G9 barwa \u015bwiat\u0142a:&nbsp; Neutralna 4000K napi\u0119cie zasilania: 230V AC moc: 12 W skuteczny strumie\u0144 \u015bwietlny: 1350 lm k\u0105t \u015bwiecenia: 270\u00b0 \u015brednica: 18&nbsp;mm wysoko\u015b\u0107: 75 mm Wsp\u00f3\u0142czynnik oddawania barw CRI: Ra &gt; 80 Czas zap\u0142onu:&nbsp;natychmiast Liczba cykli pracy [&hellip;]<\/p>\n","protected":false},"featured_media":35003,"comment_status":"closed","ping_status":"open","template":"","meta":{"_acf_changed":false},"product_brand":[162],"product_cat":[3730],"product_tag":[],"class_list":{"0":"post-48124","1":"product","2":"type-product","3":"status-publish","4":"has-post-thumbnail","6":"product_brand-luxolar","7":"product_cat-lichtquellen","8":"pa_barwa-neutralweis","9":"pa_jasnosc-1350-de","10":"pa_kat-wiercenia-270-de","11":"pa_klasa-efektywnosci-f-de","12":"pa_kod-producenta-2250931-de","13":"pa_kolor-szkla-transparent-de","14":"pa_ksztalt-rohrformig","15":"pa_marka-luxolar","16":"pa_min-liczba-cykli-wlaczen-25000-de","17":"pa_moc-12-de","18":"pa_napiecie-230v-de","19":"pa_rodzaj-led-de","20":"pa_rodzaj-gwintu-g9-de","21":"pa_stan-original-de","22":"pa_temperatura-barwowa-4000-de","23":"pa_trwalosc-30000-de","24":"pa_wskaznik-barw-82-6-de","25":"pa_zawiera-baterie-nein","26":"pa_zuzycie-energii-12-de","28":"first","29":"instock","30":"purchasable","31":"product-type-simple"},"acf":[],"aioseo_notices":[],"_links":{"self":[{"href":"https:\/\/portallamp.invette.dev\/de\/wp-json\/wp\/v2\/product\/48124","targetHints":{"allow":["GET"]}}],"collection":[{"href":"https:\/\/portallamp.invette.dev\/de\/wp-json\/wp\/v2\/product"}],"about":[{"href":"https:\/\/portallamp.invette.dev\/de\/wp-json\/wp\/v2\/types\/product"}],"replies":[{"embeddable":true,"href":"https:\/\/portallamp.invette.dev\/de\/wp-json\/wp\/v2\/comments?post=48124"}],"wp:featuredmedia":[{"embeddable":true,"href":"https:\/\/portallamp.invette.dev\/de\/wp-json\/wp\/v2\/media\/35003"}],"wp:attachment":[{"href":"https:\/\/portallamp.invette.dev\/de\/wp-json\/wp\/v2\/media?parent=48124"}],"wp:term":[{"taxonomy":"product_brand","embeddable":true,"href":"https:\/\/portallamp.invette.dev\/de\/wp-json\/wp\/v2\/product_brand?post=48124"},{"taxonomy":"product_cat","embeddable":true,"href":"https:\/\/portallamp.invette.dev\/de\/wp-json\/wp\/v2\/product_cat?post=48124"},{"taxonomy":"product_tag","embeddable":true,"href":"https:\/\/portallamp.invette.dev\/de\/wp-json\/wp\/v2\/product_tag?post=48124"}],"curies":[{"name":"wp","href":"https:\/\/api.w.org\/{rel}","templated":true}]}}