{"id":48367,"date":"2025-07-03T17:49:33","date_gmt":"2025-07-03T15:49:33","guid":{"rendered":"https:\/\/portallamp.invette.dev\/produkt\/kinkiet-lampa-scienna-full-globe-glass-561-kw1-led-g9-biala-kula-wlacznik\/"},"modified":"2025-07-03T17:49:33","modified_gmt":"2025-07-03T15:49:33","slug":"kinkiet-lampa-scienna-full-globe-glass-561-kw1-led-g9-biala-kula-wlacznik","status":"publish","type":"product","link":"https:\/\/portallamp.invette.dev\/de\/produkt\/kinkiet-lampa-scienna-full-globe-glass-561-kw1-led-g9-biala-kula-wlacznik\/","title":{"rendered":"Kinkiet Lampa \u015bcienna Full Globe Glass 561-KW1 LED G9 Bia\u0142a Kula W\u0142\u0105cznik"},"content":{"rendered":"<h1>Kinkiet &#8211; Lampa \u015bcienna Full Globe Glass &#8211; Kula Bia\u0142a<\/h1>\n<p>Oprawa natynkowa, metalowa ze szklanym kloszem maj\u0105ca zastosowanie jako o\u015bwietlenie wewn\u0119trzne, z wy\u0142\u0105czeniem miejsc o podwy\u017cszonej wilgotno\u015bci.<\/p>\n<p>Wersja z w\u0142\u0105cznikiem \u0142a\u0144cuszkowym.<\/p>\n<p><img decoding=\"async\" src=\"https:\/\/a.allegroimg.com\/original\/119465\/7d33951045379d64fe1171b5d778\" alt=\"Zdj\u0119cie produktu\" style=\"max-width:100%; height:auto; margin:10px 0;\"><br \/>\n<img decoding=\"async\" src=\"https:\/\/a.allegroimg.com\/original\/115fc1\/2c1b973346a78994a1346f077554\" alt=\"Zdj\u0119cie produktu\" style=\"max-width:100%; height:auto; margin:10px 0;\"><br \/>\n<img decoding=\"async\" src=\"https:\/\/a.allegroimg.com\/original\/113310\/e44cd23946208610f77cd3c06819\" alt=\"Zdj\u0119cie produktu\" style=\"max-width:100%; height:auto; margin:10px 0;\"><\/p>\n<h2>Idealna do:<\/h2>\n<p>\u2705 O\u015bwietlenia Lustra \/ obrazu &#8211; montowany po jego obu stronach<\/p>\n<p>\u2705 Loftowych wn\u0119trz &#8211; dobrze komponuje si\u0119 z drewnem i metalem<\/p>\n<p>\u2705 Sypialni jako typowy kinkiet montowany w pobli\u017cu \u0142\u00f3\u017cka<\/p>\n<h2>G\u0142\u00f3wne cechy produktu:<\/h2>\n<p><b>\u2705<\/b> Minimalistyczny design<\/p>\n<p><b>\u2705 <\/b>Uniwersalna kolorystyka<\/p>\n<p><b>\u2705&nbsp;<\/b>Lamp\u0119 charakteryzuje wysoka jako\u015b\u0107 oraz trwa\u0142o\u015b\u0107<\/p>\n<p><b>\u2705<\/b> Szybki i prosty demonta\u017c kloszy co jest bardzo istotne przy ich czyszczeniu lub wymianie \u017car\u00f3wki<\/p>\n<p><b>\u2705&nbsp;<\/b>Produkt Polski, CE Producent: LUXOLAR<\/p>\n<p><b><\/b><\/p>\n<p><b>Parametry techniczne:<\/b><\/p>\n<p><b><\/b><\/p>\n<ul>\n<li><b>Dominuj\u0105cy materia\u0142 konstrukcji:<\/b> Metal malowany proszkowo w kolorze czarnym matowym,<\/li>\n<\/ul>\n<ul>\n<li><b>Dominuj\u0105cy materia\u0142 kloszy:<\/b> Szk\u0142o w kolorze bia\u0142ym matowym<\/li>\n<\/ul>\n<ul>\n<li><b>\u015arednica klosza:<\/b> 14 cm<\/li>\n<\/ul>\n<ul>\n<li><b>\u015arednica rozety:<\/b> 8 cm, Rozpi\u0119to\u015b\u0107 ca\u0142kowita: 17 cm, G\u0142\u0119boko\u015b\u0107: 18 cm<\/li>\n<\/ul>\n<ul>\n<li>IP 20, Klasa I<\/li>\n<\/ul>\n<ul>\n<li><b>\u0179r\u00f3d\u0142o \u015bwiat\u0142a:<\/b> \u017bar\u00f3wki typu G9 do Max 15W<\/li>\n<\/ul>\n<ul>\n<li><b>Zasilanie:<\/b> ~230 [V] \/ bezpo\u015brednie z sieci &#8211; nie wymaga transformator\u00f3w lub innej dodatkowej elektroniki<\/li>\n<\/ul>\n<ul>\n<li><b>Lampa wyposa\u017cona&nbsp; w nowatorski, bardzo wygodny i bezpieczny system montowania kloszy.<\/b><\/li>\n<\/ul>\n<ul>\n<li>Wyprodukowana w Polsce &#8211; gwarantowany szybki dost\u0119p do serwisu i cz\u0119\u015bci zapasowych<\/li>\n<\/ul>\n<ul>\n<li>Szukasz Lampy wisz\u0105cej lub lampki nocnej z tej serii ? Znajdziesz je w naszych ofertach.<\/li>\n<\/ul>\n<ul>\n<li><b>Wersja w pe\u0142ni z\u0142o\u017cona &#8211; nie jest to chi\u0144ski zestaw do samodzielnego monta\u017cu<\/b><\/li>\n<\/ul>\n<p><img decoding=\"async\" src=\"https:\/\/a.allegroimg.com\/original\/1109da\/a36530a742268080f142b1e5a892\" alt=\"Zdj\u0119cie produktu\" style=\"max-width:100%; height:auto; margin:10px 0;\"><br \/>\n<img decoding=\"async\" src=\"https:\/\/a.allegroimg.com\/original\/110859\/34d9924a445da86852c2d534c4a0\" alt=\"Zdj\u0119cie produktu\" style=\"max-width:100%; height:auto; margin:10px 0;\"><br \/>\n<img decoding=\"async\" src=\"https:\/\/a.allegroimg.com\/original\/11fe83\/e0322fe84e37b07bac8aa9bebb04\" alt=\"Zdj\u0119cie produktu\" style=\"max-width:100%; height:auto; margin:10px 0;\"><\/p>\n<h2>Zestaw zawiera:<\/h2>\n<ul>\n<li><b>Kompletn\u0105, z\u0142o\u017con\u0105 lamp\u0119 &#8211; wystarczy zamontowa\u0107 klosz<\/b><\/li>\n<li><b>Kostk\u0119 przy\u0142\u0105czeniow\u0105,<\/b><\/li>\n<li><b>Instrukcj\u0119 obs\u0142ugi,<\/b><\/li>\n<li><b>Dokument zakupu,<\/b><\/li>\n<\/ul>\n<p><b>Zestaw nie zawiera \u017car\u00f3wki, a tak\u017ce ko\u0142k\u00f3w rozporowych&nbsp; (nale\u017cy dobra\u0107 odpowiednie do sufitu).<\/b><\/p>\n<p><img decoding=\"async\" src=\"https:\/\/a.allegroimg.com\/original\/112a79\/555481c94de5b52876f538217c36\" alt=\"Zdj\u0119cie produktu\" style=\"max-width:100%; height:auto; margin:10px 0;\"><\/p>\n<h2>ZALECANE \u0179R\u00d3D\u0141A \u015aWIAT\u0141A:<\/h2>\n<\/p>\n<ul>\n<li>\u017bar\u00f3wki LED&nbsp; typu G9 &#8211; <b>Nie stosowa\u0107 tradycyjnych \u017car\u00f3wek halogenowych.<\/b><\/li>\n<li>Strumie\u0144 \u015bwietlny: 500 -2000 lm<\/li>\n<li>Zalecana moc pobierana z sieci: 10 -15 W<\/li>\n<li>Barwa: ciep\u0142a (3000K), Neutralna (4000K)&nbsp; lub zimna (6000K)<\/li>\n<\/ul>\n<p><b>\u017bar\u00f3wki nie wchodz\u0105 w sk\u0142ad zestawu &#8211; dost\u0119pne w naszej pe\u0142nej ofercie.<\/b><\/p>\n<p><img decoding=\"async\" src=\"https:\/\/a.allegroimg.com\/original\/11aa87\/61c0effb4f24b8087706912c11c7\" alt=\"Zdj\u0119cie produktu\" style=\"max-width:100%; height:auto; margin:10px 0;\"><br \/>\n<img decoding=\"async\" src=\"https:\/\/a.allegroimg.com\/original\/11c0a5\/8a65d409446c947fc958f4a4e092\" alt=\"Zdj\u0119cie produktu\" style=\"max-width:100%; height:auto; margin:10px 0;\"><br \/>\n<img decoding=\"async\" src=\"https:\/\/a.allegroimg.com\/original\/11a77d\/626a007d4d8890a4ed625682d37f\" alt=\"Zdj\u0119cie produktu\" style=\"max-width:100%; height:auto; margin:10px 0;\"><\/p>\n","protected":false},"excerpt":{"rendered":"<p>Kinkiet &#8211; Lampa \u015bcienna Full Globe Glass &#8211; Kula Bia\u0142a Oprawa natynkowa, metalowa ze szklanym kloszem maj\u0105ca zastosowanie jako o\u015bwietlenie wewn\u0119trzne, z wy\u0142\u0105czeniem miejsc o podwy\u017cszonej wilgotno\u015bci. Wersja z w\u0142\u0105cznikiem \u0142a\u0144cuszkowym. Idealna do: \u2705 O\u015bwietlenia Lustra \/ obrazu &#8211; montowany po jego obu stronach \u2705 Loftowych wn\u0119trz &#8211; dobrze komponuje si\u0119 z drewnem i metalem [&hellip;]<\/p>\n","protected":false},"featured_media":30431,"comment_status":"closed","ping_status":"open","template":"","meta":{"_acf_changed":false},"product_brand":[162],"product_cat":[2593,7371],"product_tag":[],"class_list":{"0":"post-48367","1":"product","2":"type-product","3":"status-publish","4":"has-post-thumbnail","6":"product_brand-luxolar","7":"product_cat-lampen","8":"product_cat-wandleuchten","9":"pa_klasa-efektywnosci-a-de","10":"pa_kod-producenta-561-kw1-de","11":"pa_kolekcja-561-kw1-de","12":"pa_kolor-schwarz","13":"pa_liczba-punktow-swiatla-1-de","14":"pa_marka-luxolar","15":"pa_material-dominujacy-glas","16":"pa_max-moc-pojed-zrodla-swiatla-15-de","17":"pa_rodzaj-gwintu-g9-de","18":"pa_zawiera-baterie-nein","19":"pa_zrodlo-swiatla-ohne-lichtquelle","21":"first","22":"instock","23":"purchasable","24":"product-type-simple"},"acf":[],"aioseo_notices":[],"_links":{"self":[{"href":"https:\/\/portallamp.invette.dev\/de\/wp-json\/wp\/v2\/product\/48367","targetHints":{"allow":["GET"]}}],"collection":[{"href":"https:\/\/portallamp.invette.dev\/de\/wp-json\/wp\/v2\/product"}],"about":[{"href":"https:\/\/portallamp.invette.dev\/de\/wp-json\/wp\/v2\/types\/product"}],"replies":[{"embeddable":true,"href":"https:\/\/portallamp.invette.dev\/de\/wp-json\/wp\/v2\/comments?post=48367"}],"wp:featuredmedia":[{"embeddable":true,"href":"https:\/\/portallamp.invette.dev\/de\/wp-json\/wp\/v2\/media\/30431"}],"wp:attachment":[{"href":"https:\/\/portallamp.invette.dev\/de\/wp-json\/wp\/v2\/media?parent=48367"}],"wp:term":[{"taxonomy":"product_brand","embeddable":true,"href":"https:\/\/portallamp.invette.dev\/de\/wp-json\/wp\/v2\/product_brand?post=48367"},{"taxonomy":"product_cat","embeddable":true,"href":"https:\/\/portallamp.invette.dev\/de\/wp-json\/wp\/v2\/product_cat?post=48367"},{"taxonomy":"product_tag","embeddable":true,"href":"https:\/\/portallamp.invette.dev\/de\/wp-json\/wp\/v2\/product_tag?post=48367"}],"curies":[{"name":"wp","href":"https:\/\/api.w.org\/{rel}","templated":true}]}}