{"id":48541,"date":"2025-07-03T17:44:16","date_gmt":"2025-07-03T15:44:16","guid":{"rendered":"https:\/\/portallamp.invette.dev\/produkt\/lampa-scienna-kinkiet-reflektor-szklana-glass-tube-chrom-540-kw1-led-e27\/"},"modified":"2025-07-03T17:44:16","modified_gmt":"2025-07-03T15:44:16","slug":"lampa-scienna-kinkiet-reflektor-szklana-glass-tube-chrom-540-kw1-led-e27","status":"publish","type":"product","link":"https:\/\/portallamp.invette.dev\/de\/produkt\/lampa-scienna-kinkiet-reflektor-szklana-glass-tube-chrom-540-kw1-led-e27\/","title":{"rendered":"Lampa \u015acienna Kinkiet Reflektor Szklana Glass Tube CHROM 540-KW1 LED E27"},"content":{"rendered":"<h1>Model Glass Tube Chrome &#8211; z serii nowoczesnych lamp i kinkiet\u00f3w.<\/h1>\n<p>Oprawa natynkowa, metalowa ze szklanymi kloszami maj\u0105ca zastosowanie jako o\u015bwietlenie wewn\u0119trzne, z wy\u0142\u0105czeniem miejsc o podwy\u017cszonej wilgotno\u015bci.<\/p>\n<p>Wersja z wbudowanym w\u0142\u0105cznikiem.<\/p>\n<p><img decoding=\"async\" src=\"https:\/\/a.allegroimg.com\/original\/11716a\/5ba711f245a09d57d444cc5156e3\" alt=\"Zdj\u0119cie produktu\" style=\"max-width:100%; height:auto; margin:10px 0;\"><br \/>\n<img decoding=\"async\" src=\"https:\/\/a.allegroimg.com\/original\/11f360\/20deeb2e417aa77184616a4110fa\" alt=\"Zdj\u0119cie produktu\" style=\"max-width:100%; height:auto; margin:10px 0;\"><br \/>\n<img decoding=\"async\" src=\"https:\/\/a.allegroimg.com\/original\/11050d\/1cccdcc7428ca4ae6d26cc58f162\" alt=\"Zdj\u0119cie produktu\" style=\"max-width:100%; height:auto; margin:10px 0;\"><\/p>\n<h2>Idealna do:<\/h2>\n<p>\u2705 Niedu\u017cego pokoju<\/p>\n<p>\u2705 Kuchni<\/p>\n<p>\u2705 Sypialni<\/p>\n<p>\u2705 Przedpokoju<\/p>\n<p>\u2705 Korytarza<\/p>\n<p>\u2705 Garderoby<\/p>\n<h2>G\u0142\u00f3wne cechy produktu:<\/h2>\n<p><b>\u2705&nbsp;<\/b>Lampa wyposa\u017cona w szklany, dymiony klosze w kszta\u0142cie tuby,<\/p>\n<p><b>\u2705&nbsp;<\/b>Konstrukcj\u0119 pokrywa wysokiej jako\u015bci Chrom &#8211; nie jest to plastik.<\/p>\n<p><b>\u2705&nbsp;<\/b>Nowoczesny design,<\/p>\n<p><b>\u2705 Regulacja kierunku klosza,<\/b><\/p>\n<p><b>\u2705&nbsp;<\/b>Wsp\u00f3\u0142pracuje z najpopularniejsz\u0105 na rynku \u017car\u00f3wk\u0105 z gwintem E27<\/p>\n<p><b>\u2705&nbsp;<\/b>Lamp\u0119 charakteryzuje wysoka jako\u015b\u0107 oraz trwa\u0142o\u015b\u0107,<\/p>\n<p><b>\u2705 Szybki&nbsp; i prosty system demonta\u017cu kloszy do czyszczenia,<\/b><\/p>\n<p><b>\u2705&nbsp;<\/b>Bezproblemowy monta\u017c konstrukcji lampy do pod\u0142o\u017ca,<\/p>\n<p><b>\u2705&nbsp;<\/b>Czytelna instrukcja monta\u017cu i u\u017cytkowania,<\/p>\n<p><b>\u2705<\/b>&nbsp;Dost\u0119p do cz\u0119\u015bci zamiennych &#8211; Produkt Polski.<\/p>\n<h2>Ustaw klosz w dowolnym kierunku &#8211; w tej lampie to mo\u017cliwe.<\/h2>\n<p>Regulacja znacz\u0105co poprawia funkcjonalno\u015b\u0107 lampy.<\/p>\n<p><img decoding=\"async\" src=\"https:\/\/a.allegroimg.com\/original\/1164fc\/97d9b4c64d8981baf7548c0dfe12\" alt=\"Zdj\u0119cie produktu\" style=\"max-width:100%; height:auto; margin:10px 0;\"><\/p>\n<p><b><\/b><\/p>\n<p><b>Parametry techniczne:<\/b><\/p>\n<p><b><\/b><\/p>\n<ul>\n<li>Dominuj\u0105cy materia\u0142 konstrukcji: Metalowa konstrukcja powlekana warstw\u0105 Chromu + Szklany, dymiony klosz,<\/li>\n<\/ul>\n<ul>\n<li>Wymiary klosza: D9 x H11 cm<\/li>\n<\/ul>\n<ul>\n<li>IP 20, Klasa I<\/li>\n<\/ul>\n<ul>\n<li><b>\u0179r\u00f3d\u0142o \u015bwiat\u0142a:<\/b>&nbsp;Dowolne \u017car\u00f3wki energooszcz\u0119dne z gwintem E-27 Max 60W<\/li>\n<\/ul>\n<ul>\n<li><b>Zasilanie:<\/b> ~230 [V] \/ bezpo\u015brednie z sieci &#8211; Wbudowany w\u0142\u0105cznik<\/li>\n<\/ul>\n<ul>\n<li>Lampa z polskiej dystrybucji, wyprodukowana w Polsce &#8211; gwarantowany szybki dost\u0119p do serwisu i cz\u0119\u015bci zapasowych<\/li>\n<\/ul>\n<ul>\n<li><b>Wersja w pe\u0142ni z\u0142o\u017cona &#8211; nie jest to chi\u0144ski zestaw do samodzielnego monta\u017cu<\/b><\/li>\n<\/ul>\n<p><img decoding=\"async\" src=\"https:\/\/a.allegroimg.com\/original\/11317f\/e7bc1054430286ad563192b9edbf\" alt=\"Zdj\u0119cie produktu\" style=\"max-width:100%; height:auto; margin:10px 0;\"><br \/>\n<img decoding=\"async\" src=\"https:\/\/a.allegroimg.com\/original\/11c7ec\/e1c12a6242fda71a85cd2322c2da\" alt=\"Zdj\u0119cie produktu\" style=\"max-width:100%; height:auto; margin:10px 0;\"><br \/>\n<img decoding=\"async\" src=\"https:\/\/a.allegroimg.com\/original\/11e38e\/fb1dacc54304a669a4c1423885e0\" alt=\"Zdj\u0119cie produktu\" style=\"max-width:100%; height:auto; margin:10px 0;\"><br \/>\n<img decoding=\"async\" src=\"https:\/\/a.allegroimg.com\/original\/1160ae\/2f01ced04802ac795e53475ce540\" alt=\"Zdj\u0119cie produktu\" style=\"max-width:100%; height:auto; margin:10px 0;\"><\/p>\n<h2>Zestaw zawiera:<\/h2>\n<ul>\n<li><b>Kompletn\u0105, z\u0142o\u017con\u0105 lamp\u0119 &#8211; wystarczy zamontowa\u0107&nbsp; klosz,<\/b><\/li>\n<li><b>Kostk\u0119 przy\u0142\u0105czeniow\u0105,<\/b><\/li>\n<li><b>Instrukcj\u0119 obs\u0142ugi,<\/b><\/li>\n<li><b>Dokument zakupu.<\/b><\/li>\n<\/ul>\n<p><b>Zestaw nie zawiera \u017car\u00f3wki , a tak\u017ce ko\u0142k\u00f3w rozporowych&nbsp; (nale\u017cy dobra\u0107 odpowiednie do sufitu).<\/b><\/p>\n<p><img decoding=\"async\" src=\"https:\/\/a.allegroimg.com\/original\/110d45\/38273bd54b81b94239d0e611165f\" alt=\"Zdj\u0119cie produktu\" style=\"max-width:100%; height:auto; margin:10px 0;\"><\/p>\n<h2>ZALECANE \u0179R\u00d3D\u0141A \u015aWIAT\u0141A:<\/h2>\n<\/p>\n<ul>\n<li>\u017bar\u00f3wki LED z gwintem typu E27, kszta\u0142t A60<\/li>\n<li>Strumie\u0144 \u015bwietlny: 500 -1300 lm<\/li>\n<li>Moc pobierana z sieci: 4 -12 W<\/li>\n<li>Barwa: ciep\u0142a (3000K), Neutralna (4000K)&nbsp; lub zimna (6000K)<\/li>\n<\/ul>\n<p><b>\u017bar\u00f3wki nie wchodz\u0105 w sk\u0142ad zestawu &#8211; dost\u0119pne w naszej pe\u0142nej ofercie.<\/b><\/p>\n<p><img decoding=\"async\" src=\"https:\/\/a.allegroimg.com\/original\/11ee1f\/e86ab8834793b0fd46e27e531e4a\" alt=\"Zdj\u0119cie produktu\" style=\"max-width:100%; height:auto; margin:10px 0;\"><br \/>\n<img decoding=\"async\" src=\"https:\/\/a.allegroimg.com\/original\/1105ec\/af41ad46426e932aa5f9e301004a\" alt=\"Zdj\u0119cie produktu\" style=\"max-width:100%; height:auto; margin:10px 0;\"><br \/>\n<img decoding=\"async\" src=\"https:\/\/a.allegroimg.com\/original\/11a77d\/626a007d4d8890a4ed625682d37f\" alt=\"Zdj\u0119cie produktu\" style=\"max-width:100%; height:auto; margin:10px 0;\"><\/p>\n","protected":false},"excerpt":{"rendered":"<p>Model Glass Tube Chrome &#8211; z serii nowoczesnych lamp i kinkiet\u00f3w. Oprawa natynkowa, metalowa ze szklanymi kloszami maj\u0105ca zastosowanie jako o\u015bwietlenie wewn\u0119trzne, z wy\u0142\u0105czeniem miejsc o podwy\u017cszonej wilgotno\u015bci. Wersja z wbudowanym w\u0142\u0105cznikiem. Idealna do: \u2705 Niedu\u017cego pokoju \u2705 Kuchni \u2705 Sypialni \u2705 Przedpokoju \u2705 Korytarza \u2705 Garderoby G\u0142\u00f3wne cechy produktu: \u2705&nbsp;Lampa wyposa\u017cona w szklany, dymiony [&hellip;]<\/p>\n","protected":false},"featured_media":28991,"comment_status":"closed","ping_status":"open","template":"","meta":{"_acf_changed":false},"product_brand":[162],"product_cat":[2593,7371],"product_tag":[],"class_list":{"0":"post-48541","1":"product","2":"type-product","3":"status-publish","4":"has-post-thumbnail","6":"product_brand-luxolar","7":"product_cat-lampen","8":"product_cat-wandleuchten","9":"pa_klasa-efektywnosci-a-de","10":"pa_kod-producenta-540-kw1-de","11":"pa_kolekcja-540-de","12":"pa_kolor-silber","13":"pa_liczba-punktow-swiatla-1-de","14":"pa_marka-luxolar","15":"pa_material-dominujacy-glas","16":"pa_max-moc-pojed-zrodla-swiatla-60-de","17":"pa_rodzaj-gwintu-e27-de","18":"pa_zawiera-baterie-nein","19":"pa_zrodlo-swiatla-ohne-lichtquelle","21":"first","22":"instock","23":"purchasable","24":"product-type-simple"},"acf":[],"aioseo_notices":[],"_links":{"self":[{"href":"https:\/\/portallamp.invette.dev\/de\/wp-json\/wp\/v2\/product\/48541","targetHints":{"allow":["GET"]}}],"collection":[{"href":"https:\/\/portallamp.invette.dev\/de\/wp-json\/wp\/v2\/product"}],"about":[{"href":"https:\/\/portallamp.invette.dev\/de\/wp-json\/wp\/v2\/types\/product"}],"replies":[{"embeddable":true,"href":"https:\/\/portallamp.invette.dev\/de\/wp-json\/wp\/v2\/comments?post=48541"}],"wp:featuredmedia":[{"embeddable":true,"href":"https:\/\/portallamp.invette.dev\/de\/wp-json\/wp\/v2\/media\/28991"}],"wp:attachment":[{"href":"https:\/\/portallamp.invette.dev\/de\/wp-json\/wp\/v2\/media?parent=48541"}],"wp:term":[{"taxonomy":"product_brand","embeddable":true,"href":"https:\/\/portallamp.invette.dev\/de\/wp-json\/wp\/v2\/product_brand?post=48541"},{"taxonomy":"product_cat","embeddable":true,"href":"https:\/\/portallamp.invette.dev\/de\/wp-json\/wp\/v2\/product_cat?post=48541"},{"taxonomy":"product_tag","embeddable":true,"href":"https:\/\/portallamp.invette.dev\/de\/wp-json\/wp\/v2\/product_tag?post=48541"}],"curies":[{"name":"wp","href":"https:\/\/api.w.org\/{rel}","templated":true}]}}