{"id":48718,"date":"2025-07-03T17:34:15","date_gmt":"2025-07-03T15:34:15","guid":{"rendered":"https:\/\/portallamp.invette.dev\/produkt\/lampa-zyrandol-rozne-szklane-kule-transparent-led\/"},"modified":"2025-07-03T17:34:15","modified_gmt":"2025-07-03T15:34:15","slug":"lampa-zyrandol-rozne-szklane-kule-transparent-led","status":"publish","type":"product","link":"https:\/\/portallamp.invette.dev\/de\/produkt\/lampa-zyrandol-rozne-szklane-kule-transparent-led\/","title":{"rendered":"Lampa \u017byrandol r\u00f3\u017cne szklane Kule Transparent LED"},"content":{"rendered":"<h1>Nowoczesna lampa sufitowa, wykonana z najwy\u017csz\u0105 dba\u0142o\u015bci\u0105 o szczeg\u00f3\u0142y i detale.<\/h1>\n<h2>Czarny kolor i szklane transparentne klosze o r\u00f3\u017cnej \u015brednicy to \u015bwietne po\u0142\u0105czenie w nowoczesnych wn\u0119trzach.<\/h2>\n<p><img decoding=\"async\" src=\"https:\/\/a.allegroimg.com\/original\/11858f\/8b172312467fad1819b7cf43ce93\" alt=\"Zdj\u0119cie produktu\" style=\"max-width:100%; height:auto; margin:10px 0;\"><br \/>\n<img decoding=\"async\" src=\"https:\/\/a.allegroimg.com\/original\/11a3be\/dbab49e5447a83df7def7dfe5a21\" alt=\"Zdj\u0119cie produktu\" style=\"max-width:100%; height:auto; margin:10px 0;\"><\/p>\n<h2>Konstrukcja lampy umo\u017cliwia korekt\u0119 wysoko\u015bci klosza (przed zamontowaniem).<\/h2>\n<\/p>\n<p><img decoding=\"async\" src=\"https:\/\/a.allegroimg.com\/original\/117930\/4e8213494392819cc41e4fc2f660\" alt=\"Zdj\u0119cie produktu\" style=\"max-width:100%; height:auto; margin:10px 0;\"><\/p>\n<p><b>Lampa w pe\u0142ni z\u0142o\u017cona &#8211; nie jest to zestaw do samodzielnego monta\u017cu &#8211; wyjmujesz z kartonu i wieszasz na suficie.<\/b><\/p>\n<p><b>Nie musisz traci\u0107 czasu na z\u0142o\u017cenie lampy od najmniejszej \u015brubki.<\/b><\/p>\n<\/p>\n<p><img decoding=\"async\" src=\"https:\/\/a.allegroimg.com\/original\/11858f\/8b172312467fad1819b7cf43ce93\" alt=\"Zdj\u0119cie produktu\" style=\"max-width:100%; height:auto; margin:10px 0;\"><\/p>\n<p><b><\/b><\/p>\n<p><b>G\u0141\u00d3WNE CECHY LAMPY:<\/b><\/p>\n<p><b><\/b><\/p>\n<ul>\n<li>Materia\u0142 konstrukcji: Metal<\/li>\n<\/ul>\n<ul>\n<li>Kolor konstrukcji: Czarny &#8211; drobna struktura<\/li>\n<\/ul>\n<ul>\n<li>Materia\u0142 kloszy: Transparentne szk\u0142o<\/li>\n<\/ul>\n<ul>\n<li>\u015arednica kloszy: 15 cm, 18 cm, 20 cm<\/li>\n<\/ul>\n<ul>\n<li>Nowoczesny Styl &#8211; &nbsp;\u0142atwo wkomponuje si\u0119 w uk\u0142ad mieszkania<\/li>\n<\/ul>\n<ul>\n<li>Korekta wysoko\u015bci kloszy (przed zamontowaniem)<\/li>\n<\/ul>\n<ul>\n<li>Szerokie zastosowanie:&nbsp;<b>sto\u0142y, wyspy, blaty, korytarze, kuchnie<\/b><\/li>\n<\/ul>\n<ul>\n<li>Lampa obs\u0142uguje wszystkie \u017car\u00f3wki z gwintem typu&nbsp;<b>E27 do max 60 wat\u00f3w.<\/b><\/li>\n<\/ul>\n<ul>\n<li>Lampa z polskiej dystrybucji, wyprodukowana w Polsce &#8211; gwarantowany szybki dost\u0119p do serwisu i cz\u0119\u015bci zapasowych<\/li>\n<\/ul>\n<ul>\n<li>Atrakcyjna Cena<\/li>\n<\/ul>\n<ul>\n<li><b>Wersja w pe\u0142ni z\u0142o\u017cona &#8211; nie jest to chi\u0144ski zestaw do samodzielnego monta\u017cu<\/b><\/li>\n<\/ul>\n<h2>Wymiary:<\/h2>\n<\/p>\n<p><img decoding=\"async\" src=\"https:\/\/a.allegroimg.com\/original\/110a70\/7cea7c0a4797a5322ec890ed4f55\" alt=\"Zdj\u0119cie produktu\" style=\"max-width:100%; height:auto; margin:10px 0;\"><\/p>\n<h2>Zestaw zawiera:<\/h2>\n<\/p>\n<ul>\n<li><b>Kompletn\u0105, z\u0142o\u017con\u0105 lamp\u0119 wraz z trzema kloszami (nie jest to chi\u0144skiej produkcji zestaw do samodzielnego monta\u017cu)<\/b><\/li>\n<li><b>Kostk\u0119 przy\u0142\u0105czeniow\u0105<\/b><\/li>\n<li><b>Instrukcj\u0119 obs\u0142ugi<\/b><\/li>\n<li><b>Dokument zakupu<\/b><\/li>\n<\/ul>\n<p><b>Zestaw nie zawiera \u017car\u00f3wek ani ko\u0142k\u00f3w rozporowych&nbsp; (nale\u017cy dobra\u0107 odpowiednie do sufitu)<\/b><\/p>\n<h2>ZALECANE \u0179R\u00d3D\u0141A \u015aWIAT\u0141A:<\/h2>\n<\/p>\n<ul>\n<li>\u017bar\u00f3wki LED z diodami SMD lub filament<\/li>\n<li>Strumie\u0144 \u015bwietlny: 900 -1300 lm<\/li>\n<li><b>Gwint E27<\/b><\/li>\n<li>Moc pobierana z sieci: 6 -12 W<\/li>\n<li>Barwa: ciep\u0142a lub bia\u0142a<\/li>\n<\/ul>\n<h2>Tradycyjny kszta\u0142t w po\u0142\u0105czeniu z nowoczesnymi diodami SMD lub Filament<\/h2>\n<p><img decoding=\"async\" src=\"https:\/\/a.allegroimg.com\/original\/03303d\/c3b1d99f4211bfec2eb9d008c1a1\" alt=\"Zdj\u0119cie produktu\" style=\"max-width:100%; height:auto; margin:10px 0;\"><\/p>\n<h2>Aran\u017cacje:<\/h2>\n<\/p>\n<p><img decoding=\"async\" src=\"https:\/\/a.allegroimg.com\/original\/1115a0\/3a2eadcf4a089b8bebd3a2319726\" alt=\"Zdj\u0119cie produktu\" style=\"max-width:100%; height:auto; margin:10px 0;\"><br \/>\n<img decoding=\"async\" src=\"https:\/\/a.allegroimg.com\/original\/11a3be\/dbab49e5447a83df7def7dfe5a21\" alt=\"Zdj\u0119cie produktu\" style=\"max-width:100%; height:auto; margin:10px 0;\"><\/p>\n","protected":false},"excerpt":{"rendered":"<p>Nowoczesna lampa sufitowa, wykonana z najwy\u017csz\u0105 dba\u0142o\u015bci\u0105 o szczeg\u00f3\u0142y i detale. Czarny kolor i szklane transparentne klosze o r\u00f3\u017cnej \u015brednicy to \u015bwietne po\u0142\u0105czenie w nowoczesnych wn\u0119trzach. Konstrukcja lampy umo\u017cliwia korekt\u0119 wysoko\u015bci klosza (przed zamontowaniem). Lampa w pe\u0142ni z\u0142o\u017cona &#8211; nie jest to zestaw do samodzielnego monta\u017cu &#8211; wyjmujesz z kartonu i wieszasz na suficie. Nie [&hellip;]<\/p>\n","protected":false},"featured_media":26002,"comment_status":"closed","ping_status":"open","template":"","meta":{"_acf_changed":false},"product_brand":[162],"product_cat":[2593,2674],"product_tag":[],"class_list":{"0":"post-48718","1":"product","2":"type-product","3":"status-publish","4":"has-post-thumbnail","6":"product_brand-luxolar","7":"product_cat-lampen","8":"product_cat-hangelampen","9":"pa_kod-producenta-835-bz3t-de","10":"pa_kolekcja-835-de","11":"pa_kolor-farblos","12":"pa_kolor-schwarz","13":"pa_liczba-punktow-swiatla-3-de","14":"pa_marka-luxolar","15":"pa_material-dominujacy-metall","16":"pa_max-moc-pojed-zrodla-swiatla-60-de","17":"pa_pomieszczenie-buro","18":"pa_pomieszczenie-esszimmer","19":"pa_pomieszczenie-flur-treppe","20":"pa_pomieszczenie-kinderzimmer","21":"pa_pomieszczenie-kuche","22":"pa_pomieszczenie-salon-de","23":"pa_pomieszczenie-schlafzimmer","24":"pa_pomieszczenie-universell","25":"pa_rodzaj-gwintu-e27-de","26":"pa_rodzaj-lampy-deckenleuchten-hangeleuchten","27":"pa_zasilanie-netzwerk","28":"pa_zawiera-baterie-nein","29":"pa_zrodlo-swiatla-ohne-lichtquelle","31":"first","32":"instock","33":"purchasable","34":"product-type-simple"},"acf":[],"aioseo_notices":[],"_links":{"self":[{"href":"https:\/\/portallamp.invette.dev\/de\/wp-json\/wp\/v2\/product\/48718","targetHints":{"allow":["GET"]}}],"collection":[{"href":"https:\/\/portallamp.invette.dev\/de\/wp-json\/wp\/v2\/product"}],"about":[{"href":"https:\/\/portallamp.invette.dev\/de\/wp-json\/wp\/v2\/types\/product"}],"replies":[{"embeddable":true,"href":"https:\/\/portallamp.invette.dev\/de\/wp-json\/wp\/v2\/comments?post=48718"}],"wp:featuredmedia":[{"embeddable":true,"href":"https:\/\/portallamp.invette.dev\/de\/wp-json\/wp\/v2\/media\/26002"}],"wp:attachment":[{"href":"https:\/\/portallamp.invette.dev\/de\/wp-json\/wp\/v2\/media?parent=48718"}],"wp:term":[{"taxonomy":"product_brand","embeddable":true,"href":"https:\/\/portallamp.invette.dev\/de\/wp-json\/wp\/v2\/product_brand?post=48718"},{"taxonomy":"product_cat","embeddable":true,"href":"https:\/\/portallamp.invette.dev\/de\/wp-json\/wp\/v2\/product_cat?post=48718"},{"taxonomy":"product_tag","embeddable":true,"href":"https:\/\/portallamp.invette.dev\/de\/wp-json\/wp\/v2\/product_tag?post=48718"}],"curies":[{"name":"wp","href":"https:\/\/api.w.org\/{rel}","templated":true}]}}