{"id":48814,"date":"2025-07-03T17:32:45","date_gmt":"2025-07-03T15:32:45","guid":{"rendered":"https:\/\/portallamp.invette.dev\/produkt\/lampa-scienna-kinkiet-bialy-zloty-roller-370-kgw1\/"},"modified":"2025-07-03T17:32:45","modified_gmt":"2025-07-03T15:32:45","slug":"lampa-scienna-kinkiet-bialy-zloty-roller-370-kgw1","status":"publish","type":"product","link":"https:\/\/portallamp.invette.dev\/de\/produkt\/lampa-scienna-kinkiet-bialy-zloty-roller-370-kgw1\/","title":{"rendered":"Lampa \u015acienna Kinkiet Bia\u0142y Z\u0142oty Roller 370-KGW1"},"content":{"rendered":"<h1>Elegancka lampa \u015bcienna, kinkiet Roller KGW1 w kolorze Bia\u0142ym.<\/h1>\n<p>Kinkiet natynkowy, metalowy maj\u0105cy zastosowanie jako o\u015bwietlenie wewn\u0119trzne.<\/p>\n<p>Wersja z wbudowanym w\u0142\u0105cznikiem \u0142a\u0144cuszkowym<\/p>\n<p><img decoding=\"async\" src=\"https:\/\/a.allegroimg.com\/original\/111a14\/7de27e76490fbfe718471e1e054d\" alt=\"Zdj\u0119cie produktu\" style=\"max-width:100%; height:auto; margin:10px 0;\"><\/p>\n<h2>Idealna do:<\/h2>\n<p>\u2705 Ka\u017cdego pomieszczenia wewn\u0105trz domu<\/p>\n<p>\u2705 O\u015bwietli korytarze<\/p>\n<p>\u2705 Sypialnie<\/p>\n<p>\u2705 Sprawdzi si\u0119 r\u00f3wnie\u017c jako o\u015bwietlenie dekoracyjne<\/p>\n<h2>G\u0142\u00f3wne cechy produktu:<\/h2>\n<p><b>\u2705&nbsp;<\/b>Lampa wyposa\u017cona w bardzo modny oraz praktyczny metalowy klosz w kszta\u0142cie walca<\/p>\n<p><b>\u2705&nbsp;<\/b>Modna kolorystyka: Biel \u0142\u0105czona ze z\u0142otem wpisuj\u0105 si\u0119 w jeden z g\u0142\u00f3wnych trend\u00f3w w o\u015bwietleniu.<\/p>\n<p>\u2705 Kierowany ruchomy klosz u\u0142atwi dopasowanie strumienia \u015bwiat\u0142a do potrzeb.<\/p>\n<p><b>\u2705&nbsp;<\/b>Lamp\u0119 charakteryzuje wysoka jako\u015b\u0107 oraz trwa\u0142o\u015b\u0107.<\/p>\n<p><b>\u2705&nbsp;<\/b>\u0141atwy monta\u017c oraz dost\u0119p do cz\u0119\u015bci zamiennych &#8211; kupujesz u Polskiego producenta.<\/p>\n<h2>Konstrukcja lampy umo\u017cliwia regulacj\u0119 kierunku ustawienia klosza.<\/h2>\n<p>Skieruj klosz w odpowiednim dla Ciebie kierunku, do\u015bwietl miejsca na kt\u00f3rych Ci zale\u017cy.<\/p>\n<p><img decoding=\"async\" src=\"https:\/\/a.allegroimg.com\/original\/11187c\/49524a8e49bda975b7fd1b45e54b\" alt=\"Zdj\u0119cie produktu\" style=\"max-width:100%; height:auto; margin:10px 0;\"><\/p>\n<h2>\u015awietnie odnajdzie si\u0119 we wn\u0119trzach o charakterze nowoczesnym, minimalistycznym czy skandynawskim.<\/h2>\n<p><b><\/b><\/p>\n<p><b>Parametry techniczne:<\/b><\/p>\n<p><b><\/b><\/p>\n<ul>\n<li>Dominuj\u0105cy materia\u0142 konstrukcji: Metal<\/li>\n<\/ul>\n<ul>\n<li>Kolor konstrukcji: Bia\u0142y g\u0142adki \u0142\u0105czony z galwanizowanym z\u0142otym.<\/li>\n<\/ul>\n<ul>\n<li>\u015arednica klosza: 12 cm<\/li>\n<\/ul>\n<ul>\n<li>Lampa obs\u0142uguje wszystkie \u017car\u00f3wki z gwintem typu&nbsp;<b>E27 do max 60 wat\u00f3w.<\/b><\/li>\n<\/ul>\n<ul>\n<li>IP 20, Klasa I<\/li>\n<\/ul>\n<ul>\n<li><b>\u0179r\u00f3d\u0142o \u015bwiat\u0142a:<\/b>&nbsp;E-27 &#8211; zalecane LED<\/li>\n<\/ul>\n<ul>\n<li><b>Zasilanie:<\/b> ~230 [V] \/ bezpo\u015brednie z sieci, wbudowany w\u0142\u0105cznik \u0142a\u0144cuszkowy<\/li>\n<\/ul>\n<ul>\n<li>Lampa z polskiej dystrybucji, wyprodukowana w Polsce &#8211; gwarantowany szybki dost\u0119p do serwisu i cz\u0119\u015bci zapasowych<\/li>\n<\/ul>\n<ul>\n<li>Szukasz kinkietu lub lampki nocnej pasuj\u0105cej do tej lampy? Znajdziesz je w naszych ofertach.<\/li>\n<\/ul>\n<ul>\n<li><b>Wersja w pe\u0142ni z\u0142o\u017cona &#8211; nie jest to chi\u0144ski zestaw do samodzielnego monta\u017cu<\/b><\/li>\n<\/ul>\n<h2>Wymiary:<\/h2>\n<p><img decoding=\"async\" src=\"https:\/\/a.allegroimg.com\/original\/11e787\/66175779485dafca52344d0310fb\" alt=\"Zdj\u0119cie produktu\" style=\"max-width:100%; height:auto; margin:10px 0;\"><\/p>\n<h2>Zestaw zawiera:<\/h2>\n<ul>\n<li><b>Kompletny, z\u0142o\u017cony kinkiet &#8211; wystarczy tylko zamontowa\u0107&nbsp; klosz i wkr\u0119ci\u0107 \u017car\u00f3wk\u0119<\/b><\/li>\n<li><b>Kostk\u0119 przy\u0142\u0105czeniow\u0105<\/b><\/li>\n<li><b>Instrukcj\u0119 obs\u0142ugi<\/b><\/li>\n<li><b>Dokument zakupu<\/b><\/li>\n<\/ul>\n<p><b>Zestaw nie zawiera \u017car\u00f3wki ani ko\u0142k\u00f3w rozporowych (nale\u017cy dobra\u0107 odpowiednie do \u015bciany)<\/b><\/p>\n<p><img decoding=\"async\" src=\"https:\/\/a.allegroimg.com\/original\/118728\/98699e054db0b63a6efbed0857fd\" alt=\"Zdj\u0119cie produktu\" style=\"max-width:100%; height:auto; margin:10px 0;\"><\/p>\n<h2>ZALECANE \u0179R\u00d3D\u0141A \u015aWIAT\u0141A:<\/h2>\n<\/p>\n<ul>\n<li>\u017bar\u00f3wki LED z gwintem typu E27<\/li>\n<li>Strumie\u0144 \u015bwietlny: 700 -1300 lm<\/li>\n<li>Moc pobierana z sieci: 8 -12 W<\/li>\n<li>Barwa: ciep\u0142a (3000K), Neutralna (4000K)&nbsp; lub zimna (6000K)<\/li>\n<\/ul>\n<p><b>\u017bar\u00f3wka nie wchodzi w sk\u0142ad zestawu<\/b><\/p>\n<p><img decoding=\"async\" src=\"https:\/\/a.allegroimg.com\/original\/113b9c\/53c8652349408643a018f5fa0d6a\" alt=\"Zdj\u0119cie produktu\" style=\"max-width:100%; height:auto; margin:10px 0;\"><br \/>\n<img decoding=\"async\" src=\"https:\/\/a.allegroimg.com\/original\/11a77d\/626a007d4d8890a4ed625682d37f\" alt=\"Zdj\u0119cie produktu\" style=\"max-width:100%; height:auto; margin:10px 0;\"><\/p>\n","protected":false},"excerpt":{"rendered":"<p>Elegancka lampa \u015bcienna, kinkiet Roller KGW1 w kolorze Bia\u0142ym. Kinkiet natynkowy, metalowy maj\u0105cy zastosowanie jako o\u015bwietlenie wewn\u0119trzne. Wersja z wbudowanym w\u0142\u0105cznikiem \u0142a\u0144cuszkowym Idealna do: \u2705 Ka\u017cdego pomieszczenia wewn\u0105trz domu \u2705 O\u015bwietli korytarze \u2705 Sypialnie \u2705 Sprawdzi si\u0119 r\u00f3wnie\u017c jako o\u015bwietlenie dekoracyjne G\u0142\u00f3wne cechy produktu: \u2705&nbsp;Lampa wyposa\u017cona w bardzo modny oraz praktyczny metalowy klosz w kszta\u0142cie [&hellip;]<\/p>\n","protected":false},"featured_media":25366,"comment_status":"closed","ping_status":"open","template":"","meta":{"_acf_changed":false},"product_brand":[162],"product_cat":[2593,7371],"product_tag":[],"class_list":{"0":"post-48814","1":"product","2":"type-product","3":"status-publish","4":"has-post-thumbnail","6":"product_brand-luxolar","7":"product_cat-lampen","8":"product_cat-wandleuchten","9":"pa_kod-producenta-lampa-scienna-370-kgw1-de","10":"pa_kolekcja-370-de","11":"pa_kolor-gelb","12":"pa_kolor-weis","13":"pa_liczba-punktow-swiatla-1-de","14":"pa_marka-luxolar","15":"pa_material-dominujacy-metall","16":"pa_max-moc-pojed-zrodla-swiatla-60-de","17":"pa_rodzaj-gwintu-e27-de","18":"pa_zawiera-baterie-nein","19":"pa_zrodlo-swiatla-ohne-lichtquelle","21":"first","22":"instock","23":"purchasable","24":"product-type-simple"},"acf":[],"aioseo_notices":[],"_links":{"self":[{"href":"https:\/\/portallamp.invette.dev\/de\/wp-json\/wp\/v2\/product\/48814","targetHints":{"allow":["GET"]}}],"collection":[{"href":"https:\/\/portallamp.invette.dev\/de\/wp-json\/wp\/v2\/product"}],"about":[{"href":"https:\/\/portallamp.invette.dev\/de\/wp-json\/wp\/v2\/types\/product"}],"replies":[{"embeddable":true,"href":"https:\/\/portallamp.invette.dev\/de\/wp-json\/wp\/v2\/comments?post=48814"}],"wp:featuredmedia":[{"embeddable":true,"href":"https:\/\/portallamp.invette.dev\/de\/wp-json\/wp\/v2\/media\/25366"}],"wp:attachment":[{"href":"https:\/\/portallamp.invette.dev\/de\/wp-json\/wp\/v2\/media?parent=48814"}],"wp:term":[{"taxonomy":"product_brand","embeddable":true,"href":"https:\/\/portallamp.invette.dev\/de\/wp-json\/wp\/v2\/product_brand?post=48814"},{"taxonomy":"product_cat","embeddable":true,"href":"https:\/\/portallamp.invette.dev\/de\/wp-json\/wp\/v2\/product_cat?post=48814"},{"taxonomy":"product_tag","embeddable":true,"href":"https:\/\/portallamp.invette.dev\/de\/wp-json\/wp\/v2\/product_tag?post=48814"}],"curies":[{"name":"wp","href":"https:\/\/api.w.org\/{rel}","templated":true}]}}