{"id":48859,"date":"2025-07-03T17:32:45","date_gmt":"2025-07-03T15:32:45","guid":{"rendered":"https:\/\/portallamp.invette.dev\/produkt\/lampa-plafon-natynkowy-ruchomy-spot-led-gu10-tuba\/"},"modified":"2025-07-03T17:32:45","modified_gmt":"2025-07-03T15:32:45","slug":"lampa-plafon-natynkowy-ruchomy-spot-led-gu10-tuba","status":"publish","type":"product","link":"https:\/\/portallamp.invette.dev\/de\/produkt\/lampa-plafon-natynkowy-ruchomy-spot-led-gu10-tuba\/","title":{"rendered":"Lampa Plafon Natynkowy Ruchomy SPOT LED GU10 TUBA"},"content":{"rendered":"<h1>Lampa Natynkowa SPOT GU-10 z regulacj\u0105 kierunku \u015bwiecenia \u017car\u00f3wki.<\/h1>\n<p>Oprawa sufitowa natynkowa, metalowa maj\u0105ca zastosowanie jako o\u015bwietlenie wewn\u0119trzne.<\/p>\n<h2>Kolor: Czarny matowy<\/h2>\n<h2>Idealna do:<\/h2>\n<p>\u2705 salonu,<\/p>\n<p>\u2705 kuchni,<\/p>\n<p>\u2705 sypialni,<\/p>\n<p>\u2705 korytarzy i wielu innych miejsc wewn\u0105trz domu.<\/p>\n<p><img decoding=\"async\" src=\"https:\/\/a.allegroimg.com\/original\/1156a4\/0756fc3c493789014772c8cf1326\" alt=\"Zdj\u0119cie produktu\" style=\"max-width:100%; height:auto; margin:10px 0;\"><\/p>\n<p><b><\/b><\/p>\n<p><b>G\u0141\u00d3WNE CECHY LAMPY:<\/b><\/p>\n<p><b><\/b><\/p>\n<ul>\n<li>Materia\u0142 konstrukcji: metal malowany proszkowo<\/li>\n<\/ul>\n<ul>\n<li>Monta\u017c: natynkowy<\/li>\n<\/ul>\n<ul>\n<li>Kolor konstrukcji: czarny matowy<\/li>\n<\/ul>\n<ul>\n<li>Kszta\u0142t: walec<\/li>\n<\/ul>\n<ul>\n<li>Wysoko\u015b\u0107: 8,5 cm<\/li>\n<\/ul>\n<ul>\n<li>\u015arednica: 8 cm<\/li>\n<\/ul>\n<ul>\n<li>Obs\u0142uguje wszystkie \u017car\u00f3wki GU10 w technologii LED do max 15W<\/li>\n<\/ul>\n<ul>\n<li>IP 20 (do stosowania wewn\u0105trz z wy\u0142\u0105czeniem miejsc o podwy\u017cszonej wilgotno\u015bci)<\/li>\n<\/ul>\n<ul>\n<li>Regulacja k\u0105ta padania \u015bwiat\u0142a (max 60 stopni) &#8211;&nbsp; skieruj strumie\u0144 \u015bwiat\u0142a w konkretne miejsce<\/li>\n<\/ul>\n<ul>\n<li>Prosty, natynkowy spos\u00f3b monta\u017cu (za pomoc\u0105 ko\u0142k\u00f3w rozporowych do\u0142\u0105czonych do zestawu),<\/li>\n<\/ul>\n<ul>\n<li>Estetyczna, lekka, dobrze wykonana<\/li>\n<\/ul>\n<p><img decoding=\"async\" src=\"https:\/\/a.allegroimg.com\/original\/11ede0\/4585f1db4556a7bc6af4d2c558fc\" alt=\"Zdj\u0119cie produktu\" style=\"max-width:100%; height:auto; margin:10px 0;\"><\/p>\n<h2>Zestaw zawiera:<\/h2>\n<ul>\n<li><b>Kompletn\u0105, z\u0142o\u017con\u0105 lamp\u0119 wraz z oprawk\u0105 do \u017car\u00f3wek GU-10<\/b><\/li>\n<li><b>Instrukcj\u0119 obs\u0142ugi<\/b><\/li>\n<li><b>Dokument zakupu<\/b><\/li>\n<\/ul>\n<p><b>Zestaw nie zawiera \u017car\u00f3wki &#8211; s\u0105 dost\u0119pne na naszych aukcjach<\/b><\/p>\n<p><img decoding=\"async\" src=\"https:\/\/a.allegroimg.com\/original\/1197de\/a78c8a2945d395596296b4457f64\" alt=\"Zdj\u0119cie produktu\" style=\"max-width:100%; height:auto; margin:10px 0;\"><br \/>\n<img decoding=\"async\" src=\"https:\/\/a.allegroimg.com\/original\/11a77d\/626a007d4d8890a4ed625682d37f\" alt=\"Zdj\u0119cie produktu\" style=\"max-width:100%; height:auto; margin:10px 0;\"><\/p>\n","protected":false},"excerpt":{"rendered":"<p>Lampa Natynkowa SPOT GU-10 z regulacj\u0105 kierunku \u015bwiecenia \u017car\u00f3wki. Oprawa sufitowa natynkowa, metalowa maj\u0105ca zastosowanie jako o\u015bwietlenie wewn\u0119trzne. Kolor: Czarny matowy Idealna do: \u2705 salonu, \u2705 kuchni, \u2705 sypialni, \u2705 korytarzy i wielu innych miejsc wewn\u0105trz domu. G\u0141\u00d3WNE CECHY LAMPY: Materia\u0142 konstrukcji: metal malowany proszkowo Monta\u017c: natynkowy Kolor konstrukcji: czarny matowy Kszta\u0142t: walec Wysoko\u015b\u0107: 8,5 [&hellip;]<\/p>\n","protected":false},"featured_media":25666,"comment_status":"closed","ping_status":"open","template":"","meta":{"_acf_changed":false},"product_brand":[162],"product_cat":[2593,4690],"product_tag":[],"class_list":{"0":"post-48859","1":"product","2":"type-product","3":"status-publish","4":"has-post-thumbnail","6":"product_brand-luxolar","7":"product_cat-lampen","8":"product_cat-spots-decken-und-wandstrahler","9":"pa_kod-producenta-spot-sp-9327a-de","10":"pa_kolor-schwarz","11":"pa_liczba-punktow-swiatla-1-de","12":"pa_marka-luxolar","13":"pa_material-dominujacy-metall","14":"pa_max-moc-pojed-zrodla-swiatla-15-de","15":"pa_rodzaj-spot-de","16":"pa_rodzaj-gwintu-gu10-de","17":"pa_zasilanie-netzwerk","18":"pa_zawiera-baterie-nein","19":"pa_zrodlo-swiatla-ohne-lichtquelle","21":"first","22":"instock","23":"purchasable","24":"product-type-simple"},"acf":[],"aioseo_notices":[],"_links":{"self":[{"href":"https:\/\/portallamp.invette.dev\/de\/wp-json\/wp\/v2\/product\/48859","targetHints":{"allow":["GET"]}}],"collection":[{"href":"https:\/\/portallamp.invette.dev\/de\/wp-json\/wp\/v2\/product"}],"about":[{"href":"https:\/\/portallamp.invette.dev\/de\/wp-json\/wp\/v2\/types\/product"}],"replies":[{"embeddable":true,"href":"https:\/\/portallamp.invette.dev\/de\/wp-json\/wp\/v2\/comments?post=48859"}],"wp:featuredmedia":[{"embeddable":true,"href":"https:\/\/portallamp.invette.dev\/de\/wp-json\/wp\/v2\/media\/25666"}],"wp:attachment":[{"href":"https:\/\/portallamp.invette.dev\/de\/wp-json\/wp\/v2\/media?parent=48859"}],"wp:term":[{"taxonomy":"product_brand","embeddable":true,"href":"https:\/\/portallamp.invette.dev\/de\/wp-json\/wp\/v2\/product_brand?post=48859"},{"taxonomy":"product_cat","embeddable":true,"href":"https:\/\/portallamp.invette.dev\/de\/wp-json\/wp\/v2\/product_cat?post=48859"},{"taxonomy":"product_tag","embeddable":true,"href":"https:\/\/portallamp.invette.dev\/de\/wp-json\/wp\/v2\/product_tag?post=48859"}],"curies":[{"name":"wp","href":"https:\/\/api.w.org\/{rel}","templated":true}]}}