{"id":49036,"date":"2025-07-03T17:22:03","date_gmt":"2025-07-03T15:22:03","guid":{"rendered":"https:\/\/portallamp.invette.dev\/produkt\/lampa-wiszaca-zyrandol-plafon-tuba-metal-led-gu10\/"},"modified":"2025-07-03T17:22:03","modified_gmt":"2025-07-03T15:22:03","slug":"lampa-wiszaca-zyrandol-plafon-tuba-metal-led-gu10","status":"publish","type":"product","link":"https:\/\/portallamp.invette.dev\/de\/produkt\/lampa-wiszaca-zyrandol-plafon-tuba-metal-led-gu10\/","title":{"rendered":"Lampa Wisz\u0105ca \u017byrandol Plafon Tuba Metal LED GU10"},"content":{"rendered":"<h1>Nowoczesna Lampa Wisz\u0105ca SPOT GU-10 z regulacj\u0105 wysoko\u015bci tuby.<\/h1>\n<h2>Idealna do:<\/h2>\n<p>\u2705 Salonu nad st\u00f3\u0142,<\/p>\n<p>\u2705 Kuchni do o\u015bwietlenia blatu,<\/p>\n<p>\u2705 Jadalni<\/p>\n<p>\u2705 Baru<\/p>\n<p>\u2705 Tak\u017ce jako o\u015bwietlenie dekoracyjne, akcentowe<\/p>\n<p><img decoding=\"async\" src=\"https:\/\/a.allegroimg.com\/original\/11f3d1\/2676481746eea865a75ee02726ae\" alt=\"Zdj\u0119cie produktu\" style=\"max-width:100%; height:auto; margin:10px 0;\"><br \/>\n<img decoding=\"async\" src=\"https:\/\/a.allegroimg.com\/original\/119a7c\/3bc93ed2491f9d3004ba2c32c5bf\" alt=\"Zdj\u0119cie produktu\" style=\"max-width:100%; height:auto; margin:10px 0;\"><\/p>\n<p><b><\/b><\/p>\n<p><b>G\u0141\u00d3WNE CECHY LAMPY:<\/b><\/p>\n<p><b><\/b><\/p>\n<ul>\n<li>Dominuj\u0105cy materia\u0142 konstrukcji: Metal<\/li>\n<\/ul>\n<ul>\n<li>Kolor konstrukcji: Czarny matowy<\/li>\n<\/ul>\n<ul>\n<li>Nowoczesny Styl &#8211; &nbsp;\u0142atwo wkomponuje si\u0119 w uk\u0142ad mieszkania<\/li>\n<\/ul>\n<ul>\n<li>Estetyczna, solidna, dobrze wykonana<\/li>\n<\/ul>\n<ul>\n<li>Prosty, natynkowy spos\u00f3b monta\u017cu (za pomoc\u0105 ko\u0142k\u00f3w rozporowych),<\/li>\n<\/ul>\n<ul>\n<li>Regulacja wysoko\u015bci tuby w zakresie do max 100 cm<\/li>\n<\/ul>\n<ul>\n<li>IP 20 (do stosowania wewn\u0105trz z wy\u0142\u0105czeniem miejsc o podwy\u017cszonej wilgotno\u015bci)<\/li>\n<\/ul>\n<ul>\n<li>Obs\u0142uguje wszystkie \u017car\u00f3wki GU10 w technologii LED do max 15W<\/li>\n<\/ul>\n<ul>\n<li>Szerokie zastosowanie:&nbsp;<b>sto\u0142y, wyspy, blaty, korytarze, kuchnie, sypialnie<\/b><\/li>\n<\/ul>\n<h2>Wymiary:<\/h2>\n<p><img decoding=\"async\" src=\"https:\/\/a.allegroimg.com\/original\/11362b\/dd1b483c480bb599ac2819cba72f\" alt=\"Zdj\u0119cie produktu\" style=\"max-width:100%; height:auto; margin:10px 0;\"><\/p>\n<h2>Dane techniczne:<\/h2>\n<ul>\n<li>Napi\u0119cie zasilania: 230V<\/li>\n<li>\u0179r\u00f3d\u0142o \u015bwiat\u0142a: 1 x GU10 LED do max 15W<\/li>\n<li>\u015arednica puszki natynkowej (rozety): 8 cm<\/li>\n<li>Wysoko\u015b\u0107 max 100 cm<\/li>\n<li>\u015arednica tuby: 5,5 cm<\/li>\n<li>Wysoko\u015b\u0107 tuby: 29 cm<\/li>\n<li>IP 20<\/li>\n<li>Klasa ochrony: Pierwsza<\/li>\n<\/ul>\n<p><img decoding=\"async\" src=\"https:\/\/a.allegroimg.com\/original\/113be8\/0a72753d44c4a23d476c7fc29531\" alt=\"Zdj\u0119cie produktu\" style=\"max-width:100%; height:auto; margin:10px 0;\"><br \/>\n<img decoding=\"async\" src=\"https:\/\/a.allegroimg.com\/original\/11b234\/1f97948241568825a2c34a0ba186\" alt=\"Zdj\u0119cie produktu\" style=\"max-width:100%; height:auto; margin:10px 0;\"><br \/>\n<img decoding=\"async\" src=\"https:\/\/a.allegroimg.com\/original\/11fb8e\/1d2e9d094c5cb749321957b74c98\" alt=\"Zdj\u0119cie produktu\" style=\"max-width:100%; height:auto; margin:10px 0;\"><\/p>\n<h2>Zestaw zawiera:<\/h2>\n<ul>\n<li><b>Kompletn\u0105, z\u0142o\u017con\u0105 lamp\u0119<\/b><\/li>\n<li><b>Kostk\u0119 przy\u0142\u0105czeniow\u0105<\/b><\/li>\n<li><b>Instrukcj\u0119 obs\u0142ugi<\/b><\/li>\n<li><b>Dokument zakupu<\/b><\/li>\n<\/ul>\n<p><b>Zestaw nie zawiera \u017car\u00f3wki oraz ko\u0142k\u00f3w do monta\u017cu &#8211; s\u0105 dost\u0119pne na naszych aukcjach<\/b><\/p>\n<p><img decoding=\"async\" src=\"https:\/\/a.allegroimg.com\/original\/111e67\/6bcbff924edea7cc06392f087fe0\" alt=\"Zdj\u0119cie produktu\" style=\"max-width:100%; height:auto; margin:10px 0;\"><br \/>\n<img decoding=\"async\" src=\"https:\/\/a.allegroimg.com\/original\/11a77d\/626a007d4d8890a4ed625682d37f\" alt=\"Zdj\u0119cie produktu\" style=\"max-width:100%; height:auto; margin:10px 0;\"><\/p>\n","protected":false},"excerpt":{"rendered":"<p>Nowoczesna Lampa Wisz\u0105ca SPOT GU-10 z regulacj\u0105 wysoko\u015bci tuby. Idealna do: \u2705 Salonu nad st\u00f3\u0142, \u2705 Kuchni do o\u015bwietlenia blatu, \u2705 Jadalni \u2705 Baru \u2705 Tak\u017ce jako o\u015bwietlenie dekoracyjne, akcentowe G\u0141\u00d3WNE CECHY LAMPY: Dominuj\u0105cy materia\u0142 konstrukcji: Metal Kolor konstrukcji: Czarny matowy Nowoczesny Styl &#8211; &nbsp;\u0142atwo wkomponuje si\u0119 w uk\u0142ad mieszkania Estetyczna, solidna, dobrze wykonana Prosty, [&hellip;]<\/p>\n","protected":false},"featured_media":22603,"comment_status":"closed","ping_status":"open","template":"","meta":{"_acf_changed":false},"product_brand":[162],"product_cat":[2593,2674],"product_tag":[],"class_list":{"0":"post-49036","1":"product","2":"type-product","3":"status-publish","4":"has-post-thumbnail","6":"product_brand-luxolar","7":"product_cat-lampen","8":"product_cat-hangelampen","9":"pa_kod-producenta-lampa-wiszaca-zyrandol-plafon-tuba-metal-led-de","10":"pa_kolekcja-955-de","11":"pa_kolor-schwarz","12":"pa_liczba-punktow-swiatla-1-de","13":"pa_marka-luxolar","14":"pa_material-dominujacy-metall","15":"pa_max-moc-pojed-zrodla-swiatla-20-de","16":"pa_pomieszczenie-buro","17":"pa_pomieszczenie-esszimmer","18":"pa_pomieszczenie-flur-treppe","19":"pa_pomieszczenie-kinderzimmer","20":"pa_pomieszczenie-kuche","21":"pa_pomieszczenie-salon-de","22":"pa_pomieszczenie-schlafzimmer","23":"pa_pomieszczenie-universell","24":"pa_rodzaj-gwintu-gu10-de","25":"pa_rodzaj-lampy-deckenleuchten-hangeleuchten","26":"pa_zasilanie-netzwerk","27":"pa_zawiera-baterie-nein","28":"pa_zrodlo-swiatla-ohne-lichtquelle","30":"first","31":"instock","32":"purchasable","33":"product-type-simple"},"acf":[],"aioseo_notices":[],"_links":{"self":[{"href":"https:\/\/portallamp.invette.dev\/de\/wp-json\/wp\/v2\/product\/49036","targetHints":{"allow":["GET"]}}],"collection":[{"href":"https:\/\/portallamp.invette.dev\/de\/wp-json\/wp\/v2\/product"}],"about":[{"href":"https:\/\/portallamp.invette.dev\/de\/wp-json\/wp\/v2\/types\/product"}],"replies":[{"embeddable":true,"href":"https:\/\/portallamp.invette.dev\/de\/wp-json\/wp\/v2\/comments?post=49036"}],"wp:featuredmedia":[{"embeddable":true,"href":"https:\/\/portallamp.invette.dev\/de\/wp-json\/wp\/v2\/media\/22603"}],"wp:attachment":[{"href":"https:\/\/portallamp.invette.dev\/de\/wp-json\/wp\/v2\/media?parent=49036"}],"wp:term":[{"taxonomy":"product_brand","embeddable":true,"href":"https:\/\/portallamp.invette.dev\/de\/wp-json\/wp\/v2\/product_brand?post=49036"},{"taxonomy":"product_cat","embeddable":true,"href":"https:\/\/portallamp.invette.dev\/de\/wp-json\/wp\/v2\/product_cat?post=49036"},{"taxonomy":"product_tag","embeddable":true,"href":"https:\/\/portallamp.invette.dev\/de\/wp-json\/wp\/v2\/product_tag?post=49036"}],"curies":[{"name":"wp","href":"https:\/\/api.w.org\/{rel}","templated":true}]}}