{"id":49537,"date":"2025-07-03T16:47:20","date_gmt":"2025-07-03T14:47:20","guid":{"rendered":"https:\/\/portallamp.invette.dev\/produkt\/lampa-scienna-kinkiet-z-wlacznikiem-czarna-tuba\/"},"modified":"2025-07-03T16:47:20","modified_gmt":"2025-07-03T14:47:20","slug":"lampa-scienna-kinkiet-z-wlacznikiem-czarna-tuba","status":"publish","type":"product","link":"https:\/\/portallamp.invette.dev\/de\/produkt\/lampa-scienna-kinkiet-z-wlacznikiem-czarna-tuba\/","title":{"rendered":"Lampa \u015acienna Kinkiet z W\u0142\u0105cznikiem Czarna Tuba"},"content":{"rendered":"<h1>Nowoczesny kinkiet z aba\u017curem w kszta\u0142cie walca, tuby.<\/h1>\n<p>Wersja z wbudowanym w\u0142\u0105cznikiem \u0142a\u0144cuszkowym<\/p>\n<h2>\u015awietnie odnajdzie si\u0119 we wn\u0119trzach o charakterze nowoczesnym, minimalistycznym czy skandynawskim.<\/h2>\n<p><img decoding=\"async\" src=\"https:\/\/a.allegroimg.com\/original\/11ba74\/efff220c4742a9a87c632cc964cf\" alt=\"Zdj\u0119cie produktu\" style=\"max-width:100%; height:auto; margin:10px 0;\"><\/p>\n<h2>Wn\u0119trze aba\u017cura jest w kolorze ciemnym z\u0142otym, po w\u0142\u0105czeniu \u015bwiat\u0142a lampa oddaje ciep\u0142y blask na o\u015bwietlane przedmioty.<\/h2>\n<p><img decoding=\"async\" src=\"https:\/\/a.allegroimg.com\/original\/115592\/a2dbcaab4d34a349c9f406ec5229\" alt=\"Zdj\u0119cie produktu\" style=\"max-width:100%; height:auto; margin:10px 0;\"><\/p>\n<p><b>Kinkiet w pe\u0142ni z\u0142o\u017cony &#8211; nie jest to zestaw do samodzielnego monta\u017cu.<\/b><\/p>\n<p><b>Nie musisz traci\u0107 czasu na z\u0142o\u017cenie lampy od najmniejszej \u015brubki.<\/b><\/p>\n<p><b><\/b><\/p>\n<p><b>G\u0141\u00d3WNE CECHY LAMPY:<\/b><\/p>\n<p><b><\/b><\/p>\n<ul>\n<li>Materia\u0142 konstrukcji: Metal<\/li>\n<\/ul>\n<ul>\n<li>Kolor konstrukcji: Czarny &#8211; drobna struktura (nie odbija \u015bwiat\u0142a)<\/li>\n<\/ul>\n<ul>\n<li>Kolor aba\u017cura: na zewn\u0105trz czarny, w \u015brodku z\u0142oty<\/li>\n<\/ul>\n<ul>\n<li>Materia\u0142 aba\u017cura: PCV + Tkanina<\/li>\n<\/ul>\n<ul>\n<li>\u015arednica aba\u017cura: 10 cm<\/li>\n<\/ul>\n<ul>\n<li>Wysoko\u015b\u0107 aba\u017cura: 24cm<\/li>\n<\/ul>\n<ul>\n<li>Nowoczesny Styl &#8211; &nbsp;\u0142atwo wkomponuje si\u0119 w uk\u0142ad mieszkania<\/li>\n<\/ul>\n<ul>\n<li>Przeznaczony jako o\u015bwietlenie uzupe\u0142niaj\u0105ce, dekoracyjne do pomieszcze\u0144 wewn\u0105trz domu z wy\u0142\u0105czeniem \u0142azienki lub miejsc o zwi\u0119kszonej wilgotno\u015bci.<\/li>\n<\/ul>\n<ul>\n<li>Lampa obs\u0142uguje wszystkie \u017car\u00f3wki z gwintem typu&nbsp;E27 do max 60 wat\u00f3w<b>, Zalecana \u017car\u00f3wka Typu R63<\/b><\/li>\n<\/ul>\n<ul>\n<li>Lampa z polskiej dystrybucji, wyprodukowana w Polsce &#8211; gwarantowany szybki dost\u0119p do serwisu i cz\u0119\u015bci zapasowych<\/li>\n<\/ul>\n<ul>\n<li>Kinkiet pochodzi z szerszej rodziny lamp &#8211; bez problemu dokupisz do kompletu lamp\u0119 wisz\u0105c\u0105 czy lampk\u0119 nocn\u0105<\/li>\n<\/ul>\n<ul>\n<li><b>Wersja w pe\u0142ni z\u0142o\u017cona &#8211; nie jest to chi\u0144ski zestaw do samodzielnego monta\u017cu<\/b><\/li>\n<\/ul>\n<h2>Wymiary:<\/h2>\n<p><img decoding=\"async\" src=\"https:\/\/a.allegroimg.com\/original\/11215a\/74f2c4aa4071b620f7cf87ac8fa3\" alt=\"Zdj\u0119cie produktu\" style=\"max-width:100%; height:auto; margin:10px 0;\"><\/p>\n<h2>Opis aba\u017cura:<\/h2>\n<ul>\n<li>Sztywny, solidnie wykonany aba\u017cur<\/li>\n<li>\u0141\u0105czenia zszywane (do produkcji aba\u017cur\u00f3w nie u\u017cywamy zawodnego kleju)<\/li>\n<li>Konstrukcja przelotowa &#8211; ods\u0142oni\u0119ta g\u00f3ra i d\u00f3\u0142 aba\u017cura<\/li>\n<li>Z zewn\u0105trz kolor czarny, od wewn\u0105trz kolor ciemny z\u0142oty<\/li>\n<li>\u017bar\u00f3wka osadzona tu\u017c za kraw\u0119dzi\u0105 aba\u017cura co znacz\u0105co zwi\u0119ksza jej wydajno\u015b\u0107, pomieszczenie jest lepiej o\u015bwietlone<\/li>\n<li>\u015arednica otworu pod oprawk\u0119: 42 mm<\/li>\n<li>Aba\u017cur po\u0142\u0105czony ze specjaln\u0105 rurk\u0105 pionizuj\u0105c\u0105, po zawieszeniu aba\u017cur nie wisi przekrzywiony<\/li>\n<li>Wymiary: wysoko\u015b\u0107 240 mm &#8211;&nbsp; \u015brednica: 100 mm<\/li>\n<\/ul>\n<p><img decoding=\"async\" src=\"https:\/\/a.allegroimg.com\/original\/11de0f\/ae2e45f34f649fcdbd327f22c660\" alt=\"Zdj\u0119cie produktu\" style=\"max-width:100%; height:auto; margin:10px 0;\"><br \/>\n<img decoding=\"async\" src=\"https:\/\/a.allegroimg.com\/original\/11802e\/2358fa3f4034832b4e81a40cfd72\" alt=\"Zdj\u0119cie produktu\" style=\"max-width:100%; height:auto; margin:10px 0;\"><\/p>\n<h2>Zestaw zawiera:<\/h2>\n<ul>\n<li><b>Kompletny, z\u0142o\u017cony kinkiet wraz z aba\u017curem (nie jest to chi\u0144skiej produkcji zestaw do samodzielnego monta\u017cu)<\/b><\/li>\n<li><b>Kostk\u0119 przy\u0142\u0105czeniow\u0105<\/b><\/li>\n<li><b>Instrukcj\u0119 obs\u0142ugi<\/b><\/li>\n<li><b>Dokument zakupu<\/b><\/li>\n<\/ul>\n<p><b>Zestaw nie zawiera \u017car\u00f3wki ani ko\u0142k\u00f3w rozporowych&nbsp; (nale\u017cy dobra\u0107 odpowiednie do \u015bciany)<\/b><\/p>\n<p><img decoding=\"async\" src=\"https:\/\/a.allegroimg.com\/original\/1119aa\/0795731342a7b89a4419acd8edc9\" alt=\"Zdj\u0119cie produktu\" style=\"max-width:100%; height:auto; margin:10px 0;\"><\/p>\n<h2>Zalecane \u017ar\u00f3d\u0142a \u015bwiat\u0142a:<\/h2>\n<p><b><\/b><\/p>\n<p><b>W lampie nale\u017cy stosowa\u0107 \u017car\u00f3wki z gwintem E27, typ R63.<\/b><\/p>\n<p><b>\u017bar\u00f3wka R63 w kszta\u0142cie grzybka dobrze si\u0119 licuje z brzegiem aba\u017cura. \u017bar\u00f3wka nie wystaje poza aba\u017cur a zarazem dobrze o\u015bwietla pomieszczenie.<\/b><\/p>\n<p><img decoding=\"async\" src=\"https:\/\/a.allegroimg.com\/original\/115728\/f7c377b84810b72478c082debb0c\" alt=\"Zdj\u0119cie produktu\" style=\"max-width:100%; height:auto; margin:10px 0;\"><br \/>\n<img decoding=\"async\" src=\"https:\/\/a.allegroimg.com\/original\/11a77d\/626a007d4d8890a4ed625682d37f\" alt=\"Zdj\u0119cie produktu\" style=\"max-width:100%; height:auto; margin:10px 0;\"><\/p>\n","protected":false},"excerpt":{"rendered":"<p>Nowoczesny kinkiet z aba\u017curem w kszta\u0142cie walca, tuby. Wersja z wbudowanym w\u0142\u0105cznikiem \u0142a\u0144cuszkowym \u015awietnie odnajdzie si\u0119 we wn\u0119trzach o charakterze nowoczesnym, minimalistycznym czy skandynawskim. Wn\u0119trze aba\u017cura jest w kolorze ciemnym z\u0142otym, po w\u0142\u0105czeniu \u015bwiat\u0142a lampa oddaje ciep\u0142y blask na o\u015bwietlane przedmioty. Kinkiet w pe\u0142ni z\u0142o\u017cony &#8211; nie jest to zestaw do samodzielnego monta\u017cu. Nie musisz [&hellip;]<\/p>\n","protected":false},"featured_media":13971,"comment_status":"closed","ping_status":"open","template":"","meta":{"_acf_changed":false},"product_brand":[162],"product_cat":[2593,7371],"product_tag":[],"class_list":{"0":"post-49537","1":"product","2":"type-product","3":"status-publish","4":"has-post-thumbnail","6":"product_brand-luxolar","7":"product_cat-lampen","8":"product_cat-wandleuchten","9":"pa_kod-producenta-lampa-scienna-kinkiet-888-kw1-de","10":"pa_kolekcja-888-de","11":"pa_kolor-gelb","12":"pa_kolor-schwarz","13":"pa_liczba-punktow-swiatla-1-de","14":"pa_marka-luxolar","15":"pa_material-dominujacy-metall","16":"pa_max-moc-pojed-zrodla-swiatla-60-de","17":"pa_rodzaj-gwintu-e27-de","18":"pa_zawiera-baterie-nein","19":"pa_zrodlo-swiatla-ohne-lichtquelle","21":"first","22":"instock","23":"purchasable","24":"product-type-simple"},"acf":[],"aioseo_notices":[],"_links":{"self":[{"href":"https:\/\/portallamp.invette.dev\/de\/wp-json\/wp\/v2\/product\/49537","targetHints":{"allow":["GET"]}}],"collection":[{"href":"https:\/\/portallamp.invette.dev\/de\/wp-json\/wp\/v2\/product"}],"about":[{"href":"https:\/\/portallamp.invette.dev\/de\/wp-json\/wp\/v2\/types\/product"}],"replies":[{"embeddable":true,"href":"https:\/\/portallamp.invette.dev\/de\/wp-json\/wp\/v2\/comments?post=49537"}],"wp:featuredmedia":[{"embeddable":true,"href":"https:\/\/portallamp.invette.dev\/de\/wp-json\/wp\/v2\/media\/13971"}],"wp:attachment":[{"href":"https:\/\/portallamp.invette.dev\/de\/wp-json\/wp\/v2\/media?parent=49537"}],"wp:term":[{"taxonomy":"product_brand","embeddable":true,"href":"https:\/\/portallamp.invette.dev\/de\/wp-json\/wp\/v2\/product_brand?post=49537"},{"taxonomy":"product_cat","embeddable":true,"href":"https:\/\/portallamp.invette.dev\/de\/wp-json\/wp\/v2\/product_cat?post=49537"},{"taxonomy":"product_tag","embeddable":true,"href":"https:\/\/portallamp.invette.dev\/de\/wp-json\/wp\/v2\/product_tag?post=49537"}],"curies":[{"name":"wp","href":"https:\/\/api.w.org\/{rel}","templated":true}]}}