{"id":49690,"date":"2025-07-03T18:08:13","date_gmt":"2025-07-03T16:08:13","guid":{"rendered":"https:\/\/portallamp.invette.dev\/produkt\/lampa-wiszaca-sufitowa-zyrandol-brylant-led-edison-2\/"},"modified":"2025-07-03T18:08:13","modified_gmt":"2025-07-03T16:08:13","slug":"lampa-wiszaca-sufitowa-zyrandol-brylant-led-edison-2","status":"publish","type":"product","link":"https:\/\/portallamp.invette.dev\/de\/produkt\/lampa-wiszaca-sufitowa-zyrandol-brylant-led-edison-2\/","title":{"rendered":"LAMPA WISZ\u0104CA SUFITOWA \u017bYRANDOL BRYLANT LED EDISON"},"content":{"rendered":"<p>Przedmiotem sprzeda\u017cy jest:<\/p>\n<h1>Designerska lampa sufitowa wisz\u0105ca zaprojektowana w nowoczesnym stylu.<\/h1>\n<p>Nr kat: 724-A4 LUXOLAR<\/p>\n<\/p>\n<p><b>Wersja w pe\u0142ni z\u0142o\u017cona &#8211; nie jest to zestaw do samodzielnego monta\u017cu<\/b><\/p>\n<\/p>\n<p><img decoding=\"async\" src=\"https:\/\/a.allegroimg.com\/original\/03ce42\/9e7d92354cf4a1c92aed47c7c37d\" alt=\"Zdj\u0119cie produktu\" style=\"max-width:100%; height:auto; margin:10px 0;\"><\/p>\n<p>Na tej aukcji kupujesz bezpo\u015brednio od polskiego producenta &#8211; produkt oryginalny, polskiej produkcji.<\/p>\n<p><img decoding=\"async\" src=\"https:\/\/a.allegroimg.com\/original\/03d783\/da5207314781aaaca33f811d159b\" alt=\"Zdj\u0119cie produktu\" style=\"max-width:100%; height:auto; margin:10px 0;\"><\/p>\n<p><b>Nowa lampa plafon z serii Brylant z drucianymi os\u0142onami \u017car\u00f3wek<\/b><\/p>\n<p><b><\/b><\/p>\n<ul>\n<li>Nowoczesny Styl &#8211; &nbsp;\u0142atwo wkomponuje si\u0119 w uk\u0142ad mieszkania<\/li>\n<\/ul>\n<ul>\n<li>Solidna metalowa konstrukcja malowana proszkowo<\/li>\n<\/ul>\n<ul>\n<li><b>Kolor lampy: Czarny matowy<\/b><\/li>\n<\/ul>\n<ul>\n<li>Wyposa\u017cona w specjalne chromowane przeguby do kierowania kloszami<\/li>\n<\/ul>\n<ul>\n<li>Przeznaczona jako o\u015bwietlenie g\u0142\u00f3wne w pomieszczeniach o powierzchni 12-16 m2<\/li>\n<\/ul>\n<ul>\n<li>Lampa obs\u0142uguje wszystkie \u017car\u00f3wki z gwintem typu E27 do max 60 wat\u00f3w.<\/li>\n<\/ul>\n<ul>\n<li>Dodatkowym atutem s\u0105 dwa niezale\u017cne obwody elektryczne, dzi\u0119ki kt\u00f3rym w zale\u017cno\u015bci od potrzeb, mo\u017cemy sterowa\u0107 ilo\u015bci\u0105 w\u0142\u0105czonych \u017car\u00f3wek.<\/li>\n<\/ul>\n<ul>\n<li>Doskona\u0142y stosunek ceny do jako\u015bci<\/li>\n<\/ul>\n<h1>Dane techniczne:<\/h1>\n<\/p>\n<ul>\n<li><b>materia\u0142 konstrukcji:<\/b>&nbsp;Metal malowany proszkowo<\/li>\n<li><b>materia\u0142 kloszy: <\/b>Metalowy drut o \u015brednicy 3.8 mm<\/li>\n<li><b>wymiary:<\/b>&nbsp;Wysoko\u015b\u0107 ca\u0142kowita max 23 cm&nbsp;<b>,<\/b> Rozpi\u0119to\u015b\u0107: max 60 cm, podsufitka o wymiarze: 30 x 30 cm,<\/li>\n<li><b>zasilanie:<\/b> ~230 [V] \/ bezpo\u015brednie z sieci, dwa niezale\u017cne obwody elektryczne, w\u0142\u0105czanie 2+2<\/li>\n<li><b>\u017ar\u00f3d\u0142o \u015bwiat\u0142a:<\/b>&nbsp;E-27, \u015brednica \u017car\u00f3wki G95 lub mniejsza, zalecane LED<\/li>\n<li><b>spos\u00f3b monta\u017cu:<\/b> Ko\u0142ki rozporowe<\/li>\n<li><b>IP 20, Klasa I<\/b><\/li>\n<li>zestaw nie zawiera \u017car\u00f3wek oraz ko\u0142k\u00f3w rozporowych do monta\u017cu<\/li>\n<li><b>producent: <\/b>LUXOLAR Polska<\/li>\n<\/ul>\n<h1>WYMIARY:<\/h1>\n<p><img decoding=\"async\" src=\"https:\/\/a.allegroimg.com\/original\/031dc1\/7da646e44f87ae404f1da221d39e\" alt=\"Zdj\u0119cie produktu\" style=\"max-width:100%; height:auto; margin:10px 0;\"><br \/>\n<img decoding=\"async\" src=\"https:\/\/a.allegroimg.com\/original\/035370\/eceebef74737b35787784ceb35d6\" alt=\"Zdj\u0119cie produktu\" style=\"max-width:100%; height:auto; margin:10px 0;\"><\/p>\n<h1>Lampa wyposa\u017cona w specjalne przeguby s\u0142u\u017c\u0105ce do obrotu kloszem:<\/h1>\n<p><img decoding=\"async\" src=\"https:\/\/a.allegroimg.com\/original\/03ce42\/9e7d92354cf4a1c92aed47c7c37d\" alt=\"Zdj\u0119cie produktu\" style=\"max-width:100%; height:auto; margin:10px 0;\"><\/p>\n<h1>Plafon przystosowany do wsp\u00f3\u0142pracy z w\u0142\u0105cznikiem 1 i 2 przyciskowym:<\/h1>\n<p><img decoding=\"async\" src=\"https:\/\/a.allegroimg.com\/original\/03899f\/3d56b662485288682d6aa2fee3ac\" alt=\"Zdj\u0119cie produktu\" style=\"max-width:100%; height:auto; margin:10px 0;\"><br \/>\n<img decoding=\"async\" src=\"https:\/\/a.allegroimg.com\/original\/031b77\/7e3585f346578e38c265ea522f12\" alt=\"Zdj\u0119cie produktu\" style=\"max-width:100%; height:auto; margin:10px 0;\"><br \/>\n<img decoding=\"async\" src=\"https:\/\/a.allegroimg.com\/original\/03d750\/b1fc89b2457eadd97444532279e7\" alt=\"Zdj\u0119cie produktu\" style=\"max-width:100%; height:auto; margin:10px 0;\"><br \/>\n<img decoding=\"async\" src=\"https:\/\/a.allegroimg.com\/original\/033b54\/684bee65401a9dcc8d2e35161c1b\" alt=\"Zdj\u0119cie produktu\" style=\"max-width:100%; height:auto; margin:10px 0;\"><br \/>\n<img decoding=\"async\" src=\"https:\/\/a.allegroimg.com\/original\/039d2a\/d1bea54a4812a87f57a849bee158\" alt=\"Zdj\u0119cie produktu\" style=\"max-width:100%; height:auto; margin:10px 0;\"><\/p>\n<h1>Parametry zalecanych \u017ar\u00f3de\u0142 \u015bwiat\u0142a:<\/h1>\n<ul>\n<li>Gwint: E27<\/li>\n<li>Rodzaj: Led CCD lub Filament<\/li>\n<li>Barwa: Ciep\u0142a bia\u0142a (2700-3000K)<\/li>\n<li>Strumie\u0144 \u015bwietlny : 800-1200 lm (odpowiednik 8-12W)<\/li>\n<\/ul>\n<p><img decoding=\"async\" src=\"https:\/\/a.allegroimg.com\/original\/038c9f\/6caa801e4b308516505a151e8a9c\" alt=\"Zdj\u0119cie produktu\" style=\"max-width:100%; height:auto; margin:10px 0;\"><\/p>\n<h1>Do zdj\u0119\u0107 u\u017cyto \u017bAR\u00d3WEK EDISON z w\u0142\u00f3knem LED<\/h1>\n<h2>W\u0142\u00f3kna LED cechuje wysoka wydajno\u015b\u0107 oraz estetyka po\u0142\u0105czona z niskim zu\u017cyciem energii.<\/h2>\n<h2>\u017bar\u00f3wka to nie tylko \u017ar\u00f3d\u0142o \u015bwiata, ale tak\u017ce wa\u017cny wizualny szczeg\u00f3\u0142 lampy.<\/h2>\n<h1>ARAN\u017bACJE:<\/h1>\n<p><img decoding=\"async\" src=\"https:\/\/a.allegroimg.com\/original\/03088b\/1096a0b6481382c7f87337b9d184\" alt=\"Zdj\u0119cie produktu\" style=\"max-width:100%; height:auto; margin:10px 0;\"><br \/>\n<img decoding=\"async\" src=\"https:\/\/a.allegroimg.com\/original\/0320c0\/8ea536524b7e946667518890039d\" alt=\"Zdj\u0119cie produktu\" style=\"max-width:100%; height:auto; margin:10px 0;\"><br \/>\n<img decoding=\"async\" src=\"https:\/\/a.allegroimg.com\/original\/03e6d2\/c09805164fc1b26e709e667bbaaf\" alt=\"Zdj\u0119cie produktu\" style=\"max-width:100%; height:auto; margin:10px 0;\"><\/p>\n","protected":false},"excerpt":{"rendered":"<p>Przedmiotem sprzeda\u017cy jest: Designerska lampa sufitowa wisz\u0105ca zaprojektowana w nowoczesnym stylu. Nr kat: 724-A4 LUXOLAR Wersja w pe\u0142ni z\u0142o\u017cona &#8211; nie jest to zestaw do samodzielnego monta\u017cu Na tej aukcji kupujesz bezpo\u015brednio od polskiego producenta &#8211; produkt oryginalny, polskiej produkcji. Nowa lampa plafon z serii Brylant z drucianymi os\u0142onami \u017car\u00f3wek Nowoczesny Styl &#8211; &nbsp;\u0142atwo wkomponuje [&hellip;]<\/p>\n","protected":false},"featured_media":37589,"comment_status":"closed","ping_status":"open","template":"","meta":{"_acf_changed":false},"product_brand":[196],"product_cat":[2593,2674],"product_tag":[],"class_list":{"0":"post-49690","1":"product","2":"type-product","3":"status-publish","4":"has-post-thumbnail","6":"product_brand-fabryka-lamp-luxolar","7":"product_cat-lampen","8":"product_cat-hangelampen","9":"pa_kod-producenta-lampa-wiszaca-724-a4-de","10":"pa_kolekcja-724-de","11":"pa_kolor-schwarz","12":"pa_liczba-punktow-swiatla-4-de","13":"pa_marka-fabryka-lamp-luxolar","14":"pa_material-dominujacy-metall","15":"pa_max-moc-pojed-zrodla-swiatla-60-de","16":"pa_pomieszczenie-buro","17":"pa_pomieszczenie-esszimmer","18":"pa_pomieszczenie-flur-treppe","19":"pa_pomieszczenie-kuche","20":"pa_pomieszczenie-salon-de","21":"pa_pomieszczenie-schlafzimmer","22":"pa_rodzaj-gwintu-e27-de","23":"pa_rodzaj-lampy-deckenleuchten-hangeleuchten","24":"pa_zasilanie-netzwerk","25":"pa_zawiera-baterie-nein","27":"first","28":"instock","29":"purchasable","30":"product-type-simple"},"acf":[],"aioseo_notices":[],"_links":{"self":[{"href":"https:\/\/portallamp.invette.dev\/de\/wp-json\/wp\/v2\/product\/49690","targetHints":{"allow":["GET"]}}],"collection":[{"href":"https:\/\/portallamp.invette.dev\/de\/wp-json\/wp\/v2\/product"}],"about":[{"href":"https:\/\/portallamp.invette.dev\/de\/wp-json\/wp\/v2\/types\/product"}],"replies":[{"embeddable":true,"href":"https:\/\/portallamp.invette.dev\/de\/wp-json\/wp\/v2\/comments?post=49690"}],"wp:featuredmedia":[{"embeddable":true,"href":"https:\/\/portallamp.invette.dev\/de\/wp-json\/wp\/v2\/media\/37589"}],"wp:attachment":[{"href":"https:\/\/portallamp.invette.dev\/de\/wp-json\/wp\/v2\/media?parent=49690"}],"wp:term":[{"taxonomy":"product_brand","embeddable":true,"href":"https:\/\/portallamp.invette.dev\/de\/wp-json\/wp\/v2\/product_brand?post=49690"},{"taxonomy":"product_cat","embeddable":true,"href":"https:\/\/portallamp.invette.dev\/de\/wp-json\/wp\/v2\/product_cat?post=49690"},{"taxonomy":"product_tag","embeddable":true,"href":"https:\/\/portallamp.invette.dev\/de\/wp-json\/wp\/v2\/product_tag?post=49690"}],"curies":[{"name":"wp","href":"https:\/\/api.w.org\/{rel}","templated":true}]}}