{"id":49783,"date":"2025-07-03T18:06:41","date_gmt":"2025-07-03T16:06:41","guid":{"rendered":"https:\/\/portallamp.invette.dev\/produkt\/lampa-plafon-wiszaca-loft-edison-z-drutu-722-3\/"},"modified":"2025-07-03T18:06:41","modified_gmt":"2025-07-03T16:06:41","slug":"lampa-plafon-wiszaca-loft-edison-z-drutu-722-3","status":"publish","type":"product","link":"https:\/\/portallamp.invette.dev\/de\/produkt\/lampa-plafon-wiszaca-loft-edison-z-drutu-722-3\/","title":{"rendered":"Lampa Plafon Wisz\u0105ca Loft Edison z Drutu 722-3"},"content":{"rendered":"<h1>Przedmiotem sprzeda\u017cy jest:<\/h1>\n<h1>Designerska Lampa zaprojektowana w nowoczesnym stylu Loft, Edison. Kat: 722-3 LUXOLAR<\/h1>\n<p><img decoding=\"async\" src=\"https:\/\/b.allegroimg.com\/original\/0366e1\/056e141b438e9c8fa8d7c68999ab\" alt=\"Zdj\u0119cie produktu\" style=\"max-width:100%; height:auto; margin:10px 0;\"><\/p>\n<p><b>Nowa lampa wisz\u0105ca w stylu minimalistycznym z os\u0142onami \u017car\u00f3wek wykonanymi z drutu.<\/b><\/p>\n<ul>\n<li>\u015awietnie odnajdzie si\u0119 we wn\u0119trzach o charakterze nowoczesnym, minimalistycznym czy skandynawskim.<\/li>\n<\/ul>\n<ul>\n<li>Przeznaczona jako o\u015bwietlenie g\u0142\u00f3wne w pomieszczeniach o powierzchni 8-16m2,<\/li>\n<\/ul>\n<ul>\n<li>Wysoko\u015b\u0107 kloszy mo\u017cna regulowa\u0107 w zakresie od 40 do 100 cm<\/li>\n<\/ul>\n<ul>\n<li>Lampa obs\u0142uguje wszystkie \u017car\u00f3wki z gwintem typu E27 do max 60 wat\u00f3w.<\/li>\n<\/ul>\n<ul>\n<li>Dodatkowym atutem s\u0105 dwa niezale\u017cne obwody elektryczne, dzi\u0119ki kt\u00f3rym w zale\u017cno\u015bci od potrzeb, mo\u017cemy sterowa\u0107 ilo\u015bci\u0105 w\u0142\u0105czonych \u017car\u00f3wek.<\/li>\n<\/ul>\n<h1>Dane techniczne:<\/h1>\n<ul>\n<li><b>materia\u0142 konstrukcji:<\/b>&nbsp;metal malowany proszkowo<\/li>\n<li><b>wymiary:<\/b>&nbsp;Wysoko\u015b\u0107 ca\u0142kowita 100 cm&nbsp;<b>,<\/b>&nbsp;\u015arednica podsufitki: 30 cm,<\/li>\n<li><b>zasilanie:<\/b>&nbsp;~230 [V] \/ bezpo\u015brednie z sieci, dwa niezale\u017cne obwody elektryczne, w\u0142\u0105czanie 2+1<\/li>\n<li><b>\u017ar\u00f3d\u0142o \u015bwiat\u0142a:<\/b>&nbsp;E-27, \u015brednica \u017car\u00f3wki G95 lub mniejsza<\/li>\n<li><b>IP 20, Klasa I<\/b><\/li>\n<li><b>zestaw nie zawiera \u017car\u00f3wek oraz ko\u0142k\u00f3w rozporowych do monta\u017cu<\/b><\/li>\n<li><b>producent: <\/b>LUXOLAR<\/li>\n<\/ul>\n<p><img decoding=\"async\" src=\"https:\/\/a.allegroimg.com\/original\/112c60\/506ab9a44df9be9bdb8c4bf92d58\" alt=\"Zdj\u0119cie produktu\" style=\"max-width:100%; height:auto; margin:10px 0;\"><br \/>\n<img decoding=\"async\" src=\"https:\/\/5.allegroimg.com\/original\/0362aa\/a0e7fe654c7094ab9f6ae50fd285\" alt=\"Zdj\u0119cie produktu\" style=\"max-width:100%; height:auto; margin:10px 0;\"><\/p>\n","protected":false},"excerpt":{"rendered":"<p>Przedmiotem sprzeda\u017cy jest: Designerska Lampa zaprojektowana w nowoczesnym stylu Loft, Edison. Kat: 722-3 LUXOLAR Nowa lampa wisz\u0105ca w stylu minimalistycznym z os\u0142onami \u017car\u00f3wek wykonanymi z drutu. \u015awietnie odnajdzie si\u0119 we wn\u0119trzach o charakterze nowoczesnym, minimalistycznym czy skandynawskim. Przeznaczona jako o\u015bwietlenie g\u0142\u00f3wne w pomieszczeniach o powierzchni 8-16m2, Wysoko\u015b\u0107 kloszy mo\u017cna regulowa\u0107 w zakresie od 40 do [&hellip;]<\/p>\n","protected":false},"featured_media":37180,"comment_status":"closed","ping_status":"open","template":"","meta":{"_acf_changed":false},"product_brand":[162],"product_cat":[2593,2674],"product_tag":[],"class_list":{"0":"post-49783","1":"product","2":"type-product","3":"status-publish","4":"has-post-thumbnail","6":"product_brand-luxolar","7":"product_cat-lampen","8":"product_cat-hangelampen","9":"pa_kod-producenta-722-3-de","10":"pa_kolekcja-722-de","11":"pa_kolor-gold-de","12":"pa_kolor-schwarz","13":"pa_liczba-punktow-swiatla-3-de","14":"pa_marka-luxolar","15":"pa_material-dominujacy-metall","16":"pa_max-moc-pojed-zrodla-swiatla-60-de","17":"pa_pomieszczenie-buro","18":"pa_pomieszczenie-esszimmer","19":"pa_pomieszczenie-flur-treppe","20":"pa_pomieszczenie-kuche","21":"pa_pomieszczenie-salon-de","22":"pa_pomieszczenie-schlafzimmer","23":"pa_rodzaj-gwintu-e27-de","24":"pa_rodzaj-lampy-deckenleuchten-hangeleuchten","25":"pa_zasilanie-netzwerk","26":"pa_zawiera-baterie-nein","27":"pa_zrodlo-swiatla-ohne-lichtquelle","29":"first","30":"instock","31":"purchasable","32":"product-type-simple"},"acf":[],"aioseo_notices":[],"_links":{"self":[{"href":"https:\/\/portallamp.invette.dev\/de\/wp-json\/wp\/v2\/product\/49783","targetHints":{"allow":["GET"]}}],"collection":[{"href":"https:\/\/portallamp.invette.dev\/de\/wp-json\/wp\/v2\/product"}],"about":[{"href":"https:\/\/portallamp.invette.dev\/de\/wp-json\/wp\/v2\/types\/product"}],"replies":[{"embeddable":true,"href":"https:\/\/portallamp.invette.dev\/de\/wp-json\/wp\/v2\/comments?post=49783"}],"wp:featuredmedia":[{"embeddable":true,"href":"https:\/\/portallamp.invette.dev\/de\/wp-json\/wp\/v2\/media\/37180"}],"wp:attachment":[{"href":"https:\/\/portallamp.invette.dev\/de\/wp-json\/wp\/v2\/media?parent=49783"}],"wp:term":[{"taxonomy":"product_brand","embeddable":true,"href":"https:\/\/portallamp.invette.dev\/de\/wp-json\/wp\/v2\/product_brand?post=49783"},{"taxonomy":"product_cat","embeddable":true,"href":"https:\/\/portallamp.invette.dev\/de\/wp-json\/wp\/v2\/product_cat?post=49783"},{"taxonomy":"product_tag","embeddable":true,"href":"https:\/\/portallamp.invette.dev\/de\/wp-json\/wp\/v2\/product_tag?post=49783"}],"curies":[{"name":"wp","href":"https:\/\/api.w.org\/{rel}","templated":true}]}}