{"id":49795,"date":"2025-07-03T18:06:41","date_gmt":"2025-07-03T16:06:41","guid":{"rendered":"https:\/\/portallamp.invette.dev\/produkt\/kinkiet-loft-druciany-edison-z-drutu-724-kw1\/"},"modified":"2025-07-03T18:06:41","modified_gmt":"2025-07-03T16:06:41","slug":"kinkiet-loft-druciany-edison-z-drutu-724-kw1","status":"publish","type":"product","link":"https:\/\/portallamp.invette.dev\/de\/produkt\/kinkiet-loft-druciany-edison-z-drutu-724-kw1\/","title":{"rendered":"Kinkiet Loft Druciany Edison z drutu 724-KW1"},"content":{"rendered":"<h1>Przedmiotem sprzeda\u017cy jest:<\/h1>\n<h1>Nowy kinkiet loft edison w stylu minimalistycznym z os\u0142on\u0105 \u017car\u00f3wki wykonan\u0105 z drutu.<\/h1>\n<p><b>Nr kat: 724-KW1 LUXOLAR<\/b><\/p>\n<p><b>Dost\u0119pny w kolorach:<\/b><\/p>\n<p><b>Czarny \/Szary \/ Bia\u0142y \/ Miedziany \/ Czarny z bia\u0142ym \/ Bia\u0142y z czarnym<\/b><\/p>\n<p><img decoding=\"async\" src=\"https:\/\/9.allegroimg.com\/original\/03fc20\/ca500e724a27895766ddbf2d7ef9\" alt=\"Zdj\u0119cie produktu\" style=\"max-width:100%; height:auto; margin:10px 0;\"><\/p>\n<h2>Kinkiet w stylu minimalistycznym z os\u0142on\u0105 \u017car\u00f3wki&nbsp; wykonan\u0105 z drutu.<\/h2>\n<ul>\n<li>Idealnie pasuje do surowych szaro-bia\u0142ych wn\u0119trz.<\/li>\n<\/ul>\n<ul>\n<li>Przeznaczony jako o\u015bwietlenie uzupe\u0142niaj\u0105ce, dekoracyjne do pomieszcze\u0144 wewn\u0105trz domu z wy\u0142\u0105czeniem \u0142azienki lub miejsc o zwi\u0119kszonej wilgotno\u015bci.<\/li>\n<\/ul>\n<ul>\n<li>Lampa obs\u0142uguje wszystkie \u017car\u00f3wki z gwintem typu E27 do max 60 wat\u00f3w.<\/li>\n<\/ul>\n<ul>\n<li>Dobry stosunek ceny do jako\u015bci.<\/li>\n<\/ul>\n<ul>\n<li>Wbudowany w\u0142\u0105cznik \u0142a\u0144cuszkowy.<\/li>\n<\/ul>\n<h1>Najwa\u017cniejsze cechy produktu:<\/h1>\n<ul>\n<li>Nowoczesny Styl &#8211; &nbsp;\u0142atwo wkomponuje si\u0119 w uk\u0142ad mieszkania<\/li>\n<li>Solidna metalowa konstrukcja malowana proszkowo<\/li>\n<li>Gwint E27 umo\u017cliwia szeroki wyb\u00f3r \u017car\u00f3wek<\/li>\n<li>Zasilanie: ~230 V &#8211; bezpo\u015brednio sterowane w\u0142\u0105cznikiem \u0142a\u0144cuszkowym<\/li>\n<li>IP 20, Klasa I<\/li>\n<li>Wieszana na ko\u0142kach rozporowych.<\/li>\n<li>Lampa obj\u0119ta jest&nbsp;<b>pe\u0142nym ubezpieczeniem<\/b>&nbsp;na czas transportu.<\/li>\n<li><b>zestaw nie zawiera \u017car\u00f3wki oraz ko\u0142k\u00f3w rozporowych do monta\u017cu<\/b><\/li>\n<li>producent:<b> LUXOLAR<\/b><\/li>\n<\/ul>\n<p><img decoding=\"async\" src=\"https:\/\/2.allegroimg.com\/original\/035e67\/779f6ee94d388cacb97e0f9f0a92\" alt=\"Zdj\u0119cie produktu\" style=\"max-width:100%; height:auto; margin:10px 0;\"><br \/>\n<img decoding=\"async\" src=\"https:\/\/5.allegroimg.com\/original\/0319fa\/d091d3b34a48a564d82cf4c61665\" alt=\"Zdj\u0119cie produktu\" style=\"max-width:100%; height:auto; margin:10px 0;\"><br \/>\n<img decoding=\"async\" src=\"https:\/\/2.allegroimg.com\/original\/031678\/10e0c7a84bb7bcd23d2a377bf692\" alt=\"Zdj\u0119cie produktu\" style=\"max-width:100%; height:auto; margin:10px 0;\"><\/p>\n<h1>KOLORY KINKIETU DO WYBORU:<\/h1>\n<p><img decoding=\"async\" src=\"https:\/\/c.allegroimg.com\/original\/03a4a5\/ca92094c49eea555064f322b1e6c\" alt=\"Zdj\u0119cie produktu\" style=\"max-width:100%; height:auto; margin:10px 0;\"><br \/>\n<img decoding=\"async\" src=\"https:\/\/5.allegroimg.com\/original\/03fddd\/4d0c629845d990d5f8fa565a0415\" alt=\"Zdj\u0119cie produktu\" style=\"max-width:100%; height:auto; margin:10px 0;\"><br \/>\n<img decoding=\"async\" src=\"https:\/\/1.allegroimg.com\/original\/034e3f\/6ae13f8140339bf3cbc14b5e7e71\" alt=\"Zdj\u0119cie produktu\" style=\"max-width:100%; height:auto; margin:10px 0;\"><br \/>\n<img decoding=\"async\" src=\"https:\/\/b.allegroimg.com\/original\/0392e4\/89607f2143a596b180c890c16dbb\" alt=\"Zdj\u0119cie produktu\" style=\"max-width:100%; height:auto; margin:10px 0;\"><br \/>\n<img decoding=\"async\" src=\"https:\/\/6.allegroimg.com\/original\/030cf3\/3fca2106484a913b3e13b41fdc16\" alt=\"Zdj\u0119cie produktu\" style=\"max-width:100%; height:auto; margin:10px 0;\"><br \/>\n<img decoding=\"async\" src=\"https:\/\/c.allegroimg.com\/original\/039899\/c48a0a3a467f8b5843de447ad11c\" alt=\"Zdj\u0119cie produktu\" style=\"max-width:100%; height:auto; margin:10px 0;\"><\/p>\n<h2>ETAPY REALIZACJI ZAM\u00d3WIENIA:<\/h2>\n<ol>\n<li><b>Wybierz kolor&nbsp;konstrukcji : <\/b>Czarny \/ Szary \/ Bia\u0142y \/ Miedziany \/ Czarny z bia\u0142ym \/ Bia\u0142y z Czarnym<\/li>\n<li><b>Prze\u015blij do nas wybran\u0105 konfiguracj\u0119<\/b>&nbsp;&#8211; w formularzu zam\u00f3wienia.<\/li>\n<\/ol>\n<p><b>Poprawne przes\u0142anie powy\u017cszych informacji znacznie przyspieszy realizacj\u0119 zam\u00f3wienia.<\/b><\/p>\n<h1>Zalecane \u017ar\u00f3d\u0142o \u015bwiat\u0142a:<\/h1>\n<p>\u017bar\u00f3wki LED z w\u0142\u00f3knem typu FILAMENT &#8211;&nbsp; cechuje wysoka wydajno\u015b\u0107 oraz estetyka po\u0142\u0105czona z niskim zu\u017cyciem energii.<\/p>\n<p>\u017bar\u00f3wka to nie tylko \u017ar\u00f3d\u0142o \u015bwiata, ale tak\u017ce wa\u017cny wizualny szczeg\u00f3\u0142 w lampie.<\/p>\n<p><img decoding=\"async\" src=\"https:\/\/3.allegroimg.com\/original\/039d9e\/29ff07714bde9c1ab3a86977b993\" alt=\"Zdj\u0119cie produktu\" style=\"max-width:100%; height:auto; margin:10px 0;\"><br \/>\n<img decoding=\"async\" src=\"https:\/\/6.allegroimg.com\/original\/03dda5\/678b34264b1faf58b00e4dfae846\" alt=\"Zdj\u0119cie produktu\" style=\"max-width:100%; height:auto; margin:10px 0;\"><\/p>\n","protected":false},"excerpt":{"rendered":"<p>Przedmiotem sprzeda\u017cy jest: Nowy kinkiet loft edison w stylu minimalistycznym z os\u0142on\u0105 \u017car\u00f3wki wykonan\u0105 z drutu. Nr kat: 724-KW1 LUXOLAR Dost\u0119pny w kolorach: Czarny \/Szary \/ Bia\u0142y \/ Miedziany \/ Czarny z bia\u0142ym \/ Bia\u0142y z czarnym Kinkiet w stylu minimalistycznym z os\u0142on\u0105 \u017car\u00f3wki&nbsp; wykonan\u0105 z drutu. Idealnie pasuje do surowych szaro-bia\u0142ych wn\u0119trz. Przeznaczony jako [&hellip;]<\/p>\n","protected":false},"featured_media":37285,"comment_status":"closed","ping_status":"open","template":"","meta":{"_acf_changed":false},"product_brand":[162],"product_cat":[2593,2828],"product_tag":[],"class_list":{"0":"post-49795","1":"product","2":"type-product","3":"status-publish","4":"has-post-thumbnail","6":"product_brand-luxolar","7":"product_cat-lampen","8":"product_cat-wandleuchten-de","9":"pa_kod-producenta-724-kw1-de","10":"pa_kolekcja-brak-de","11":"pa_kolor-gold-de","12":"pa_kolor-grau","13":"pa_kolor-schwarz","14":"pa_kolor-weis","15":"pa_liczba-punktow-swiatla-1-de","16":"pa_marka-luxolar","17":"pa_material-dominujacy-metall","18":"pa_max-moc-pojed-zrodla-swiatla-60-de","19":"pa_rodzaj-gwintu-e27-de","20":"pa_zawiera-baterie-nein","21":"pa_zrodlo-swiatla-ohne-lichtquelle","23":"first","24":"instock","25":"purchasable","26":"product-type-simple"},"acf":[],"aioseo_notices":[],"_links":{"self":[{"href":"https:\/\/portallamp.invette.dev\/de\/wp-json\/wp\/v2\/product\/49795","targetHints":{"allow":["GET"]}}],"collection":[{"href":"https:\/\/portallamp.invette.dev\/de\/wp-json\/wp\/v2\/product"}],"about":[{"href":"https:\/\/portallamp.invette.dev\/de\/wp-json\/wp\/v2\/types\/product"}],"replies":[{"embeddable":true,"href":"https:\/\/portallamp.invette.dev\/de\/wp-json\/wp\/v2\/comments?post=49795"}],"wp:featuredmedia":[{"embeddable":true,"href":"https:\/\/portallamp.invette.dev\/de\/wp-json\/wp\/v2\/media\/37285"}],"wp:attachment":[{"href":"https:\/\/portallamp.invette.dev\/de\/wp-json\/wp\/v2\/media?parent=49795"}],"wp:term":[{"taxonomy":"product_brand","embeddable":true,"href":"https:\/\/portallamp.invette.dev\/de\/wp-json\/wp\/v2\/product_brand?post=49795"},{"taxonomy":"product_cat","embeddable":true,"href":"https:\/\/portallamp.invette.dev\/de\/wp-json\/wp\/v2\/product_cat?post=49795"},{"taxonomy":"product_tag","embeddable":true,"href":"https:\/\/portallamp.invette.dev\/de\/wp-json\/wp\/v2\/product_tag?post=49795"}],"curies":[{"name":"wp","href":"https:\/\/api.w.org\/{rel}","templated":true}]}}