{"id":49855,"date":"2025-07-03T18:05:18","date_gmt":"2025-07-03T16:05:18","guid":{"rendered":"https:\/\/portallamp.invette.dev\/produkt\/lampa-plafon-skandynawska-loft-czarna-384-a2-led\/"},"modified":"2025-07-03T18:05:18","modified_gmt":"2025-07-03T16:05:18","slug":"lampa-plafon-skandynawska-loft-czarna-384-a2-led","status":"publish","type":"product","link":"https:\/\/portallamp.invette.dev\/de\/produkt\/lampa-plafon-skandynawska-loft-czarna-384-a2-led\/","title":{"rendered":"Lampa Plafon Skandynawska LOFT Czarna 384-A2 LED"},"content":{"rendered":"<h1>Przedmiotem sprzeda\u017cy jest:<\/h1>\n<h2><\/h2>\n<h2>Nowa lampa plafon w stylu minimalistycznym z os\u0142on\u0105 \u017car\u00f3wki na kszta\u0142t walca. Nr kat: 384-A2 LUXOLAR<\/h2>\n<p><img decoding=\"async\" style=\"max-width: 100%; height: auto; margin: 10px 0;\" src=\"https:\/\/2.allegroimg.com\/original\/0370bf\/1bc922854a74ae63db9e5ab242d2\" alt=\"Zdj\u0119cie produktu\" \/><\/p>\n<p><b>Nowa Lampa Sufitowa \u017cyrandol Plafon 384-A2 w stylu minimalistycznym z aba\u017curami na kszta\u0142t \u00a0dw\u00f3ch ruchomych walc\u00f3w.<\/b><\/p>\n<ul>\n<li><b>Kolor lampy: Czarny matowy<\/b><\/li>\n<\/ul>\n<ul>\n<li>Obs\u0142uguje wszystkie \u017car\u00f3wki z gwintem typu E27 do max 60 wat\u00f3w &#8211; zalecane LED EDISON<\/li>\n<\/ul>\n<ul>\n<li><b>Plafon wyposa\u017cony w przeguby &#8211; \u00a0w prosty spos\u00f3b ustawisz kierunek aba\u017cur\u00f3w.<\/b><\/li>\n<\/ul>\n<ul>\n<li>Model 384-A2 wyposa\u017cono w dwa niezale\u017cne obwody elektryczne, dzi\u0119ki kt\u00f3rym w zale\u017cno\u015bci od potrzeb, mo\u017cemy sterowa\u0107 ilo\u015bci\u0105 w\u0142\u0105czonych \u017car\u00f3wek.<\/li>\n<\/ul>\n<ul>\n<li>Solida i sprawdzona konstrukcja &#8211; Lampa sufitowa 384-A2 go\u015bci na rynku lamp ju\u017c od d\u0142u\u017cszego czasu &#8211; brak reklamacji<\/li>\n<\/ul>\n<h1>Dane techniczne:<\/h1>\n<ul>\n<li><b>materia\u0142 konstrukcji:<\/b>\u00a0metal malowany proszkowo<\/li>\n<li><b>wymiary:<\/b>\u00a0wysoko\u015b\u0107 ca\u0142kowita lampy 20 cm, Wymiar podsufitki: 20 x 20 cm<\/li>\n<li><b>regulacja k\u0105ta i kierunku \u017car\u00f3wki: \u00a0 <\/b>tak<\/li>\n<li><b>zasilanie:<\/b>\u00a0~230 [V] \/ nie wymaga transformatora, dwa niezale\u017cne obwody elektryczne<\/li>\n<li><b>\u017ar\u00f3d\u0142o \u015bwiat\u0142a:<\/b>\u00a0E-27<\/li>\n<li><b>zestaw nie zawiera \u017car\u00f3wek oraz ko\u0142k\u00f3w rozporowych do monta\u017cu<\/b><\/li>\n<li><b>producent:\u00a0<\/b>LUXOLAR Polska<\/li>\n<\/ul>\n<h1>WYMIARY:<\/h1>\n<p><img decoding=\"async\" style=\"max-width: 100%; height: auto; margin: 10px 0;\" src=\"https:\/\/9.allegroimg.com\/original\/037836\/4e2400284c1bab78a297d628ccb9\" alt=\"Zdj\u0119cie produktu\" \/><br \/>\n<img decoding=\"async\" style=\"max-width: 100%; height: auto; margin: 10px 0;\" src=\"https:\/\/a.allegroimg.com\/original\/03a699\/309fa7ce4b77a847ee14e365ad7a\" alt=\"Zdj\u0119cie produktu\" \/><br \/>\n<img decoding=\"async\" style=\"max-width: 100%; height: auto; margin: 10px 0;\" src=\"https:\/\/8.allegroimg.com\/original\/03a9eb\/8687ed6b4c1f9bdafdd91a7831c8\" alt=\"Zdj\u0119cie produktu\" \/><\/p>\n<h1>Zalecane \u017ar\u00f3d\u0142o \u015bwiat\u0142a:<\/h1>\n<p>\u017bar\u00f3wki LED z w\u0142\u00f3knem typu FILAMENT &#8211;\u00a0 cechuje wysoka wydajno\u015b\u0107 oraz estetyka po\u0142\u0105czona z niskim zu\u017cyciem energii.<\/p>\n<p>\u017bar\u00f3wka to nie tylko \u017ar\u00f3d\u0142o \u015bwiata, ale tak\u017ce wa\u017cny wizualny szczeg\u00f3\u0142 w lampie.<\/p>\n<p><img decoding=\"async\" style=\"max-width: 100%; height: auto; margin: 10px 0;\" src=\"https:\/\/f.allegroimg.com\/original\/031c60\/f7270b4f49058a5636d77f8642ef\" alt=\"Zdj\u0119cie produktu\" \/><br \/>\n<img decoding=\"async\" style=\"max-width: 100%; height: auto; margin: 10px 0;\" src=\"https:\/\/2.allegroimg.com\/original\/0370bf\/1bc922854a74ae63db9e5ab242d2\" alt=\"Zdj\u0119cie produktu\" \/><br \/>\n<img decoding=\"async\" style=\"max-width: 100%; height: auto; margin: 10px 0;\" src=\"https:\/\/7.allegroimg.com\/original\/034e81\/f3bd4f744e1eb5b6394f385cfd37\" alt=\"Zdj\u0119cie produktu\" \/><\/p>\n","protected":false},"excerpt":{"rendered":"<p>Przedmiotem sprzeda\u017cy jest: Nowa lampa plafon w stylu minimalistycznym z os\u0142on\u0105 \u017car\u00f3wki na kszta\u0142t walca. Nr kat: 384-A2 LUXOLAR Nowa Lampa Sufitowa \u017cyrandol Plafon 384-A2 w stylu minimalistycznym z aba\u017curami na kszta\u0142t \u00a0dw\u00f3ch ruchomych walc\u00f3w. Kolor lampy: Czarny matowy Obs\u0142uguje wszystkie \u017car\u00f3wki z gwintem typu E27 do max 60 wat\u00f3w &#8211; zalecane LED EDISON Plafon [&hellip;]<\/p>\n","protected":false},"featured_media":39724,"comment_status":"closed","ping_status":"closed","template":"","meta":{"_acf_changed":false},"product_brand":[196],"product_cat":[2593,3502],"product_tag":[2061],"class_list":{"0":"post-49855","1":"product","2":"type-product","3":"status-publish","4":"has-post-thumbnail","6":"product_brand-fabryka-lamp-luxolar","7":"product_cat-lampen","8":"product_cat-halbdecken-und-decken","9":"product_tag-bestseller-de","10":"pa_kod-producenta-lampa-plafon-384-a2-de","11":"pa_kolor-schwarz","12":"pa_ksztalt-quadratisch","13":"pa_liczba-punktow-swiatla-2-de","14":"pa_marka-fabryka-lamp-luxolar","15":"pa_material-dominujacy-metall","16":"pa_max-moc-pojed-zrodla-swiatla-60-de","17":"pa_rodzaj-deckenleuchte","18":"pa_rodzaj-gwintu-e27-de","19":"pa_zasilanie-netzwerk","20":"pa_zawiera-baterie-nein","22":"first","23":"instock","24":"purchasable","25":"product-type-simple"},"acf":[],"aioseo_notices":[],"_links":{"self":[{"href":"https:\/\/portallamp.invette.dev\/de\/wp-json\/wp\/v2\/product\/49855","targetHints":{"allow":["GET"]}}],"collection":[{"href":"https:\/\/portallamp.invette.dev\/de\/wp-json\/wp\/v2\/product"}],"about":[{"href":"https:\/\/portallamp.invette.dev\/de\/wp-json\/wp\/v2\/types\/product"}],"replies":[{"embeddable":true,"href":"https:\/\/portallamp.invette.dev\/de\/wp-json\/wp\/v2\/comments?post=49855"}],"wp:featuredmedia":[{"embeddable":true,"href":"https:\/\/portallamp.invette.dev\/de\/wp-json\/wp\/v2\/media\/39724"}],"wp:attachment":[{"href":"https:\/\/portallamp.invette.dev\/de\/wp-json\/wp\/v2\/media?parent=49855"}],"wp:term":[{"taxonomy":"product_brand","embeddable":true,"href":"https:\/\/portallamp.invette.dev\/de\/wp-json\/wp\/v2\/product_brand?post=49855"},{"taxonomy":"product_cat","embeddable":true,"href":"https:\/\/portallamp.invette.dev\/de\/wp-json\/wp\/v2\/product_cat?post=49855"},{"taxonomy":"product_tag","embeddable":true,"href":"https:\/\/portallamp.invette.dev\/de\/wp-json\/wp\/v2\/product_tag?post=49855"}],"curies":[{"name":"wp","href":"https:\/\/api.w.org\/{rel}","templated":true}]}}