{"id":49876,"date":"2025-07-03T18:05:18","date_gmt":"2025-07-03T16:05:18","guid":{"rendered":"https:\/\/portallamp.invette.dev\/produkt\/lampa-plafon-skandynawska-loft-czarna-384-p1-led\/"},"modified":"2025-07-03T18:05:18","modified_gmt":"2025-07-03T16:05:18","slug":"lampa-plafon-skandynawska-loft-czarna-384-p1-led","status":"publish","type":"product","link":"https:\/\/portallamp.invette.dev\/de\/produkt\/lampa-plafon-skandynawska-loft-czarna-384-p1-led\/","title":{"rendered":"Lampa Plafon Skandynawska LOFT Czarna 384-P1 LED"},"content":{"rendered":"<h1>Przedmiotem sprzeda\u017cy jest:<\/h1>\n<h2><\/h2>\n<h2>Nowa lampa plafon w stylu minimalistycznym z os\u0142on\u0105 \u017car\u00f3wki na kszta\u0142t walca. Nr kat: 384-P1 LUXOLAR<\/h2>\n<\/p>\n<p><img decoding=\"async\" src=\"https:\/\/0.allegroimg.com\/original\/031b12\/ddf76a684621bef3d46cffb9d4f0\" alt=\"Zdj\u0119cie produktu\" style=\"max-width:100%; height:auto; margin:10px 0;\"><\/p>\n<p><b>Nowa Lampa Sufitowa \u017cyrandol Plafon 384-P1 w stylu minimalistycznym z aba\u017curem w kszta\u0142cie walca.<\/b><\/p>\n<ul>\n<li><b>Kolor lampy: Czarny matowy<\/b><\/li>\n<\/ul>\n<ul>\n<li>Obs\u0142uguje wszystkie \u017car\u00f3wki z gwintem typu E27 do max 60 wat\u00f3w &#8211; zalecane LED EDISON<\/li>\n<\/ul>\n<ul>\n<li><b>Plafon wyposa\u017cony w przegub &#8211; &nbsp;w prosty spos\u00f3b ustawisz kierunek ustawienia \u017car\u00f3wki.<\/b><\/li>\n<\/ul>\n<ul>\n<li>Solida i sprawdzona konstrukcja &#8211; Lampa sufitowa 384-P1 go\u015bci na rynku lamp ju\u017c od d\u0142u\u017cszego czasu &#8211; brak reklamacji<\/li>\n<\/ul>\n<ul>\n<li>\u0141atwy monta\u017c<\/li>\n<\/ul>\n<h1>Dane techniczne:<\/h1>\n<ul>\n<li><b>materia\u0142 konstrukcji:<\/b>&nbsp;metal malowany proszkowo<\/li>\n<li><b>wymiary:<\/b>&nbsp;wysoko\u015b\u0107 ca\u0142kowita lampy 20 cm, Wymiar podsufitki: 10 x 5 cm<\/li>\n<li><b>regulacja k\u0105ta i kierunku \u017car\u00f3wki: &nbsp; <\/b>tak<\/li>\n<li><b>zasilanie:<\/b>&nbsp;~230 [V] \/ nie wymaga transformatora, bezpo\u015brednie z sieci<\/li>\n<li><b>\u017ar\u00f3d\u0142o \u015bwiat\u0142a:<\/b>&nbsp;E-27<\/li>\n<li><b>IP 20, Klasa I<\/b><\/li>\n<li><b>zestaw nie zawiera \u017car\u00f3wki oraz ko\u0142k\u00f3w rozporowych do monta\u017cu<\/b><\/li>\n<li><b>producent:&nbsp;<\/b>LUXOLAR Polska<\/li>\n<\/ul>\n<p><img decoding=\"async\" src=\"https:\/\/0.allegroimg.com\/original\/03c58d\/e9b846794eec96d8552cb895f6e0\" alt=\"Zdj\u0119cie produktu\" style=\"max-width:100%; height:auto; margin:10px 0;\"><br \/>\n<img decoding=\"async\" src=\"https:\/\/4.allegroimg.com\/original\/03a831\/4ad4681d48b8aee211dd8a20cb64\" alt=\"Zdj\u0119cie produktu\" style=\"max-width:100%; height:auto; margin:10px 0;\"><br \/>\n<img decoding=\"async\" src=\"https:\/\/c.allegroimg.com\/original\/039bb6\/2e5fc92b4d26a8da1e4f61e7920c\" alt=\"Zdj\u0119cie produktu\" style=\"max-width:100%; height:auto; margin:10px 0;\"><\/p>\n<h1>Zalecane \u017ar\u00f3d\u0142o \u015bwiat\u0142a:<\/h1>\n<p>\u017bar\u00f3wki LED z w\u0142\u00f3knem typu FILAMENT &#8211;&nbsp; cechuje wysoka wydajno\u015b\u0107 oraz estetyka po\u0142\u0105czona z niskim zu\u017cyciem energii.<\/p>\n<p>\u017bar\u00f3wka to nie tylko \u017ar\u00f3d\u0142o \u015bwiata, ale tak\u017ce wa\u017cny wizualny szczeg\u00f3\u0142 w lampie.<\/p>\n<p><img decoding=\"async\" src=\"https:\/\/a.allegroimg.com\/original\/0319d1\/0850666e48f1aad498df41cb8d6a\" alt=\"Zdj\u0119cie produktu\" style=\"max-width:100%; height:auto; margin:10px 0;\"><br \/>\n<img decoding=\"async\" src=\"https:\/\/0.allegroimg.com\/original\/031b12\/ddf76a684621bef3d46cffb9d4f0\" alt=\"Zdj\u0119cie produktu\" style=\"max-width:100%; height:auto; margin:10px 0;\"><br \/>\n<img decoding=\"async\" src=\"https:\/\/d.allegroimg.com\/original\/03a194\/4ef0d0df4f6eb6efb1743199c98d\" alt=\"Zdj\u0119cie produktu\" style=\"max-width:100%; height:auto; margin:10px 0;\"><\/p>\n","protected":false},"excerpt":{"rendered":"<p>Przedmiotem sprzeda\u017cy jest: Nowa lampa plafon w stylu minimalistycznym z os\u0142on\u0105 \u017car\u00f3wki na kszta\u0142t walca. Nr kat: 384-P1 LUXOLAR Nowa Lampa Sufitowa \u017cyrandol Plafon 384-P1 w stylu minimalistycznym z aba\u017curem w kszta\u0142cie walca. Kolor lampy: Czarny matowy Obs\u0142uguje wszystkie \u017car\u00f3wki z gwintem typu E27 do max 60 wat\u00f3w &#8211; zalecane LED EDISON Plafon wyposa\u017cony w [&hellip;]<\/p>\n","protected":false},"featured_media":37628,"comment_status":"closed","ping_status":"open","template":"","meta":{"_acf_changed":false},"product_brand":[162],"product_cat":[2593,3502],"product_tag":[],"class_list":{"0":"post-49876","1":"product","2":"type-product","3":"status-publish","4":"has-post-thumbnail","6":"product_brand-luxolar","7":"product_cat-lampen","8":"product_cat-halbdecken-und-decken","9":"pa_kod-producenta-lampa-plafon-384-p1-de","10":"pa_kolor-schwarz","11":"pa_ksztalt-rund","12":"pa_liczba-punktow-swiatla-1-de","13":"pa_marka-luxolar","14":"pa_material-dominujacy-metall","15":"pa_max-moc-pojed-zrodla-swiatla-60-de","16":"pa_rodzaj-deckenleuchte","17":"pa_rodzaj-gwintu-e27-de","18":"pa_zasilanie-netzwerk","19":"pa_zawiera-baterie-nein","20":"pa_zrodlo-swiatla-ohne-lichtquelle","22":"first","23":"instock","24":"purchasable","25":"product-type-simple"},"acf":[],"aioseo_notices":[],"_links":{"self":[{"href":"https:\/\/portallamp.invette.dev\/de\/wp-json\/wp\/v2\/product\/49876","targetHints":{"allow":["GET"]}}],"collection":[{"href":"https:\/\/portallamp.invette.dev\/de\/wp-json\/wp\/v2\/product"}],"about":[{"href":"https:\/\/portallamp.invette.dev\/de\/wp-json\/wp\/v2\/types\/product"}],"replies":[{"embeddable":true,"href":"https:\/\/portallamp.invette.dev\/de\/wp-json\/wp\/v2\/comments?post=49876"}],"wp:featuredmedia":[{"embeddable":true,"href":"https:\/\/portallamp.invette.dev\/de\/wp-json\/wp\/v2\/media\/37628"}],"wp:attachment":[{"href":"https:\/\/portallamp.invette.dev\/de\/wp-json\/wp\/v2\/media?parent=49876"}],"wp:term":[{"taxonomy":"product_brand","embeddable":true,"href":"https:\/\/portallamp.invette.dev\/de\/wp-json\/wp\/v2\/product_brand?post=49876"},{"taxonomy":"product_cat","embeddable":true,"href":"https:\/\/portallamp.invette.dev\/de\/wp-json\/wp\/v2\/product_cat?post=49876"},{"taxonomy":"product_tag","embeddable":true,"href":"https:\/\/portallamp.invette.dev\/de\/wp-json\/wp\/v2\/product_tag?post=49876"}],"curies":[{"name":"wp","href":"https:\/\/api.w.org\/{rel}","templated":true}]}}