{"id":49882,"date":"2025-07-03T18:03:18","date_gmt":"2025-07-03T16:03:18","guid":{"rendered":"https:\/\/portallamp.invette.dev\/produkt\/lampa-nocna-stojaca-abazur-diament-kolory-299-l1\/"},"modified":"2025-07-03T18:03:18","modified_gmt":"2025-07-03T16:03:18","slug":"lampa-nocna-stojaca-abazur-diament-kolory-299-l1","status":"publish","type":"product","link":"https:\/\/portallamp.invette.dev\/de\/produkt\/lampa-nocna-stojaca-abazur-diament-kolory-299-l1\/","title":{"rendered":"Lampa Nocna Stoj\u0105ca Aba\u017cur Diament Kolory 299-L1"},"content":{"rendered":"<h1>Przedmiotem sprzeda\u017cy jest:<\/h1>\n<h2>Nowa Lampka Nocna w stylu minimalistycznym z aba\u017curem na kszta\u0142t diamentu.<\/h2>\n<h2>299-L1 LED bezpo\u015brednio od producenta LUXOLAR<\/h2>\n<p><img decoding=\"async\" src=\"https:\/\/9.allegroimg.com\/original\/03fc6c\/fb34e822497d8a5bee532d84db99\" alt=\"Zdj\u0119cie produktu\" style=\"max-width:100%; height:auto; margin:10px 0;\"><\/p>\n<h2>Idealnie pasuje do surowych czarno bia\u0142ych wn\u0119trz.<\/h2>\n<p>Oferowana w r\u00f3\u017cnych kolorach, dotyczy zar\u00f3wno konstrukcji lampki jak i aba\u017curu.<\/p>\n<p>\u015awietnie sprawdzi si\u0119 jako dodatkowe o\u015bwietlenie lub element dekoracji.<\/p>\n<\/p>\n<h1>Dane techniczne:<\/h1>\n<ul>\n<li><b>materia\u0142 konstrukcji:<\/b>&nbsp;metal malowany proszkowo<\/li>\n<li><b>materia\u0142 aba\u017cur\u00f3w:&nbsp;<\/b>Tkanina w wybranym kolorze na zewn\u0105trz, bia\u0142e pcv od wewn\u0105trz<\/li>\n<li><b>wymiary:<\/b>&nbsp;wysoko\u015b\u0107 ca\u0142kowita lampy 36 cm<\/li>\n<li><b>zasilanie:<\/b>&nbsp;~230 [V] \/ w\u0142\u0105cznik wbudowany w przew\u00f3d zasilaj\u0105cy<\/li>\n<li><b>\u017ar\u00f3d\u0142o \u015bwiat\u0142a:<\/b>&nbsp;E-27<\/li>\n<li><b>IP 20, Klasa II<\/b><\/li>\n<li><b>zestaw nie zawiera \u017car\u00f3wki<\/b><\/li>\n<li><b>producent: <\/b>LUXOLAR<\/li>\n<\/ul>\n<p><img decoding=\"async\" src=\"https:\/\/7.allegroimg.com\/original\/03d80f\/e060f4264b578dd17ba3b0acbbc7\" alt=\"Zdj\u0119cie produktu\" style=\"max-width:100%; height:auto; margin:10px 0;\"><br \/>\n<img decoding=\"async\" src=\"https:\/\/8.allegroimg.com\/original\/03f060\/f9f0d663478987f54f9ab1827408\" alt=\"Zdj\u0119cie produktu\" style=\"max-width:100%; height:auto; margin:10px 0;\"><br \/>\n<img decoding=\"async\" src=\"https:\/\/c.allegroimg.com\/original\/03b1d9\/6ff249984f53898cbbe3eb6d115c\" alt=\"Zdj\u0119cie produktu\" style=\"max-width:100%; height:auto; margin:10px 0;\"><\/p>\n<h1>WYB\u00d3R KOLORU ABA\u017bUR\u00d3W:<\/h1>\n<p><img decoding=\"async\" src=\"https:\/\/4.allegroimg.com\/original\/03e29e\/e0700ab44d5aac23791a7e141c84\" alt=\"Zdj\u0119cie produktu\" style=\"max-width:100%; height:auto; margin:10px 0;\"><\/p>\n<h1>WYB\u00d3R KOLORU KONSTRUKCJI:<\/h1>\n<p><img decoding=\"async\" src=\"https:\/\/c.allegroimg.com\/original\/031fd9\/e53f109b4ca7b93d8ebe942d2e9c\" alt=\"Zdj\u0119cie produktu\" style=\"max-width:100%; height:auto; margin:10px 0;\"><\/p>\n<h2>ETAPY REALIZACJI ZAM\u00d3WIENIA:<\/h2>\n<ol>\n<li><b>Wybierz kolor&nbsp;konstrukcji:&nbsp;<\/b>Czarny, Grafit, Bia\u0142y, Szary lub Czerwony<\/li>\n<li><b>Wybierz kolor&nbsp;aba\u017cura<\/b>: Bia\u0142y, Czarny, Szary, Czerwony, Niebieski, Granatowy, Jasny zielony lub Jasny pomara\u0144cz.<\/li>\n<li><b>Prze\u015blij wybran\u0105 konfiguracj\u0119<\/b>&nbsp;&#8211; w formularzu zam\u00f3wienia.<\/li>\n<\/ol>\n<p><b>Poprawne przes\u0142anie powy\u017cszych informacji znacznie przyspieszy realizacj\u0119 zam\u00f3wienia.<\/b><\/p>\n<p><img decoding=\"async\" src=\"https:\/\/9.allegroimg.com\/original\/03fc6c\/fb34e822497d8a5bee532d84db99\" alt=\"Zdj\u0119cie produktu\" style=\"max-width:100%; height:auto; margin:10px 0;\"><\/p>\n","protected":false},"excerpt":{"rendered":"<p>Przedmiotem sprzeda\u017cy jest: Nowa Lampka Nocna w stylu minimalistycznym z aba\u017curem na kszta\u0142t diamentu. 299-L1 LED bezpo\u015brednio od producenta LUXOLAR Idealnie pasuje do surowych czarno bia\u0142ych wn\u0119trz. Oferowana w r\u00f3\u017cnych kolorach, dotyczy zar\u00f3wno konstrukcji lampki jak i aba\u017curu. \u015awietnie sprawdzi si\u0119 jako dodatkowe o\u015bwietlenie lub element dekoracji. Dane techniczne: materia\u0142 konstrukcji:&nbsp;metal malowany proszkowo materia\u0142 aba\u017cur\u00f3w:&nbsp;Tkanina [&hellip;]<\/p>\n","protected":false},"featured_media":36047,"comment_status":"closed","ping_status":"open","template":"","meta":{"_acf_changed":false},"product_brand":[162],"product_cat":[2593,2828],"product_tag":[],"class_list":{"0":"post-49882","1":"product","2":"type-product","3":"status-publish","4":"has-post-thumbnail","6":"product_brand-luxolar","7":"product_cat-lampen","8":"product_cat-wandleuchten-de","9":"pa_kod-producenta-lampa-nocna-299-l1-de","10":"pa_kolekcja-299-de","11":"pa_kolor-blau","12":"pa_kolor-grau","13":"pa_kolor-grun","14":"pa_kolor-orange-de","15":"pa_kolor-rosa","16":"pa_kolor-rot","17":"pa_kolor-schwarz","18":"pa_kolor-weis","19":"pa_liczba-punktow-swiatla-1-de","20":"pa_marka-luxolar","21":"pa_rodzaj-gwintu-e27-de","22":"pa_zawiera-baterie-nein","23":"pa_zrodlo-swiatla-ohne-lichtquelle","25":"first","26":"instock","27":"purchasable","28":"product-type-simple"},"acf":[],"aioseo_notices":[],"_links":{"self":[{"href":"https:\/\/portallamp.invette.dev\/de\/wp-json\/wp\/v2\/product\/49882","targetHints":{"allow":["GET"]}}],"collection":[{"href":"https:\/\/portallamp.invette.dev\/de\/wp-json\/wp\/v2\/product"}],"about":[{"href":"https:\/\/portallamp.invette.dev\/de\/wp-json\/wp\/v2\/types\/product"}],"replies":[{"embeddable":true,"href":"https:\/\/portallamp.invette.dev\/de\/wp-json\/wp\/v2\/comments?post=49882"}],"wp:featuredmedia":[{"embeddable":true,"href":"https:\/\/portallamp.invette.dev\/de\/wp-json\/wp\/v2\/media\/36047"}],"wp:attachment":[{"href":"https:\/\/portallamp.invette.dev\/de\/wp-json\/wp\/v2\/media?parent=49882"}],"wp:term":[{"taxonomy":"product_brand","embeddable":true,"href":"https:\/\/portallamp.invette.dev\/de\/wp-json\/wp\/v2\/product_brand?post=49882"},{"taxonomy":"product_cat","embeddable":true,"href":"https:\/\/portallamp.invette.dev\/de\/wp-json\/wp\/v2\/product_cat?post=49882"},{"taxonomy":"product_tag","embeddable":true,"href":"https:\/\/portallamp.invette.dev\/de\/wp-json\/wp\/v2\/product_tag?post=49882"}],"curies":[{"name":"wp","href":"https:\/\/api.w.org\/{rel}","templated":true}]}}