{"id":49921,"date":"2025-07-03T17:57:13","date_gmt":"2025-07-03T15:57:13","guid":{"rendered":"https:\/\/portallamp.invette.dev\/produkt\/lampa-sufitowa-wiszaca-bambusowa-pleciona-boho-naturalna-581-bz3-led-biala\/"},"modified":"2025-09-17T11:18:03","modified_gmt":"2025-09-17T09:18:03","slug":"lampa-sufitowa-wiszaca-bambusowa-pleciona-boho-naturalna-581-bz3-led-biala","status":"publish","type":"product","link":"https:\/\/portallamp.invette.dev\/de\/produkt\/lampa-sufitowa-wiszaca-bambusowa-pleciona-boho-naturalna-581-bz3-led-biala\/","title":{"rendered":"Lampa Sufitowa Wisz\u0105ca Bambusowa Pleciona BOHO Naturalna 581-BZ3 LED Bia\u0142a"},"content":{"rendered":"<h1>Lampa Sufitowa Wisz\u0105ca Bambusowa Pleciona BOHO Naturalna 581-BZ3 LED E27<\/h1>\n<p>Oprawa natynkowa, metalowa maj\u0105ca zastosowanie jako o\u015bwietlenie wewn\u0119trzne, z wy\u0142\u0105czeniem miejsc o podwy\u017cszonej wilgotno\u015bci.<\/p>\n<p><img decoding=\"async\" src=\"https:\/\/a.allegroimg.com\/original\/11fb2a\/ab118b4c4c84aacac796a6e9a99e\" alt=\"Zdj\u0119cie produktu\" style=\"max-width:100%; height:auto; margin:10px 0;\"><\/p>\n<h2>Idealna do:<\/h2>\n<ul>\n<li><b>Pomieszcze\u0144 w stylu Skandynawskim, Boho i Naturalnym<\/b> \u2013 doskonale wpisuje si\u0119 w nowoczesne i przytulne aran\u017cacje.<\/li>\n<\/ul>\n<ul>\n<li><b>O\u015bwietlenia wyspy kuchennej<\/b> \u2013 perfekcyjna do zawieszenia nad ma\u0142ym sto\u0142em, dodaj\u0105c ciep\u0142a i elegancji.<\/li>\n<\/ul>\n<ul>\n<li><b>Sypialni<\/b> \u2013 tworzy wyj\u0105tkowy, intymny klimat, kt\u00f3ry sprzyja relaksowi.<\/li>\n<\/ul>\n<ul>\n<li><b>Tarasu lub Altany<\/b> \u2013 idealna na zewn\u0105trz, aby dope\u0142ni\u0107 atmosfer\u0119 spokoju i harmonii.<\/li>\n<\/ul>\n<ul>\n<li><b>Restauracji, Hoteli i innych przestrzeni publicznych<\/b> \u2013 \u015bwietnie sprawdza si\u0119 jako element dekoracyjny, wprowadzaj\u0105c ciep\u0142o i stylowy akcent.<\/li>\n<\/ul>\n<p><img decoding=\"async\" src=\"https:\/\/a.allegroimg.com\/original\/111528\/336e795e45f99e05a7001d0106a3\" alt=\"Zdj\u0119cie produktu\" style=\"max-width:100%; height:auto; margin:10px 0;\"><\/p>\n<h2>G\u0142\u00f3wne cechy produktu:<\/h2>\n<ul>\n<li><b>Naturalny klosz z drewna bambusowego<\/b> \u2013 wykonany z wysokiej jako\u015bci, autentycznego drewna, kt\u00f3re nadaje lampie unikalny charakter.<\/li>\n<\/ul>\n<ul>\n<li><b>Starannie pleciona konstrukcja<\/b> \u2013 r\u0119cznie wykonana plecionka, bez u\u017cycia kleju, gwarantuj\u0105ca trwa\u0142o\u015b\u0107 i estetyk\u0119.<\/li>\n<\/ul>\n<ul>\n<li><b>\u0141atwa w utrzymaniu czysto\u015bci<\/b> \u2013 szybki demonta\u017c klosza sprawia, \u017ce dbanie o lamp\u0119 staje si\u0119 proste i wygodne.<\/li>\n<\/ul>\n<ul>\n<li><b>Kompatybilna z popularnymi \u017ar\u00f3d\u0142ami \u015bwiat\u0142a<\/b> \u2013 nie musisz martwi\u0107 si\u0119 o drogie \u017car\u00f3wki, \u0142atwo znajdziesz odpowiedni model.<\/li>\n<\/ul>\n<ul>\n<li><b>Regulowana wysoko\u015b\u0107<\/b> \u2013 mo\u017cliwo\u015b\u0107 dostosowania wysoko\u015bci do maksymalnie 100 cm, by idealnie pasowa\u0142a do ka\u017cdego wn\u0119trza.<\/li>\n<\/ul>\n<p><img decoding=\"async\" src=\"https:\/\/a.allegroimg.com\/original\/11bb83\/48e5e422491d9f53b51591ea5e44\" alt=\"Zdj\u0119cie produktu\" style=\"max-width:100%; height:auto; margin:10px 0;\"><\/p>\n<h2>Dane techniczne:<\/h2>\n<ul>\n<li>Napi\u0119cie zasilania: ~230 V,&nbsp; 50 HZ<\/li>\n<\/ul>\n<ul>\n<li>IP20 &#8211; nie do u\u017cytku w miejscach o podwy\u017cszonej wilgotno\u015bci (Strefy: 0,1 oraz 2),<\/li>\n<\/ul>\n<ul>\n<li>Wyprodukowana w pierwszej klasie ochronno\u015bci przed pora\u017ceniem elektrycznym,<\/li>\n<\/ul>\n<ul>\n<li>Rozeta wykonana z metalu, dobrze przylega do sufitu, nie pozostawia szczeliny<\/li>\n<\/ul>\n<ul>\n<li>Bia\u0142e elementy malowane metod\u0105 proszkow\u0105, trwa\u0142e &#8211; nierdzewiej\u0105ce.<\/li>\n<\/ul>\n<ul>\n<li>Regulacja wysoko\u015bci do max 100 cm<\/li>\n<\/ul>\n<ul>\n<li>Monta\u017c natynkowy &#8211; dwa ko\u0142ki rozporowe (brak w zestawie, nale\u017cy dobra\u0107 w\u0142a\u015bciwe do rodzaju pod\u0142o\u017ca)<\/li>\n<\/ul>\n<ul>\n<li>\u0179r\u00f3d\u0142o \u015bwiat\u0142a: E27 LED do max 60W&nbsp; &#8211; wy\u0142\u0105cznie LED<\/li>\n<\/ul>\n<ul>\n<li>Waga lampy bez \u017car\u00f3wek: 1,3 kg<\/li>\n<\/ul>\n<ul>\n<li>CE ROHS WEEE<\/li>\n<\/ul>\n<ul>\n<li>Producent i Podmiot odpowiedzialny na terenie UE: LUXOLAR<\/li>\n<\/ul>\n<h2>Wymiary:<\/h2>\n<p><img decoding=\"async\" src=\"https:\/\/a.allegroimg.com\/original\/119a95\/62ba1ea346bf88aea8e0bd77d1c8\" alt=\"Zdj\u0119cie produktu\" style=\"max-width:100%; height:auto; margin:10px 0;\"><br \/>\n<img decoding=\"async\" src=\"https:\/\/a.allegroimg.com\/original\/118821\/e37757fe40f183f6650eec6329ea\" alt=\"Zdj\u0119cie produktu\" style=\"max-width:100%; height:auto; margin:10px 0;\"><\/p>\n<h2>Oznakowanie produktu:<\/h2>\n<p><img decoding=\"async\" src=\"https:\/\/a.allegroimg.com\/original\/1178f6\/e6dc985f46d3b6bcd5c55f76377e\" alt=\"Zdj\u0119cie produktu\" style=\"max-width:100%; height:auto; margin:10px 0;\"><\/p>\n<h2>Skr\u00f3cona instrukcja monta\u017cu:<\/h2>\n<p><img decoding=\"async\" src=\"https:\/\/a.allegroimg.com\/original\/11704b\/e01fd6ed4c15805e40615df44968\" alt=\"Zdj\u0119cie produktu\" style=\"max-width:100%; height:auto; margin:10px 0;\"><br \/>\n<img decoding=\"async\" src=\"https:\/\/a.allegroimg.com\/original\/11de38\/44e9540f436bafff338479f5be4c\" alt=\"Zdj\u0119cie produktu\" style=\"max-width:100%; height:auto; margin:10px 0;\"><br \/>\n<img decoding=\"async\" src=\"https:\/\/a.allegroimg.com\/original\/111cbd\/6e8ce1594f3887302f079eabb7cc\" alt=\"Zdj\u0119cie produktu\" style=\"max-width:100%; height:auto; margin:10px 0;\"><br \/>\n<img decoding=\"async\" src=\"https:\/\/a.allegroimg.com\/original\/118998\/a4e3af80475d9e8b0049d1488e10\" alt=\"Zdj\u0119cie produktu\" style=\"max-width:100%; height:auto; margin:10px 0;\"><\/p>\n<h2>Zestaw zawiera:<\/h2>\n<ul>\n<li><b>Kompletn\u0105, z\u0142o\u017con\u0105 lamp\u0119, gotow\u0105 do monta\u017cu (klosze spakowane oddzielnie)<\/b><\/li>\n<li><b>Z\u0142\u0105cze elektryczne<\/b><\/li>\n<li><b>Instrukcj\u0119 obs\u0142ugi<\/b><\/li>\n<li><b>Dokument zakupu<\/b><\/li>\n<li><b>Zestaw nie zawiera \u017car\u00f3wki oraz ko\u0142k\u00f3w monta\u017cowych &#8211; dost\u0119pne na naszych aukcjach<\/b><\/li>\n<\/ul>\n<p><img decoding=\"async\" src=\"https:\/\/a.allegroimg.com\/original\/1170f8\/7c3bb91249deaece088353680775\" alt=\"Zdj\u0119cie produktu\" style=\"max-width:100%; height:auto; margin:10px 0;\"><\/p>\n<h2>Szukasz do kompletu innej podobnej lampy ?&nbsp; &#8230;<\/h2>\n<h2>Znajdziesz j\u0105 w naszych ofertach wpisuj\u0105c symbol: 580 lub 581<\/h2>\n<h2>ZALECANE \u0179R\u00d3D\u0141A \u015aWIAT\u0141A:<\/h2>\n<\/p>\n<ul>\n<li>Wy\u0142\u0105cznie \u017car\u00f3wki w technologii LED (Filament, SMD)<\/li>\n<li>Strumie\u0144 \u015bwietlny: 700 -1300 lm<\/li>\n<li>Zalecana moc pobierana z sieci: 8 -15 W (max 25W)<\/li>\n<li>Barwa: ciep\u0142a (3000K), Neutralna (4000K)&nbsp; lub zimna (6000K)<\/li>\n<\/ul>\n<p><img decoding=\"async\" src=\"https:\/\/a.allegroimg.com\/original\/114996\/83811991481caaf1a0b56a78b895\" alt=\"Zdj\u0119cie produktu\" style=\"max-width:100%; height:auto; margin:10px 0;\"><br \/>\n<img decoding=\"async\" src=\"https:\/\/a.allegroimg.com\/original\/11f5e2\/2d537cdc4b27a6adcc1e09814706\" alt=\"Zdj\u0119cie produktu\" style=\"max-width:100%; height:auto; margin:10px 0;\"><br \/>\n<img decoding=\"async\" src=\"https:\/\/a.allegroimg.com\/original\/11a77d\/626a007d4d8890a4ed625682d37f\" alt=\"Zdj\u0119cie produktu\" style=\"max-width:100%; height:auto; margin:10px 0;\"><\/p>\n","protected":false},"excerpt":{"rendered":"<p>Lampa Sufitowa Wisz\u0105ca Bambusowa Pleciona BOHO Naturalna 581-BZ3 LED E27 Oprawa natynkowa, metalowa maj\u0105ca zastosowanie jako o\u015bwietlenie wewn\u0119trzne, z wy\u0142\u0105czeniem miejsc o podwy\u017cszonej wilgotno\u015bci. Idealna do: Pomieszcze\u0144 w stylu Skandynawskim, Boho i Naturalnym \u2013 doskonale wpisuje si\u0119 w nowoczesne i przytulne aran\u017cacje. O\u015bwietlenia wyspy kuchennej \u2013 perfekcyjna do zawieszenia nad ma\u0142ym sto\u0142em, dodaj\u0105c ciep\u0142a i [&hellip;]<\/p>\n","protected":false},"featured_media":33857,"comment_status":"closed","ping_status":"open","template":"","meta":{"_acf_changed":false},"product_brand":[162],"product_cat":[2593,2674],"product_tag":[],"class_list":{"0":"post-49921","1":"product","2":"type-product","3":"status-publish","4":"has-post-thumbnail","6":"product_brand-luxolar","7":"product_cat-lampen","8":"product_cat-hangelampen","9":"pa_kat-wiercenia-360-de","10":"pa_klasa-efektywnosci-a-de","11":"pa_kod-producenta-581-bz3-de","12":"pa_kolekcja-581-de","13":"pa_kolor-braun","14":"pa_kolor-weis","15":"pa_liczba-punktow-swiatla-3-de","16":"pa_marka-luxolar","17":"pa_material-dominujacy-holz","18":"pa_max-moc-pojed-zrodla-swiatla-60-de","19":"pa_pomieszczenie-buro","20":"pa_pomieszczenie-esszimmer","21":"pa_pomieszczenie-flur-treppe","22":"pa_pomieszczenie-kuche","23":"pa_pomieszczenie-salon-de","24":"pa_pomieszczenie-schlafzimmer","25":"pa_pomieszczenie-universell","26":"pa_rodzaj-gwintu-e27-de","27":"pa_rodzaj-lampy-deckenleuchten-hangeleuchten","28":"pa_stan-original-de","29":"pa_zasilanie-netzwerk","30":"pa_zawiera-baterie-nein","31":"pa_zrodlo-swiatla-ohne-lichtquelle","33":"first","34":"instock","35":"purchasable","36":"product-type-simple"},"acf":[],"aioseo_notices":[],"_links":{"self":[{"href":"https:\/\/portallamp.invette.dev\/de\/wp-json\/wp\/v2\/product\/49921","targetHints":{"allow":["GET"]}}],"collection":[{"href":"https:\/\/portallamp.invette.dev\/de\/wp-json\/wp\/v2\/product"}],"about":[{"href":"https:\/\/portallamp.invette.dev\/de\/wp-json\/wp\/v2\/types\/product"}],"replies":[{"embeddable":true,"href":"https:\/\/portallamp.invette.dev\/de\/wp-json\/wp\/v2\/comments?post=49921"}],"wp:featuredmedia":[{"embeddable":true,"href":"https:\/\/portallamp.invette.dev\/de\/wp-json\/wp\/v2\/media\/33857"}],"wp:attachment":[{"href":"https:\/\/portallamp.invette.dev\/de\/wp-json\/wp\/v2\/media?parent=49921"}],"wp:term":[{"taxonomy":"product_brand","embeddable":true,"href":"https:\/\/portallamp.invette.dev\/de\/wp-json\/wp\/v2\/product_brand?post=49921"},{"taxonomy":"product_cat","embeddable":true,"href":"https:\/\/portallamp.invette.dev\/de\/wp-json\/wp\/v2\/product_cat?post=49921"},{"taxonomy":"product_tag","embeddable":true,"href":"https:\/\/portallamp.invette.dev\/de\/wp-json\/wp\/v2\/product_tag?post=49921"}],"curies":[{"name":"wp","href":"https:\/\/api.w.org\/{rel}","templated":true}]}}