{"id":50071,"date":"2025-07-03T17:53:22","date_gmt":"2025-07-03T15:53:22","guid":{"rendered":"https:\/\/portallamp.invette.dev\/produkt\/lampa-sufitowa-wiszaca-zyrandol-full-globe-glass-560-b2-g9-biale-kule-chrom\/"},"modified":"2025-07-03T17:53:22","modified_gmt":"2025-07-03T15:53:22","slug":"lampa-sufitowa-wiszaca-zyrandol-full-globe-glass-560-b2-g9-biale-kule-chrom","status":"publish","type":"product","link":"https:\/\/portallamp.invette.dev\/de\/produkt\/lampa-sufitowa-wiszaca-zyrandol-full-globe-glass-560-b2-g9-biale-kule-chrom\/","title":{"rendered":"Lampa Sufitowa Wisz\u0105ca \u017byrandol Full Globe Glass 560-B2 G9 Bia\u0142e kule Chrom"},"content":{"rendered":"<h1>Lampa Sufitowa Plafon, Model White Globe Glass typ: 560-B2 &#8211; Szklane Kule &#8211; Chrom<\/h1>\n<p>Oprawa natynkowa, metalowa maj\u0105ca zastosowanie jako o\u015bwietlenie wewn\u0119trzne, z wy\u0142\u0105czeniem miejsc o podwy\u017cszonej wilgotno\u015bci.<\/p>\n<p><img decoding=\"async\" src=\"https:\/\/a.allegroimg.com\/original\/113be0\/d08615f64c128d7df32e5a5d5ff4\" alt=\"Zdj\u0119cie produktu\" style=\"max-width:100%; height:auto; margin:10px 0;\"><br \/>\n<img decoding=\"async\" src=\"https:\/\/a.allegroimg.com\/original\/11365e\/ca2e51024c8ab6863e4c9f689def\" alt=\"Zdj\u0119cie produktu\" style=\"max-width:100%; height:auto; margin:10px 0;\"><\/p>\n<h2>Idealna do:<\/h2>\n<p>\u2705 Pomieszcze\u0144 o powierzchni 6 &#8211; 9 m2<\/p>\n<p>\u2705 Kuchni<\/p>\n<p>\u2705 Sypialni<\/p>\n<p>\u2705 Korytarza<\/p>\n<p>\u2705 Garderoby<\/p>\n<p>\u2705 W pomieszczeniach o wysoko\u015bci do 2,6 m<\/p>\n<h2>G\u0142\u00f3wne cechy produktu:<\/h2>\n<p><b>\u2705<\/b> Minimalistyczny design<\/p>\n<p><b>\u2705 <\/b>Prosty i estetyczny monta\u017c (brak widocznych \u015brub, uchwyt\u00f3w)<\/p>\n<p><b>\u2705&nbsp;<\/b>Wsp\u00f3\u0142pracuje z w\u0142\u0105cznikiem jedno lub dwu przyciskowym,<\/p>\n<p><b>\u2705&nbsp;<\/b>Elementy chromowane wykonane w technologii polerowania &#8211; nie jest to farba.<\/p>\n<p><b>\u2705 <\/b>Powierzchnia kloszy jest r\u00f3wnomiernie bia\u0142a. Wolna od plam i przebarwie\u0144.<\/p>\n<p><b>\u2705<\/b> Szybki i prosty demonta\u017c kloszy &#8211; istotne przy ich czyszczeniu lub wymianie \u017car\u00f3wki<\/p>\n<p><b>\u2705&nbsp;<\/b>Produkt Polski, <b>CE, ROHS, WEEE na rynek niemiecki<\/b>&nbsp; Producent: LUXOLAR<\/p>\n<p><img decoding=\"async\" src=\"https:\/\/a.allegroimg.com\/original\/11f7d8\/a301374945a39702c670b4db8c92\" alt=\"Zdj\u0119cie produktu\" style=\"max-width:100%; height:auto; margin:10px 0;\"><\/p>\n<p><b><\/b><\/p>\n<p><b>Parametry techniczne:<\/b><\/p>\n<p><b><\/b><\/p>\n<ul>\n<li><b>Dominuj\u0105cy materia\u0142 konstrukcji:<\/b> Metal chromowany<\/li>\n<\/ul>\n<ul>\n<li><b>Dominuj\u0105cy materia\u0142 kloszy:<\/b> Szk\u0142o bia\u0142e matowe<\/li>\n<\/ul>\n<ul>\n<li><b>\u015arednica klosza:<\/b> 14 cm<\/li>\n<\/ul>\n<ul>\n<li><b>Szeroko\u015b\u0107 rozety:<\/b> 32 cm,&nbsp; G\u0142\u0119boko\u015b\u0107 od sufitu: 17 cm<\/li>\n<\/ul>\n<ul>\n<li>IP 20, Klasa I<\/li>\n<\/ul>\n<ul>\n<li><b>\u0179r\u00f3d\u0142o \u015bwiat\u0142a:<\/b> \u017bar\u00f3wki typu G9 do Max 15W<\/li>\n<\/ul>\n<ul>\n<li><b>Zasilanie:<\/b> ~230 [V] \/ bezpo\u015brednie z sieci &#8211; nie wymaga transformator\u00f3w lub innej dodatkowej elektroniki<\/li>\n<\/ul>\n<ul>\n<li>Dwa niezale\u017cne obwody elektryczne, kt\u00f3re w razie konieczno\u015bci mo\u017cna po\u0142\u0105czy\u0107 w jeden,<\/li>\n<\/ul>\n<ul>\n<li><b>Lampa wyposa\u017cona&nbsp; w nowatorski, bardzo wygodny i bezpieczny system montowania kloszy.<\/b><\/li>\n<\/ul>\n<ul>\n<li>Wyprodukowana w Polsce &#8211; gwarantowany szybki dost\u0119p do serwisu i cz\u0119\u015bci zapasowych<\/li>\n<\/ul>\n<ul>\n<li>Szukasz kinkietu lub lampki nocnej pasuj\u0105cej do tej lampy? Znajdziesz je w naszych ofertach.<\/li>\n<\/ul>\n<ul>\n<li><b>Wersja w pe\u0142ni z\u0142o\u017cona &#8211; nie jest to chi\u0144ski zestaw do samodzielnego monta\u017cu<\/b><\/li>\n<\/ul>\n<p><img decoding=\"async\" src=\"https:\/\/a.allegroimg.com\/original\/116b7a\/396ca0fb404e80a85a9d27d5b19f\" alt=\"Zdj\u0119cie produktu\" style=\"max-width:100%; height:auto; margin:10px 0;\"><br \/>\n<img decoding=\"async\" src=\"https:\/\/a.allegroimg.com\/original\/115915\/af1e66d240fa855fe5b61e8cc92b\" alt=\"Zdj\u0119cie produktu\" style=\"max-width:100%; height:auto; margin:10px 0;\"><\/p>\n<h2>Innowacyjny Monta\u017c \/ Demonta\u017c Klosza:<\/h2>\n<p>Wszystkie lampy z \u017car\u00f3wkami typu G9 firmy LUXOLAR, wyposa\u017cone s\u0105 w gwintowane z\u0142\u0105cze kloszy <b>(Rys.3).<\/b><\/p>\n<p><b>Jest to olbrzymia i rzadko spotykana zaleta.<\/b><\/p>\n<p>Przy wymianie \u017car\u00f3wki lub okresowego czyszczenia klosza jego demonta\u017c jest bardzo prosty.<\/p>\n<p>Najwi\u0119ksz\u0105 zalet\u0105 tego typu z\u0142\u0105cza jest mo\u017cliwo\u015b\u0107 stosowania \u017car\u00f3wek o zwi\u0119kszonej wydajno\u015bci (powy\u017cej 8W i 1000lm)<\/p>\n<p>Ma to znaczenie, gdy\u017c w kloszach zamkni\u0119tych typu kula stopie\u0144 t\u0142umienia \u015bwiat\u0142a jest zauwa\u017calny.<\/p>\n<p><img decoding=\"async\" src=\"https:\/\/a.allegroimg.com\/original\/11bc2d\/03e9f8af47d38259f901aee3b008\" alt=\"Zdj\u0119cie produktu\" style=\"max-width:100%; height:auto; margin:10px 0;\"><br \/>\n<img decoding=\"async\" src=\"https:\/\/a.allegroimg.com\/original\/115d9b\/e78062a04fa88a142ba413a1d152\" alt=\"Zdj\u0119cie produktu\" style=\"max-width:100%; height:auto; margin:10px 0;\"><\/p>\n<h2>Zestaw zawiera:<\/h2>\n<ul>\n<li><b>Kompletn\u0105, z\u0142o\u017con\u0105 lamp\u0119 &#8211; wystarczy zamontowa\u0107&nbsp; klosze,<\/b><\/li>\n<li><b>Kostk\u0119 przy\u0142\u0105czeniow\u0105,<\/b><\/li>\n<li><b>Instrukcj\u0119 obs\u0142ugi,<\/b><\/li>\n<li><b>Dokument zakupu,<\/b><\/li>\n<\/ul>\n<p><b>Zestaw nie zawiera \u017car\u00f3wek, a tak\u017ce ko\u0142k\u00f3w rozporowych&nbsp; (nale\u017cy dobra\u0107 odpowiednie do sufitu).<\/b><\/p>\n<h2>ZALECANE \u0179R\u00d3D\u0141A \u015aWIAT\u0141A:<\/h2>\n<\/p>\n<ul>\n<li>\u017bar\u00f3wki LED&nbsp; typu G9 &#8211; <b>Nie stosowa\u0107 tradycyjnych \u017car\u00f3wek halogenowych.<\/b><\/li>\n<li>Strumie\u0144 \u015bwietlny: 500 -1500 lm<\/li>\n<li>Zalecana moc pobierana z sieci: 10 -15 W<\/li>\n<li>Barwa: ciep\u0142a (3000K), Neutralna (4000K)&nbsp; lub zimna (6000K)<\/li>\n<\/ul>\n<p><b>\u017bar\u00f3wki nie wchodz\u0105 w sk\u0142ad zestawu &#8211; dost\u0119pne w naszej pe\u0142nej ofercie.<\/b><\/p>\n<p><img decoding=\"async\" src=\"https:\/\/a.allegroimg.com\/original\/11aa87\/61c0effb4f24b8087706912c11c7\" alt=\"Zdj\u0119cie produktu\" style=\"max-width:100%; height:auto; margin:10px 0;\"><br \/>\n<img decoding=\"async\" src=\"https:\/\/a.allegroimg.com\/original\/110d25\/2ddcc0d44af494f482a905e4d9f9\" alt=\"Zdj\u0119cie produktu\" style=\"max-width:100%; height:auto; margin:10px 0;\"><\/p>\n<h2>Je\u015bli szukasz do kompletu kinkietu, lampki nocnej lub innej podobnej lampy, to&#8230;.<\/h2>\n<h2>Znajdziesz j\u0105 w naszych ofertach wpisuj\u0105c symbol: 560&nbsp; lub G9<\/h2>\n<p><img decoding=\"async\" src=\"https:\/\/a.allegroimg.com\/original\/11824a\/1fea32bd4dc0b4db173e76cf1c3f\" alt=\"Zdj\u0119cie produktu\" style=\"max-width:100%; height:auto; margin:10px 0;\"><br \/>\n<img decoding=\"async\" src=\"https:\/\/a.allegroimg.com\/original\/119fcb\/3357134b428695842f6aee2e606f\" alt=\"Zdj\u0119cie produktu\" style=\"max-width:100%; height:auto; margin:10px 0;\"><br \/>\n<img decoding=\"async\" src=\"https:\/\/a.allegroimg.com\/original\/113be0\/d08615f64c128d7df32e5a5d5ff4\" alt=\"Zdj\u0119cie produktu\" style=\"max-width:100%; height:auto; margin:10px 0;\"><br \/>\n<img decoding=\"async\" src=\"https:\/\/a.allegroimg.com\/original\/11a77d\/626a007d4d8890a4ed625682d37f\" alt=\"Zdj\u0119cie produktu\" style=\"max-width:100%; height:auto; margin:10px 0;\"><\/p>\n","protected":false},"excerpt":{"rendered":"<p>Lampa Sufitowa Plafon, Model White Globe Glass typ: 560-B2 &#8211; Szklane Kule &#8211; Chrom Oprawa natynkowa, metalowa maj\u0105ca zastosowanie jako o\u015bwietlenie wewn\u0119trzne, z wy\u0142\u0105czeniem miejsc o podwy\u017cszonej wilgotno\u015bci. Idealna do: \u2705 Pomieszcze\u0144 o powierzchni 6 &#8211; 9 m2 \u2705 Kuchni \u2705 Sypialni \u2705 Korytarza \u2705 Garderoby \u2705 W pomieszczeniach o wysoko\u015bci do 2,6 m G\u0142\u00f3wne [&hellip;]<\/p>\n","protected":false},"featured_media":32402,"comment_status":"closed","ping_status":"open","template":"","meta":{"_acf_changed":false},"product_brand":[162],"product_cat":[2593,2674],"product_tag":[],"class_list":{"0":"post-50071","1":"product","2":"type-product","3":"status-publish","4":"has-post-thumbnail","6":"product_brand-luxolar","7":"product_cat-lampen","8":"product_cat-hangelampen","9":"pa_klasa-efektywnosci-a-de","10":"pa_kod-producenta-560-b2-de","11":"pa_kolekcja-560-de","12":"pa_kolor-silber","13":"pa_liczba-punktow-swiatla-2-de","14":"pa_marka-luxolar","15":"pa_material-dominujacy-glas","16":"pa_max-moc-pojed-zrodla-swiatla-15-de","17":"pa_pomieszczenie-anderer-raum","18":"pa_pomieszczenie-badezimmer","19":"pa_pomieszczenie-buro","20":"pa_pomieszczenie-esszimmer","21":"pa_pomieszczenie-flur-treppe","22":"pa_pomieszczenie-kinderzimmer","23":"pa_pomieszczenie-kuche","24":"pa_pomieszczenie-salon-de","25":"pa_pomieszczenie-schlafzimmer","26":"pa_rodzaj-gwintu-g9-de","27":"pa_stan-original-de","28":"pa_zasilanie-netzwerk","29":"pa_zawiera-baterie-nein","30":"pa_zrodlo-swiatla-ohne-lichtquelle","32":"first","33":"instock","34":"purchasable","35":"product-type-simple"},"acf":[],"aioseo_notices":[],"_links":{"self":[{"href":"https:\/\/portallamp.invette.dev\/de\/wp-json\/wp\/v2\/product\/50071","targetHints":{"allow":["GET"]}}],"collection":[{"href":"https:\/\/portallamp.invette.dev\/de\/wp-json\/wp\/v2\/product"}],"about":[{"href":"https:\/\/portallamp.invette.dev\/de\/wp-json\/wp\/v2\/types\/product"}],"replies":[{"embeddable":true,"href":"https:\/\/portallamp.invette.dev\/de\/wp-json\/wp\/v2\/comments?post=50071"}],"wp:featuredmedia":[{"embeddable":true,"href":"https:\/\/portallamp.invette.dev\/de\/wp-json\/wp\/v2\/media\/32402"}],"wp:attachment":[{"href":"https:\/\/portallamp.invette.dev\/de\/wp-json\/wp\/v2\/media?parent=50071"}],"wp:term":[{"taxonomy":"product_brand","embeddable":true,"href":"https:\/\/portallamp.invette.dev\/de\/wp-json\/wp\/v2\/product_brand?post=50071"},{"taxonomy":"product_cat","embeddable":true,"href":"https:\/\/portallamp.invette.dev\/de\/wp-json\/wp\/v2\/product_cat?post=50071"},{"taxonomy":"product_tag","embeddable":true,"href":"https:\/\/portallamp.invette.dev\/de\/wp-json\/wp\/v2\/product_tag?post=50071"}],"curies":[{"name":"wp","href":"https:\/\/api.w.org\/{rel}","templated":true}]}}