{"id":50176,"date":"2025-07-03T17:51:30","date_gmt":"2025-07-03T15:51:30","guid":{"rendered":"https:\/\/portallamp.invette.dev\/produkt\/lampa-scienna-kinkiet-dual-glass-568-k1-led-e27-black-edition\/"},"modified":"2025-07-03T17:51:30","modified_gmt":"2025-07-03T15:51:30","slug":"lampa-scienna-kinkiet-dual-glass-568-k1-led-e27-black-edition","status":"publish","type":"product","link":"https:\/\/portallamp.invette.dev\/de\/produkt\/lampa-scienna-kinkiet-dual-glass-568-k1-led-e27-black-edition\/","title":{"rendered":"Lampa \u015acienna Kinkiet Dual Glass 568-K1 LED E27 Black Edition"},"content":{"rendered":"<h1>Lampa \u015acienna Kinkiet &#8211; Model Dual Glass&nbsp; 568-EZ1 Black Edition<\/h1>\n<p>Oprawa natynkowa maj\u0105ca zastosowanie jako o\u015bwietlenie wewn\u0119trzne, z wy\u0142\u0105czeniem miejsc o podwy\u017cszonej wilgotno\u015bci.<\/p>\n<p><img decoding=\"async\" src=\"https:\/\/a.allegroimg.com\/original\/117226\/37fb97314ac9833d3c59b67a318f\" alt=\"Zdj\u0119cie produktu\" style=\"max-width:100%; height:auto; margin:10px 0;\"><\/p>\n<h2>Lampa w nowoczesnym kszta\u0142cie w po\u0142\u0105czeniu z klasyczn\u0105 \u017car\u00f3wk\u0105.<\/h2>\n<p><img decoding=\"async\" src=\"https:\/\/a.allegroimg.com\/original\/115360\/f8ef694d4ce3849bd9cb74b09e6f\" alt=\"Zdj\u0119cie produktu\" style=\"max-width:100%; height:auto; margin:10px 0;\"><br \/>\n<img decoding=\"async\" src=\"https:\/\/a.allegroimg.com\/original\/11906b\/235bc0794db88866a58a378f2543\" alt=\"Zdj\u0119cie produktu\" style=\"max-width:100%; height:auto; margin:10px 0;\"><\/p>\n<p>\u2705 O\u015bwietli korytarze<\/p>\n<p>\u2705 Sypialnie<\/p>\n<p>\u2705 Sprawdzi si\u0119 r\u00f3wnie\u017c jako o\u015bwietlenie dekoracyjne<\/p>\n<p><b>\u2705&nbsp;<\/b>W zespole kilku identycznych sztuk tworzy zbi\u00f3r lamp o\u015bwietlaj\u0105cy wi\u0119ksze pomieszczenia<\/p>\n<h2>G\u0142\u00f3wne cechy produktu:<\/h2>\n<p><b>\u2705&nbsp;<\/b>Najnowszy design<\/p>\n<p><b>\u2705&nbsp;<\/b>Wygodna w u\u017cyciu i praktyczna w zastosowaniu &#8211; regulacja wysoko\u015bci klosza<\/p>\n<p><b>\u2705 <\/b>Prze\u017aroczysty klosz zwi\u0119ksza wydajno\u015b\u0107 \u017car\u00f3wki &#8211; \u015bwiat\u0142o nie jest t\u0142umione<\/p>\n<p><b>\u2705&nbsp;<\/b>Wysoka jako\u015b\u0107 oraz trwa\u0142o\u015b\u0107 &#8211; zredukowano plastik do absolutnego minimum<\/p>\n<p><b>\u2705<\/b> Szybki i prosty demonta\u017c klosza co jest bardzo istotne przy czyszczeniu lampy lub wymianie \u017car\u00f3wki<\/p>\n<p><b>\u2705&nbsp;<\/b>Produkt Polski, CE , ROHS Producent: LUXOLAR<\/p>\n<p><b><\/b><\/p>\n<p><b>Parametry techniczne:<\/b><\/p>\n<p><b><\/b><\/p>\n<ul>\n<li>\u015arednica rozety: 8 cm &#8211; Wykonana z metalu<\/li>\n<\/ul>\n<ul>\n<li>IP 20, Klasa I<\/li>\n<\/ul>\n<ul>\n<li><b>\u0179r\u00f3d\u0142o \u015bwiat\u0142a:<\/b> \u017bar\u00f3wki LED, energooszcz\u0119dne z gwintem typu E27 do max 60W<\/li>\n<\/ul>\n<ul>\n<li><b>Zasilanie:<\/b> ~230 [V] \/ bezpo\u015brednie z sieci &#8211; nie wymaga transformator\u00f3w ani \u017cadnej innej elektroniki<\/li>\n<\/ul>\n<ul>\n<li>Lampa z polskiej dystrybucji, wyprodukowana w Polsce &#8211; gwarantowany szybki dost\u0119p do serwisu i cz\u0119\u015bci zapasowych<\/li>\n<\/ul>\n<ul>\n<li><b>Wersja w pe\u0142ni z\u0142o\u017cona &#8211; nie jest to chi\u0144ski zestaw do samodzielnego monta\u017cu<\/b><\/li>\n<\/ul>\n<p><img decoding=\"async\" src=\"https:\/\/a.allegroimg.com\/original\/11a087\/ad68b87b4c839456c1f3bbe5b9f2\" alt=\"Zdj\u0119cie produktu\" style=\"max-width:100%; height:auto; margin:10px 0;\"><br \/>\n<img decoding=\"async\" src=\"https:\/\/a.allegroimg.com\/original\/119d31\/0e3d626a49cc95a39fa5d7ce463d\" alt=\"Zdj\u0119cie produktu\" style=\"max-width:100%; height:auto; margin:10px 0;\"><br \/>\n<img decoding=\"async\" src=\"https:\/\/a.allegroimg.com\/original\/1160ae\/2f01ced04802ac795e53475ce540\" alt=\"Zdj\u0119cie produktu\" style=\"max-width:100%; height:auto; margin:10px 0;\"><\/p>\n<h2>Zestaw zawiera:<\/h2>\n<ul>\n<li><b>Kompletn\u0105, z\u0142o\u017con\u0105 lamp\u0119 &#8211; wystarczy zamontowa\u0107&nbsp; klosze,<\/b><\/li>\n<li><b>Kostk\u0119 przy\u0142\u0105czeniow\u0105,<\/b><\/li>\n<li><b>Instrukcj\u0119 obs\u0142ugi,<\/b><\/li>\n<li><b>Dokument zakupu,<\/b><\/li>\n<\/ul>\n<p><b>Zestaw nie zawiera \u017car\u00f3wki, a tak\u017ce ko\u0142k\u00f3w rozporowych&nbsp; (nale\u017cy dobra\u0107 odpowiednie do sufitu).<\/b><\/p>\n<p><img decoding=\"async\" src=\"https:\/\/a.allegroimg.com\/original\/11cf29\/99e7b2144a428b9cf6cd23b0dc35\" alt=\"Zdj\u0119cie produktu\" style=\"max-width:100%; height:auto; margin:10px 0;\"><\/p>\n<h2>ZALECANE \u0179R\u00d3D\u0141A \u015aWIAT\u0141A:<\/h2>\n<\/p>\n<ul>\n<li>\u017bar\u00f3wki LED&nbsp; typu E27 &#8211; Kszta\u0142t dowolny<\/li>\n<li>Strumie\u0144 \u015bwietlny: 500 -1300 lm<\/li>\n<li>Zalecana moc pobierana z sieci: 4 -15 W<\/li>\n<li>Barwa: ciep\u0142a (3000K), Neutralna (4000K)&nbsp; lub zimna (6000K)<\/li>\n<\/ul>\n<p><b>\u017bar\u00f3wki nie wchodz\u0105 w sk\u0142ad zestawu &#8211; dost\u0119pne w naszej pe\u0142nej ofercie.<\/b><\/p>\n<p><img decoding=\"async\" src=\"https:\/\/a.allegroimg.com\/original\/1153db\/9344d50c4b039994bd036892cdf6\" alt=\"Zdj\u0119cie produktu\" style=\"max-width:100%; height:auto; margin:10px 0;\"><\/p>\n<h2>Je\u015bli szukasz do kompletu lampy wisz\u0105cej, lampki nocnej lub innej podobnej lampy, to&#8230;<\/h2>\n<h2>Znajdziesz j\u0105 w naszych ofertach wpisuj\u0105c symbol: 568<\/h2>\n<p><img decoding=\"async\" src=\"https:\/\/a.allegroimg.com\/original\/11a77d\/626a007d4d8890a4ed625682d37f\" alt=\"Zdj\u0119cie produktu\" style=\"max-width:100%; height:auto; margin:10px 0;\"><\/p>\n","protected":false},"excerpt":{"rendered":"<p>Lampa \u015acienna Kinkiet &#8211; Model Dual Glass&nbsp; 568-EZ1 Black Edition Oprawa natynkowa maj\u0105ca zastosowanie jako o\u015bwietlenie wewn\u0119trzne, z wy\u0142\u0105czeniem miejsc o podwy\u017cszonej wilgotno\u015bci. Lampa w nowoczesnym kszta\u0142cie w po\u0142\u0105czeniu z klasyczn\u0105 \u017car\u00f3wk\u0105. \u2705 O\u015bwietli korytarze \u2705 Sypialnie \u2705 Sprawdzi si\u0119 r\u00f3wnie\u017c jako o\u015bwietlenie dekoracyjne \u2705&nbsp;W zespole kilku identycznych sztuk tworzy zbi\u00f3r lamp o\u015bwietlaj\u0105cy wi\u0119ksze pomieszczenia [&hellip;]<\/p>\n","protected":false},"featured_media":31082,"comment_status":"closed","ping_status":"open","template":"","meta":{"_acf_changed":false},"product_brand":[162],"product_cat":[2593,7371],"product_tag":[],"class_list":{"0":"post-50176","1":"product","2":"type-product","3":"status-publish","4":"has-post-thumbnail","6":"product_brand-luxolar","7":"product_cat-lampen","8":"product_cat-wandleuchten","9":"pa_klasa-efektywnosci-a-de","10":"pa_kod-producenta-568-k1-de","11":"pa_kolekcja-568-de","12":"pa_kolor-farblos","13":"pa_kolor-schwarz","14":"pa_liczba-punktow-swiatla-1-de","15":"pa_marka-luxolar","16":"pa_material-dominujacy-glas","17":"pa_max-moc-pojed-zrodla-swiatla-60-de","18":"pa_rodzaj-gwintu-e27-de","19":"pa_stan-original-de","20":"pa_zawiera-baterie-nein","21":"pa_zrodlo-swiatla-ohne-lichtquelle","23":"first","24":"instock","25":"purchasable","26":"product-type-simple"},"acf":[],"aioseo_notices":[],"_links":{"self":[{"href":"https:\/\/portallamp.invette.dev\/de\/wp-json\/wp\/v2\/product\/50176","targetHints":{"allow":["GET"]}}],"collection":[{"href":"https:\/\/portallamp.invette.dev\/de\/wp-json\/wp\/v2\/product"}],"about":[{"href":"https:\/\/portallamp.invette.dev\/de\/wp-json\/wp\/v2\/types\/product"}],"replies":[{"embeddable":true,"href":"https:\/\/portallamp.invette.dev\/de\/wp-json\/wp\/v2\/comments?post=50176"}],"wp:featuredmedia":[{"embeddable":true,"href":"https:\/\/portallamp.invette.dev\/de\/wp-json\/wp\/v2\/media\/31082"}],"wp:attachment":[{"href":"https:\/\/portallamp.invette.dev\/de\/wp-json\/wp\/v2\/media?parent=50176"}],"wp:term":[{"taxonomy":"product_brand","embeddable":true,"href":"https:\/\/portallamp.invette.dev\/de\/wp-json\/wp\/v2\/product_brand?post=50176"},{"taxonomy":"product_cat","embeddable":true,"href":"https:\/\/portallamp.invette.dev\/de\/wp-json\/wp\/v2\/product_cat?post=50176"},{"taxonomy":"product_tag","embeddable":true,"href":"https:\/\/portallamp.invette.dev\/de\/wp-json\/wp\/v2\/product_tag?post=50176"}],"curies":[{"name":"wp","href":"https:\/\/api.w.org\/{rel}","templated":true}]}}