{"id":50324,"date":"2025-07-03T17:40:51","date_gmt":"2025-07-03T15:40:51","guid":{"rendered":"https:\/\/portallamp.invette.dev\/produkt\/lampa-scienna-kinkiet-bialy-szklana-kula-white-glass-k1-led-e27\/"},"modified":"2025-07-03T17:40:51","modified_gmt":"2025-07-03T15:40:51","slug":"lampa-scienna-kinkiet-bialy-szklana-kula-white-glass-k1-led-e27","status":"publish","type":"product","link":"https:\/\/portallamp.invette.dev\/de\/produkt\/lampa-scienna-kinkiet-bialy-szklana-kula-white-glass-k1-led-e27\/","title":{"rendered":"Lampa \u015acienna Kinkiet Bia\u0142y Szklana Kula White Glass &#8211; K1 LED E27"},"content":{"rendered":"<h1>Model White Glass &#8211; z serii nowoczesnych lamp i kinkiet\u00f3w.<\/h1>\n<p>Oprawa natynkowa, metalowa ze szklanym kloszem maj\u0105ca zastosowanie jako o\u015bwietlenie wewn\u0119trzne, z wy\u0142\u0105czeniem miejsc o podwy\u017cszonej wilgotno\u015bci.<\/p>\n<p>Wersja bez wbudowanego w\u0142\u0105cznika.<\/p>\n<p><img decoding=\"async\" src=\"https:\/\/a.allegroimg.com\/original\/11e47f\/8e6a9064476aa80e1cc523bc8438\" alt=\"Zdj\u0119cie produktu\" style=\"max-width:100%; height:auto; margin:10px 0;\"><br \/>\n<img decoding=\"async\" src=\"https:\/\/a.allegroimg.com\/original\/114be7\/54d8bfc24564a80ecc7614397674\" alt=\"Zdj\u0119cie produktu\" style=\"max-width:100%; height:auto; margin:10px 0;\"><\/p>\n<h2>Idealna do:<\/h2>\n<p>\u2705 Niedu\u017cego pokoju<\/p>\n<p>\u2705 Kuchni<\/p>\n<p>\u2705 Sypialni<\/p>\n<p>\u2705 Przedpokoju<\/p>\n<p>\u2705 Korytarza<\/p>\n<p>\u2705 Garderoby<\/p>\n<h2>G\u0142\u00f3wne cechy produktu:<\/h2>\n<p><b>\u2705&nbsp;<\/b>Lampa wyposa\u017cona w szklany klosz w kszta\u0142cie otwartej kuli.<\/p>\n<p><b>\u2705&nbsp;<\/b>Bia\u0142e, matowe szk\u0142o jest \u0142atwe zar\u00f3wno w utrzymaniu czysto\u015bci, jak i w czyszczeniu.<\/p>\n<p><b>\u2705 <\/b>Modna i uniwersalna kolorystyka<\/p>\n<p><b>\u2705&nbsp;<\/b>Lamp\u0119 charakteryzuje wysoka jako\u015b\u0107 oraz trwa\u0142o\u015b\u0107.<\/p>\n<p>\u2705 Dodatkowym atutem jest mo\u017cliwo\u015b\u0107&nbsp;<b>regulacji kierunku<\/b>&nbsp;klosza.<\/p>\n<p><b>\u2705&nbsp;<\/b>\u0141atwy monta\u017c oraz dost\u0119p do cz\u0119\u015bci zamiennych &#8211; kupujesz u Polskiego producenta.<\/p>\n<h2>Ustaw klosz w dowolnym kierunku &#8211; w tej lampie to mo\u017cliwe.<\/h2>\n<p>Regulacja znacz\u0105co poprawia funkcjonalno\u015b\u0107 lampy.<\/p>\n<p><b>Parametry techniczne:<\/b><\/p>\n<p><b><\/b><\/p>\n<ul>\n<li>Dominuj\u0105cy materia\u0142 konstrukcji: Metal<\/li>\n<\/ul>\n<ul>\n<li>Dominuj\u0105cy materia\u0142 kloszy: Szk\u0142o<\/li>\n<\/ul>\n<ul>\n<li>Kolor konstrukcji: Bia\u0142y po\u0142ysk<\/li>\n<\/ul>\n<ul>\n<li>\u015arednica klosza: 15 cm<\/li>\n<\/ul>\n<ul>\n<li>IP 20, Klasa I<\/li>\n<\/ul>\n<ul>\n<li><b>\u0179r\u00f3d\u0142o \u015bwiat\u0142a:<\/b>&nbsp;\u017bar\u00f3wki energooszcz\u0119dne z gwintem E-27 do Max 60W<\/li>\n<\/ul>\n<ul>\n<li><b>Zasilanie:<\/b>&nbsp;~230 [V] \/ bezpo\u015brednie z sieci<\/li>\n<\/ul>\n<ul>\n<li>Lampa z polskiej dystrybucji, wyprodukowana w Polsce &#8211; gwarantowany szybki dost\u0119p do serwisu i cz\u0119\u015bci zapasowych<\/li>\n<\/ul>\n<ul>\n<li>Szukasz kinkietu lub lampki nocnej pasuj\u0105cej do tej lampy? Znajdziesz je w naszych ofertach.<\/li>\n<\/ul>\n<ul>\n<li><b>Wersja w pe\u0142ni z\u0142o\u017cona &#8211; nie jest to chi\u0144ski zestaw do samodzielnego monta\u017cu<\/b><\/li>\n<\/ul>\n<p><img decoding=\"async\" src=\"https:\/\/a.allegroimg.com\/original\/11c40d\/4e4610b5472fa1a429931deab2a4\" alt=\"Zdj\u0119cie produktu\" style=\"max-width:100%; height:auto; margin:10px 0;\"><br \/>\n<img decoding=\"async\" src=\"https:\/\/a.allegroimg.com\/original\/114788\/f0f84dc64d6896fa718531fb3879\" alt=\"Zdj\u0119cie produktu\" style=\"max-width:100%; height:auto; margin:10px 0;\"><\/p>\n<h2>Zestaw zawiera:<\/h2>\n<ul>\n<li><b>Kompletn\u0105, z\u0142o\u017con\u0105 lamp\u0119 &#8211; wystarczy zamontowa\u0107&nbsp; klosz,<\/b><\/li>\n<li><b>Kostk\u0119 przy\u0142\u0105czeniow\u0105,<\/b><\/li>\n<li><b>Instrukcj\u0119 obs\u0142ugi,<\/b><\/li>\n<li><b>Dokument zakupu.<\/b><\/li>\n<\/ul>\n<p><b>Zestaw nie zawiera \u017car\u00f3wki, a tak\u017ce ko\u0142k\u00f3w rozporowych&nbsp; (nale\u017cy dobra\u0107 odpowiednie do \u015bciany).<\/b><\/p>\n<p><img decoding=\"async\" src=\"https:\/\/a.allegroimg.com\/original\/1104c9\/a2b3334a423084c92b661e2c31bc\" alt=\"Zdj\u0119cie produktu\" style=\"max-width:100%; height:auto; margin:10px 0;\"><\/p>\n<h2>ZALECANE \u0179R\u00d3D\u0141A \u015aWIAT\u0141A:<\/h2>\n<\/p>\n<ul>\n<li>\u017bar\u00f3wki LED z gwintem typu E27, kszta\u0142t A60<\/li>\n<li>Strumie\u0144 \u015bwietlny: 500 -1300 lm<\/li>\n<li>Moc pobierana z sieci: 4 -12 W<\/li>\n<li>Barwa: ciep\u0142a (3000K), Neutralna (4000K)&nbsp; lub zimna (6000K)<\/li>\n<\/ul>\n<p><b>\u017bar\u00f3wka nie wchodzi w sk\u0142ad zestawu &#8211; dost\u0119pna w naszej pe\u0142nej ofercie.<\/b><\/p>\n<p><img decoding=\"async\" src=\"https:\/\/a.allegroimg.com\/original\/11ee1f\/e86ab8834793b0fd46e27e531e4a\" alt=\"Zdj\u0119cie produktu\" style=\"max-width:100%; height:auto; margin:10px 0;\"><br \/>\n<img decoding=\"async\" src=\"https:\/\/a.allegroimg.com\/original\/11991c\/deb8ed424dfabeb8c80d3aaddc00\" alt=\"Zdj\u0119cie produktu\" style=\"max-width:100%; height:auto; margin:10px 0;\"><br \/>\n<img decoding=\"async\" src=\"https:\/\/a.allegroimg.com\/original\/119ed3\/a87637504698b81feb48b6443bc1\" alt=\"Zdj\u0119cie produktu\" style=\"max-width:100%; height:auto; margin:10px 0;\"><br \/>\n<img decoding=\"async\" src=\"https:\/\/a.allegroimg.com\/original\/11a77d\/626a007d4d8890a4ed625682d37f\" alt=\"Zdj\u0119cie produktu\" style=\"max-width:100%; height:auto; margin:10px 0;\"><\/p>\n","protected":false},"excerpt":{"rendered":"<p>Model White Glass &#8211; z serii nowoczesnych lamp i kinkiet\u00f3w. Oprawa natynkowa, metalowa ze szklanym kloszem maj\u0105ca zastosowanie jako o\u015bwietlenie wewn\u0119trzne, z wy\u0142\u0105czeniem miejsc o podwy\u017cszonej wilgotno\u015bci. Wersja bez wbudowanego w\u0142\u0105cznika. Idealna do: \u2705 Niedu\u017cego pokoju \u2705 Kuchni \u2705 Sypialni \u2705 Przedpokoju \u2705 Korytarza \u2705 Garderoby G\u0142\u00f3wne cechy produktu: \u2705&nbsp;Lampa wyposa\u017cona w szklany klosz w [&hellip;]<\/p>\n","protected":false},"featured_media":28238,"comment_status":"closed","ping_status":"open","template":"","meta":{"_acf_changed":false},"product_brand":[162],"product_cat":[2593,7371],"product_tag":[],"class_list":{"0":"post-50324","1":"product","2":"type-product","3":"status-publish","4":"has-post-thumbnail","6":"product_brand-luxolar","7":"product_cat-lampen","8":"product_cat-wandleuchten","9":"pa_klasa-efektywnosci-a-de","10":"pa_kod-producenta-515-k1-de","11":"pa_kolekcja-515-de","12":"pa_kolor-gelb","13":"pa_kolor-weis","14":"pa_marka-luxolar","15":"pa_material-dominujacy-glas","16":"pa_max-moc-pojed-zrodla-swiatla-60-de","17":"pa_rodzaj-gwintu-e27-de","18":"pa_zawiera-baterie-nein","19":"pa_zrodlo-swiatla-ohne-lichtquelle","21":"first","22":"instock","23":"purchasable","24":"product-type-simple"},"acf":[],"aioseo_notices":[],"_links":{"self":[{"href":"https:\/\/portallamp.invette.dev\/de\/wp-json\/wp\/v2\/product\/50324","targetHints":{"allow":["GET"]}}],"collection":[{"href":"https:\/\/portallamp.invette.dev\/de\/wp-json\/wp\/v2\/product"}],"about":[{"href":"https:\/\/portallamp.invette.dev\/de\/wp-json\/wp\/v2\/types\/product"}],"replies":[{"embeddable":true,"href":"https:\/\/portallamp.invette.dev\/de\/wp-json\/wp\/v2\/comments?post=50324"}],"wp:featuredmedia":[{"embeddable":true,"href":"https:\/\/portallamp.invette.dev\/de\/wp-json\/wp\/v2\/media\/28238"}],"wp:attachment":[{"href":"https:\/\/portallamp.invette.dev\/de\/wp-json\/wp\/v2\/media?parent=50324"}],"wp:term":[{"taxonomy":"product_brand","embeddable":true,"href":"https:\/\/portallamp.invette.dev\/de\/wp-json\/wp\/v2\/product_brand?post=50324"},{"taxonomy":"product_cat","embeddable":true,"href":"https:\/\/portallamp.invette.dev\/de\/wp-json\/wp\/v2\/product_cat?post=50324"},{"taxonomy":"product_tag","embeddable":true,"href":"https:\/\/portallamp.invette.dev\/de\/wp-json\/wp\/v2\/product_tag?post=50324"}],"curies":[{"name":"wp","href":"https:\/\/api.w.org\/{rel}","templated":true}]}}