{"id":50555,"date":"2025-07-03T17:30:36","date_gmt":"2025-07-03T15:30:36","guid":{"rendered":"https:\/\/portallamp.invette.dev\/produkt\/kinkiet-led-lustro-obraz-do-lazienki-60cm-14w-nw\/"},"modified":"2025-07-03T17:30:36","modified_gmt":"2025-07-03T15:30:36","slug":"kinkiet-led-lustro-obraz-do-lazienki-60cm-14w-nw","status":"publish","type":"product","link":"https:\/\/portallamp.invette.dev\/de\/produkt\/kinkiet-led-lustro-obraz-do-lazienki-60cm-14w-nw\/","title":{"rendered":"Kinkiet LED lustro obraz do \u0142azienki 60cm 14W NW"},"content":{"rendered":"<h1>Kinkiet \u015bcienny LED 60cm 14W NW &#8211; Barwa \u015bwiecenia: Neutralna<\/h1>\n<h2>Idealny do:<\/h2>\n<p>\u2705 \u0141azienki<\/p>\n<p>\u2705 Kuchni<\/p>\n<p>\u2705 Biura<\/p>\n<p>\u2705 Korytarzy i wielu innych miejsc wewn\u0105trz domu.<\/p>\n<p><img decoding=\"async\" src=\"https:\/\/a.allegroimg.com\/original\/116654\/1d8474964834a837fba66237bebe\" alt=\"Zdj\u0119cie produktu\" style=\"max-width:100%; height:auto; margin:10px 0;\"><br \/>\n<img decoding=\"async\" src=\"https:\/\/a.allegroimg.com\/original\/11b675\/3e1e31954c8fb43fc1a6b0204222\" alt=\"Zdj\u0119cie produktu\" style=\"max-width:100%; height:auto; margin:10px 0;\"><\/p>\n<h2>Kinkiet wyposa\u017cony w przegub umo\u017cliwiaj\u0105cy regulacj\u0119 kierunku \u015bwiecenia.<\/h2>\n<p><img decoding=\"async\" src=\"https:\/\/a.allegroimg.com\/original\/112594\/bac9f6ab41f38df21d12c348980c\" alt=\"Zdj\u0119cie produktu\" style=\"max-width:100%; height:auto; margin:10px 0;\"><\/p>\n<p><b>G\u0141\u00d3WNE CECHY LAMPY:<\/b><\/p>\n<ul>\n<li><b>\u0179r\u00f3d\u0142o \u015bwiat\u0142a:<\/b>&nbsp;SMD LED 2835<\/li>\n<li><b>Moc:<\/b> 14W 760lm<\/li>\n<li><b>Barwa:<\/b> Bia\u0142a neutralna<\/li>\n<li><b>Kolor:<\/b> Czarny<\/li>\n<li><b>Materia\u0142:<\/b> Stal + klosz z tworzywa<\/li>\n<li><b>Zasilacz w komplecie<\/b><\/li>\n<li><b>Zasilanie:<\/b>&nbsp;~230 [V] \/ bezpo\u015brednie z sieci<\/li>\n<li><b>\u017bywotno\u015b\u0107: 30000H<\/b><\/li>\n<li><b>Ilo\u015b\u0107 cykli w\u0142.\/wy\u0142.:<\/b>&nbsp;15000<\/li>\n<li><b>Szeroko\u015b\u0107:<\/b> 60cm<\/li>\n<li><b>Wymiary puszki natynkowej<\/b>: 15x5x3cm<\/li>\n<li><b>Odleg\u0142o\u015b\u0107 od \u015bciany: <\/b>Max 18cm<\/li>\n<li><b>Regulacja k\u0105ta padania \u015bwiat\u0142a (g\u00f3ra-d\u00f3\u0142)<\/b><\/li>\n<li><b>Prosty spos\u00f3b monta\u017cu<\/b> (za pomoc\u0105 ko\u0142k\u00f3w rozporowych do\u0142\u0105czonych do zestawu),<\/li>\n<li><b>Estetyczna, lekka, dobrze wykonana<\/b><\/li>\n<\/ul>\n<p><img decoding=\"async\" src=\"https:\/\/a.allegroimg.com\/original\/111b2f\/2a7911de422899e115bbb2487db0\" alt=\"Zdj\u0119cie produktu\" style=\"max-width:100%; height:auto; margin:10px 0;\"><br \/>\n<img decoding=\"async\" src=\"https:\/\/a.allegroimg.com\/original\/11ff28\/f116f78d44d49691e474692b5687\" alt=\"Zdj\u0119cie produktu\" style=\"max-width:100%; height:auto; margin:10px 0;\"><\/p>\n<h2>Zestaw zawiera:<\/h2>\n<ul>\n<li><b>Kompletn\u0105, z\u0142o\u017con\u0105 lamp\u0119 wraz z \u017ar\u00f3d\u0142em \u015bwiat\u0142a<\/b><\/li>\n<li><b>Instrukcj\u0119 obs\u0142ugi<\/b><\/li>\n<li><b>Dokument zakupu<\/b><\/li>\n<li><b>Ko\u0142ki rozporowe do monta\u017cu<\/b><\/li>\n<\/ul>\n<p><img decoding=\"async\" src=\"https:\/\/a.allegroimg.com\/original\/11253a\/4109094847acadb827b7795f52b7\" alt=\"Zdj\u0119cie produktu\" style=\"max-width:100%; height:auto; margin:10px 0;\"><br \/>\n<img decoding=\"async\" src=\"https:\/\/a.allegroimg.com\/original\/11b675\/3e1e31954c8fb43fc1a6b0204222\" alt=\"Zdj\u0119cie produktu\" style=\"max-width:100%; height:auto; margin:10px 0;\"><br \/>\n<img decoding=\"async\" src=\"https:\/\/a.allegroimg.com\/original\/11f475\/37f72316477caa6f014da85a4623\" alt=\"Zdj\u0119cie produktu\" style=\"max-width:100%; height:auto; margin:10px 0;\"><\/p>\n","protected":false},"excerpt":{"rendered":"<p>Kinkiet \u015bcienny LED 60cm 14W NW &#8211; Barwa \u015bwiecenia: Neutralna Idealny do: \u2705 \u0141azienki \u2705 Kuchni \u2705 Biura \u2705 Korytarzy i wielu innych miejsc wewn\u0105trz domu. Kinkiet wyposa\u017cony w przegub umo\u017cliwiaj\u0105cy regulacj\u0119 kierunku \u015bwiecenia. G\u0141\u00d3WNE CECHY LAMPY: \u0179r\u00f3d\u0142o \u015bwiat\u0142a:&nbsp;SMD LED 2835 Moc: 14W 760lm Barwa: Bia\u0142a neutralna Kolor: Czarny Materia\u0142: Stal + klosz z tworzywa [&hellip;]<\/p>\n","protected":false},"featured_media":25009,"comment_status":"closed","ping_status":"open","template":"","meta":{"_acf_changed":false},"product_brand":[162],"product_cat":[2593,7371],"product_tag":[],"class_list":{"0":"post-50555","1":"product","2":"type-product","3":"status-publish","4":"has-post-thumbnail","6":"product_brand-luxolar","7":"product_cat-lampen","8":"product_cat-wandleuchten","9":"pa_barwa-neutralweis","10":"pa_klasa-efektywnosci-f-de","11":"pa_kod-producenta-kl1-1460-de","12":"pa_kolekcja-kinkiety-led-de","13":"pa_kolor-schwarz","14":"pa_liczba-punktow-swiatla-1-de","15":"pa_marka-luxolar","16":"pa_material-dominujacy-aluminium-de","17":"pa_max-moc-pojed-zrodla-swiatla-14-de","18":"pa_rodzaj-gwintu-integrierte-led-lichtquelle","19":"pa_zawiera-baterie-nein","20":"pa_zrodlo-swiatla-ohne-lichtquelle","22":"first","23":"instock","24":"purchasable","25":"product-type-simple"},"acf":[],"aioseo_notices":[],"_links":{"self":[{"href":"https:\/\/portallamp.invette.dev\/de\/wp-json\/wp\/v2\/product\/50555","targetHints":{"allow":["GET"]}}],"collection":[{"href":"https:\/\/portallamp.invette.dev\/de\/wp-json\/wp\/v2\/product"}],"about":[{"href":"https:\/\/portallamp.invette.dev\/de\/wp-json\/wp\/v2\/types\/product"}],"replies":[{"embeddable":true,"href":"https:\/\/portallamp.invette.dev\/de\/wp-json\/wp\/v2\/comments?post=50555"}],"wp:featuredmedia":[{"embeddable":true,"href":"https:\/\/portallamp.invette.dev\/de\/wp-json\/wp\/v2\/media\/25009"}],"wp:attachment":[{"href":"https:\/\/portallamp.invette.dev\/de\/wp-json\/wp\/v2\/media?parent=50555"}],"wp:term":[{"taxonomy":"product_brand","embeddable":true,"href":"https:\/\/portallamp.invette.dev\/de\/wp-json\/wp\/v2\/product_brand?post=50555"},{"taxonomy":"product_cat","embeddable":true,"href":"https:\/\/portallamp.invette.dev\/de\/wp-json\/wp\/v2\/product_cat?post=50555"},{"taxonomy":"product_tag","embeddable":true,"href":"https:\/\/portallamp.invette.dev\/de\/wp-json\/wp\/v2\/product_tag?post=50555"}],"curies":[{"name":"wp","href":"https:\/\/api.w.org\/{rel}","templated":true}]}}