{"id":50606,"date":"2025-07-03T17:28:20","date_gmt":"2025-07-03T15:28:20","guid":{"rendered":"https:\/\/portallamp.invette.dev\/produkt\/lampa-wiszaca-zyrandol-plafon-zloty-kule-bialy-mat\/"},"modified":"2025-07-03T17:28:20","modified_gmt":"2025-07-03T15:28:20","slug":"lampa-wiszaca-zyrandol-plafon-zloty-kule-bialy-mat","status":"publish","type":"product","link":"https:\/\/portallamp.invette.dev\/de\/produkt\/lampa-wiszaca-zyrandol-plafon-zloty-kule-bialy-mat\/","title":{"rendered":"Lampa Wisz\u0105ca \u017byrandol Plafon Z\u0142oty Kule Bia\u0142y Mat"},"content":{"rendered":"<h1>Elegancka lampa wisz\u0105ca \u017cyrandol w kolorze z\u0142otym z bia\u0142ymi kloszami w kszta\u0142cie kuli.<\/h1>\n<h2>Idealna do:<\/h2>\n<p>\u2705 Pokoju o powierzchni do 10 m2<\/p>\n<p>\u2705 Nad st\u00f3\u0142,<\/p>\n<p>\u2705 Kuchni<\/p>\n<p>\u2705 Jadalni<\/p>\n<p>\u2705 Tak\u017ce jako o\u015bwietlenie dekoracyjne, akcentowe<\/p>\n<p><img decoding=\"async\" src=\"https:\/\/a.allegroimg.com\/original\/115f58\/217b85b74d09b511f28310f92371\" alt=\"Zdj\u0119cie produktu\" style=\"max-width:100%; height:auto; margin:10px 0;\"><\/p>\n<h2>Uniwersalny styl lampy sprawia, \u017ce pasuje ona do wn\u0119trz urz\u0105dzonych w r\u00f3\u017cnym stylu.<\/h2>\n<p><img decoding=\"async\" src=\"https:\/\/a.allegroimg.com\/original\/11abb0\/673cda1446f99c4003983ebf43b3\" alt=\"Zdj\u0119cie produktu\" style=\"max-width:100%; height:auto; margin:10px 0;\"><\/p>\n<p><b><\/b><\/p>\n<p><b>G\u0141\u00d3WNE CECHY LAMPY:<\/b><\/p>\n<p><b><\/b><\/p>\n<ul>\n<li>Materia\u0142 konstrukcji: Metal<\/li>\n<\/ul>\n<ul>\n<li>Kolor konstrukcji: Z\u0142oty po\u0142ysk<\/li>\n<\/ul>\n<ul>\n<li>Materia\u0142 kloszy: Szk\u0142o<\/li>\n<\/ul>\n<ul>\n<li>Kolor kloszy: Bia\u0142y matowy<\/li>\n<\/ul>\n<ul>\n<li>\u015arednica kloszy: 14 cm<\/li>\n<\/ul>\n<ul>\n<li>Wysoko\u015b\u0107 kloszy: 12 cm<\/li>\n<\/ul>\n<ul>\n<li>Nowoczesny Styl &#8211; &nbsp;\u0142atwo wkomponuje si\u0119 w uk\u0142ad mieszkania<\/li>\n<\/ul>\n<ul>\n<li>Idealna do salonu, kuchni, sypialni czy jadalni<\/li>\n<\/ul>\n<ul>\n<li>Lampa obs\u0142uguje wszystkie \u017car\u00f3wki z gwintem typu&nbsp;<b>E27 do max 60 wat\u00f3w.<\/b><\/li>\n<\/ul>\n<ul>\n<li>Lampa z polskiej dystrybucji, wyprodukowana w Polsce &#8211; gwarantowany szybki dost\u0119p do serwisu i cz\u0119\u015bci zapasowych<\/li>\n<\/ul>\n<ul>\n<li>\u017byrandol pochodzi z szerszej rodziny lamp szklanych&nbsp; &#8211; bez problemu dokupisz do kompletu plafon czy kinkiet<\/li>\n<\/ul>\n<h2>Wymiary:<\/h2>\n<p><img decoding=\"async\" src=\"https:\/\/a.allegroimg.com\/original\/11a768\/209a161441adb00b2f7e779bf662\" alt=\"Zdj\u0119cie produktu\" style=\"max-width:100%; height:auto; margin:10px 0;\"><\/p>\n<h2>Opis kloszy:<\/h2>\n<ul>\n<li><b>materia\u0142:&nbsp;<\/b>szk\u0142o o grubo\u015bci 1,8 mm<\/li>\n<li><b>wysoko\u015b\u0107:<\/b> 12cm<\/li>\n<li><b>\u015brednica:<\/b> 14cm<\/li>\n<li><b>odcie\u0144:<\/b> mleczny<\/li>\n<li><b>obs\u0142ugiwane \u017car\u00f3wki:&nbsp;<\/b>z gwintem E27&nbsp; &#8211; oprawka z pier\u015bcieniem dociskowym&nbsp;<b>(\u0142atwo zdejmiesz klosze do umycia)<\/b><\/li>\n<li><b>\u015brednica otworu pod oprawk\u0119:<\/b>&nbsp;42 mm<\/li>\n<li><b>waga:<\/b> 200g<\/li>\n<\/ul>\n<p><img decoding=\"async\" src=\"https:\/\/a.allegroimg.com\/original\/1158d5\/fbf0ade64208a6e7d0d741f90786\" alt=\"Zdj\u0119cie produktu\" style=\"max-width:100%; height:auto; margin:10px 0;\"><\/p>\n<h2>Dane techniczne:<\/h2>\n<\/p>\n<ul>\n<li><b>Zasilanie:<\/b> ~230 [V] \/ bezpo\u015brednie z sieci, dwa niezale\u017cne obwody elektryczne, w\u0142\u0105czanie 1 + 1&nbsp; lub wszystkie jednocze\u015bnie<\/li>\n<li><b>\u0179r\u00f3d\u0142o \u015bwiat\u0142a:<\/b>&nbsp;E-27 &#8211; zalecane LED lub \u015bwietl\u00f3wki kompaktowe<\/li>\n<li><b>Spos\u00f3b monta\u017cu:<\/b>&nbsp;Dwa ko\u0142ki rozporowe<\/li>\n<li><b>IP 20, Klasa I<\/b><\/li>\n<li><b>Zestaw nie zawiera \u017car\u00f3wek oraz ko\u0142k\u00f3w rozporowych do monta\u017cu<\/b><\/li>\n<li><b>Producent:&nbsp;<\/b>LUXOLAR Polska<\/li>\n<\/ul>\n<p><img decoding=\"async\" src=\"https:\/\/a.allegroimg.com\/original\/111a80\/e8398e274082b30762c74bc1ac24\" alt=\"Zdj\u0119cie produktu\" style=\"max-width:100%; height:auto; margin:10px 0;\"><\/p>\n<h2>Zestaw zawiera:<\/h2>\n<ul>\n<li><b>Kompletn\u0105, z\u0142o\u017con\u0105 lamp\u0119 (wystarczy tylko zamontowa\u0107 klosze)<\/b><\/li>\n<li><b>Kostk\u0119 elektryczn\u0105, przy\u0142\u0105czeniow\u0105<\/b><\/li>\n<li><b>Instrukcj\u0119 obs\u0142ugi<\/b><\/li>\n<li><b>Dokument zakupu<\/b><\/li>\n<\/ul>\n<p><b>Zestaw nie zawiera \u017car\u00f3wek ani ko\u0142k\u00f3w rozporowych (nale\u017cy dobra\u0107 odpowiednie do rodzaju pod\u0142o\u017ca sufitu: ceg\u0142a, p\u0142yta G-K&#8230;)<\/b><\/p>\n<h2>ZALECANE \u0179R\u00d3D\u0141A \u015aWIAT\u0141A:<\/h2>\n<\/p>\n<ul>\n<li>\u017bar\u00f3wki LED&nbsp; z gwintem typu E27<\/li>\n<li>Strumie\u0144 \u015bwietlny: 700 -1300 lm<\/li>\n<li>Moc pobierana z sieci: 8 -12 W<\/li>\n<li>Barwa: ciep\u0142a (3000K), Neutralna (4000K)&nbsp; lub zimna (6000K)<\/li>\n<\/ul>\n<p><b>\u017bar\u00f3wki nie wchodz\u0105 w sk\u0142ad zestawu<\/b><\/p>\n<p><img decoding=\"async\" src=\"https:\/\/a.allegroimg.com\/original\/11cf7e\/903dc2c749dd8201b6690673f793\" alt=\"Zdj\u0119cie produktu\" style=\"max-width:100%; height:auto; margin:10px 0;\"><br \/>\n<img decoding=\"async\" src=\"https:\/\/a.allegroimg.com\/original\/110603\/80e930854062ba9f876749e17476\" alt=\"Zdj\u0119cie produktu\" style=\"max-width:100%; height:auto; margin:10px 0;\"><br \/>\n<img decoding=\"async\" src=\"https:\/\/a.allegroimg.com\/original\/11a77d\/626a007d4d8890a4ed625682d37f\" alt=\"Zdj\u0119cie produktu\" style=\"max-width:100%; height:auto; margin:10px 0;\"><\/p>\n","protected":false},"excerpt":{"rendered":"<p>Elegancka lampa wisz\u0105ca \u017cyrandol w kolorze z\u0142otym z bia\u0142ymi kloszami w kszta\u0142cie kuli. Idealna do: \u2705 Pokoju o powierzchni do 10 m2 \u2705 Nad st\u00f3\u0142, \u2705 Kuchni \u2705 Jadalni \u2705 Tak\u017ce jako o\u015bwietlenie dekoracyjne, akcentowe Uniwersalny styl lampy sprawia, \u017ce pasuje ona do wn\u0119trz urz\u0105dzonych w r\u00f3\u017cnym stylu. G\u0141\u00d3WNE CECHY LAMPY: Materia\u0142 konstrukcji: Metal Kolor [&hellip;]<\/p>\n","protected":false},"featured_media":24115,"comment_status":"closed","ping_status":"open","template":"","meta":{"_acf_changed":false},"product_brand":[270],"product_cat":[2593,2674],"product_tag":[],"class_list":{"0":"post-50606","1":"product","2":"type-product","3":"status-publish","4":"has-post-thumbnail","6":"product_brand-luxolar-light-factory","7":"product_cat-lampen","8":"product_cat-hangelampen","9":"pa_klasa-efektywnosci-a-de","10":"pa_kod-producenta-lampa-wiszaca-969-2-de","11":"pa_kolekcja-969-de","12":"pa_kolor-gelb","13":"pa_kolor-weis","14":"pa_liczba-punktow-swiatla-2-de","15":"pa_marka-luxolar-light-factory","16":"pa_material-dominujacy-glas","17":"pa_max-moc-pojed-zrodla-swiatla-60-de","18":"pa_pomieszczenie-buro","19":"pa_pomieszczenie-esszimmer","20":"pa_pomieszczenie-flur-treppe","21":"pa_pomieszczenie-kinderzimmer","22":"pa_pomieszczenie-kuche","23":"pa_pomieszczenie-salon-de","24":"pa_pomieszczenie-schlafzimmer","25":"pa_pomieszczenie-universell","26":"pa_rodzaj-gwintu-e27-de","27":"pa_rodzaj-lampy-deckenleuchten-hangeleuchten","28":"pa_zasilanie-netzwerk","29":"pa_zawiera-baterie-nein","30":"pa_zrodlo-swiatla-ohne-lichtquelle","32":"first","33":"instock","34":"purchasable","35":"product-type-simple"},"acf":[],"aioseo_notices":[],"_links":{"self":[{"href":"https:\/\/portallamp.invette.dev\/de\/wp-json\/wp\/v2\/product\/50606","targetHints":{"allow":["GET"]}}],"collection":[{"href":"https:\/\/portallamp.invette.dev\/de\/wp-json\/wp\/v2\/product"}],"about":[{"href":"https:\/\/portallamp.invette.dev\/de\/wp-json\/wp\/v2\/types\/product"}],"replies":[{"embeddable":true,"href":"https:\/\/portallamp.invette.dev\/de\/wp-json\/wp\/v2\/comments?post=50606"}],"wp:featuredmedia":[{"embeddable":true,"href":"https:\/\/portallamp.invette.dev\/de\/wp-json\/wp\/v2\/media\/24115"}],"wp:attachment":[{"href":"https:\/\/portallamp.invette.dev\/de\/wp-json\/wp\/v2\/media?parent=50606"}],"wp:term":[{"taxonomy":"product_brand","embeddable":true,"href":"https:\/\/portallamp.invette.dev\/de\/wp-json\/wp\/v2\/product_brand?post=50606"},{"taxonomy":"product_cat","embeddable":true,"href":"https:\/\/portallamp.invette.dev\/de\/wp-json\/wp\/v2\/product_cat?post=50606"},{"taxonomy":"product_tag","embeddable":true,"href":"https:\/\/portallamp.invette.dev\/de\/wp-json\/wp\/v2\/product_tag?post=50606"}],"curies":[{"name":"wp","href":"https:\/\/api.w.org\/{rel}","templated":true}]}}