{"id":50621,"date":"2025-07-03T17:28:20","date_gmt":"2025-07-03T15:28:20","guid":{"rendered":"https:\/\/portallamp.invette.dev\/produkt\/lampa-scienna-kinkiet-zloty-szklana-kula-bialy-mat\/"},"modified":"2025-07-03T17:28:20","modified_gmt":"2025-07-03T15:28:20","slug":"lampa-scienna-kinkiet-zloty-szklana-kula-bialy-mat","status":"publish","type":"product","link":"https:\/\/portallamp.invette.dev\/de\/produkt\/lampa-scienna-kinkiet-zloty-szklana-kula-bialy-mat\/","title":{"rendered":"Lampa \u015acienna Kinkiet Z\u0142oty Szklana Kula Bia\u0142y Mat"},"content":{"rendered":"<h1>Elegancka lampa \u015bcienna, kinkiet w kolorze z\u0142otym z bia\u0142ym kloszem w kszta\u0142cie kuli.<\/h1>\n<p>Wersja bez w\u0142\u0105cznika \u0142a\u0144cuszkowego<\/p>\n<h2>Idealna do:<\/h2>\n<p>\u2705 Pokoju<\/p>\n<p>\u2705 Kuchni<\/p>\n<p>\u2705 Jadalni<\/p>\n<p>\u2705 Jako o\u015bwietlenie dekoracyjne, akcentowe<\/p>\n<p><img decoding=\"async\" src=\"https:\/\/a.allegroimg.com\/original\/11d572\/ba6ac99e4b38b9ed6e3c89a09c9f\" alt=\"Zdj\u0119cie produktu\" style=\"max-width:100%; height:auto; margin:10px 0;\"><\/p>\n<h2>Uniwersalny styl lampy sprawia, \u017ce pasuje ona do wn\u0119trz urz\u0105dzonych w r\u00f3\u017cnym stylu.<\/h2>\n<p><img decoding=\"async\" src=\"https:\/\/a.allegroimg.com\/original\/11c3aa\/8ff35f5141679293fe9b4214e746\" alt=\"Zdj\u0119cie produktu\" style=\"max-width:100%; height:auto; margin:10px 0;\"><\/p>\n<p><b><\/b><\/p>\n<p><b>G\u0141\u00d3WNE CECHY LAMPY:<\/b><\/p>\n<p><b><\/b><\/p>\n<ul>\n<li>Materia\u0142 konstrukcji: Metal<\/li>\n<\/ul>\n<ul>\n<li>Kolor konstrukcji: Z\u0142oty po\u0142ysk<\/li>\n<\/ul>\n<ul>\n<li>Materia\u0142 klosza: Szk\u0142o<\/li>\n<\/ul>\n<ul>\n<li>Kolor klosza: Bia\u0142y matowy<\/li>\n<\/ul>\n<ul>\n<li>\u015arednica klosza: 14 cm<\/li>\n<\/ul>\n<ul>\n<li>Wysoko\u015b\u0107 klosza: 12 cm<\/li>\n<\/ul>\n<ul>\n<li>Nowoczesny Styl &#8211; &nbsp;\u0142atwo wkomponuje si\u0119 w uk\u0142ad mieszkania<\/li>\n<\/ul>\n<ul>\n<li><b>Wersja bez w\u0142\u0105cznika \u0142a\u0144cuszkowego<\/b>&nbsp;(sterowanie z sieci)<\/li>\n<\/ul>\n<ul>\n<li>Przeznaczony jako o\u015bwietlenie uzupe\u0142niaj\u0105ce, dekoracyjne do pomieszcze\u0144 wewn\u0105trz domu z wy\u0142\u0105czeniem \u0142azienki lub miejsc o zwi\u0119kszonej wilgotno\u015bci.<\/li>\n<\/ul>\n<ul>\n<li>Kinkiet obs\u0142uguje wszystkie \u017car\u00f3wki z gwintem typu <b>E27 do max 60 wat\u00f3w.<\/b><\/li>\n<\/ul>\n<ul>\n<li>Kinkiet z polskiej dystrybucji, wyprodukowany w Polsce &#8211; gwarantowany szybki dost\u0119p do serwisu i cz\u0119\u015bci zapasowych<\/li>\n<\/ul>\n<ul>\n<li>Kinkiet pochodzi z szerszej rodziny lamp szklanych&nbsp; &#8211; bez problemu dokupisz do kompletu \u017cyrandol<\/li>\n<\/ul>\n<h2>Wymiary:<\/h2>\n<p><img decoding=\"async\" src=\"https:\/\/a.allegroimg.com\/original\/11597c\/baaf1b5147a28e153b2279af7b54\" alt=\"Zdj\u0119cie produktu\" style=\"max-width:100%; height:auto; margin:10px 0;\"><\/p>\n<h2>Opis klosza:<\/h2>\n<ul>\n<li><b>materia\u0142:&nbsp;<\/b>szk\u0142o o grubo\u015bci 1,8 mm<\/li>\n<li><b>wysoko\u015b\u0107:<\/b> 12cm<\/li>\n<li><b>\u015brednica:<\/b> 14cm<\/li>\n<li><b>odcie\u0144:<\/b> mleczny<\/li>\n<li><b>obs\u0142ugiwane \u017car\u00f3wki:&nbsp;<\/b>z gwintem E27&nbsp; &#8211; oprawka z pier\u015bcieniem dociskowym&nbsp;<b>(\u0142atwo zdejmiesz klosz do umycia)<\/b><\/li>\n<li><b>\u015brednica otworu pod oprawk\u0119:<\/b>&nbsp;42 mm<\/li>\n<li><b>waga:<\/b> 200g<\/li>\n<\/ul>\n<p><img decoding=\"async\" src=\"https:\/\/a.allegroimg.com\/original\/11f17b\/38e774fc448a9e5fc5ec6b1aab71\" alt=\"Zdj\u0119cie produktu\" style=\"max-width:100%; height:auto; margin:10px 0;\"><\/p>\n<h2>Dane techniczne:<\/h2>\n<\/p>\n<ul>\n<li><b>Zasilanie:<\/b> ~230 [V] \/ bezpo\u015brednie z sieci<\/li>\n<li><b>\u0179r\u00f3d\u0142o \u015bwiat\u0142a:<\/b>&nbsp;E-27 &#8211; zalecane LED lub \u015bwietl\u00f3wki kompaktowe<\/li>\n<li><b>Spos\u00f3b monta\u017cu:<\/b>&nbsp;Dwa ko\u0142ki rozporowe<\/li>\n<li><b>IP 20, Klasa I<\/b><\/li>\n<li><b>Zestaw nie zawiera \u017car\u00f3wki oraz ko\u0142k\u00f3w rozporowych do monta\u017cu<\/b><\/li>\n<li><b>Producent:&nbsp;<\/b>LUXOLAR Polska<\/li>\n<\/ul>\n<p><img decoding=\"async\" src=\"https:\/\/a.allegroimg.com\/original\/11a0d9\/6862cff947b89e5f69f721e5125b\" alt=\"Zdj\u0119cie produktu\" style=\"max-width:100%; height:auto; margin:10px 0;\"><\/p>\n<h2>Zestaw zawiera:<\/h2>\n<ul>\n<li><b>Kompletn\u0105, z\u0142o\u017con\u0105 lamp\u0119 (wystarczy tylko zamontowa\u0107 klosz)<\/b><\/li>\n<li><b>Kostk\u0119 elektryczn\u0105, przy\u0142\u0105czeniow\u0105<\/b><\/li>\n<li><b>Instrukcj\u0119 obs\u0142ugi<\/b><\/li>\n<li><b>Dokument zakupu<\/b><\/li>\n<\/ul>\n<p><b>Zestaw nie zawiera \u017car\u00f3wki ani ko\u0142k\u00f3w rozporowych (nale\u017cy dobra\u0107 odpowiednie do rodzaju pod\u0142o\u017ca: ceg\u0142a, p\u0142yta G-K&#8230;)<\/b><\/p>\n<h2>ZALECANE \u0179R\u00d3D\u0141A \u015aWIAT\u0141A:<\/h2>\n<\/p>\n<ul>\n<li>\u017bar\u00f3wki LED&nbsp; z gwintem typu E27<\/li>\n<li>Strumie\u0144 \u015bwietlny: 700 -1300 lm<\/li>\n<li>Moc pobierana z sieci: 8 -12 W<\/li>\n<li>Barwa: ciep\u0142a (3000K), Neutralna (4000K)&nbsp; lub zimna (6000K)<\/li>\n<\/ul>\n<p><b>\u017bar\u00f3wka nie wchodzi w sk\u0142ad zestawu<\/b><\/p>\n<p><img decoding=\"async\" src=\"https:\/\/a.allegroimg.com\/original\/11cf7e\/903dc2c749dd8201b6690673f793\" alt=\"Zdj\u0119cie produktu\" style=\"max-width:100%; height:auto; margin:10px 0;\"><br \/>\n<img decoding=\"async\" src=\"https:\/\/a.allegroimg.com\/original\/11e0cb\/45ac882c4a5ebc38b614d75c50d7\" alt=\"Zdj\u0119cie produktu\" style=\"max-width:100%; height:auto; margin:10px 0;\"><br \/>\n<img decoding=\"async\" src=\"https:\/\/a.allegroimg.com\/original\/11a77d\/626a007d4d8890a4ed625682d37f\" alt=\"Zdj\u0119cie produktu\" style=\"max-width:100%; height:auto; margin:10px 0;\"><\/p>\n","protected":false},"excerpt":{"rendered":"<p>Elegancka lampa \u015bcienna, kinkiet w kolorze z\u0142otym z bia\u0142ym kloszem w kszta\u0142cie kuli. Wersja bez w\u0142\u0105cznika \u0142a\u0144cuszkowego Idealna do: \u2705 Pokoju \u2705 Kuchni \u2705 Jadalni \u2705 Jako o\u015bwietlenie dekoracyjne, akcentowe Uniwersalny styl lampy sprawia, \u017ce pasuje ona do wn\u0119trz urz\u0105dzonych w r\u00f3\u017cnym stylu. G\u0141\u00d3WNE CECHY LAMPY: Materia\u0142 konstrukcji: Metal Kolor konstrukcji: Z\u0142oty po\u0142ysk Materia\u0142 klosza: [&hellip;]<\/p>\n","protected":false},"featured_media":24244,"comment_status":"closed","ping_status":"open","template":"","meta":{"_acf_changed":false},"product_brand":[162],"product_cat":[2593,7371],"product_tag":[],"class_list":{"0":"post-50621","1":"product","2":"type-product","3":"status-publish","4":"has-post-thumbnail","6":"product_brand-luxolar","7":"product_cat-lampen","8":"product_cat-wandleuchten","9":"pa_klasa-efektywnosci-a-de","10":"pa_kod-producenta-lampa-scienna-969-k1-de","11":"pa_kolekcja-969-de","12":"pa_kolor-gelb","13":"pa_kolor-weis","14":"pa_liczba-punktow-swiatla-1-de","15":"pa_marka-luxolar","16":"pa_material-dominujacy-glas","17":"pa_rodzaj-gwintu-e27-de","18":"pa_zawiera-baterie-nein","19":"pa_zrodlo-swiatla-ohne-lichtquelle","21":"first","22":"instock","23":"purchasable","24":"product-type-simple"},"acf":[],"aioseo_notices":[],"_links":{"self":[{"href":"https:\/\/portallamp.invette.dev\/de\/wp-json\/wp\/v2\/product\/50621","targetHints":{"allow":["GET"]}}],"collection":[{"href":"https:\/\/portallamp.invette.dev\/de\/wp-json\/wp\/v2\/product"}],"about":[{"href":"https:\/\/portallamp.invette.dev\/de\/wp-json\/wp\/v2\/types\/product"}],"replies":[{"embeddable":true,"href":"https:\/\/portallamp.invette.dev\/de\/wp-json\/wp\/v2\/comments?post=50621"}],"wp:featuredmedia":[{"embeddable":true,"href":"https:\/\/portallamp.invette.dev\/de\/wp-json\/wp\/v2\/media\/24244"}],"wp:attachment":[{"href":"https:\/\/portallamp.invette.dev\/de\/wp-json\/wp\/v2\/media?parent=50621"}],"wp:term":[{"taxonomy":"product_brand","embeddable":true,"href":"https:\/\/portallamp.invette.dev\/de\/wp-json\/wp\/v2\/product_brand?post=50621"},{"taxonomy":"product_cat","embeddable":true,"href":"https:\/\/portallamp.invette.dev\/de\/wp-json\/wp\/v2\/product_cat?post=50621"},{"taxonomy":"product_tag","embeddable":true,"href":"https:\/\/portallamp.invette.dev\/de\/wp-json\/wp\/v2\/product_tag?post=50621"}],"curies":[{"name":"wp","href":"https:\/\/api.w.org\/{rel}","templated":true}]}}