{"id":50690,"date":"2025-07-03T17:26:12","date_gmt":"2025-07-03T15:26:12","guid":{"rendered":"https:\/\/portallamp.invette.dev\/produkt\/klosz-kula-mleczna-do-lamp-zyrandoli-kinkietow\/"},"modified":"2025-07-03T17:26:12","modified_gmt":"2025-07-03T15:26:12","slug":"klosz-kula-mleczna-do-lamp-zyrandoli-kinkietow","status":"publish","type":"product","link":"https:\/\/portallamp.invette.dev\/de\/produkt\/klosz-kula-mleczna-do-lamp-zyrandoli-kinkietow\/","title":{"rendered":"Klosz Kula Mleczna do Lamp \u017byrandoli Kinkiet\u00f3w"},"content":{"rendered":"<h1>Przedmiot sprzeda\u017cy:<\/h1>\n<h2>Nowy, szklany klosz stosowany w lampach, kinkietach, \u017cyrandolach z gwintem typu G-9 lub E14 z mocowaniem spr\u0119\u017cynowym.<\/h2>\n<p>Stosowany r\u00f3wnie\u017c w lampach z serii&nbsp; 962 oraz 963 firmy LUXOLAR<\/p>\n<p><img decoding=\"async\" src=\"https:\/\/a.allegroimg.com\/original\/118d3a\/09d902fe457cbe500b89dd18eb3a\" alt=\"Zdj\u0119cie produktu\" style=\"max-width:100%; height:auto; margin:10px 0;\"><\/p>\n<h1>Dane techniczne:<\/h1>\n<ul>\n<li><b>materia\u0142:&nbsp;<\/b>szk\u0142o o grubo\u015bci 1.5 mm<\/li>\n<li><b>odcie\u0144:<\/b> mleczny matowy<\/li>\n<li><b>spos\u00f3b monta\u017cu: spr\u0119\u017cynowy<\/b><\/li>\n<li><b>\u015brednica otworu pod oprawk\u0119:<\/b> 55 mm<\/li>\n<li><b>wymiary:<\/b> wysoko\u015b\u0107 140 mm &#8211;&nbsp; \u015brednica: 140 mm<\/li>\n<li><b>waga:<\/b> 200g<\/li>\n<\/ul>\n<p><img decoding=\"async\" src=\"https:\/\/a.allegroimg.com\/original\/110cee\/f611c3484354bee7eea776334bca\" alt=\"Zdj\u0119cie produktu\" style=\"max-width:100%; height:auto; margin:10px 0;\"><\/p>\n<h1>Przyk\u0142ady zastosowania:<\/h1>\n<p>(lampy pokazane na zdj\u0119ciach nie s\u0105 przedmiotem sprzeda\u017cy &#8211; s\u0142u\u017c\u0105 wy\u0142\u0105cznie do wizualizacji zastosowania)<\/p>\n<ul>\n<li>W lampach wisz\u0105cych<\/li>\n<li>W plafonach, \u017cyrandolach<\/li>\n<li>Kinkietach<\/li>\n<li>Lampkach nocnych<\/li>\n<\/ul>\n<p><img decoding=\"async\" src=\"https:\/\/a.allegroimg.com\/original\/1166f4\/a04b728441c0a1fa668a0a2806d0\" alt=\"Zdj\u0119cie produktu\" style=\"max-width:100%; height:auto; margin:10px 0;\"><\/p>\n","protected":false},"excerpt":{"rendered":"<p>Przedmiot sprzeda\u017cy: Nowy, szklany klosz stosowany w lampach, kinkietach, \u017cyrandolach z gwintem typu G-9 lub E14 z mocowaniem spr\u0119\u017cynowym. Stosowany r\u00f3wnie\u017c w lampach z serii&nbsp; 962 oraz 963 firmy LUXOLAR Dane techniczne: materia\u0142:&nbsp;szk\u0142o o grubo\u015bci 1.5 mm odcie\u0144: mleczny matowy spos\u00f3b monta\u017cu: spr\u0119\u017cynowy \u015brednica otworu pod oprawk\u0119: 55 mm wymiary: wysoko\u015b\u0107 140 mm &#8211;&nbsp; \u015brednica: [&hellip;]<\/p>\n","protected":false},"featured_media":23458,"comment_status":"closed","ping_status":"open","template":"","meta":{"_acf_changed":false},"product_brand":[162],"product_cat":[3121],"product_tag":[],"class_list":{"0":"post-50690","1":"product","2":"type-product","3":"status-publish","4":"has-post-thumbnail","6":"product_brand-luxolar","7":"product_cat-lampenschirme-und-lampenabdeckungen","8":"pa_gwint-e14-de","9":"pa_kod-producenta-590e12-de","10":"pa_kolor-weis","11":"pa_marka-luxolar","12":"pa_material-wykonania-glas","13":"pa_mocowanie-fur-alle-befestigungen","14":"pa_rodzaj-lampenglocke","16":"first","17":"instock","18":"purchasable","19":"product-type-simple"},"acf":[],"aioseo_notices":[],"_links":{"self":[{"href":"https:\/\/portallamp.invette.dev\/de\/wp-json\/wp\/v2\/product\/50690","targetHints":{"allow":["GET"]}}],"collection":[{"href":"https:\/\/portallamp.invette.dev\/de\/wp-json\/wp\/v2\/product"}],"about":[{"href":"https:\/\/portallamp.invette.dev\/de\/wp-json\/wp\/v2\/types\/product"}],"replies":[{"embeddable":true,"href":"https:\/\/portallamp.invette.dev\/de\/wp-json\/wp\/v2\/comments?post=50690"}],"wp:featuredmedia":[{"embeddable":true,"href":"https:\/\/portallamp.invette.dev\/de\/wp-json\/wp\/v2\/media\/23458"}],"wp:attachment":[{"href":"https:\/\/portallamp.invette.dev\/de\/wp-json\/wp\/v2\/media?parent=50690"}],"wp:term":[{"taxonomy":"product_brand","embeddable":true,"href":"https:\/\/portallamp.invette.dev\/de\/wp-json\/wp\/v2\/product_brand?post=50690"},{"taxonomy":"product_cat","embeddable":true,"href":"https:\/\/portallamp.invette.dev\/de\/wp-json\/wp\/v2\/product_cat?post=50690"},{"taxonomy":"product_tag","embeddable":true,"href":"https:\/\/portallamp.invette.dev\/de\/wp-json\/wp\/v2\/product_tag?post=50690"}],"curies":[{"name":"wp","href":"https:\/\/api.w.org\/{rel}","templated":true}]}}