{"id":50705,"date":"2025-07-03T17:26:12","date_gmt":"2025-07-03T15:26:12","guid":{"rendered":"https:\/\/portallamp.invette.dev\/produkt\/lampa-sufitowa-spot-tuba-metal-biala-zlot-led-gu10\/"},"modified":"2025-07-03T17:26:12","modified_gmt":"2025-07-03T15:26:12","slug":"lampa-sufitowa-spot-tuba-metal-biala-zlot-led-gu10","status":"publish","type":"product","link":"https:\/\/portallamp.invette.dev\/de\/produkt\/lampa-sufitowa-spot-tuba-metal-biala-zlot-led-gu10\/","title":{"rendered":"Lampa Sufitowa SPOT Tuba Metal Bia\u0142a Z\u0142ot LED GU10"},"content":{"rendered":"<h1>Lampa Natynkowa Plafon SPOT GU-10 z regulacj\u0105 kierunku \u015bwiecenia \u017car\u00f3wki w kolorze Bia\u0142ym z dodatkiem z\u0142ota.<\/h1>\n<p><img decoding=\"async\" src=\"https:\/\/a.allegroimg.com\/original\/11eaa6\/8f4235404def9e1789231ce3b5bd\" alt=\"Zdj\u0119cie produktu\" style=\"max-width:100%; height:auto; margin:10px 0;\"><\/p>\n<h2>Idealna do:<\/h2>\n<p>\u2705 salonu,<\/p>\n<p>\u2705 kuchni,<\/p>\n<p>\u2705 sypialni,<\/p>\n<p>\u2705 korytarzy i wielu innych miejsc wewn\u0105trz domu.<\/p>\n<p><img decoding=\"async\" src=\"https:\/\/a.allegroimg.com\/original\/11019a\/51f073e64842b5abca52ca48d593\" alt=\"Zdj\u0119cie produktu\" style=\"max-width:100%; height:auto; margin:10px 0;\"><br \/>\n<img decoding=\"async\" src=\"https:\/\/a.allegroimg.com\/original\/11b6a7\/3a3ea94c4c2da94d79b4a441529e\" alt=\"Zdj\u0119cie produktu\" style=\"max-width:100%; height:auto; margin:10px 0;\"><\/p>\n<p><b><\/b><\/p>\n<p><b>G\u0141\u00d3WNE CECHY LAMPY:<\/b><\/p>\n<p><b><\/b><\/p>\n<ul>\n<li>Dominuj\u0105cy materia\u0142 konstrukcji: Metal<\/li>\n<\/ul>\n<ul>\n<li>Kolor konstrukcji: Bia\u0142y po\u0142ysk z dodatkiem Z\u0142ota<\/li>\n<\/ul>\n<ul>\n<li>Nowoczesny Styl &#8211; &nbsp;\u0142atwo wkomponuje si\u0119 w uk\u0142ad mieszkania<\/li>\n<\/ul>\n<ul>\n<li>Estetyczna, solidna, dobrze wykonana<\/li>\n<\/ul>\n<ul>\n<li>Prosty, natynkowy spos\u00f3b monta\u017cu (za pomoc\u0105 ko\u0142k\u00f3w rozporowych),<\/li>\n<\/ul>\n<ul>\n<li>Regulacja k\u0105ta padania \u015bwiat\u0142a&nbsp; &#8211;&nbsp; skieruj strumie\u0144 \u015bwiat\u0142a w konkretne miejsce<\/li>\n<\/ul>\n<ul>\n<li>IP 20 (do stosowania wewn\u0105trz z wy\u0142\u0105czeniem miejsc o podwy\u017cszonej wilgotno\u015bci)<\/li>\n<\/ul>\n<ul>\n<li>Obs\u0142uguje wszystkie \u017car\u00f3wki GU10 w technologii LED do max 15 W<\/li>\n<\/ul>\n<ul>\n<li>Szerokie zastosowanie:&nbsp;<b>sto\u0142y, wyspy, blaty, korytarze, kuchnie, sypialnie<\/b><\/li>\n<\/ul>\n<ul>\n<li>\u017byrandol pochodzi z szerszej rodziny lamp &#8211; bez problemu dokupisz do kompletu kinkiet<\/li>\n<\/ul>\n<h2>Wymiary:<\/h2>\n<p><img decoding=\"async\" src=\"https:\/\/a.allegroimg.com\/original\/116b36\/b226db86402a929f76c326dca2c9\" alt=\"Zdj\u0119cie produktu\" style=\"max-width:100%; height:auto; margin:10px 0;\"><\/p>\n<h2>Dane techniczne:<\/h2>\n<ul>\n<li>Napi\u0119cie zasilania: 230V<\/li>\n<li>\u0179r\u00f3d\u0142o \u015bwiat\u0142a: 1 x GU10<\/li>\n<li>\u015arednica puszki natynkowej : 8 cm<\/li>\n<li>Wysoko\u015b\u0107 max 18cm (w zale\u017cno\u015bci od k\u0105ta ustawienia tuby)<\/li>\n<li>\u015arednica tuby: 5,5 cm<\/li>\n<li>Wysoko\u015b\u0107 tuby: 11 cm<\/li>\n<li>Gniazdo GU10 w zestawie: tak<\/li>\n<li>Maksymalna moc \u017ar\u00f3d\u0142a \u015bwiat\u0142a: 15 W dotyczy \u017car\u00f3wek w technologii LED<\/li>\n<\/ul>\n<p><img decoding=\"async\" src=\"https:\/\/a.allegroimg.com\/original\/118ba1\/8271e4f34acba393b4aeb49141c3\" alt=\"Zdj\u0119cie produktu\" style=\"max-width:100%; height:auto; margin:10px 0;\"><\/p>\n<h2>Zestaw zawiera:<\/h2>\n<ul>\n<li><b>Kompletn\u0105, z\u0142o\u017con\u0105 lamp\u0119<\/b><\/li>\n<li><b>Kostk\u0119 przy\u0142\u0105czeniow\u0105<\/b><\/li>\n<li><b>Instrukcj\u0119 obs\u0142ugi<\/b><\/li>\n<li><b>Dokument zakupu<\/b><\/li>\n<\/ul>\n<p><b>Zestaw nie zawiera \u017car\u00f3wki oraz ko\u0142k\u00f3w do monta\u017cu&nbsp; &#8211; dost\u0119pne na naszych aukcjach Allegro<\/b><\/p>\n<p><img decoding=\"async\" src=\"https:\/\/a.allegroimg.com\/original\/112c45\/1a425193454896d5b4d3f7657332\" alt=\"Zdj\u0119cie produktu\" style=\"max-width:100%; height:auto; margin:10px 0;\"><br \/>\n<img decoding=\"async\" src=\"https:\/\/a.allegroimg.com\/original\/11b6a7\/3a3ea94c4c2da94d79b4a441529e\" alt=\"Zdj\u0119cie produktu\" style=\"max-width:100%; height:auto; margin:10px 0;\"><br \/>\n<img decoding=\"async\" src=\"https:\/\/a.allegroimg.com\/original\/112885\/d70313b74d14960618558b56066a\" alt=\"Zdj\u0119cie produktu\" style=\"max-width:100%; height:auto; margin:10px 0;\"><\/p>\n","protected":false},"excerpt":{"rendered":"<p>Lampa Natynkowa Plafon SPOT GU-10 z regulacj\u0105 kierunku \u015bwiecenia \u017car\u00f3wki w kolorze Bia\u0142ym z dodatkiem z\u0142ota. Idealna do: \u2705 salonu, \u2705 kuchni, \u2705 sypialni, \u2705 korytarzy i wielu innych miejsc wewn\u0105trz domu. G\u0141\u00d3WNE CECHY LAMPY: Dominuj\u0105cy materia\u0142 konstrukcji: Metal Kolor konstrukcji: Bia\u0142y po\u0142ysk z dodatkiem Z\u0142ota Nowoczesny Styl &#8211; &nbsp;\u0142atwo wkomponuje si\u0119 w uk\u0142ad mieszkania [&hellip;]<\/p>\n","protected":false},"featured_media":23560,"comment_status":"closed","ping_status":"open","template":"","meta":{"_acf_changed":false},"product_brand":[162],"product_cat":[2593,2674],"product_tag":[],"class_list":{"0":"post-50705","1":"product","2":"type-product","3":"status-publish","4":"has-post-thumbnail","6":"product_brand-luxolar","7":"product_cat-lampen","8":"product_cat-hangelampen","9":"pa_kod-producenta-lampa-sufitowa-953-eg1-de","10":"pa_kolekcja-953-de","11":"pa_kolor-gelb","12":"pa_kolor-weis","13":"pa_liczba-punktow-swiatla-1-de","14":"pa_marka-luxolar","15":"pa_material-dominujacy-metall","16":"pa_max-moc-pojed-zrodla-swiatla-15-de","17":"pa_pomieszczenie-buro","18":"pa_pomieszczenie-esszimmer","19":"pa_pomieszczenie-flur-treppe","20":"pa_pomieszczenie-kinderzimmer","21":"pa_pomieszczenie-kuche","22":"pa_pomieszczenie-salon-de","23":"pa_pomieszczenie-schlafzimmer","24":"pa_pomieszczenie-universell","25":"pa_rodzaj-gwintu-gu10-de","26":"pa_rodzaj-lampy-deckenleuchten-hangeleuchten","27":"pa_zasilanie-netzwerk","28":"pa_zawiera-baterie-nein","30":"first","31":"instock","32":"purchasable","33":"product-type-simple"},"acf":[],"aioseo_notices":[],"_links":{"self":[{"href":"https:\/\/portallamp.invette.dev\/de\/wp-json\/wp\/v2\/product\/50705","targetHints":{"allow":["GET"]}}],"collection":[{"href":"https:\/\/portallamp.invette.dev\/de\/wp-json\/wp\/v2\/product"}],"about":[{"href":"https:\/\/portallamp.invette.dev\/de\/wp-json\/wp\/v2\/types\/product"}],"replies":[{"embeddable":true,"href":"https:\/\/portallamp.invette.dev\/de\/wp-json\/wp\/v2\/comments?post=50705"}],"wp:featuredmedia":[{"embeddable":true,"href":"https:\/\/portallamp.invette.dev\/de\/wp-json\/wp\/v2\/media\/23560"}],"wp:attachment":[{"href":"https:\/\/portallamp.invette.dev\/de\/wp-json\/wp\/v2\/media?parent=50705"}],"wp:term":[{"taxonomy":"product_brand","embeddable":true,"href":"https:\/\/portallamp.invette.dev\/de\/wp-json\/wp\/v2\/product_brand?post=50705"},{"taxonomy":"product_cat","embeddable":true,"href":"https:\/\/portallamp.invette.dev\/de\/wp-json\/wp\/v2\/product_cat?post=50705"},{"taxonomy":"product_tag","embeddable":true,"href":"https:\/\/portallamp.invette.dev\/de\/wp-json\/wp\/v2\/product_tag?post=50705"}],"curies":[{"name":"wp","href":"https:\/\/api.w.org\/{rel}","templated":true}]}}