{"id":50960,"date":"2025-07-03T17:08:30","date_gmt":"2025-07-03T15:08:30","guid":{"rendered":"https:\/\/portallamp.invette.dev\/produkt\/abazur-do-lamp-zyrandoli-kinkietow-e27-bialy-zloty\/"},"modified":"2025-07-03T17:08:30","modified_gmt":"2025-07-03T15:08:30","slug":"abazur-do-lamp-zyrandoli-kinkietow-e27-bialy-zloty","status":"publish","type":"product","link":"https:\/\/portallamp.invette.dev\/de\/produkt\/abazur-do-lamp-zyrandoli-kinkietow-e27-bialy-zloty\/","title":{"rendered":"Aba\u017cur Do Lamp \u017byrandoli Kinkiet\u00f3w E27 Bia\u0142y Z\u0142oty"},"content":{"rendered":"<h1>Przedmiot sprzeda\u017cy: <\/h1>\n<h2>Nowy aba\u017cur stosowany w lampach, kinkietach, \u017cyrandolach z gwintem typu E27.<\/h2>\n<p>Szeroko stosowany w serii lamp nr 926 firmy LUXOLAR<\/p>\n<p><img decoding=\"async\" src=\"https:\/\/a.allegroimg.com\/original\/114a85\/6389dc604a539502e228cda4971d\" alt=\"Zdj\u0119cie produktu\" style=\"max-width:100%; height:auto; margin:10px 0;\"><\/p>\n<h2>Opis aba\u017cura:<\/h2>\n<ul>\n<li><b>materia\u0142:&nbsp;<\/b>PCV + Tkanina<\/li>\n<li><b>kolor:<\/b>&nbsp;Bia\u0142y ze z\u0142otym wn\u0119trzem<\/li>\n<li><b>konstrukcja przelotowa&nbsp;<\/b>&#8211; ods\u0142oni\u0119ta g\u00f3ra i d\u00f3\u0142 aba\u017cura<\/li>\n<li><b>obs\u0142ugiwane \u017car\u00f3wki:&nbsp;<\/b>z gwintem E27<\/li>\n<li><b>\u015brednica otworu pod oprawk\u0119:<\/b>&nbsp;42 mm<\/li>\n<li><b>wymiary:<\/b>&nbsp;wysoko\u015b\u0107 150 mm &#8211;&nbsp; \u015brednica: 130 mm<\/li>\n<li><b>waga:<\/b>&nbsp;90g<\/li>\n<\/ul>\n<p><img decoding=\"async\" src=\"https:\/\/a.allegroimg.com\/original\/11ebc4\/802f80ff45ee9536479a618fe122\" alt=\"Zdj\u0119cie produktu\" style=\"max-width:100%; height:auto; margin:10px 0;\"><\/p>\n<h1>Przyk\u0142ady zastosowania:<\/h1>\n<p>(lampy pokazane na zdj\u0119ciach nie s\u0105 przedmiotem sprzeda\u017cy &#8211; s\u0142u\u017c\u0105 wy\u0142\u0105cznie do wizualizacji zastosowania)<\/p>\n<ul>\n<li>W lampach wisz\u0105cych<\/li>\n<li>W plafonach, \u017cyrandolach<\/li>\n<li>Kinkietach<\/li>\n<li>Lampkach nocnych<\/li>\n<\/ul>\n<p><img decoding=\"async\" src=\"https:\/\/a.allegroimg.com\/original\/115de4\/1a9a9cd042dbb243792327e3b8fa\" alt=\"Zdj\u0119cie produktu\" style=\"max-width:100%; height:auto; margin:10px 0;\"><\/p>\n","protected":false},"excerpt":{"rendered":"<p>Przedmiot sprzeda\u017cy: Nowy aba\u017cur stosowany w lampach, kinkietach, \u017cyrandolach z gwintem typu E27. Szeroko stosowany w serii lamp nr 926 firmy LUXOLAR Opis aba\u017cura: materia\u0142:&nbsp;PCV + Tkanina kolor:&nbsp;Bia\u0142y ze z\u0142otym wn\u0119trzem konstrukcja przelotowa&nbsp;&#8211; ods\u0142oni\u0119ta g\u00f3ra i d\u00f3\u0142 aba\u017cura obs\u0142ugiwane \u017car\u00f3wki:&nbsp;z gwintem E27 \u015brednica otworu pod oprawk\u0119:&nbsp;42 mm wymiary:&nbsp;wysoko\u015b\u0107 150 mm &#8211;&nbsp; \u015brednica: 130 mm waga:&nbsp;90g [&hellip;]<\/p>\n","protected":false},"featured_media":19620,"comment_status":"closed","ping_status":"open","template":"","meta":{"_acf_changed":false},"product_brand":[162],"product_cat":[3121],"product_tag":[],"class_list":{"0":"post-50960","1":"product","2":"type-product","3":"status-publish","4":"has-post-thumbnail","6":"product_brand-luxolar","7":"product_cat-lampenschirme-und-lampenabdeckungen","8":"pa_gwint-e27-de","9":"pa_kod-producenta-abazur-926-de","10":"pa_kolor-gelb","11":"pa_kolor-weis","12":"pa_marka-luxolar","13":"pa_material-wykonania-kunststoff","14":"pa_material-wykonania-stoff","15":"pa_mocowanie-fur-alle-befestigungen","16":"pa_rodzaj-lampenschirm","18":"first","19":"instock","20":"purchasable","21":"product-type-simple"},"acf":[],"aioseo_notices":[],"_links":{"self":[{"href":"https:\/\/portallamp.invette.dev\/de\/wp-json\/wp\/v2\/product\/50960","targetHints":{"allow":["GET"]}}],"collection":[{"href":"https:\/\/portallamp.invette.dev\/de\/wp-json\/wp\/v2\/product"}],"about":[{"href":"https:\/\/portallamp.invette.dev\/de\/wp-json\/wp\/v2\/types\/product"}],"replies":[{"embeddable":true,"href":"https:\/\/portallamp.invette.dev\/de\/wp-json\/wp\/v2\/comments?post=50960"}],"wp:featuredmedia":[{"embeddable":true,"href":"https:\/\/portallamp.invette.dev\/de\/wp-json\/wp\/v2\/media\/19620"}],"wp:attachment":[{"href":"https:\/\/portallamp.invette.dev\/de\/wp-json\/wp\/v2\/media?parent=50960"}],"wp:term":[{"taxonomy":"product_brand","embeddable":true,"href":"https:\/\/portallamp.invette.dev\/de\/wp-json\/wp\/v2\/product_brand?post=50960"},{"taxonomy":"product_cat","embeddable":true,"href":"https:\/\/portallamp.invette.dev\/de\/wp-json\/wp\/v2\/product_cat?post=50960"},{"taxonomy":"product_tag","embeddable":true,"href":"https:\/\/portallamp.invette.dev\/de\/wp-json\/wp\/v2\/product_tag?post=50960"}],"curies":[{"name":"wp","href":"https:\/\/api.w.org\/{rel}","templated":true}]}}