{"id":50966,"date":"2025-07-03T17:08:30","date_gmt":"2025-07-03T15:08:30","guid":{"rendered":"https:\/\/portallamp.invette.dev\/produkt\/lampka-nocna-stolowa-dekoracyjna-abazur-czarny\/"},"modified":"2025-07-03T17:08:30","modified_gmt":"2025-07-03T15:08:30","slug":"lampka-nocna-stolowa-dekoracyjna-abazur-czarny","status":"publish","type":"product","link":"https:\/\/portallamp.invette.dev\/de\/produkt\/lampka-nocna-stolowa-dekoracyjna-abazur-czarny\/","title":{"rendered":"Lampka Nocna Sto\u0142owa Dekoracyjna Aba\u017cur Czarny"},"content":{"rendered":"<h1>Nowoczesna lampka nocna sto\u0142owa wykonana z najwy\u017csz\u0105 dba\u0142o\u015bci\u0105 o szczeg\u00f3\u0142y i detale.<\/h1>\n<h2>\u015awietnie odnajdzie si\u0119 we wn\u0119trzach o charakterze nowoczesnym, minimalistycznym czy skandynawskim.<\/h2>\n<p><img decoding=\"async\" src=\"https:\/\/a.allegroimg.com\/original\/11a9c9\/be18558f445c9f9db839e5e3e5aa\" alt=\"Zdj\u0119cie produktu\" style=\"max-width:100%; height:auto; margin:10px 0;\"><\/p>\n<h2>Czarna konstrukcja i aba\u017cur ze z\u0142otymi elementami to \u015bwietne po\u0142\u0105czenie w nowoczesnych wn\u0119trzach.<\/h2>\n<p><img decoding=\"async\" src=\"https:\/\/a.allegroimg.com\/original\/119f99\/2f6bbcc94b2bb3f9e0b71e12f691\" alt=\"Zdj\u0119cie produktu\" style=\"max-width:100%; height:auto; margin:10px 0;\"><\/p>\n<p><b><\/b><\/p>\n<p><b>G\u0141\u00d3WNE CECHY LAMPY:<\/b><\/p>\n<p><b><\/b><\/p>\n<ul>\n<li>Materia\u0142 konstrukcji: Metal<\/li>\n<\/ul>\n<ul>\n<li>Kolor konstrukcji: Czarny matowy<\/li>\n<\/ul>\n<ul>\n<li>Kolor aba\u017cura: Czarny + z\u0142ote wn\u0119trze<\/li>\n<\/ul>\n<ul>\n<li>Materia\u0142 aba\u017cura: PCV + Tkanina<\/li>\n<\/ul>\n<ul>\n<li>\u015arednica aba\u017cura: 13 cm<\/li>\n<\/ul>\n<ul>\n<li>Wysoko\u015b\u0107 aba\u017cura: 15cm<\/li>\n<\/ul>\n<ul>\n<li>Nowoczesny Styl &#8211; &nbsp;\u0142atwo wkomponuje si\u0119 w uk\u0142ad mieszkania<\/li>\n<\/ul>\n<ul>\n<li>W\u0142\u0105cznik wbudowany w przew\u00f3d zasilaj\u0105cy<\/li>\n<\/ul>\n<ul>\n<li>Przeznaczony jako o\u015bwietlenie uzupe\u0142niaj\u0105ce, dekoracyjne do pomieszcze\u0144 wewn\u0105trz domu z wy\u0142\u0105czeniem \u0142azienki lub miejsc o zwi\u0119kszonej wilgotno\u015bci.<\/li>\n<\/ul>\n<ul>\n<li>Lampa obs\u0142uguje wszystkie \u017car\u00f3wki z gwintem typu <b>E27 do max 60 wat\u00f3w.<\/b><\/li>\n<\/ul>\n<ul>\n<li>Lampa z polskiej dystrybucji, wyprodukowana w Polsce &#8211; gwarantowany szybki dost\u0119p do serwisu i cz\u0119\u015bci zapasowych<\/li>\n<\/ul>\n<ul>\n<li>Lampa pochodzi z szerszej rodziny lamp &#8211; bez problemu dokupisz do kompletu lamp\u0119 wisz\u0105c\u0105 czy kinkiet<\/li>\n<\/ul>\n<ul>\n<li><b>Wersja w pe\u0142ni z\u0142o\u017cona &#8211; nie jest to chi\u0144ski zestaw do samodzielnego monta\u017cu<\/b><\/li>\n<\/ul>\n<h2>Wymiary:<\/h2>\n<p><img decoding=\"async\" src=\"https:\/\/a.allegroimg.com\/original\/110e25\/864e1c6e4d048ddbb82c76f8106a\" alt=\"Zdj\u0119cie produktu\" style=\"max-width:100%; height:auto; margin:10px 0;\"><\/p>\n<h2>Opis aba\u017cura:<\/h2>\n<ul>\n<li><b>materia\u0142:&nbsp;<\/b>PCV + Tkanina<\/li>\n<li><b>kolor:<\/b> Czarny ze z\u0142otym wn\u0119trzem<\/li>\n<li><b>konstrukcja przelotowa <\/b>&#8211; ods\u0142oni\u0119ta g\u00f3ra i d\u00f3\u0142 aba\u017cura<\/li>\n<li><b>obs\u0142ugiwane \u017car\u00f3wki:&nbsp;<\/b>z gwintem E27<\/li>\n<li><b>\u015brednica otworu pod oprawk\u0119:<\/b>&nbsp;42 mm<\/li>\n<li><b>wymiary:<\/b> wysoko\u015b\u0107 150 mm &#8211;&nbsp; \u015brednica: 130 mm<\/li>\n<li><b>waga:<\/b> 90g<\/li>\n<\/ul>\n<p><img decoding=\"async\" src=\"https:\/\/a.allegroimg.com\/original\/11796f\/c742a2734b829c613a776b2b9adc\" alt=\"Zdj\u0119cie produktu\" style=\"max-width:100%; height:auto; margin:10px 0;\"><\/p>\n<h2>Zestaw zawiera:<\/h2>\n<ul>\n<li><b>Kompletn\u0105, z\u0142o\u017con\u0105 lamp\u0119 &#8211; wystarczy tylko zamontowa\u0107 aba\u017cur (nie jest to chi\u0144skiej produkcji zestaw do samodzielnego monta\u017cu)<\/b><\/li>\n<li><b>Instrukcj\u0119 obs\u0142ugi<\/b><\/li>\n<li><b>Dokument zakupu<\/b><\/li>\n<\/ul>\n<p><b>Zestaw nie zawiera \u017car\u00f3wki<\/b><\/p>\n<h1>Dane techniczne:<\/h1>\n<\/p>\n<ul>\n<li><b>Zasilanie:<\/b>&nbsp;~230 [V] \/ bezpo\u015brednie z sieci, przew\u00f3d z w\u0142\u0105cznikiem i wtyczk\u0105 o d\u0142ugo\u015bci 120 cm,<\/li>\n<li><b>\u0179r\u00f3d\u0142o \u015bwiat\u0142a:<\/b>&nbsp;E-27 &#8211; zalecane LED lub \u015bwietl\u00f3wki kompaktowe<\/li>\n<li><b>IP 20, Klasa II<\/b><\/li>\n<li><b>Producent:&nbsp;<\/b>LUXOLAR Polska<\/li>\n<\/ul>\n<h2>ZALECANE \u0179R\u00d3D\u0141A \u015aWIAT\u0141A:<\/h2>\n<\/p>\n<ul>\n<li>\u017bar\u00f3wki LED&nbsp; z gwintem typu E27<\/li>\n<li>Strumie\u0144 \u015bwietlny: 700 -1300 lm<\/li>\n<li>Moc pobierana z sieci: 10 -12 W<\/li>\n<li>Barwa: ciep\u0142a (3000K), Neutralna (4000K)&nbsp; lub zimna (6000K)<\/li>\n<\/ul>\n<p><b>Z uwagi na budow\u0119 aba\u017cura, kt\u00f3ry cz\u0119\u015bciowo mo\u017ce t\u0142umi\u0107 \u015bwiat\u0142o zalecamy stosowanie \u017car\u00f3wek o mocy powy\u017cej 10W.<\/b><\/p>\n<p><b>\u017bar\u00f3wka nie wchodzi w sk\u0142ad zestawu<\/b><\/p>\n<p><img decoding=\"async\" src=\"https:\/\/a.allegroimg.com\/original\/119b39\/fdad0ee24f9e8628a0fb96956133\" alt=\"Zdj\u0119cie produktu\" style=\"max-width:100%; height:auto; margin:10px 0;\"><br \/>\n<img decoding=\"async\" src=\"https:\/\/a.allegroimg.com\/original\/11a77d\/626a007d4d8890a4ed625682d37f\" alt=\"Zdj\u0119cie produktu\" style=\"max-width:100%; height:auto; margin:10px 0;\"><\/p>\n","protected":false},"excerpt":{"rendered":"<p>Nowoczesna lampka nocna sto\u0142owa wykonana z najwy\u017csz\u0105 dba\u0142o\u015bci\u0105 o szczeg\u00f3\u0142y i detale. \u015awietnie odnajdzie si\u0119 we wn\u0119trzach o charakterze nowoczesnym, minimalistycznym czy skandynawskim. Czarna konstrukcja i aba\u017cur ze z\u0142otymi elementami to \u015bwietne po\u0142\u0105czenie w nowoczesnych wn\u0119trzach. G\u0141\u00d3WNE CECHY LAMPY: Materia\u0142 konstrukcji: Metal Kolor konstrukcji: Czarny matowy Kolor aba\u017cura: Czarny + z\u0142ote wn\u0119trze Materia\u0142 aba\u017cura: PCV [&hellip;]<\/p>\n","protected":false},"featured_media":19644,"comment_status":"closed","ping_status":"open","template":"","meta":{"_acf_changed":false},"product_brand":[162],"product_cat":[2593,7373],"product_tag":[],"class_list":{"0":"post-50966","1":"product","2":"type-product","3":"status-publish","4":"has-post-thumbnail","6":"product_brand-luxolar","7":"product_cat-lampen","8":"product_cat-nachtlichter","9":"pa_kod-producenta-lampka-nocna-927-l1-de","10":"pa_kolekcja-927-de","11":"pa_kolor-gelb","12":"pa_kolor-schwarz","13":"pa_liczba-punktow-swiatla-1-de","14":"pa_marka-luxolar","15":"pa_max-moc-pojed-zrodla-swiatla-60-de","16":"pa_rodzaj-gwintu-e27-de","17":"pa_zasilanie-netzwerk","18":"pa_zawiera-baterie-nein","20":"first","21":"instock","22":"purchasable","23":"product-type-simple"},"acf":[],"aioseo_notices":[],"_links":{"self":[{"href":"https:\/\/portallamp.invette.dev\/de\/wp-json\/wp\/v2\/product\/50966","targetHints":{"allow":["GET"]}}],"collection":[{"href":"https:\/\/portallamp.invette.dev\/de\/wp-json\/wp\/v2\/product"}],"about":[{"href":"https:\/\/portallamp.invette.dev\/de\/wp-json\/wp\/v2\/types\/product"}],"replies":[{"embeddable":true,"href":"https:\/\/portallamp.invette.dev\/de\/wp-json\/wp\/v2\/comments?post=50966"}],"wp:featuredmedia":[{"embeddable":true,"href":"https:\/\/portallamp.invette.dev\/de\/wp-json\/wp\/v2\/media\/19644"}],"wp:attachment":[{"href":"https:\/\/portallamp.invette.dev\/de\/wp-json\/wp\/v2\/media?parent=50966"}],"wp:term":[{"taxonomy":"product_brand","embeddable":true,"href":"https:\/\/portallamp.invette.dev\/de\/wp-json\/wp\/v2\/product_brand?post=50966"},{"taxonomy":"product_cat","embeddable":true,"href":"https:\/\/portallamp.invette.dev\/de\/wp-json\/wp\/v2\/product_cat?post=50966"},{"taxonomy":"product_tag","embeddable":true,"href":"https:\/\/portallamp.invette.dev\/de\/wp-json\/wp\/v2\/product_tag?post=50966"}],"curies":[{"name":"wp","href":"https:\/\/api.w.org\/{rel}","templated":true}]}}