{"id":51047,"date":"2025-07-03T17:05:59","date_gmt":"2025-07-03T15:05:59","guid":{"rendered":"https:\/\/portallamp.invette.dev\/produkt\/zarowka-ozdobna-led-e27-10w-filament-edison-4000k\/"},"modified":"2025-07-03T17:05:59","modified_gmt":"2025-07-03T15:05:59","slug":"zarowka-ozdobna-led-e27-10w-filament-edison-4000k","status":"publish","type":"product","link":"https:\/\/portallamp.invette.dev\/de\/produkt\/zarowka-ozdobna-led-e27-10w-filament-edison-4000k\/","title":{"rendered":"\u017bAR\u00d3WKA OZDOBNA LED E27 10W FILAMENT Edison 4000K"},"content":{"rendered":"<h1>\u017bAR\u00d3WKA OZDOBNA LED E27 10W FILAMENT Edison 4000K Neutralna Bia\u0142a<\/h1>\n<p><img decoding=\"async\" src=\"https:\/\/a.allegroimg.com\/original\/11bdeb\/b3a9c0a743d3a64c73457a613b5b\" alt=\"Zdj\u0119cie produktu\" style=\"max-width:100%; height:auto; margin:10px 0;\"><\/p>\n<h2>Parametry techniczne:<\/h2>\n<ul>\n<li>rodzaj trzonka: <b>E27<\/b><\/li>\n<li>barwa \u015bwiat\u0142a:&nbsp;<b> neutralna bia\u0142a 4000K<\/b><\/li>\n<li>napi\u0119cie zasilania: <b>230V AC<\/b><\/li>\n<li>moc: <b>10W<\/b><\/li>\n<li>strumie\u0144 \u015bwietlny: <b>1000 lm<\/b><\/li>\n<li>odpowiednik tradycyjnej \u017car\u00f3wki: <b>90-100W<\/b><\/li>\n<li>k\u0105t \u015bwiecenia: <b>270\u00b0<\/b><\/li>\n<li>\u015brednica: <b>64mm<\/b><\/li>\n<li>wysoko\u015b\u0107: <b>140mm<\/b><\/li>\n<li>Wsp\u00f3\u0142czynnik oddawania barw CRI: <b>Ra &gt; 80<\/b><\/li>\n<li>Wsp\u00f3\u0142czynnik mocy: <b>&gt;0.5<\/b><\/li>\n<li>Skuteczno\u015b\u0107 \u015bwietlna:&nbsp;<b>115 lm\/W<\/b><\/li>\n<li>Nominalny okres trwa\u0142o\u015bci: <b>30<\/b><b>&nbsp;000h<\/b><\/li>\n<li><b>Producent: LUXOLAR<\/b><\/li>\n<\/ul>\n<p><b>Zgodnie z dyrektyw\u0105 UE 2019 \/ 2015 nast\u0105pi\u0142a zmiana oznacze\u0144 klas energetycznych stosowanych w \u017ar\u00f3d\u0142ach \u015bwiat\u0142a.<\/b><\/p>\n<p><b>W zwi\u0105zku z tym dotychczasowe klasy A++ A+ A zosta\u0142y zast\u0105pione klasami E, F, G<\/b><\/p>\n<p><b>Oferowana \u017car\u00f3wka posiada etykiet\u0119 energetyczn\u0105 dostosowan\u0105 do nowej dyrektywy.<\/b><\/p>\n","protected":false},"excerpt":{"rendered":"<p>\u017bAR\u00d3WKA OZDOBNA LED E27 10W FILAMENT Edison 4000K Neutralna Bia\u0142a Parametry techniczne: rodzaj trzonka: E27 barwa \u015bwiat\u0142a:&nbsp; neutralna bia\u0142a 4000K napi\u0119cie zasilania: 230V AC moc: 10W strumie\u0144 \u015bwietlny: 1000 lm odpowiednik tradycyjnej \u017car\u00f3wki: 90-100W k\u0105t \u015bwiecenia: 270\u00b0 \u015brednica: 64mm wysoko\u015b\u0107: 140mm Wsp\u00f3\u0142czynnik oddawania barw CRI: Ra &gt; 80 Wsp\u00f3\u0142czynnik mocy: &gt;0.5 Skuteczno\u015b\u0107 \u015bwietlna:&nbsp;115 lm\/W Nominalny [&hellip;]<\/p>\n","protected":false},"featured_media":18999,"comment_status":"closed","ping_status":"open","template":"","meta":{"_acf_changed":false},"product_brand":[162],"product_cat":[3730],"product_tag":[],"class_list":{"0":"post-51047","1":"product","2":"type-product","3":"status-publish","4":"has-post-thumbnail","6":"product_brand-luxolar","7":"product_cat-lichtquellen","8":"pa_barwa-neutralweis","9":"pa_jasnosc-1100-de","10":"pa_kat-wiercenia-270-de","11":"pa_klasa-efektywnosci-e-de","12":"pa_kod-producenta-787406-de","13":"pa_kolor-szkla-transparent-de","14":"pa_ksztalt-traditionelle-gluhbirne","15":"pa_marka-luxolar","16":"pa_min-liczba-cykli-wlaczen-25000-de","17":"pa_moc-10-de","18":"pa_napiecie-230v-de","19":"pa_rodzaj-led-de","20":"pa_rodzaj-gwintu-e27-de","21":"pa_stan-original-de","22":"pa_temperatura-barwowa-4000-de","23":"pa_trwalosc-30000-de","24":"pa_wskaznik-barw-81-de","25":"pa_zawiera-baterie-nein","26":"pa_zuzycie-energii-10-de","28":"first","29":"instock","30":"purchasable","31":"product-type-simple"},"acf":[],"aioseo_notices":[],"_links":{"self":[{"href":"https:\/\/portallamp.invette.dev\/de\/wp-json\/wp\/v2\/product\/51047","targetHints":{"allow":["GET"]}}],"collection":[{"href":"https:\/\/portallamp.invette.dev\/de\/wp-json\/wp\/v2\/product"}],"about":[{"href":"https:\/\/portallamp.invette.dev\/de\/wp-json\/wp\/v2\/types\/product"}],"replies":[{"embeddable":true,"href":"https:\/\/portallamp.invette.dev\/de\/wp-json\/wp\/v2\/comments?post=51047"}],"wp:featuredmedia":[{"embeddable":true,"href":"https:\/\/portallamp.invette.dev\/de\/wp-json\/wp\/v2\/media\/18999"}],"wp:attachment":[{"href":"https:\/\/portallamp.invette.dev\/de\/wp-json\/wp\/v2\/media?parent=51047"}],"wp:term":[{"taxonomy":"product_brand","embeddable":true,"href":"https:\/\/portallamp.invette.dev\/de\/wp-json\/wp\/v2\/product_brand?post=51047"},{"taxonomy":"product_cat","embeddable":true,"href":"https:\/\/portallamp.invette.dev\/de\/wp-json\/wp\/v2\/product_cat?post=51047"},{"taxonomy":"product_tag","embeddable":true,"href":"https:\/\/portallamp.invette.dev\/de\/wp-json\/wp\/v2\/product_tag?post=51047"}],"curies":[{"name":"wp","href":"https:\/\/api.w.org\/{rel}","templated":true}]}}