{"id":51050,"date":"2025-07-03T17:05:59","date_gmt":"2025-07-03T15:05:59","guid":{"rendered":"https:\/\/portallamp.invette.dev\/produkt\/zarowka-led-smd-e27-12w-1100lm-4000k-niemrugajaca\/"},"modified":"2025-07-03T17:05:59","modified_gmt":"2025-07-03T15:05:59","slug":"zarowka-led-smd-e27-12w-1100lm-4000k-niemrugajaca","status":"publish","type":"product","link":"https:\/\/portallamp.invette.dev\/de\/produkt\/zarowka-led-smd-e27-12w-1100lm-4000k-niemrugajaca\/","title":{"rendered":"\u017bAR\u00d3WKA LED SMD E27 12W 1100lm 4000K Niemrugaj\u0105ca"},"content":{"rendered":"<h1>\u017bar\u00f3wka LED E27 12W&nbsp; 1100lm &#8211; Neutralna Bia\u0142a 4000K<\/h1>\n<p><img decoding=\"async\" src=\"https:\/\/a.allegroimg.com\/original\/11a8fc\/52b89ff54e2ca1db832610edbe09\" alt=\"Zdj\u0119cie produktu\" style=\"max-width:100%; height:auto; margin:10px 0;\"><\/p>\n<h1>Parametry techniczne:<\/h1>\n<ul>\n<li>rodzaj trzonka: <b>E27<\/b><\/li>\n<li>\u017ar\u00f3d\u0142o \u015bwiat\u0142a:&nbsp; diody SMD<\/li>\n<li>barwa \u015bwiat\u0142a:&nbsp;<b> Neutralna Bia\u0142a 4000K<\/b><\/li>\n<li>napi\u0119cie zasilania: 230V~<\/li>\n<li>moc: <b>12W<\/b><\/li>\n<li>strumie\u0144 \u015bwietlny: Realne <b>1100<\/b><b>Lm<\/b><\/li>\n<li>odpowiednik tradycyjnej \u017car\u00f3wki: minimum&nbsp;<b>75W<\/b><\/li>\n<li>materia\u0142: plastik<\/li>\n<li>k\u0105t \u015bwiecenia: <b>360\u00b0<\/b><\/li>\n<li>\u015brednica: 60mm<\/li>\n<li>wysoko\u015b\u0107: 110mm<\/li>\n<li>Wsp\u00f3\u0142czynnik oddawania barw CRI: <b>Ra &gt; 80<\/b><\/li>\n<li><b>Producent: LUXOLAR<\/b><\/li>\n<\/ul>\n<p><b>Zgodnie z dyrektyw\u0105 UE 2019 \/ 2015 od 1 wrze\u015bnia 2021 nast\u0105pi\u0142a zmiana oznacze\u0144 klas energetycznych stosowanych w \u017ar\u00f3d\u0142ach \u015bwiat\u0142a.<\/b><\/p>\n<p><b>Stosowane przed 1 wrze\u015bnia klasy A++ A+ A zosta\u0142y zast\u0105pione klasami E, F, G<\/b><\/p>\n<p><b>Oferowana \u017car\u00f3wka posiada etykiet\u0119 energetyczn\u0105 dostosowan\u0105 do nowej dyrektywy.<\/b><\/p>\n","protected":false},"excerpt":{"rendered":"<p>\u017bar\u00f3wka LED E27 12W&nbsp; 1100lm &#8211; Neutralna Bia\u0142a 4000K Parametry techniczne: rodzaj trzonka: E27 \u017ar\u00f3d\u0142o \u015bwiat\u0142a:&nbsp; diody SMD barwa \u015bwiat\u0142a:&nbsp; Neutralna Bia\u0142a 4000K napi\u0119cie zasilania: 230V~ moc: 12W strumie\u0144 \u015bwietlny: Realne 1100Lm odpowiednik tradycyjnej \u017car\u00f3wki: minimum&nbsp;75W materia\u0142: plastik k\u0105t \u015bwiecenia: 360\u00b0 \u015brednica: 60mm wysoko\u015b\u0107: 110mm Wsp\u00f3\u0142czynnik oddawania barw CRI: Ra &gt; 80 Producent: LUXOLAR Zgodnie [&hellip;]<\/p>\n","protected":false},"featured_media":19002,"comment_status":"closed","ping_status":"open","template":"","meta":{"_acf_changed":false},"product_brand":[162],"product_cat":[3730],"product_tag":[],"class_list":{"0":"post-51050","1":"product","2":"type-product","3":"status-publish","4":"has-post-thumbnail","6":"product_brand-luxolar","7":"product_cat-lichtquellen","8":"pa_barwa-neutralweis","9":"pa_jasnosc-1100-de","10":"pa_kat-wiercenia-360-de","11":"pa_klasa-efektywnosci-f-de","12":"pa_kod-producenta-786298-de","13":"pa_kolor-szkla-milchprodukte","14":"pa_ksztalt-kugel","15":"pa_ksztalt-kugelformig","16":"pa_ksztalt-traditionelle-gluhbirne","17":"pa_marka-luxolar","18":"pa_min-liczba-cykli-wlaczen-25000-de","19":"pa_moc-12-de","20":"pa_napiecie-230v-de","21":"pa_rodzaj-led-de","22":"pa_rodzaj-gwintu-e27-de","23":"pa_stan-original-de","24":"pa_temperatura-barwowa-4000-de","25":"pa_trwalosc-30000-de","26":"pa_zawiera-baterie-nein","27":"pa_zuzycie-energii-12-de","29":"first","30":"instock","31":"purchasable","32":"product-type-simple"},"acf":[],"aioseo_notices":[],"_links":{"self":[{"href":"https:\/\/portallamp.invette.dev\/de\/wp-json\/wp\/v2\/product\/51050","targetHints":{"allow":["GET"]}}],"collection":[{"href":"https:\/\/portallamp.invette.dev\/de\/wp-json\/wp\/v2\/product"}],"about":[{"href":"https:\/\/portallamp.invette.dev\/de\/wp-json\/wp\/v2\/types\/product"}],"replies":[{"embeddable":true,"href":"https:\/\/portallamp.invette.dev\/de\/wp-json\/wp\/v2\/comments?post=51050"}],"wp:featuredmedia":[{"embeddable":true,"href":"https:\/\/portallamp.invette.dev\/de\/wp-json\/wp\/v2\/media\/19002"}],"wp:attachment":[{"href":"https:\/\/portallamp.invette.dev\/de\/wp-json\/wp\/v2\/media?parent=51050"}],"wp:term":[{"taxonomy":"product_brand","embeddable":true,"href":"https:\/\/portallamp.invette.dev\/de\/wp-json\/wp\/v2\/product_brand?post=51050"},{"taxonomy":"product_cat","embeddable":true,"href":"https:\/\/portallamp.invette.dev\/de\/wp-json\/wp\/v2\/product_cat?post=51050"},{"taxonomy":"product_tag","embeddable":true,"href":"https:\/\/portallamp.invette.dev\/de\/wp-json\/wp\/v2\/product_tag?post=51050"}],"curies":[{"name":"wp","href":"https:\/\/api.w.org\/{rel}","templated":true}]}}