{"id":51068,"date":"2025-07-03T17:05:59","date_gmt":"2025-07-03T15:05:59","guid":{"rendered":"https:\/\/portallamp.invette.dev\/produkt\/szklana-lampa-wiszaca-sufitowa-zyrandol-plafon-led-6\/"},"modified":"2025-07-03T17:05:59","modified_gmt":"2025-07-03T15:05:59","slug":"szklana-lampa-wiszaca-sufitowa-zyrandol-plafon-led-6","status":"publish","type":"product","link":"https:\/\/portallamp.invette.dev\/de\/produkt\/szklana-lampa-wiszaca-sufitowa-zyrandol-plafon-led-6\/","title":{"rendered":"SZKLANA LAMPA WISZ\u0104CA SUFITOWA \u017bYRANDOL PLAFON LED"},"content":{"rendered":"<h1>Designerska lampa wisz\u0105ca wyposa\u017cona w dwa szklane klosze w odcieniu metalicznym.<\/h1>\n<h2>\u015awietnie odnajdzie si\u0119 we wn\u0119trzach o charakterze nowoczesnym, loftowym, minimalistycznym czy skandynawskim.<\/h2>\n<p><img decoding=\"async\" src=\"https:\/\/a.allegroimg.com\/original\/1146a6\/363db95a4ea58dd8105eee489fbc\" alt=\"Zdj\u0119cie produktu\" style=\"max-width:100%; height:auto; margin:10px 0;\"><br \/>\n<img decoding=\"async\" src=\"https:\/\/a.allegroimg.com\/original\/11546d\/0c4aadde4f71b429567f9cfc6bdf\" alt=\"Zdj\u0119cie produktu\" style=\"max-width:100%; height:auto; margin:10px 0;\"><\/p>\n<h2>Konstrukcja lampy umo\u017cliwia korekt\u0119 wysoko\u015bci kloszy (przed zamontowaniem).<\/h2>\n<p>Klosze mog\u0105 by\u0107 umieszczone tu\u017c pod sufitem jak r\u00f3wnie\u017c nieco ni\u017cej, np. blatem czy sto\u0142em.<\/p>\n<p><img decoding=\"async\" src=\"https:\/\/a.allegroimg.com\/original\/1186a9\/b0032e6044c0b775f67bc6a91148\" alt=\"Zdj\u0119cie produktu\" style=\"max-width:100%; height:auto; margin:10px 0;\"><\/p>\n<p><b>Lampa w pe\u0142ni z\u0142o\u017cona &#8211; nie jest to zestaw do samodzielnego monta\u017cu &#8211; wyjmujesz z kartonu i wieszasz na suficie.<\/b><\/p>\n<p><b>Nie musisz traci\u0107 czasu na z\u0142o\u017cenie lampy od najmniejszej \u015brubki.<\/b><\/p>\n<p><b><\/b><\/p>\n<p><b>G\u0141\u00d3WNE CECHY LAMPY:<\/b><\/p>\n<p><b><\/b><\/p>\n<ul>\n<li>Materia\u0142 konstrukcji: Metal<\/li>\n<\/ul>\n<ul>\n<li>Kolor konstrukcji: Czarny matowy<\/li>\n<\/ul>\n<ul>\n<li>Materia\u0142 kloszy: szk\u0142o<\/li>\n<\/ul>\n<ul>\n<li>Odcie\u0144 kloszy: Aluminium z prze\u017aroczystym<\/li>\n<\/ul>\n<ul>\n<li>Nowoczesny Styl &#8211; &nbsp;\u0142atwo wkomponuje si\u0119 w uk\u0142ad mieszkania<\/li>\n<\/ul>\n<ul>\n<li>Korekta wysoko\u015bci (przed zamontowaniem)<\/li>\n<\/ul>\n<ul>\n<li>Idealna do mniejszego pokoju, kuchni czy jadalni<\/li>\n<\/ul>\n<ul>\n<li>Lampa obs\u0142uguje wszystkie \u017car\u00f3wki z gwintem typu&nbsp;<b>E27 do max 60 wat\u00f3w.<\/b><\/li>\n<\/ul>\n<ul>\n<li>Lampa z polskiej dystrybucji, wyprodukowana w Polsce &#8211; gwarantowany szybki dost\u0119p do serwisu i cz\u0119\u015bci zapasowych<\/li>\n<\/ul>\n<ul>\n<li>\u017byrandol pochodzi z szerszej rodziny lamp &#8211; bez problemu dokupisz do kompletu kinkiet czy lampk\u0119 nocn\u0105<\/li>\n<\/ul>\n<ul>\n<li><b>Wersja w pe\u0142ni z\u0142o\u017cona &#8211; nie jest to chi\u0144ski zestaw do samodzielnego monta\u017cu<\/b><\/li>\n<\/ul>\n<h2>Dane techniczne:<\/h2>\n<\/p>\n<ul>\n<li><b>Zasilanie:<\/b> ~230 [V] \/ bezpo\u015brednie z sieci, dwa niezale\u017cne obwody elektryczne, w\u0142\u0105czanie 1 + 1&nbsp; lub oba klosze jednocze\u015bnie<\/li>\n<li><b>\u0179r\u00f3d\u0142o \u015bwiat\u0142a:<\/b>&nbsp;E-27 &#8211; zalecane LED lub \u015bwietl\u00f3wki kompaktowe<\/li>\n<li><b>Spos\u00f3b monta\u017cu:<\/b>&nbsp;Dwa ko\u0142ki rozporowe<\/li>\n<li><b>IP 20, Klasa I<\/b><\/li>\n<li><b>Zestaw nie zawiera \u017car\u00f3wek oraz ko\u0142k\u00f3w rozporowych do monta\u017cu<\/b><\/li>\n<li><b>Producent:&nbsp;<\/b>LUXOLAR Polska<\/li>\n<\/ul>\n<p><img decoding=\"async\" src=\"https:\/\/a.allegroimg.com\/original\/1162e8\/3cc5594a411abf79de1385b08640\" alt=\"Zdj\u0119cie produktu\" style=\"max-width:100%; height:auto; margin:10px 0;\"><br \/>\n<img decoding=\"async\" src=\"https:\/\/a.allegroimg.com\/original\/11f057\/f0bf25b145b8b2b67188fc1a2a7d\" alt=\"Zdj\u0119cie produktu\" style=\"max-width:100%; height:auto; margin:10px 0;\"><br \/>\n<img decoding=\"async\" src=\"https:\/\/a.allegroimg.com\/original\/1192b6\/aa94051e4db4bd72ba12cdd3d968\" alt=\"Zdj\u0119cie produktu\" style=\"max-width:100%; height:auto; margin:10px 0;\"><br \/>\n<img decoding=\"async\" src=\"https:\/\/a.allegroimg.com\/original\/119bbf\/0c1fd6534b1b8117f2672a0c1a97\" alt=\"Zdj\u0119cie produktu\" style=\"max-width:100%; height:auto; margin:10px 0;\"><\/p>\n<h2>Zestaw zawiera:<\/h2>\n<ul>\n<li><b>Kompletn\u0105, z\u0142o\u017con\u0105 lamp\u0119&nbsp; (nie jest to chi\u0144skiej produkcji zestaw do samodzielnego monta\u017cu)<\/b><\/li>\n<li><b>Kostk\u0119 przy\u0142\u0105czeniow\u0105<\/b><\/li>\n<li><b>Instrukcj\u0119 obs\u0142ugi<\/b><\/li>\n<li><b>Dokument zakupu<\/b><\/li>\n<\/ul>\n<p><b>Zestaw nie zawiera \u017car\u00f3wek oraz ko\u0142k\u00f3w rozporowych&nbsp; (nale\u017cy dobra\u0107 odpowiednie do sufitu)<\/b><\/p>\n<h2>ZALECANE \u0179R\u00d3D\u0141A \u015aWIAT\u0141A:<\/h2>\n<\/p>\n<ul>\n<li>\u017bar\u00f3wki LED&nbsp; z gwintem typu E27<\/li>\n<li>Strumie\u0144 \u015bwietlny: 700 -1300 lm<\/li>\n<li>Moc pobierana z sieci: 6 -12 W<\/li>\n<li>Barwa: ciep\u0142a (3000K), Neutralna (4000K)&nbsp; lub zimna (6000K)<\/li>\n<\/ul>\n<p><b>\u017bar\u00f3wki nie wchodz\u0105 w sk\u0142ad zestawu<\/b><\/p>\n<p><img decoding=\"async\" src=\"https:\/\/a.allegroimg.com\/original\/1188c2\/18c31e404d029d690123cbcfaa25\" alt=\"Zdj\u0119cie produktu\" style=\"max-width:100%; height:auto; margin:10px 0;\"><br \/>\n<img decoding=\"async\" src=\"https:\/\/a.allegroimg.com\/original\/11387d\/7a96eb3d4edebdaffc86d1ab924f\" alt=\"Zdj\u0119cie produktu\" style=\"max-width:100%; height:auto; margin:10px 0;\"><br \/>\n<img decoding=\"async\" src=\"https:\/\/a.allegroimg.com\/original\/11546d\/0c4aadde4f71b429567f9cfc6bdf\" alt=\"Zdj\u0119cie produktu\" style=\"max-width:100%; height:auto; margin:10px 0;\"><br \/>\n<img decoding=\"async\" src=\"https:\/\/a.allegroimg.com\/original\/1146a6\/363db95a4ea58dd8105eee489fbc\" alt=\"Zdj\u0119cie produktu\" style=\"max-width:100%; height:auto; margin:10px 0;\"><br \/>\n<img decoding=\"async\" src=\"https:\/\/a.allegroimg.com\/original\/11a77d\/626a007d4d8890a4ed625682d37f\" alt=\"Zdj\u0119cie produktu\" style=\"max-width:100%; height:auto; margin:10px 0;\"><\/p>\n","protected":false},"excerpt":{"rendered":"<p>Designerska lampa wisz\u0105ca wyposa\u017cona w dwa szklane klosze w odcieniu metalicznym. \u015awietnie odnajdzie si\u0119 we wn\u0119trzach o charakterze nowoczesnym, loftowym, minimalistycznym czy skandynawskim. Konstrukcja lampy umo\u017cliwia korekt\u0119 wysoko\u015bci kloszy (przed zamontowaniem). Klosze mog\u0105 by\u0107 umieszczone tu\u017c pod sufitem jak r\u00f3wnie\u017c nieco ni\u017cej, np. blatem czy sto\u0142em. Lampa w pe\u0142ni z\u0142o\u017cona &#8211; nie jest to zestaw [&hellip;]<\/p>\n","protected":false},"featured_media":19122,"comment_status":"closed","ping_status":"open","template":"","meta":{"_acf_changed":false},"product_brand":[270],"product_cat":[2593,2674],"product_tag":[],"class_list":{"0":"post-51068","1":"product","2":"type-product","3":"status-publish","4":"has-post-thumbnail","6":"product_brand-luxolar-light-factory","7":"product_cat-lampen","8":"product_cat-hangelampen","9":"pa_klasa-efektywnosci-a-de","10":"pa_kod-producenta-lampa-wiszaca-923-bz2-de","11":"pa_kolekcja-glass-aluminium-de","12":"pa_kolor-andere-farbe","13":"pa_kolor-farblos","14":"pa_kolor-grau","15":"pa_kolor-schwarz","16":"pa_kolor-silber","17":"pa_liczba-punktow-swiatla-2-de","18":"pa_marka-luxolar-light-factory","19":"pa_material-dominujacy-glas","20":"pa_max-moc-pojed-zrodla-swiatla-60-de","21":"pa_pomieszczenie-buro","22":"pa_pomieszczenie-esszimmer","23":"pa_pomieszczenie-flur-treppe","24":"pa_pomieszczenie-kinderzimmer","25":"pa_pomieszczenie-kuche","26":"pa_pomieszczenie-salon-de","27":"pa_pomieszczenie-schlafzimmer","28":"pa_pomieszczenie-universell","29":"pa_rodzaj-gwintu-e27-de","30":"pa_rodzaj-lampy-deckenleuchten-hangeleuchten","31":"pa_zasilanie-netzwerk","32":"pa_zawiera-baterie-nein","33":"pa_zrodlo-swiatla-ohne-lichtquelle","35":"first","36":"instock","37":"purchasable","38":"product-type-simple"},"acf":[],"aioseo_notices":[],"_links":{"self":[{"href":"https:\/\/portallamp.invette.dev\/de\/wp-json\/wp\/v2\/product\/51068","targetHints":{"allow":["GET"]}}],"collection":[{"href":"https:\/\/portallamp.invette.dev\/de\/wp-json\/wp\/v2\/product"}],"about":[{"href":"https:\/\/portallamp.invette.dev\/de\/wp-json\/wp\/v2\/types\/product"}],"replies":[{"embeddable":true,"href":"https:\/\/portallamp.invette.dev\/de\/wp-json\/wp\/v2\/comments?post=51068"}],"wp:featuredmedia":[{"embeddable":true,"href":"https:\/\/portallamp.invette.dev\/de\/wp-json\/wp\/v2\/media\/19122"}],"wp:attachment":[{"href":"https:\/\/portallamp.invette.dev\/de\/wp-json\/wp\/v2\/media?parent=51068"}],"wp:term":[{"taxonomy":"product_brand","embeddable":true,"href":"https:\/\/portallamp.invette.dev\/de\/wp-json\/wp\/v2\/product_brand?post=51068"},{"taxonomy":"product_cat","embeddable":true,"href":"https:\/\/portallamp.invette.dev\/de\/wp-json\/wp\/v2\/product_cat?post=51068"},{"taxonomy":"product_tag","embeddable":true,"href":"https:\/\/portallamp.invette.dev\/de\/wp-json\/wp\/v2\/product_tag?post=51068"}],"curies":[{"name":"wp","href":"https:\/\/api.w.org\/{rel}","templated":true}]}}