{"id":51083,"date":"2025-07-03T17:05:59","date_gmt":"2025-07-03T15:05:59","guid":{"rendered":"https:\/\/portallamp.invette.dev\/produkt\/klosz-szklany-do-lamp-zyrandola-kinkietu-e27-923\/"},"modified":"2025-07-03T17:05:59","modified_gmt":"2025-07-03T15:05:59","slug":"klosz-szklany-do-lamp-zyrandola-kinkietu-e27-923","status":"publish","type":"product","link":"https:\/\/portallamp.invette.dev\/de\/produkt\/klosz-szklany-do-lamp-zyrandola-kinkietu-e27-923\/","title":{"rendered":"Klosz szklany do lamp \u017cyrandola kinkietu E27 923"},"content":{"rendered":"<h1>Przedmiot sprzeda\u017cy: <\/h1>\n<h2>Nowy, szklany klosz stosowany w lampach, kinkietach, \u017cyrandolach z gwintem typu E27.<\/h2>\n<p>Szeroko stosowany w serii lamp nr 923 firmy LUXOLAR<\/p>\n<p><img decoding=\"async\" src=\"https:\/\/a.allegroimg.com\/original\/11f776\/7b3121f244cf8341b988a59f2a99\" alt=\"Zdj\u0119cie produktu\" style=\"max-width:100%; height:auto; margin:10px 0;\"><\/p>\n<h1>Opis klosza:<\/h1>\n<ul>\n<li><b>materia\u0142:&nbsp;<\/b>szk\u0142o o grubo\u015bci 1,5mm<\/li>\n<li><b>kolor:&nbsp;<\/b>aluminium + prze\u017aroczyste pasy<\/li>\n<li><b>kszta\u0142t:&nbsp;<\/b>graniastos\u0142up prosty z zaokr\u0105glonymi naro\u017cami<\/li>\n<li><b>obs\u0142ugiwane \u017car\u00f3wki:&nbsp;<\/b>E27 do max 60W<\/li>\n<li><b>\u015brednica otworu pod oprawk\u0119:<\/b>&nbsp;42 mm<\/li>\n<li><b>wymiary:<\/b>&nbsp;wysoko\u015b\u0107 120 mm &#8211;&nbsp; podstawa: 100 x 100&nbsp; mm<\/li>\n<li><b>waga:<\/b>&nbsp;190g<\/li>\n<\/ul>\n<p><img decoding=\"async\" src=\"https:\/\/a.allegroimg.com\/original\/114ea1\/bf6b950a44f9a38c35fd93a77088\" alt=\"Zdj\u0119cie produktu\" style=\"max-width:100%; height:auto; margin:10px 0;\"><br \/>\n<img decoding=\"async\" src=\"https:\/\/a.allegroimg.com\/original\/115a7a\/798663fd4c18b0131a2eb5f59deb\" alt=\"Zdj\u0119cie produktu\" style=\"max-width:100%; height:auto; margin:10px 0;\"><\/p>\n<h1>Przyk\u0142ady zastosowania:<\/h1>\n<p>(lampy pokazane na zdj\u0119ciach nie s\u0105 przedmiotem sprzeda\u017cy &#8211; s\u0142u\u017c\u0105 wy\u0142\u0105cznie do wizualizacji zastosowania)<\/p>\n<ul>\n<li>W lampach wisz\u0105cych<\/li>\n<li>W plafonach, \u017cyrandolach<\/li>\n<li>Kinkietach<\/li>\n<li>Lampkach nocnych<\/li>\n<\/ul>\n<p><img decoding=\"async\" src=\"https:\/\/a.allegroimg.com\/original\/11c57d\/feaefda54fc298914a432e6467d3\" alt=\"Zdj\u0119cie produktu\" style=\"max-width:100%; height:auto; margin:10px 0;\"><\/p>\n","protected":false},"excerpt":{"rendered":"<p>Przedmiot sprzeda\u017cy: Nowy, szklany klosz stosowany w lampach, kinkietach, \u017cyrandolach z gwintem typu E27. Szeroko stosowany w serii lamp nr 923 firmy LUXOLAR Opis klosza: materia\u0142:&nbsp;szk\u0142o o grubo\u015bci 1,5mm kolor:&nbsp;aluminium + prze\u017aroczyste pasy kszta\u0142t:&nbsp;graniastos\u0142up prosty z zaokr\u0105glonymi naro\u017cami obs\u0142ugiwane \u017car\u00f3wki:&nbsp;E27 do max 60W \u015brednica otworu pod oprawk\u0119:&nbsp;42 mm wymiary:&nbsp;wysoko\u015b\u0107 120 mm &#8211;&nbsp; podstawa: 100 x [&hellip;]<\/p>\n","protected":false},"featured_media":19221,"comment_status":"closed","ping_status":"open","template":"","meta":{"_acf_changed":false},"product_brand":[162],"product_cat":[3121],"product_tag":[],"class_list":{"0":"post-51083","1":"product","2":"type-product","3":"status-publish","4":"has-post-thumbnail","6":"product_brand-luxolar","7":"product_cat-lampenschirme-und-lampenabdeckungen","8":"pa_gwint-e27-de","9":"pa_kod-producenta-klosz-923-de","10":"pa_kolor-farblos","11":"pa_kolor-silber","12":"pa_marka-luxolar","13":"pa_material-wykonania-glas","14":"pa_mocowanie-fur-alle-befestigungen","15":"pa_rodzaj-lampenglocke","17":"first","18":"instock","19":"purchasable","20":"product-type-simple"},"acf":[],"aioseo_notices":[],"_links":{"self":[{"href":"https:\/\/portallamp.invette.dev\/de\/wp-json\/wp\/v2\/product\/51083","targetHints":{"allow":["GET"]}}],"collection":[{"href":"https:\/\/portallamp.invette.dev\/de\/wp-json\/wp\/v2\/product"}],"about":[{"href":"https:\/\/portallamp.invette.dev\/de\/wp-json\/wp\/v2\/types\/product"}],"replies":[{"embeddable":true,"href":"https:\/\/portallamp.invette.dev\/de\/wp-json\/wp\/v2\/comments?post=51083"}],"wp:featuredmedia":[{"embeddable":true,"href":"https:\/\/portallamp.invette.dev\/de\/wp-json\/wp\/v2\/media\/19221"}],"wp:attachment":[{"href":"https:\/\/portallamp.invette.dev\/de\/wp-json\/wp\/v2\/media?parent=51083"}],"wp:term":[{"taxonomy":"product_brand","embeddable":true,"href":"https:\/\/portallamp.invette.dev\/de\/wp-json\/wp\/v2\/product_brand?post=51083"},{"taxonomy":"product_cat","embeddable":true,"href":"https:\/\/portallamp.invette.dev\/de\/wp-json\/wp\/v2\/product_cat?post=51083"},{"taxonomy":"product_tag","embeddable":true,"href":"https:\/\/portallamp.invette.dev\/de\/wp-json\/wp\/v2\/product_tag?post=51083"}],"curies":[{"name":"wp","href":"https:\/\/api.w.org\/{rel}","templated":true}]}}