{"id":51152,"date":"2025-07-03T16:54:19","date_gmt":"2025-07-03T14:54:19","guid":{"rendered":"https:\/\/portallamp.invette.dev\/produkt\/kinkiet-lampa-scienna-kula-grafit-transparent-led\/"},"modified":"2025-07-03T16:54:19","modified_gmt":"2025-07-03T14:54:19","slug":"kinkiet-lampa-scienna-kula-grafit-transparent-led","status":"publish","type":"product","link":"https:\/\/portallamp.invette.dev\/de\/produkt\/kinkiet-lampa-scienna-kula-grafit-transparent-led\/","title":{"rendered":"Kinkiet Lampa \u015acienna Kula Grafit Transparent LED"},"content":{"rendered":"<h1>Kinkiet &#8211; Lampa \u015acienna wyposa\u017cona w szklany klosz w kszta\u0142cie kuli w kolorze Grafitowo &#8211; Transparentnym.<\/h1>\n<p>Wersja z wbudowanym w\u0142\u0105cznikiem \u0142a\u0144cuszkowym<\/p>\n<h2>\u015awietnie odnajdzie si\u0119 we wn\u0119trzach o charakterze nowoczesnym, minimalistycznym czy skandynawskim.<\/h2>\n<p><img decoding=\"async\" src=\"https:\/\/a.allegroimg.com\/original\/11fb17\/e6bff91d49b3a25a522c5d7d075f\" alt=\"Zdj\u0119cie produktu\" style=\"max-width:100%; height:auto; margin:10px 0;\"><\/p>\n<h2>Czarna konstrukcja lampy po\u0142\u0105czona ze szklanym kloszem w bardzo modnym kolorze to \u015bwietne po\u0142\u0105czenie w nowoczesnych wn\u0119trzach.<\/h2>\n<p><img decoding=\"async\" src=\"https:\/\/a.allegroimg.com\/original\/11a0c3\/d60b6eaf4647bc99d5e53accfa5e\" alt=\"Zdj\u0119cie produktu\" style=\"max-width:100%; height:auto; margin:10px 0;\"><\/p>\n<p><b>Kinkiet w pe\u0142ni z\u0142o\u017cony &#8211; nie jest to zestaw do samodzielnego monta\u017cu.<\/b><\/p>\n<p><b>Kupuj\u0105c u nas nie musisz sk\u0142ada\u0107 lampy w ca\u0142o\u015b\u0107 od najmniejszej \u015brubki. Otrzymasz gotowy do zamontowania produkt.<\/b><\/p>\n<p><b><\/b><\/p>\n<p><b>G\u0141\u00d3WNE CECHY LAMPY:<\/b><\/p>\n<p><b><\/b><\/p>\n<ul>\n<li>Kolor konstrukcji: Czarny matowy &#8211; drobna struktura<\/li>\n<\/ul>\n<ul>\n<li>Materia\u0142 konstrukcji: Metal<\/li>\n<\/ul>\n<ul>\n<li>Materia\u0142 klosza: Szk\u0142o w kolorze Grafitowo &#8211; Transparentnym<\/li>\n<\/ul>\n<ul>\n<li>Klosz przepuszcza \u015bwiat\u0142o: w dolnej cz\u0119\u015bci jest transparentny<\/li>\n<\/ul>\n<ul>\n<li>\u015arednica klosza: 15 cm<\/li>\n<\/ul>\n<ul>\n<li>Nowoczesny Styl &#8211; &nbsp;\u0142atwo wkomponuje si\u0119 w uk\u0142ad mieszkania<\/li>\n<\/ul>\n<ul>\n<li>Lampa obs\u0142uguje wszystkie \u017car\u00f3wki z gwintem typu&nbsp;<b>E27 do max 60 wat\u00f3w.<\/b><\/li>\n<\/ul>\n<ul>\n<li>Przeznaczony jako o\u015bwietlenie uzupe\u0142niaj\u0105ce, dekoracyjne do pomieszcze\u0144 wewn\u0105trz domu z wy\u0142\u0105czeniem \u0142azienki lub miejsc o zwi\u0119kszonej wilgotno\u015bci.<\/li>\n<\/ul>\n<ul>\n<li>Lampa z polskiej dystrybucji, wyprodukowana w Polsce &#8211; gwarantowany szybki dost\u0119p do serwisu i cz\u0119\u015bci zapasowych<\/li>\n<\/ul>\n<ul>\n<li>Kinkiet pochodzi z szerszej rodziny lamp&nbsp; &#8211; bez problemu dokupisz do kompletu \u017cyrandol czy lampk\u0119 nocn\u0105<\/li>\n<\/ul>\n<ul>\n<li><b>Wersja w pe\u0142ni z\u0142o\u017cona &#8211; nie jest to chi\u0144ski zestaw do samodzielnego monta\u017cu<\/b><\/li>\n<\/ul>\n<h2>Wymiary:<\/h2>\n<p><img decoding=\"async\" src=\"https:\/\/a.allegroimg.com\/original\/116cd9\/5f1c28b848de9783e9e208d6df4a\" alt=\"Zdj\u0119cie produktu\" style=\"max-width:100%; height:auto; margin:10px 0;\"><\/p>\n<h2>Opis klosza:<\/h2>\n<ul>\n<li><b>materia\u0142:&nbsp;<\/b>szk\u0142o o grubo\u015bci 1,8 mm<\/li>\n<li><b>wysoko\u015b\u0107:<\/b> 13cm<\/li>\n<li><b>\u015brednica:<\/b> 15cm<\/li>\n<li><b>odcie\u0144:<\/b> grafit przechodz\u0105cy w transparentny<\/li>\n<li><b>obs\u0142ugiwane \u017car\u00f3wki:&nbsp;<\/b>z gwintem E27&nbsp; &#8211; oprawka z pier\u015bcieniem dociskowym&nbsp;<b>(\u0142atwo zdejmiesz klosz do umycia)<\/b><\/li>\n<li><b>\u015brednica otworu pod oprawk\u0119:<\/b>&nbsp;42 mm<\/li>\n<li><b>waga:<\/b>&nbsp;190g<\/li>\n<\/ul>\n<p><img decoding=\"async\" src=\"https:\/\/a.allegroimg.com\/original\/1127f3\/c3231d55447c9aec22897322bc5a\" alt=\"Zdj\u0119cie produktu\" style=\"max-width:100%; height:auto; margin:10px 0;\"><\/p>\n<h2>Dane techniczne:<\/h2>\n<ul>\n<li><b>Zasilanie:<\/b> ~230 [V] \/ bezpo\u015brednie z sieci &#8211; wersja z wbudowanym w\u0142\u0105cznikiem \u0142a\u0144cuszkowym<\/li>\n<li><b>\u0179r\u00f3d\u0142o \u015bwiat\u0142a:<\/b>&nbsp;E-27 &#8211; zalecane LED lub \u015bwietl\u00f3wki kompaktowe<\/li>\n<li><b>Spos\u00f3b monta\u017cu:<\/b>&nbsp;Dwa ko\u0142ki rozporowe<\/li>\n<li><b>IP 20, Klasa I<\/b><\/li>\n<li><b>Producent:&nbsp;<\/b>LUXOLAR Polska<\/li>\n<\/ul>\n<p><img decoding=\"async\" src=\"https:\/\/a.allegroimg.com\/original\/11cf84\/dae7a19b4a8194914ef7c7fc2dd7\" alt=\"Zdj\u0119cie produktu\" style=\"max-width:100%; height:auto; margin:10px 0;\"><\/p>\n<h2>Zalecane \u017ar\u00f3d\u0142a \u015bwiat\u0142a:<\/h2>\n<\/p>\n<ul>\n<li>\u017bar\u00f3wki LED z diodami SMD lub filament<\/li>\n<li>Strumie\u0144 \u015bwietlny: 900 -1300 lm<\/li>\n<li><b>Gwint E27<\/b><\/li>\n<li>Moc pobierana z sieci: 6 -12 W<\/li>\n<li>Barwa: ciep\u0142a lub bia\u0142a<\/li>\n<\/ul>\n<p><b>Tradycyjny kszta\u0142t w po\u0142\u0105czeniu z nowoczesnymi diodami SMD lub Filament<\/b><\/p>\n<p><img decoding=\"async\" src=\"https:\/\/a.allegroimg.com\/original\/11cf7e\/903dc2c749dd8201b6690673f793\" alt=\"Zdj\u0119cie produktu\" style=\"max-width:100%; height:auto; margin:10px 0;\"><\/p>\n<h2>Zestaw zawiera:<\/h2>\n<ul>\n<li><b>Kompletny, z\u0142o\u017cony kinkiet<\/b><\/li>\n<li><b>Kostk\u0119 przy\u0142\u0105czeniow\u0105<\/b><\/li>\n<li><b>Instrukcj\u0119 obs\u0142ugi<\/b><\/li>\n<li><b>Dokument zakupu<\/b><\/li>\n<\/ul>\n<p><b>Zestaw nie zawiera \u017car\u00f3wki oraz ko\u0142k\u00f3w (nale\u017cy dobra\u0107 odpowiednie do rodzaju \u015bciany)<\/b><\/p>\n<p><img decoding=\"async\" src=\"https:\/\/a.allegroimg.com\/original\/11fb17\/e6bff91d49b3a25a522c5d7d075f\" alt=\"Zdj\u0119cie produktu\" style=\"max-width:100%; height:auto; margin:10px 0;\"><br \/>\n<img decoding=\"async\" src=\"https:\/\/a.allegroimg.com\/original\/11a77d\/626a007d4d8890a4ed625682d37f\" alt=\"Zdj\u0119cie produktu\" style=\"max-width:100%; height:auto; margin:10px 0;\"><\/p>\n","protected":false},"excerpt":{"rendered":"<p>Kinkiet &#8211; Lampa \u015acienna wyposa\u017cona w szklany klosz w kszta\u0142cie kuli w kolorze Grafitowo &#8211; Transparentnym. Wersja z wbudowanym w\u0142\u0105cznikiem \u0142a\u0144cuszkowym \u015awietnie odnajdzie si\u0119 we wn\u0119trzach o charakterze nowoczesnym, minimalistycznym czy skandynawskim. Czarna konstrukcja lampy po\u0142\u0105czona ze szklanym kloszem w bardzo modnym kolorze to \u015bwietne po\u0142\u0105czenie w nowoczesnych wn\u0119trzach. Kinkiet w pe\u0142ni z\u0142o\u017cony &#8211; nie [&hellip;]<\/p>\n","protected":false},"featured_media":15891,"comment_status":"closed","ping_status":"open","template":"","meta":{"_acf_changed":false},"product_brand":[162],"product_cat":[2593,7371],"product_tag":[],"class_list":{"0":"post-51152","1":"product","2":"type-product","3":"status-publish","4":"has-post-thumbnail","6":"product_brand-luxolar","7":"product_cat-lampen","8":"product_cat-wandleuchten","9":"pa_kod-producenta-841-kw1gt-de","10":"pa_kolekcja-841-de","11":"pa_kolor-andere-farbe","12":"pa_kolor-farblos","13":"pa_kolor-grau","14":"pa_kolor-schwarz","15":"pa_kolor-silber","16":"pa_liczba-punktow-swiatla-1-de","17":"pa_marka-luxolar","18":"pa_material-dominujacy-glas","19":"pa_max-moc-pojed-zrodla-swiatla-60-de","20":"pa_rodzaj-gwintu-e27-de","21":"pa_zawiera-baterie-nein","22":"pa_zrodlo-swiatla-ohne-lichtquelle","24":"first","25":"instock","26":"purchasable","27":"product-type-simple"},"acf":[],"aioseo_notices":[],"_links":{"self":[{"href":"https:\/\/portallamp.invette.dev\/de\/wp-json\/wp\/v2\/product\/51152","targetHints":{"allow":["GET"]}}],"collection":[{"href":"https:\/\/portallamp.invette.dev\/de\/wp-json\/wp\/v2\/product"}],"about":[{"href":"https:\/\/portallamp.invette.dev\/de\/wp-json\/wp\/v2\/types\/product"}],"replies":[{"embeddable":true,"href":"https:\/\/portallamp.invette.dev\/de\/wp-json\/wp\/v2\/comments?post=51152"}],"wp:featuredmedia":[{"embeddable":true,"href":"https:\/\/portallamp.invette.dev\/de\/wp-json\/wp\/v2\/media\/15891"}],"wp:attachment":[{"href":"https:\/\/portallamp.invette.dev\/de\/wp-json\/wp\/v2\/media?parent=51152"}],"wp:term":[{"taxonomy":"product_brand","embeddable":true,"href":"https:\/\/portallamp.invette.dev\/de\/wp-json\/wp\/v2\/product_brand?post=51152"},{"taxonomy":"product_cat","embeddable":true,"href":"https:\/\/portallamp.invette.dev\/de\/wp-json\/wp\/v2\/product_cat?post=51152"},{"taxonomy":"product_tag","embeddable":true,"href":"https:\/\/portallamp.invette.dev\/de\/wp-json\/wp\/v2\/product_tag?post=51152"}],"curies":[{"name":"wp","href":"https:\/\/api.w.org\/{rel}","templated":true}]}}