{"id":51332,"date":"2025-07-03T16:49:09","date_gmt":"2025-07-03T14:49:09","guid":{"rendered":"https:\/\/portallamp.invette.dev\/produkt\/lampa-wiszaca-zyrandol-plafon-klosz-miod-led\/"},"modified":"2025-07-03T16:49:09","modified_gmt":"2025-07-03T14:49:09","slug":"lampa-wiszaca-zyrandol-plafon-klosz-miod-led","status":"publish","type":"product","link":"https:\/\/portallamp.invette.dev\/de\/produkt\/lampa-wiszaca-zyrandol-plafon-klosz-miod-led\/","title":{"rendered":"Lampa Wisz\u0105ca \u017byrandol Plafon Klosz Mi\u00f3d LED"},"content":{"rendered":"<h1>Nowoczesna lampa wisz\u0105ca \u017cyrandol wyposa\u017cona w szklany klosz wykonana z najwy\u017csz\u0105 dba\u0142o\u015bci\u0105 o szczeg\u00f3\u0142y i detale.<\/h1>\n<p><img decoding=\"async\" src=\"https:\/\/a.allegroimg.com\/original\/11f2aa\/1504ca9046d5a26cc6eff8c348c8\" alt=\"Zdj\u0119cie produktu\" style=\"max-width:100%; height:auto; margin:10px 0;\"><\/p>\n<h2>Czarna konstrukcja lampy po\u0142\u0105czona ze szklanym kloszem o ciekawym kszta\u0142cie i w bardzo modnym kolorze to \u015bwietne po\u0142\u0105czenie w nowoczesnych wn\u0119trzach.<\/h2>\n<p><img decoding=\"async\" src=\"https:\/\/a.allegroimg.com\/original\/11854f\/6979fb284fdc8182c4f7a6d7e52d\" alt=\"Zdj\u0119cie produktu\" style=\"max-width:100%; height:auto; margin:10px 0;\"><\/p>\n<p>ZASTOSOWANIE:<\/p>\n<\/p>\n<p>O\u015bwietlenie sto\u0142u, blatu<\/p>\n<p>Do kuchni nad wysp\u0119<\/p>\n<p>W zespole kilku identycznych sztuk tworzy zbi\u00f3r lamp o\u015bwietlaj\u0105cy wi\u0119ksze pomieszczenia<\/p>\n<p>Stosowana pojedynczo do mniejszych pomieszcze\u0144 (przedpok\u00f3j, korytarz, schody)<\/p>\n<h2>Konstrukcja lampy umo\u017cliwia korekt\u0119 wysoko\u015bci klosza (przed zamontowaniem).<\/h2>\n<p>Klosz mo\u017ce by\u0107 umieszczony tu\u017c pod sufitem jak r\u00f3wnie\u017c nieco ni\u017cej, np. blatem czy sto\u0142em.<\/p>\n<p><img decoding=\"async\" src=\"https:\/\/a.allegroimg.com\/original\/112605\/369930ad46a5be30c05c54cd8d03\" alt=\"Zdj\u0119cie produktu\" style=\"max-width:100%; height:auto; margin:10px 0;\"><\/p>\n<p><b>Lampa w pe\u0142ni z\u0142o\u017cona &#8211; nie jest to zestaw do samodzielnego monta\u017cu &#8211; wyjmujesz z kartonu i wieszasz na suficie.<\/b><\/p>\n<p><b>Nie musisz traci\u0107 czasu na z\u0142o\u017cenie lampy od najmniejszej \u015brubki.<\/b><\/p>\n<p><b><\/b><\/p>\n<p><b>G\u0141\u00d3WNE CECHY LAMPY:<\/b><\/p>\n<p><b><\/b><\/p>\n<ul>\n<li>Materia\u0142 konstrukcji: Metal<\/li>\n<\/ul>\n<ul>\n<li>Kolor konstrukcji: Czarny &#8211; drobna struktura<\/li>\n<\/ul>\n<ul>\n<li>Materia\u0142 klosza: Szk\u0142o w kolorze Miodowym<\/li>\n<\/ul>\n<ul>\n<li>\u015arednica klosza: 15 cm<\/li>\n<\/ul>\n<ul>\n<li>Wysoko\u015b\u0107 klosza: 17 cm<\/li>\n<\/ul>\n<ul>\n<li>Nowoczesny Styl &#8211; &nbsp;\u0142atwo wkomponuje si\u0119 w uk\u0142ad mieszkania<\/li>\n<\/ul>\n<ul>\n<li>Korekta wysoko\u015bci klosza (przed zamontowaniem)<\/li>\n<\/ul>\n<ul>\n<li>Szerokie zastosowanie:&nbsp;<b>sto\u0142y, wyspy, blaty, korytarze, kuchnie<\/b><\/li>\n<\/ul>\n<ul>\n<li>Lampa obs\u0142uguje wszystkie \u017car\u00f3wki z gwintem typu&nbsp;<b>E27 do max 60 wat\u00f3w.<\/b><\/li>\n<\/ul>\n<ul>\n<li>Lampa z polskiej dystrybucji, wyprodukowana w Polsce &#8211; gwarantowany szybki dost\u0119p do serwisu i cz\u0119\u015bci zapasowych<\/li>\n<\/ul>\n<ul>\n<li>\u017byrandol pochodzi z szerszej rodziny lamp szklanych&nbsp; &#8211; bez problemu dokupisz do kompletu lamp\u0119 wisz\u0105c\u0105 czy kinkiet<\/li>\n<\/ul>\n<ul>\n<li><b>Wersja w pe\u0142ni z\u0142o\u017cona &#8211; nie jest to chi\u0144ski zestaw do samodzielnego monta\u017cu<\/b><\/li>\n<\/ul>\n<h2>Wymiary:<\/h2>\n<p><img decoding=\"async\" src=\"https:\/\/a.allegroimg.com\/original\/11bfa2\/03537dfd46cab6ec2aa6a7a3cace\" alt=\"Zdj\u0119cie produktu\" style=\"max-width:100%; height:auto; margin:10px 0;\"><\/p>\n<h2>Opis klosza:<\/h2>\n<ul>\n<li><b>materia\u0142: <\/b>szk\u0142o o grubo\u015bci 1,5 mm<\/li>\n<li><b>wysoko\u015b\u0107:<\/b> 17cm<\/li>\n<li><b>\u015brednica:<\/b> 15cm<\/li>\n<li><b>odcie\u0144:<\/b> miodowy<\/li>\n<li><b>obs\u0142ugiwane \u017car\u00f3wki:&nbsp;<\/b>z gwintem E27&nbsp; &#8211; oprawka z pier\u015bcieniem dociskowym&nbsp;<b>(\u0142atwo zdejmiesz klosz do umycia)<\/b><\/li>\n<li><b>\u015brednica otworu pod oprawk\u0119:<\/b>&nbsp;42 mm<\/li>\n<li><b>waga:<\/b> 150g<\/li>\n<\/ul>\n<p><img decoding=\"async\" src=\"https:\/\/a.allegroimg.com\/original\/11831a\/f2eb6db448c9a05927a061269b26\" alt=\"Zdj\u0119cie produktu\" style=\"max-width:100%; height:auto; margin:10px 0;\"><br \/>\n<img decoding=\"async\" src=\"https:\/\/a.allegroimg.com\/original\/1136b9\/9067003f43259127c70939878c4b\" alt=\"Zdj\u0119cie produktu\" style=\"max-width:100%; height:auto; margin:10px 0;\"><\/p>\n<h2>Zestaw zawiera:<\/h2>\n<ul>\n<li><b>Kompletn\u0105, z\u0142o\u017con\u0105 lamp\u0119 wraz z kloszem (nie jest to chi\u0144skiej produkcji zestaw do samodzielnego monta\u017cu)<\/b><\/li>\n<li><b>Kostk\u0119 przy\u0142\u0105czeniow\u0105<\/b><\/li>\n<li><b>Instrukcj\u0119 obs\u0142ugi<\/b><\/li>\n<li><b>Dokument zakupu<\/b><\/li>\n<\/ul>\n<p><b>Zestaw nie zawiera \u017car\u00f3wki ani ko\u0142k\u00f3w rozporowych&nbsp; (nale\u017cy dobra\u0107 odpowiednie do sufitu)<\/b><\/p>\n<p><img decoding=\"async\" src=\"https:\/\/a.allegroimg.com\/original\/11b4c8\/6d5cd2c74ed1ae8526fea5287b10\" alt=\"Zdj\u0119cie produktu\" style=\"max-width:100%; height:auto; margin:10px 0;\"><\/p>\n<h2>Zalecane \u017ar\u00f3d\u0142a \u015bwiat\u0142a:<\/h2>\n<\/p>\n<ul>\n<li>\u017bar\u00f3wki LED z diodami SMD lub filament<\/li>\n<li>Strumie\u0144 \u015bwietlny: 900 -1300 lm<\/li>\n<li><b>Gwint E27<\/b><\/li>\n<li>Moc pobierana z sieci: 6 -12 W<\/li>\n<li>Barwa: ciep\u0142a lub bia\u0142a<\/li>\n<\/ul>\n<p><b>Tradycyjny kszta\u0142t w po\u0142\u0105czeniu z nowoczesnymi diodami SMD lub Filament<\/b><\/p>\n<p><img decoding=\"async\" src=\"https:\/\/a.allegroimg.com\/original\/03303d\/c3b1d99f4211bfec2eb9d008c1a1\" alt=\"Zdj\u0119cie produktu\" style=\"max-width:100%; height:auto; margin:10px 0;\"><br \/>\n<img decoding=\"async\" src=\"https:\/\/a.allegroimg.com\/original\/11dc63\/79bcee8a45b9b72d237a95cd6f91\" alt=\"Zdj\u0119cie produktu\" style=\"max-width:100%; height:auto; margin:10px 0;\"><br \/>\n<img decoding=\"async\" src=\"https:\/\/a.allegroimg.com\/original\/119c54\/48931f7243aaa1d9db0e14a54903\" alt=\"Zdj\u0119cie produktu\" style=\"max-width:100%; height:auto; margin:10px 0;\"><br \/>\n<img decoding=\"async\" src=\"https:\/\/a.allegroimg.com\/original\/11c065\/47d26b5241269a1b18d94cdd406d\" alt=\"Zdj\u0119cie produktu\" style=\"max-width:100%; height:auto; margin:10px 0;\"><\/p>\n","protected":false},"excerpt":{"rendered":"<p>Nowoczesna lampa wisz\u0105ca \u017cyrandol wyposa\u017cona w szklany klosz wykonana z najwy\u017csz\u0105 dba\u0142o\u015bci\u0105 o szczeg\u00f3\u0142y i detale. Czarna konstrukcja lampy po\u0142\u0105czona ze szklanym kloszem o ciekawym kszta\u0142cie i w bardzo modnym kolorze to \u015bwietne po\u0142\u0105czenie w nowoczesnych wn\u0119trzach. ZASTOSOWANIE: O\u015bwietlenie sto\u0142u, blatu Do kuchni nad wysp\u0119 W zespole kilku identycznych sztuk tworzy zbi\u00f3r lamp o\u015bwietlaj\u0105cy wi\u0119ksze [&hellip;]<\/p>\n","protected":false},"featured_media":14562,"comment_status":"closed","ping_status":"open","template":"","meta":{"_acf_changed":false},"product_brand":[162],"product_cat":[2593,2674],"product_tag":[],"class_list":{"0":"post-51332","1":"product","2":"type-product","3":"status-publish","4":"has-post-thumbnail","6":"product_brand-luxolar","7":"product_cat-lampen","8":"product_cat-hangelampen","9":"pa_kod-producenta-899-ez1t-de","10":"pa_kolekcja-899-de","11":"pa_kolor-gelb","12":"pa_kolor-schwarz","13":"pa_liczba-punktow-swiatla-1-de","14":"pa_marka-luxolar","15":"pa_material-dominujacy-glas","16":"pa_max-moc-pojed-zrodla-swiatla-60-de","17":"pa_pomieszczenie-buro","18":"pa_pomieszczenie-esszimmer","19":"pa_pomieszczenie-flur-treppe","20":"pa_pomieszczenie-kinderzimmer","21":"pa_pomieszczenie-kuche","22":"pa_pomieszczenie-salon-de","23":"pa_pomieszczenie-schlafzimmer","24":"pa_pomieszczenie-universell","25":"pa_rodzaj-gwintu-e27-de","26":"pa_rodzaj-lampy-deckenleuchten-hangeleuchten","27":"pa_zasilanie-netzwerk","28":"pa_zawiera-baterie-nein","29":"pa_zrodlo-swiatla-ohne-lichtquelle","31":"first","32":"instock","33":"purchasable","34":"product-type-simple"},"acf":[],"aioseo_notices":[],"_links":{"self":[{"href":"https:\/\/portallamp.invette.dev\/de\/wp-json\/wp\/v2\/product\/51332","targetHints":{"allow":["GET"]}}],"collection":[{"href":"https:\/\/portallamp.invette.dev\/de\/wp-json\/wp\/v2\/product"}],"about":[{"href":"https:\/\/portallamp.invette.dev\/de\/wp-json\/wp\/v2\/types\/product"}],"replies":[{"embeddable":true,"href":"https:\/\/portallamp.invette.dev\/de\/wp-json\/wp\/v2\/comments?post=51332"}],"wp:featuredmedia":[{"embeddable":true,"href":"https:\/\/portallamp.invette.dev\/de\/wp-json\/wp\/v2\/media\/14562"}],"wp:attachment":[{"href":"https:\/\/portallamp.invette.dev\/de\/wp-json\/wp\/v2\/media?parent=51332"}],"wp:term":[{"taxonomy":"product_brand","embeddable":true,"href":"https:\/\/portallamp.invette.dev\/de\/wp-json\/wp\/v2\/product_brand?post=51332"},{"taxonomy":"product_cat","embeddable":true,"href":"https:\/\/portallamp.invette.dev\/de\/wp-json\/wp\/v2\/product_cat?post=51332"},{"taxonomy":"product_tag","embeddable":true,"href":"https:\/\/portallamp.invette.dev\/de\/wp-json\/wp\/v2\/product_tag?post=51332"}],"curies":[{"name":"wp","href":"https:\/\/api.w.org\/{rel}","templated":true}]}}