{"id":47121,"date":"2025-07-03T18:32:21","date_gmt":"2025-07-03T16:32:21","guid":{"rendered":"https:\/\/portallamp.invette.dev\/produkt\/lampa-sufitowa-zyrandol-dzieciecy-plafon-led-262-3\/"},"modified":"2025-07-03T18:32:21","modified_gmt":"2025-07-03T16:32:21","slug":"lampa-sufitowa-zyrandol-dzieciecy-plafon-led-262-3","status":"publish","type":"product","link":"https:\/\/portallamp.invette.dev\/en\/produkt\/lampa-sufitowa-zyrandol-dzieciecy-plafon-led-262-3\/","title":{"rendered":"Lampa sufitowa \u017cyrandol dzieci\u0119cy plafon LED 262-3"},"content":{"rendered":"<p><img decoding=\"async\" src=\"https:\/\/a.allegroimg.com\/original\/03dd6d\/5364d6bb42f7854c417f83ddfe36\" alt=\"Zdj\u0119cie produktu\" style=\"max-width:100%; height:auto; margin:10px 0;\"><\/p>\n<h1>Przedmiotem sprzeda\u017cy jest:<\/h1>\n<h1>Lampa plafon z przeznaczeniem do pokoju dzieci\u0119cego. Nr kat: 262-3 LUXOLAR<\/h1>\n<p><img decoding=\"async\" src=\"https:\/\/a.allegroimg.com\/original\/03a843\/8e78ed064998b196d1bb1300f173\" alt=\"Zdj\u0119cie produktu\" style=\"max-width:100%; height:auto; margin:10px 0;\"><\/p>\n<h2>Kolorystyka plafonu umo\u017cliwia monta\u017c&nbsp; zar\u00f3wno w pokoju ch\u0142opca jak i dziewczynki.<\/h2>\n<p><img decoding=\"async\" src=\"https:\/\/a.allegroimg.com\/original\/0343a6\/a7907a714ddc8e12d8b8203f3216\" alt=\"Zdj\u0119cie produktu\" style=\"max-width:100%; height:auto; margin:10px 0;\"><\/p>\n<p><b>Nowa lampa plafon z do pokoju dzieci\u0119cego 262-3 LUXOLAR<\/b><\/p>\n<p>Przeznaczona jako o\u015bwietlenie g\u0142\u00f3wne w pomieszczeniach o powierzchni 9-12 m2,<\/p>\n<p>Uniwersalny, modny wygl\u0105d &#8211; &nbsp;gwiazdki w stylu ameryka\u0144skim<\/p>\n<p>Solidna metalowa konstrukcja<\/p>\n<p><b>Kolor konstrukcji: Bia\u0142y g\u0142adki<\/b><\/p>\n<p><b>Kolory aba\u017cur\u00f3w do&nbsp; wyboru:<\/b><\/p>\n<ul>\n<li><b>Bia\u0142y,<\/b><\/li>\n<li><b>R\u00f3\u017cowy<\/b><\/li>\n<li><b>\u017b\u00f3\u0142ty<\/b><\/li>\n<li><b>Niebieski<\/b><\/li>\n<li><b>Szary<\/b><\/li>\n<\/ul>\n<p>Estetyczny i ciekawy wygl\u0105d.<\/p>\n<p>Dodatkowym atutem s\u0105 dwa niezale\u017cne obwody elektryczne, dzi\u0119ki kt\u00f3rym w zale\u017cno\u015bci od potrzeb, mo\u017cemy sterowa\u0107 ilo\u015bci\u0105 w\u0142\u0105czonych \u017car\u00f3wek.<\/p>\n<h1>Dane techniczne:<\/h1>\n<ul>\n<li><b>materia\u0142 konstrukcji:<\/b>&nbsp;metal malowany proszkowo<\/li>\n<li><b>wymiary:<\/b>&nbsp;Wysoko\u015b\u0107 ca\u0142kowita 41 cm&nbsp;<b>,<\/b>&nbsp;\u015arednica podsufitki: 13 cm,<\/li>\n<li><b>zasilanie:<\/b>&nbsp;~230 [V] \/ bezpo\u015brednie z sieci, dwa niezale\u017cne obwody elektryczne, w\u0142\u0105czanie 2+1<\/li>\n<li><b>\u017ar\u00f3d\u0142o \u015bwiat\u0142a:<\/b>&nbsp;E-27, zalecane LED o barwie naturalnej<\/li>\n<li><b>Spos\u00f3b monta\u017cu:<\/b>&nbsp;Dwa ko\u0142ki rozporowe,<\/li>\n<li><b>IP 20, Klasa I<\/b><\/li>\n<li><b>zestaw nie zawiera \u017car\u00f3wek oraz ko\u0142k\u00f3w rozporowych do monta\u017cu<\/b><\/li>\n<li><b>producent: <\/b>LUXOLAR<\/li>\n<\/ul>\n<p><img decoding=\"async\" src=\"https:\/\/c.allegroimg.com\/original\/039908\/ff018f6746a3a2699bff1c9fadfc\" alt=\"Zdj\u0119cie produktu\" style=\"max-width:100%; height:auto; margin:10px 0;\"><br \/>\n<img decoding=\"async\" src=\"https:\/\/3.allegroimg.com\/original\/0377f7\/3e73f94447be8927254ac3f5ec83\" alt=\"Zdj\u0119cie produktu\" style=\"max-width:100%; height:auto; margin:10px 0;\"><\/p>\n<h1>KOLORY ABA\u017bUR\u00d3W DO WYBORU:<\/h1>\n<ul>\n<li>Szary<\/li>\n<li>Niebieski<\/li>\n<li>\u017b\u00f3\u0142ty<\/li>\n<li>Bia\u0142y<\/li>\n<li>R\u00f3\u017cowy<\/li>\n<\/ul>\n<p><img decoding=\"async\" src=\"https:\/\/a.allegroimg.com\/original\/03882b\/aaf566f34adb89f809afa2476eda\" alt=\"Zdj\u0119cie produktu\" style=\"max-width:100%; height:auto; margin:10px 0;\"><\/p>\n<h2>ETAPY REALIZACJI ZAM\u00d3WIENIA:<\/h2>\n<ol>\n<li><b>Wybierz kolor&nbsp;aba\u017cur\u00f3w:&nbsp;<\/b>R\u00f3\u017cowy, B\u0142\u0119kitny, Szary, \u017b\u00f3\u0142ty, Bia\u0142y lub mieszank\u0119 kolor\u00f3w w dowolnej konfiguracji.<\/li>\n<li><b>Prze\u015blij wybran\u0105 konfiguracj\u0119<\/b> &#8211; w formularzu zam\u00f3wienia<\/li>\n<\/ol>\n<p><b>Poprawne przes\u0142anie powy\u017cszych informacji znacznie przyspieszy realizacj\u0119 zam\u00f3wienia.<\/b><\/p>\n<h2>ZALECANE \u0179R\u00d3D\u0141A \u015aWIAT\u0141A:<\/h2>\n<p><img decoding=\"async\" src=\"https:\/\/7.allegroimg.com\/original\/03f1ce\/9cbe67eb4d5e826f8725c5534b47\" alt=\"Zdj\u0119cie produktu\" style=\"max-width:100%; height:auto; margin:10px 0;\"><\/p>\n<h1>\u017bar\u00f3wka LED o barwie ciep\u0142ej.<\/h1>\n<ul>\n<li>\u017bar\u00f3wki LED z diodami SMD<\/li>\n<li>Strumie\u0144 \u015bwietlny: 900 -1300 lm<\/li>\n<li><b>Gwint E27<\/b><\/li>\n<li>Moc pobierana z sieci: 6 -12 W<\/li>\n<\/ul>\n<h2>Tradycyjny kszta\u0142t w po\u0142\u0105czeniu z nowoczesnymi diodami SMD<\/h2>\n<p><img decoding=\"async\" src=\"https:\/\/0.allegroimg.com\/original\/0324c9\/6aacde874a82ba354d51e92b2230\" alt=\"Zdj\u0119cie produktu\" style=\"max-width:100%; height:auto; margin:10px 0;\"><br \/>\n<img decoding=\"async\" src=\"https:\/\/a.allegroimg.com\/original\/03a843\/8e78ed064998b196d1bb1300f173\" alt=\"Zdj\u0119cie produktu\" style=\"max-width:100%; height:auto; margin:10px 0;\"><br \/>\n<img decoding=\"async\" src=\"https:\/\/a.allegroimg.com\/original\/03dd6d\/5364d6bb42f7854c417f83ddfe36\" alt=\"Zdj\u0119cie produktu\" style=\"max-width:100%; height:auto; margin:10px 0;\"><\/p>\n","protected":false},"excerpt":{"rendered":"<p>Przedmiotem sprzeda\u017cy jest: Lampa plafon z przeznaczeniem do pokoju dzieci\u0119cego. Nr kat: 262-3 LUXOLAR Kolorystyka plafonu umo\u017cliwia monta\u017c&nbsp; zar\u00f3wno w pokoju ch\u0142opca jak i dziewczynki. Nowa lampa plafon z do pokoju dzieci\u0119cego 262-3 LUXOLAR Przeznaczona jako o\u015bwietlenie g\u0142\u00f3wne w pomieszczeniach o powierzchni 9-12 m2, Uniwersalny, modny wygl\u0105d &#8211; &nbsp;gwiazdki w stylu ameryka\u0144skim Solidna metalowa konstrukcja [&hellip;]<\/p>\n","protected":false},"featured_media":45976,"comment_status":"closed","ping_status":"open","template":"","meta":{"_acf_changed":false},"product_brand":[162],"product_cat":[2590,2591],"product_tag":[],"class_list":{"0":"post-47121","1":"product","2":"type-product","3":"status-publish","4":"has-post-thumbnail","6":"product_brand-luxolar","7":"product_cat-lamps","8":"product_cat-ceiling-lamps","9":"pa_kod-producenta-262-3-en","10":"pa_kolor-dominujacy-multicolored","11":"pa_marka-luxolar","12":"pa_rodzaj-gwintu-e27-2","13":"pa_zawiera-baterie-no","14":"pa_zrodlo-swiatla-without-a-light-source","16":"first","17":"instock","18":"purchasable","19":"product-type-simple"},"acf":[],"aioseo_notices":[],"_links":{"self":[{"href":"https:\/\/portallamp.invette.dev\/en\/wp-json\/wp\/v2\/product\/47121","targetHints":{"allow":["GET"]}}],"collection":[{"href":"https:\/\/portallamp.invette.dev\/en\/wp-json\/wp\/v2\/product"}],"about":[{"href":"https:\/\/portallamp.invette.dev\/en\/wp-json\/wp\/v2\/types\/product"}],"replies":[{"embeddable":true,"href":"https:\/\/portallamp.invette.dev\/en\/wp-json\/wp\/v2\/comments?post=47121"}],"wp:featuredmedia":[{"embeddable":true,"href":"https:\/\/portallamp.invette.dev\/en\/wp-json\/wp\/v2\/media\/45976"}],"wp:attachment":[{"href":"https:\/\/portallamp.invette.dev\/en\/wp-json\/wp\/v2\/media?parent=47121"}],"wp:term":[{"taxonomy":"product_brand","embeddable":true,"href":"https:\/\/portallamp.invette.dev\/en\/wp-json\/wp\/v2\/product_brand?post=47121"},{"taxonomy":"product_cat","embeddable":true,"href":"https:\/\/portallamp.invette.dev\/en\/wp-json\/wp\/v2\/product_cat?post=47121"},{"taxonomy":"product_tag","embeddable":true,"href":"https:\/\/portallamp.invette.dev\/en\/wp-json\/wp\/v2\/product_tag?post=47121"}],"curies":[{"name":"wp","href":"https:\/\/api.w.org\/{rel}","templated":true}]}}